{"id":283,"date":"2016-06-06T11:34:29","date_gmt":"2016-06-06T10:34:29","guid":{"rendered":"http:\/\/agora.xtec.cat\/escolaelsvinyals\/?page_id=283"},"modified":"2023-11-30T16:02:49","modified_gmt":"2023-11-30T15:02:49","slug":"normes","status":"publish","type":"page","link":"https:\/\/agora.xtec.cat\/escolaelsvinyals\/lescola\/normes\/","title":{"rendered":"Normativa del centre"},"content":{"rendered":"<p>&nbsp;<\/p>\n<p><strong><span style=\"color: #3366ff;\"><u>NORMES GENERALS<\/u><\/span><\/strong><\/p>\n<p><strong><u>Entrades i sortides:<\/u><\/strong><\/p>\n<ul>\n<li>Sigueu puntuals tant a l\u2019entrada com a la sortida.<\/li>\n<li>Despr\u00e9s de les hores de sortida de classe la responsabilitat dels nens i les nenes \u00e9s dels pares, mares o persones que els han recollit.<\/li>\n<li>Un cop fora del centre ja\u00a0no es pot tornar a entrar per cap motiu\u00a0. L\u2019alumnat ha d\u2019aprendre a ser responsable del seu material i preparar-lo abans de sortir. Penseu que cada dia hi ha activitats fins les 17,30h. aproximadament i per tant hem de vetllar per la seguretat de l\u2019alumnat que encara queda a dins.<\/li>\n<\/ul>\n<p><strong><em>Infantil:<\/em><\/strong><\/p>\n<ul>\n<li>La reixa de fora s\u2019obrir\u00e0 un minut abans de les 9 i es tancar\u00e0 a les 9.05h. Qui arribi m\u00e9s tard\u00a0<strong>de les 9.05<\/strong> haur\u00e0 d\u2019entrar per la porta principal. En cap cas pot entrar la fam\u00edlia fins a la classe. Recordeu que a l\u2019 Ed. Infantil des del moment en que entren ja estan fent classe tot duent a terme les seves rutines. Quan s\u2019arriba m\u00e9s tard de l\u2019hora establerta es distorsiona el funcionament de l\u2019aula .<\/li>\n<li>No s\u2019entregar\u00e0 cap nen\/a a ning\u00fa que no sigui el pare o mare, sense l\u2019autoritzaci\u00f3 corresponent.<\/li>\n<\/ul>\n<p><strong><em>Prim\u00e0ria:<\/em><\/strong><\/p>\n<ul>\n<li>ENTRADES: La porta principal s\u2019obrir\u00e0 a les 8,58h. A partir d\u2019aquest moment l\u2019alumnat entra tranquil\u00b7lament i va pujant fins a l\u2019aula corresponent. Si teniu alguna cosa a dir al professorat haureu d\u2019utilitzar l\u2019agenda, el correu electr\u00f2ni o b\u00e9 trucar per tel\u00e8fon, per\u00f2 <span style=\"text-decoration: underline;\">en cap cas pujar al pis superior (a no ser que us acompanyi el\/la conserge perqu\u00e8 teniu cita pr\u00e8via).<\/span><\/li>\n<li>SORTIDES 1r i 2n: L\u2019alumnat surt acompanyat dels\/les mestres i seguim fent entrega en m\u00e0 tal i com hem fet sempre. No s\u2019entregar\u00e0 cap nen\/a a ning\u00fa que no sigui el pare o mare, sense l\u2019autoritzaci\u00f3 corresponent.<\/li>\n<li>SORTIDES 3r a 6\u00e8: L\u2019alumnat va sortint lliurement sempre sota el control visual del\/la mestra que els acompanya. Per marxar sols caldr\u00e0 autoritzaci\u00f3 signada de la fam\u00edlia.<\/li>\n<\/ul>\n<p class=\"western\"><span style=\"font-size: medium;\"><u><b>En el cas de retard en tots els nivells<\/b><\/u>:<\/span><\/p>\n<p class=\"western\"><span style=\"font-size: medium;\">&#8211; \u201c En el cas que una fam\u00edlia arribi a l\u2019escola amb un retard posterior a les 9,05h i trobin la porta principal tancada, hauran d\u2019esperar a fora juntament amb els seus fills\/es fins les 9,10h en que es tornaran a obrir les portes, entrar fins a consergeria i omplir el document de retard per tal que l\u2019alumnat el pugui entregar a la tutoria corresponent.\u201d <\/span><\/p>\n<p><strong><u>Comunicacions:<\/u><\/strong><\/p>\n<ul>\n<li>Si necessiteu parlar amb alg\u00fa dins del centre haureu de demanar perm\u00eds a consergeria\u00a0 i ells us acompanyaran al lloc corresponent.<\/li>\n<li>Per facilitar la comunicaci\u00f3 entre l\u2019escola i la fam\u00edlia \u00e9s convenient notificar els canvis de domicili i\/o tel\u00e8fon.<\/li>\n<li>A partir de 3r l\u2019alumnat podr\u00e0 marxar sol del centre sempre i quan hi hagi una autoritzaci\u00f3 signada per la fam\u00edlia.<\/li>\n<li>Qualsevol av\u00eds o comunicat pel mestre o la mestra feu-lo arribar a trav\u00e9s de la llibreta missatgera (infantil) o l\u2019agenda (prim\u00e0ria).<\/li>\n<li>\u00c9s important que els pares assistiu a totes les reunions i entrevistes a les que se us convoqui per tal de treballar conjuntament en la formaci\u00f3 del vostre fill\/a.<\/li>\n<\/ul>\n<p><strong><u>Aniversaris:<\/u><\/strong><\/p>\n<ul>\n<li>Es celebraran el divendres.<\/li>\n<li>El que es porti, cal ser comprat (no elaborat a casa) i no es podran portar llaminadures.<\/li>\n<li>Nom\u00e9s es repartiran invitacions a la classe si n\u2019hi ha per tots els nens.<\/li>\n<\/ul>\n<p><span style=\"text-decoration: underline;\"><strong>Salut:<\/strong><\/span><\/p>\n<ul>\n<li>Cal que aviseu si el nen\/a agafa alguna malaltia de tipus contagi\u00f3s per poder establir les mesures preventives necess\u00e0ries. Si algun nen marxa de l\u2019escola amb febre el dia seg\u00fcent s\u2019ha de quedar a casa.<\/li>\n<li>Cal informar de les possibles al\u00b7l\u00e8rgies dels vostres fills\/es i portar el justificant m\u00e8dic.<\/li>\n<li>Sempre que algun\/a alumne\/a necessiti que li subministrem algun medicament \u00e9s imprescindible que ens feu arribar la prescripci\u00f3 del metge amb el nom del medicament, la quantitat i l\u2019hora que se li ha de donar juntament amb l\u2019autoritzaci\u00f3 signada dels pares.<\/li>\n<\/ul>\n<p>&nbsp;<\/p>\n<p><span style=\"color: #3366ff;\"><strong><em>EDUCACI\u00d3 INFANTIL<\/em><\/strong><\/span><\/p>\n<p><strong><u>Dia a dia:<\/u><\/strong><\/p>\n<ul>\n<li>Cal portar una motxilla (sense rodes) o una bossa per portar la llibreta missatgera i l\u2019esmorzar.<\/li>\n<li>L\u2019esmorzar l\u2019han de portar dins una carmanyola i ha de ser a base fruita, cereals o un entrep\u00e0 petit. No s\u2019han de portar begudes. \u00c9s necessari que portin un tovall\u00f3.<\/li>\n<li>Cal portar una bata amb botons al davant perqu\u00e8 ells mateixos se la puguin cordar i descordar i si pot ser amb els punys amb goma. Ha de portar una cita o beta gran (per poder penjar-la b\u00e9) i amb el nom. Cada divendres se l\u2019enduran per rentar.<\/li>\n<li>Tota la roba que portin els nens\/es ha de ser c\u00f2moda. Millor no utilitzar pantalons de \u201cpeto\u201d, d\u2019aquesta manera poden aprendre amb m\u00e9s facilitat anar al lavabo sols. I es recomana que estigui marcada amb el nom.<\/li>\n<li>Per psicomotricitat han de portar xandall i sabatilles d\u2019esport amb velcro.<\/li>\n<li>No es poden portar joguines de casa.<\/li>\n<\/ul>\n<p><strong><u>Material a portar:<\/u><\/strong><\/p>\n<p>Aquest material cal portar-lo a l\u2019inici de curs. El mestre\/a avisar\u00e0 en cas de tornar a necessitar:<\/p>\n<ul>\n<li>Capsa de mocadors de paper.<\/li>\n<li>Paquet de tovalloles humides.<\/li>\n<li>Rotlle de paper de cuina.<\/li>\n<li>Nom\u00e9s I3: una caixa de cartr\u00f3 amb tapa i una muda completa de recanvi, tot amb el nom marcat.<\/li>\n<\/ul>\n<p>Demanem la vostra col\u00b7laboraci\u00f3 per portar-nos el material que demanem durant el curs per a realitzar les diferents activitats que es van preparant.<\/p>\n<p><strong><u>Menjador:<\/u><\/strong><\/p>\n<ul>\n<li>Cal portar un davantal amb el nom marcat i una cinta o beta gran.<\/li>\n<li>Nom\u00e9s I3: per a dormir despr\u00e9s de dinar, s\u2019entregar\u00e0 a cada nen\/a una bossa de tela amb un llen\u00e7ol, i s\u2019entregar\u00e0 els divendres per rentar. Es pot portar un coixinet I durant l\u2019\u00e8poca d\u2019hivern es recomana portar una manteta.<\/li>\n<\/ul>\n<p>&nbsp;<\/p>\n<p><span style=\"color: #3366ff;\"><strong><em>EDUCACI\u00d3 PRIM\u00c0RIA<\/em><\/strong><\/span><\/p>\n<p><strong><u>Dia a dia:<\/u><\/strong><\/p>\n<ul>\n<li>Cal portar una motxilla (sense rodes) per portar l\u2019agenda, l\u2019esmorzar i qu\u00e8 hi c\u00e0piga una carpeta.<\/li>\n<li>S\u2019ha d\u2019omplir la primera p\u00e0gina de l\u2019agenda referent a les dades personals i familiars.<\/li>\n<li>L\u2019esmorzar l\u2019han de portar dins una carmanyola i ha de ser a base fruita, cereals o un entrep\u00e0 petit. No s\u2019han de portar begudes.<\/li>\n<li>Cicle inicial (1r i 2n): Cal portar una bata o davantal amb una cinta o beta i el nom. Els divendres se l\u2019enduran per rentar.<\/li>\n<li>Cicle mitj\u00e0 i superior (3r a 6\u00e8): Cal portar una bata o davantal NOM\u00c9S per art, amb una cinta o beta i el nom.<\/li>\n<\/ul>\n<p><strong><u>Educaci\u00f3 f\u00edsica:<\/u><\/strong><\/p>\n<ul>\n<li>Cal portar sabatilles esportives (diferents a les del carrer, que es podran deixar al gimn\u00e0s) i roba c\u00f2moda: xandall i samarreta.<\/li>\n<li>Cicle inicial (1r i 2<sup>n<\/sup>) i Cicle mitj\u00e0 (3<sup>r<\/sup> i 4t): Cal portar una tovallola petita per poder-se rentar despr\u00e9s de la classe, una ampolla d\u2019aigua i una samarreta de recanvi.<\/li>\n<li>Cicle superior (5<sup>\u00e8<\/sup> i 6\u00e8): Cal portar necesser, tovallola i xancletes per a la dutxa i roba de recanvi.<\/li>\n<\/ul>\n<p><strong><u>Material:<\/u><\/strong><\/p>\n<p>Demanem la vostra col\u00b7laboraci\u00f3 per portar-nos el material que demanem durant el curs per a realitzar les diferents activitats que es van preparant.<\/p>\n<p><strong><u>Menjador:<\/u><\/strong><\/p>\n<ul>\n<li>Cicle inicial (1r i 2n): Cal portar un davantal amb el nom marcat i una cinta o beta gran.<\/li>\n<li>Cicle mitj\u00e0 i superior (3r a 6\u00e8): Ja no cal portar davantal.<\/li>\n<\/ul>\n<p>&nbsp;<\/p>\n","protected":false},"excerpt":{"rendered":"<p>&nbsp; NORMES GENERALS Entrades i sortides: Sigueu puntuals tant a l\u2019entrada com a la sortida. Despr\u00e9s de les hores de sortida de classe la responsabilitat dels nens i les nenes \u00e9s dels pares, mares o persones que els han recollit. Un cop fora del centre ja\u00a0no es pot tornar a entrar per cap motiu\u00a0. L\u2019alumnat [&hellip;]<\/p>\n","protected":false},"author":1,"featured_media":0,"parent":22,"menu_order":40,"comment_status":"closed","ping_status":"closed","template":"page-templates\/side-menu.php","meta":{"_bbp_topic_count":0,"_bbp_reply_count":0,"_bbp_total_topic_count":0,"_bbp_total_reply_count":0,"_bbp_voice_count":0,"_bbp_anonymous_reply_count":0,"_bbp_topic_count_hidden":0,"_bbp_reply_count_hidden":0,"_bbp_forum_subforum_count":0,"site-sidebar-layout":"default","site-content-layout":"","ast-site-content-layout":"","site-content-style":"default","site-sidebar-style":"default","ast-global-header-display":"","ast-banner-title-visibility":"","ast-main-header-display":"","ast-hfb-above-header-display":"","ast-hfb-below-header-display":"","ast-hfb-mobile-header-display":"","site-post-title":"","ast-breadcrumbs-content":"","ast-featured-img":"","footer-sml-layout":"","theme-transparent-header-meta":"","adv-header-id-meta":"","stick-header-meta":"","header-above-stick-meta":"","header-main-stick-meta":"","header-below-stick-meta":"","astra-migrate-meta-layouts":"default","ast-page-background-enabled":"default","ast-page-background-meta":{"desktop":{"background-color":"var(--ast-global-color-4)","background-image":"","background-repeat":"repeat","background-position":"center center","background-size":"auto","background-attachment":"scroll","background-type":"","background-media":"","overlay-type":"","overlay-color":"","overlay-opacity":"","overlay-gradient":""},"tablet":{"background-color":"","background-image":"","background-repeat":"repeat","background-position":"center center","background-size":"auto","background-attachment":"scroll","background-type":"","background-media":"","overlay-type":"","overlay-color":"","overlay-opacity":"","overlay-gradient":""},"mobile":{"background-color":"","background-image":"","background-repeat":"repeat","background-position":"center center","background-size":"auto","background-attachment":"scroll","background-type":"","background-media":"","overlay-type":"","overlay-color":"","overlay-opacity":"","overlay-gradient":""}},"ast-content-background-meta":{"desktop":{"background-color":"var(--ast-global-color-5)","background-image":"","background-repeat":"repeat","background-position":"center center","background-size":"auto","background-attachment":"scroll","background-type":"","background-media":"","overlay-type":"","overlay-color":"","overlay-opacity":"","overlay-gradient":""},"tablet":{"background-color":"var(--ast-global-color-5)","background-image":"","background-repeat":"repeat","background-position":"center center","background-size":"auto","background-attachment":"scroll","background-type":"","background-media":"","overlay-type":"","overlay-color":"","overlay-opacity":"","overlay-gradient":""},"mobile":{"background-color":"var(--ast-global-color-5)","background-image":"","background-repeat":"repeat","background-position":"center center","background-size":"auto","background-attachment":"scroll","background-type":"","background-media":"","overlay-type":"","overlay-color":"","overlay-opacity":"","overlay-gradient":""}},"footnotes":""},"class_list":["post-283","page","type-page","status-publish","hentry"],"post_mailing_queue_ids":[],"_links":{"self":[{"href":"https:\/\/agora.xtec.cat\/escolaelsvinyals\/wp-json\/wp\/v2\/pages\/283","targetHints":{"allow":["GET"]}}],"collection":[{"href":"https:\/\/agora.xtec.cat\/escolaelsvinyals\/wp-json\/wp\/v2\/pages"}],"about":[{"href":"https:\/\/agora.xtec.cat\/escolaelsvinyals\/wp-json\/wp\/v2\/types\/page"}],"author":[{"embeddable":true,"href":"https:\/\/agora.xtec.cat\/escolaelsvinyals\/wp-json\/wp\/v2\/users\/1"}],"replies":[{"embeddable":true,"href":"https:\/\/agora.xtec.cat\/escolaelsvinyals\/wp-json\/wp\/v2\/comments?post=283"}],"version-history":[{"count":6,"href":"https:\/\/agora.xtec.cat\/escolaelsvinyals\/wp-json\/wp\/v2\/pages\/283\/revisions"}],"predecessor-version":[{"id":15807,"href":"https:\/\/agora.xtec.cat\/escolaelsvinyals\/wp-json\/wp\/v2\/pages\/283\/revisions\/15807"}],"up":[{"embeddable":true,"href":"https:\/\/agora.xtec.cat\/escolaelsvinyals\/wp-json\/wp\/v2\/pages\/22"}],"wp:attachment":[{"href":"https:\/\/agora.xtec.cat\/escolaelsvinyals\/wp-json\/wp\/v2\/media?parent=283"}],"curies":[{"name":"wp","href":"https:\/\/api.w.org\/{rel}","templated":true}]}}