{"id":24,"date":"2014-09-18T12:23:15","date_gmt":"2014-09-18T11:23:15","guid":{"rendered":"http:\/\/agora.xtec.cat\/escolaelsvinyals\/?page_id=24"},"modified":"2019-03-27T15:50:27","modified_gmt":"2019-03-27T14:50:27","slug":"on-som","status":"publish","type":"page","link":"https:\/\/agora.xtec.cat\/escolaelsvinyals\/lescola\/on-som\/","title":{"rendered":"On som"},"content":{"rendered":"<p style=\"color: #666666;\"><span style=\"color: #000000;\"><strong>Escola\u00a0Els Vinyals<\/strong><\/span><\/p>\n<p style=\"color: #666666;\">Passeig de l&#8217;Esgl\u00e9sia 11-13<br \/>\n08185\u00a0Lli\u00e7\u00e0 de Vall<br \/>\nE-mail: a8060952@xtec.cat<\/p>\n<p style=\"color: #666666;\"><strong>Tel. 93 843 91 82<\/strong><\/p>\n<p><iframe loading=\"lazy\" style=\"border: 0;\" src=\"https:\/\/www.google.com\/maps\/embed?pb=!1m18!1m12!1m3!1d2984.0316943035646!2d2.2321880154320892!3d41.590197079246074!2m3!1f0!2f0!3f0!3m2!1i1024!2i768!4f13.1!3m3!1m2!1s0x12a4c743e8db6c7b%3A0xdc679a7b346f641e!2sColegio+P%C3%BAblico+Els+Vinyals!5e0!3m2!1sca!2ses!4v1464186280862\" width=\"600\" height=\"450\" frameborder=\"0\" allowfullscreen=\"allowfullscreen\"><\/iframe><\/p>\n<h5><span style=\"text-decoration: underline;\"><strong>Com arribar:<\/strong><\/span><\/h5>\n<p><strong>Per carretera:<\/strong><\/p>\n<ul>\n<li><span style=\"font-family: inherit; font-size: 1em;\">C-155: Granollers-Sabadell<\/span><\/li>\n<li>Carretera C-17: Barcelona-Puigcerd\u00e0 (sortida Lli\u00e7\u00e0 de Vall)<\/li>\n<li>Autopista AP-7: Barcelona-Fran\u00e7a (sortides 14 i 15)<\/li>\n<\/ul>\n<p><strong>Amb autob\u00fas:<\/strong><\/p>\n<p><span style=\"color: #3366ff;\"><a style=\"font-family: inherit; font-size: 1em; color: #3366ff;\" href=\"http:\/\/www.sagales.com\/\" target=\"_blank\" rel=\"noopener\">Empresa Sagal\u00e9s<\/a><\/span><\/p>\n<p>&nbsp;<\/p>\n","protected":false},"excerpt":{"rendered":"<p>Escola\u00a0Els Vinyals Passeig de l&#8217;Esgl\u00e9sia 11-13 08185\u00a0Lli\u00e7\u00e0 de Vall E-mail: a8060952@xtec.cat Tel. 93 843 91 82 Com arribar: Per carretera: C-155: Granollers-Sabadell Carretera C-17: Barcelona-Puigcerd\u00e0 (sortida Lli\u00e7\u00e0 de Vall) Autopista AP-7: Barcelona-Fran\u00e7a (sortides 14 i 15) Amb autob\u00fas: Empresa Sagal\u00e9s &nbsp;<\/p>\n","protected":false},"author":1,"featured_media":0,"parent":22,"menu_order":10,"comment_status":"closed","ping_status":"closed","template":"page-templates\/side-menu.php","meta":{"_bbp_topic_count":0,"_bbp_reply_count":0,"_bbp_total_topic_count":0,"_bbp_total_reply_count":0,"_bbp_voice_count":0,"_bbp_anonymous_reply_count":0,"_bbp_topic_count_hidden":0,"_bbp_reply_count_hidden":0,"_bbp_forum_subforum_count":0,"site-sidebar-layout":"default","site-content-layout":"","ast-site-content-layout":"","site-content-style":"default","site-sidebar-style":"default","ast-global-header-display":"","ast-banner-title-visibility":"","ast-main-header-display":"","ast-hfb-above-header-display":"","ast-hfb-below-header-display":"","ast-hfb-mobile-header-display":"","site-post-title":"","ast-breadcrumbs-content":"","ast-featured-img":"","footer-sml-layout":"","theme-transparent-header-meta":"","adv-header-id-meta":"","stick-header-meta":"","header-above-stick-meta":"","header-main-stick-meta":"","header-below-stick-meta":"","astra-migrate-meta-layouts":"default","ast-page-background-enabled":"default","ast-page-background-meta":{"desktop":{"background-color":"var(--ast-global-color-4)","background-image":"","background-repeat":"repeat","background-position":"center center","background-size":"auto","background-attachment":"scroll","background-type":"","background-media":"","overlay-type":"","overlay-color":"","overlay-opacity":"","overlay-gradient":""},"tablet":{"background-color":"","background-image":"","background-repeat":"repeat","background-position":"center center","background-size":"auto","background-attachment":"scroll","background-type":"","background-media":"","overlay-type":"","overlay-color":"","overlay-opacity":"","overlay-gradient":""},"mobile":{"background-color":"","background-image":"","background-repeat":"repeat","background-position":"center center","background-size":"auto","background-attachment":"scroll","background-type":"","background-media":"","overlay-type":"","overlay-color":"","overlay-opacity":"","overlay-gradient":""}},"ast-content-background-meta":{"desktop":{"background-color":"var(--ast-global-color-5)","background-image":"","background-repeat":"repeat","background-position":"center center","background-size":"auto","background-attachment":"scroll","background-type":"","background-media":"","overlay-type":"","overlay-color":"","overlay-opacity":"","overlay-gradient":""},"tablet":{"background-color":"var(--ast-global-color-5)","background-image":"","background-repeat":"repeat","background-position":"center center","background-size":"auto","background-attachment":"scroll","background-type":"","background-media":"","overlay-type":"","overlay-color":"","overlay-opacity":"","overlay-gradient":""},"mobile":{"background-color":"var(--ast-global-color-5)","background-image":"","background-repeat":"repeat","background-position":"center center","background-size":"auto","background-attachment":"scroll","background-type":"","background-media":"","overlay-type":"","overlay-color":"","overlay-opacity":"","overlay-gradient":""}},"footnotes":""},"class_list":["post-24","page","type-page","status-publish","hentry"],"post_mailing_queue_ids":[],"_links":{"self":[{"href":"https:\/\/agora.xtec.cat\/escolaelsvinyals\/wp-json\/wp\/v2\/pages\/24","targetHints":{"allow":["GET"]}}],"collection":[{"href":"https:\/\/agora.xtec.cat\/escolaelsvinyals\/wp-json\/wp\/v2\/pages"}],"about":[{"href":"https:\/\/agora.xtec.cat\/escolaelsvinyals\/wp-json\/wp\/v2\/types\/page"}],"author":[{"embeddable":true,"href":"https:\/\/agora.xtec.cat\/escolaelsvinyals\/wp-json\/wp\/v2\/users\/1"}],"replies":[{"embeddable":true,"href":"https:\/\/agora.xtec.cat\/escolaelsvinyals\/wp-json\/wp\/v2\/comments?post=24"}],"version-history":[{"count":3,"href":"https:\/\/agora.xtec.cat\/escolaelsvinyals\/wp-json\/wp\/v2\/pages\/24\/revisions"}],"predecessor-version":[{"id":10824,"href":"https:\/\/agora.xtec.cat\/escolaelsvinyals\/wp-json\/wp\/v2\/pages\/24\/revisions\/10824"}],"up":[{"embeddable":true,"href":"https:\/\/agora.xtec.cat\/escolaelsvinyals\/wp-json\/wp\/v2\/pages\/22"}],"wp:attachment":[{"href":"https:\/\/agora.xtec.cat\/escolaelsvinyals\/wp-json\/wp\/v2\/media?parent=24"}],"curies":[{"name":"wp","href":"https:\/\/api.w.org\/{rel}","templated":true}]}}