{"id":10692,"date":"2020-11-07T14:09:49","date_gmt":"2020-11-07T13:09:49","guid":{"rendered":"http:\/\/agora.xtec.cat\/escolaelsvinyals\/?page_id=10692"},"modified":"2021-11-26T18:49:06","modified_gmt":"2021-11-26T17:49:06","slug":"serie-stranger-class-11","status":"publish","type":"page","link":"https:\/\/agora.xtec.cat\/escolaelsvinyals\/serie-stranger-class-11\/","title":{"rendered":"S\u00c8RIE STRANGER CLASS 11"},"content":{"rendered":"<p>La classe STRANGER CLASS 11 ha treballat durant el curs 2020-2021 un projecte sobre <strong>&#8220;Com es fan les pel\u00b7l\u00edcules i les s\u00e8ries de televisi\u00f3&#8221;<\/strong>. Una de les tasques programades ha estat la realitzaci\u00f3 d&#8217;una s\u00e8rie de misteri que es diu com el nom de la classe. La s\u00e8rie, que consta de sis episodis, tracta sobre el prop\u00f2sit del MONSTRE per aconseguir virus d&#8217;altres \u00e8poques i aix\u00ed portar-los al present i poder destruir el m\u00f3n. Ser\u00e0 capa\u00e7 de fer-ho? Esperem que us agradi.<\/p>\n<p><strong>EPISODI 1 STRANGER CLASS &#8220;TOT CANVIA&#8221;<\/strong><\/p>\n<div class=\"ast-oembed-container \" style=\"height: 100%;\"><iframe loading=\"lazy\" title=\"STANGER CLASS 11 Episodi 1 &quot;Tot canvia&quot;\" width=\"500\" height=\"281\" src=\"https:\/\/www.youtube.com\/embed\/N_SF4lVjjd8?feature=oembed\" frameborder=\"0\" allow=\"accelerometer; autoplay; clipboard-write; encrypted-media; gyroscope; picture-in-picture; web-share\" referrerpolicy=\"strict-origin-when-cross-origin\" allowfullscreen><\/iframe><\/div>\n<p><strong>EPISODI 2 STRANGER CLASS 11 &#8220;EL JOC COMEN\u00c7A&#8221;<\/strong><\/p>\n<div class=\"ast-oembed-container \" style=\"height: 100%;\"><iframe loading=\"lazy\" title=\"STRANGER CLASS11 EL JOC COMEN\u00c7A\" width=\"500\" height=\"281\" src=\"https:\/\/www.youtube.com\/embed\/H8r9l0l7ZXI?feature=oembed\" frameborder=\"0\" allow=\"accelerometer; autoplay; clipboard-write; encrypted-media; gyroscope; picture-in-picture; web-share\" referrerpolicy=\"strict-origin-when-cross-origin\" allowfullscreen><\/iframe><\/div>\n<p><strong>EPISODI 3 STRANGER CLASS 11 &#8220;WANTED, ES BUSCA&#8221;<\/strong><\/p>\n<div class=\"ast-oembed-container \" style=\"height: 100%;\"><iframe loading=\"lazy\" title=\"Episodi 3 Stranger Class 11: Wanted\" width=\"500\" height=\"281\" src=\"https:\/\/www.youtube.com\/embed\/T9s3WmfuIQc?feature=oembed\" frameborder=\"0\" allow=\"accelerometer; autoplay; clipboard-write; encrypted-media; gyroscope; picture-in-picture; web-share\" referrerpolicy=\"strict-origin-when-cross-origin\" allowfullscreen><\/iframe><\/div>\n<p><strong>EPISODI 4 STRANGER CLASS 11 &#8220;DESAPARICIONS PER NO DORMIR&#8221;<\/strong><\/p>\n<div class=\"ast-oembed-container \" style=\"height: 100%;\"><iframe loading=\"lazy\" title=\"Stranger Class 11 Desaparacions per no dormir versi\u00f3 director\" width=\"500\" height=\"281\" src=\"https:\/\/www.youtube.com\/embed\/-tSeFgTLYc0?feature=oembed\" frameborder=\"0\" allow=\"accelerometer; autoplay; clipboard-write; encrypted-media; gyroscope; picture-in-picture; web-share\" referrerpolicy=\"strict-origin-when-cross-origin\" allowfullscreen><\/iframe><\/div>\n<p><strong>EPISODI 5 STRANGER CLASS 11 &#8220;SI LI DIUS NO HI HAUR\u00c0 FUTUR&#8221;<\/strong><\/p>\n<div class=\"ast-oembed-container \" style=\"height: 100%;\"><iframe loading=\"lazy\" title=\"Stranger Class 11 Si li dius no hi haur\u00e0 futur\" width=\"500\" height=\"281\" src=\"https:\/\/www.youtube.com\/embed\/pKjQ3QubRo4?feature=oembed\" frameborder=\"0\" allow=\"accelerometer; autoplay; clipboard-write; encrypted-media; gyroscope; picture-in-picture; web-share\" referrerpolicy=\"strict-origin-when-cross-origin\" allowfullscreen><\/iframe><\/div>\n<p><strong>EPISODI 6 STRANGER CLASS 11 &#8220;EPISODI FINAL&#8221;<\/strong><\/p>\n<div class=\"ast-oembed-container \" style=\"height: 100%;\"><iframe loading=\"lazy\" title=\"STRANGER CRAFT 11, EPISODI FINAL\" width=\"500\" height=\"281\" src=\"https:\/\/www.youtube.com\/embed\/PTFVSSRS2Z8?feature=oembed\" frameborder=\"0\" allow=\"accelerometer; autoplay; clipboard-write; encrypted-media; gyroscope; picture-in-picture; web-share\" referrerpolicy=\"strict-origin-when-cross-origin\" allowfullscreen><\/iframe><\/div>\n<p>&nbsp;<\/p>\n<p><strong>TRAILER EPISODI 2 STRANGER CLASS 11&#8243;EL JOC COMEN\u00c7A&#8221;<\/strong><\/p>\n<div class=\"ast-oembed-container \" style=\"height: 100%;\"><iframe loading=\"lazy\" title=\"STRANGER CLASS 11 \/ TRAILER EPISODI 2\" width=\"500\" height=\"281\" src=\"https:\/\/www.youtube.com\/embed\/7HrTIaapWSE?feature=oembed\" frameborder=\"0\" allow=\"accelerometer; autoplay; clipboard-write; encrypted-media; gyroscope; picture-in-picture; web-share\" referrerpolicy=\"strict-origin-when-cross-origin\" allowfullscreen><\/iframe><\/div>\n<p>&nbsp;<\/p>\n<p><strong>TRAILER EPISODI 1 STRANGER CLASS 11<\/strong><\/p>\n<p><a href=\"https:\/\/drive.google.com\/file\/d\/12Jou-O1N5IlL-ywv57-79p3wNIPm_q46\/view?usp=sharing\"><img loading=\"lazy\" decoding=\"async\" class=\"aligncenter size-full wp-image-12806\" src=\"https:\/\/agora.xtec.cat\/escolaelsvinyals\/wp-content\/uploads\/usu13\/2020\/11\/trailer-cartell.png\" alt=\"\" width=\"939\" height=\"517\" \/><\/a><\/p>\n<p>&nbsp;<\/p>\n","protected":false},"excerpt":{"rendered":"<p>La classe STRANGER CLASS 11 ha treballat durant el curs 2020-2021 un projecte sobre &#8220;Com es fan les pel\u00b7l\u00edcules i les s\u00e8ries de televisi\u00f3&#8221;. Una de les tasques programades ha estat la realitzaci\u00f3 d&#8217;una s\u00e8rie de misteri que es diu com el nom de la classe. La s\u00e8rie, que consta de sis episodis, tracta sobre [&hellip;]<\/p>\n","protected":false},"author":1,"featured_media":0,"parent":0,"menu_order":0,"comment_status":"closed","ping_status":"closed","template":"","meta":{"_bbp_topic_count":0,"_bbp_reply_count":0,"_bbp_total_topic_count":0,"_bbp_total_reply_count":0,"_bbp_voice_count":0,"_bbp_anonymous_reply_count":0,"_bbp_topic_count_hidden":0,"_bbp_reply_count_hidden":0,"_bbp_forum_subforum_count":0,"site-sidebar-layout":"default","site-content-layout":"","ast-site-content-layout":"","site-content-style":"default","site-sidebar-style":"default","ast-global-header-display":"","ast-banner-title-visibility":"","ast-main-header-display":"","ast-hfb-above-header-display":"","ast-hfb-below-header-display":"","ast-hfb-mobile-header-display":"","site-post-title":"","ast-breadcrumbs-content":"","ast-featured-img":"","footer-sml-layout":"","theme-transparent-header-meta":"","adv-header-id-meta":"","stick-header-meta":"","header-above-stick-meta":"","header-main-stick-meta":"","header-below-stick-meta":"","astra-migrate-meta-layouts":"default","ast-page-background-enabled":"default","ast-page-background-meta":{"desktop":{"background-color":"var(--ast-global-color-4)","background-image":"","background-repeat":"repeat","background-position":"center center","background-size":"auto","background-attachment":"scroll","background-type":"","background-media":"","overlay-type":"","overlay-color":"","overlay-opacity":"","overlay-gradient":""},"tablet":{"background-color":"","background-image":"","background-repeat":"repeat","background-position":"center center","background-size":"auto","background-attachment":"scroll","background-type":"","background-media":"","overlay-type":"","overlay-color":"","overlay-opacity":"","overlay-gradient":""},"mobile":{"background-color":"","background-image":"","background-repeat":"repeat","background-position":"center center","background-size":"auto","background-attachment":"scroll","background-type":"","background-media":"","overlay-type":"","overlay-color":"","overlay-opacity":"","overlay-gradient":""}},"ast-content-background-meta":{"desktop":{"background-color":"var(--ast-global-color-5)","background-image":"","background-repeat":"repeat","background-position":"center center","background-size":"auto","background-attachment":"scroll","background-type":"","background-media":"","overlay-type":"","overlay-color":"","overlay-opacity":"","overlay-gradient":""},"tablet":{"background-color":"var(--ast-global-color-5)","background-image":"","background-repeat":"repeat","background-position":"center center","background-size":"auto","background-attachment":"scroll","background-type":"","background-media":"","overlay-type":"","overlay-color":"","overlay-opacity":"","overlay-gradient":""},"mobile":{"background-color":"var(--ast-global-color-5)","background-image":"","background-repeat":"repeat","background-position":"center center","background-size":"auto","background-attachment":"scroll","background-type":"","background-media":"","overlay-type":"","overlay-color":"","overlay-opacity":"","overlay-gradient":""}},"footnotes":""},"class_list":["post-10692","page","type-page","status-publish","hentry"],"post_mailing_queue_ids":[],"_links":{"self":[{"href":"https:\/\/agora.xtec.cat\/escolaelsvinyals\/wp-json\/wp\/v2\/pages\/10692","targetHints":{"allow":["GET"]}}],"collection":[{"href":"https:\/\/agora.xtec.cat\/escolaelsvinyals\/wp-json\/wp\/v2\/pages"}],"about":[{"href":"https:\/\/agora.xtec.cat\/escolaelsvinyals\/wp-json\/wp\/v2\/types\/page"}],"author":[{"embeddable":true,"href":"https:\/\/agora.xtec.cat\/escolaelsvinyals\/wp-json\/wp\/v2\/users\/1"}],"replies":[{"embeddable":true,"href":"https:\/\/agora.xtec.cat\/escolaelsvinyals\/wp-json\/wp\/v2\/comments?post=10692"}],"version-history":[{"count":4,"href":"https:\/\/agora.xtec.cat\/escolaelsvinyals\/wp-json\/wp\/v2\/pages\/10692\/revisions"}],"predecessor-version":[{"id":13911,"href":"https:\/\/agora.xtec.cat\/escolaelsvinyals\/wp-json\/wp\/v2\/pages\/10692\/revisions\/13911"}],"wp:attachment":[{"href":"https:\/\/agora.xtec.cat\/escolaelsvinyals\/wp-json\/wp\/v2\/media?parent=10692"}],"curies":[{"name":"wp","href":"https:\/\/api.w.org\/{rel}","templated":true}]}}