{"id":5612,"date":"2022-03-30T13:11:20","date_gmt":"2022-03-30T11:11:20","guid":{"rendered":"http:\/\/agora.xtec.cat\/escolaelsquatrevents\/?page_id=5612"},"modified":"2025-06-16T08:51:00","modified_gmt":"2025-06-16T06:51:00","slug":"preinscripcio-2526","status":"publish","type":"page","link":"https:\/\/agora.xtec.cat\/escolaelsquatrevents\/preinscripcio-2526\/","title":{"rendered":"Preinscripci\u00f3"},"content":{"rendered":"<h1 style=\"text-align: center;\">PREINSCRIPCI\u00d3 I MATRICULA 25-26<\/h1>\n<p style=\"text-align: center;\"><em><strong><span style=\"color: #3366ff;\">PER\u00cdODE DE MATRICULACI\u00d3 DEL 25 DE JUNY AL 3 DE JULIOL. TRUCA I RESERVA DIA I HORA, 938406219<\/span><\/strong><\/em><\/p>\n<p>Aqu\u00ed trobareu tota la informaci\u00f3, documents i enlla\u00e7os necessaris per realitzar la preinscripci\u00f3 per al curs 2025-2026. La mantindrem constantment actualitzada, aix\u00ed que us recomanem fer-hi un cop d\u2019ull sovint.<\/p>\n<div class=\"bloc-preinscripcio\">\n<div id=\"calendari\" class=\"titol\">\n<h3>Calendari del proc\u00e9s<\/h3>\n<\/div>\n<div id=\"textBlocC\">\n<h5><strong>Preinscripci\u00f3<\/strong><\/h5>\n<ul>\n<li>Oferta inicial de places: <strong>11 de mar\u00e7\u00a0 <a href=\"https:\/\/agora.xtec.cat\/escolaelsquatrevents\/wp-content\/uploads\/usu584\/2025\/03\/INFORME_OFERTA_OME_INFORME_OFERTA.pdf\">Oferta inicial<\/a><\/strong><\/li>\n<li>Presentaci\u00f3 de sol\u00b7licituds:\u00a0<strong>del 12 al 26 de mar\u00e7<\/strong>\u00a0\u2013\u00a0<a href=\"https:\/\/preinscripcio.gencat.cat\/ca\/inici\" target=\"_blank\" rel=\"noopener noreferrer\">Presenta la sol\u00b7licitud<\/a><\/li>\n<li>Presentaci\u00f3 de documentaci\u00f3: <strong>fins el 28 de<\/strong> <strong>mar\u00e7\u00a0\u00a0<\/strong><\/li>\n<li>Llista de sol\u00b7licituds amb puntuaci\u00f3 provisional:<strong> 24 d&#8217;abril\u00a0 __<\/strong><a href=\"https:\/\/agora.xtec.cat\/escolaelsquatrevents\/wp-content\/uploads\/usu584\/2025\/04\/INFORME_BAREM_PROVISIONAL_BAREM-1.pdf\">Sol\u00b7licituds amb puntuaci\u00f3 provisional<\/a><\/li>\n<li>Presentaci\u00f3 de reclamacions: <strong>del 24 al 29 d&#8217;abril<\/strong><\/li>\n<li>Llista de sol\u00b7licituds amb puntuaci\u00f3 definitiva: <strong>5 de maig\u00a0\u00a0<\/strong><a href=\"https:\/\/agora.xtec.cat\/escolaelsquatrevents\/wp-content\/uploads\/usu584\/2025\/05\/INFORME_BAREM_RESOLTES_BAREM-2.pdf\">Informe del barem amb puntuaci\u00f3 definitiva<\/a><\/li>\n<li>Sorteig del n\u00famero de desempat: <strong>8 de maig <span style=\"color: #3366ff;\">\u00a076.261<\/span><\/strong><\/li>\n<li>Llista ordenada definitiva: <strong>9 de<\/strong> <strong>maig\u00a0<\/strong><\/li>\n<li>Oferta final de places escolars: <strong>16 de\u00a0juny\u00a0\u00a0<\/strong><\/li>\n<li>Llista d\u2019alumnes admesos i llista d\u2019espera:<strong>16 de juny\u00a0 <a href=\"https:\/\/agora.xtec.cat\/escolaelsquatrevents\/wp-content\/uploads\/usu584\/2025\/06\/INFORME_ASSIGNADES_INFORME_ASSIGNADES-1-1.pdf\">Informe assignades\u00a0<\/a><\/strong><\/li>\n<\/ul>\n<h5><strong>Matr\u00edcula<\/strong><\/h5>\n<ul>\n<li style=\"list-style-type: none;\">\n<ul>\n<li>Formalitzaci\u00f3 de la matr\u00edcula per alumnes preinscrits amb pla\u00e7a assignada:\u00a0<strong>del 25 de juny al 3 de juliol<\/strong><\/li>\n<\/ul>\n<\/li>\n<\/ul>\n<\/div>\n<\/div>\n<div class=\"bloc-preinscripcio\">\n<div id=\"informaciogeneral\" class=\"titol\">\n<h3>Informaci\u00f3 general<\/h3>\n<\/div>\n<div id=\"textBlocI\">\n<ul>\n<li>Oferta de places pel curs 2025-2026: consulteu-la al (<a href=\"http:\/\/mapaescolar.gencat.cat\/\" target=\"_blank\" rel=\"noopener noreferrer\">mapa escolar de Catalunya<\/a>)<\/li>\n<li>Informaci\u00f3 sobre\u00a0<a href=\"https:\/\/preinscripcio.gencat.cat\/ca\/estudis\/infantil-3-6\/informat\/criteris-assignacio\/\" target=\"_blank\" rel=\"noopener noreferrer\">els criteris de prioritat<\/a>\u00a0(punts del barem)<\/li>\n<li>Informaci\u00f3 sobre la\u00a0<a href=\"https:\/\/preinscripcio.gencat.cat\/ca\/estudis\/infantil-3-6\/informat\/prepara-documentacio\/\" target=\"_blank\" rel=\"noopener noreferrer\">documentaci\u00f3 a aportar<\/a><\/li>\n<\/ul>\n<p>Al\u00a0<a href=\"https:\/\/preinscripcio.gencat.cat\/\" target=\"_blank\" rel=\"noopener noreferrer\">web de preinscripci\u00f3 de la Generalitat de Catalunya<\/a>\u00a0podreu trobar m\u00e9s informaci\u00f3 i fer el seguiment de la sol\u00b7licitud, la puntuaci\u00f3, els llistats provisionals i definitius.<\/p>\n<p>Per a qualsevol\u00a0<strong>dubte o consulta<\/strong>\u00a0podeu posar-vos en contacte amb nosaltres:<br \/>\n\u2013 per\u00a0<strong>correu electr\u00f2nic<\/strong> a a8064805@xtec.cat<br \/>\n\u2013 per\u00a0<strong>tel\u00e8fon<\/strong> al 93 840 62 19 (de dilluns a divendres, de 8.30h a 13.30h i de 15h a 17h)<\/p>\n<p>M\u00e9s informaci\u00f3 sobre la preinscripci\u00f3 escolar al web\u00a0<a href=\"http:\/\/preinscripcio.gencat.cat\/\" target=\"_blank\" rel=\"noopener noreferrer\"><strong>preinscripcio.gencat.cat<\/strong><\/a> de la Generalitat de Catalunya.<\/p>\n<\/div>\n<\/div>\n","protected":false},"excerpt":{"rendered":"<p>PREINSCRIPCI\u00d3 I MATRICULA 25-26 PER\u00cdODE DE MATRICULACI\u00d3 DEL 25 DE JUNY AL 3 DE JULIOL. TRUCA I RESERVA DIA I HORA, 938406219 Aqu\u00ed trobareu tota la informaci\u00f3, documents i enlla\u00e7os necessaris per realitzar la preinscripci\u00f3 per al curs 2025-2026. La mantindrem constantment actualitzada, aix\u00ed que us recomanem fer-hi un cop d\u2019ull sovint. Calendari del proc\u00e9s [&hellip;]<\/p>\n","protected":false},"author":3,"featured_media":0,"parent":0,"menu_order":0,"comment_status":"closed","ping_status":"closed","template":"","meta":{"_bbp_topic_count":0,"_bbp_reply_count":0,"_bbp_total_topic_count":0,"_bbp_total_reply_count":0,"_bbp_voice_count":0,"_bbp_anonymous_reply_count":0,"_bbp_topic_count_hidden":0,"_bbp_reply_count_hidden":0,"_bbp_forum_subforum_count":0,"site-sidebar-layout":"default","site-content-layout":"","ast-site-content-layout":"","site-content-style":"default","site-sidebar-style":"default","ast-global-header-display":"","ast-banner-title-visibility":"","ast-main-header-display":"","ast-hfb-above-header-display":"","ast-hfb-below-header-display":"","ast-hfb-mobile-header-display":"","site-post-title":"","ast-breadcrumbs-content":"","ast-featured-img":"","footer-sml-layout":"","theme-transparent-header-meta":"","adv-header-id-meta":"","stick-header-meta":"","header-above-stick-meta":"","header-main-stick-meta":"","header-below-stick-meta":"","astra-migrate-meta-layouts":"default","ast-page-background-enabled":"default","ast-page-background-meta":{"desktop":{"background-color":"var(--ast-global-color-4)","background-image":"","background-repeat":"repeat","background-position":"center center","background-size":"auto","background-attachment":"scroll","background-type":"","background-media":"","overlay-type":"","overlay-color":"","overlay-opacity":"","overlay-gradient":""},"tablet":{"background-color":"","background-image":"","background-repeat":"repeat","background-position":"center center","background-size":"auto","background-attachment":"scroll","background-type":"","background-media":"","overlay-type":"","overlay-color":"","overlay-opacity":"","overlay-gradient":""},"mobile":{"background-color":"","background-image":"","background-repeat":"repeat","background-position":"center center","background-size":"auto","background-attachment":"scroll","background-type":"","background-media":"","overlay-type":"","overlay-color":"","overlay-opacity":"","overlay-gradient":""}},"ast-content-background-meta":{"desktop":{"background-color":"var(--ast-global-color-5)","background-image":"","background-repeat":"repeat","background-position":"center center","background-size":"auto","background-attachment":"scroll","background-type":"","background-media":"","overlay-type":"","overlay-color":"","overlay-opacity":"","overlay-gradient":""},"tablet":{"background-color":"var(--ast-global-color-5)","background-image":"","background-repeat":"repeat","background-position":"center center","background-size":"auto","background-attachment":"scroll","background-type":"","background-media":"","overlay-type":"","overlay-color":"","overlay-opacity":"","overlay-gradient":""},"mobile":{"background-color":"var(--ast-global-color-5)","background-image":"","background-repeat":"repeat","background-position":"center center","background-size":"auto","background-attachment":"scroll","background-type":"","background-media":"","overlay-type":"","overlay-color":"","overlay-opacity":"","overlay-gradient":""}},"footnotes":""},"class_list":["post-5612","page","type-page","status-publish","hentry"],"post_mailing_queue_ids":[],"_links":{"self":[{"href":"https:\/\/agora.xtec.cat\/escolaelsquatrevents\/wp-json\/wp\/v2\/pages\/5612","targetHints":{"allow":["GET"]}}],"collection":[{"href":"https:\/\/agora.xtec.cat\/escolaelsquatrevents\/wp-json\/wp\/v2\/pages"}],"about":[{"href":"https:\/\/agora.xtec.cat\/escolaelsquatrevents\/wp-json\/wp\/v2\/types\/page"}],"author":[{"embeddable":true,"href":"https:\/\/agora.xtec.cat\/escolaelsquatrevents\/wp-json\/wp\/v2\/users\/3"}],"replies":[{"embeddable":true,"href":"https:\/\/agora.xtec.cat\/escolaelsquatrevents\/wp-json\/wp\/v2\/comments?post=5612"}],"version-history":[{"count":7,"href":"https:\/\/agora.xtec.cat\/escolaelsquatrevents\/wp-json\/wp\/v2\/pages\/5612\/revisions"}],"predecessor-version":[{"id":10253,"href":"https:\/\/agora.xtec.cat\/escolaelsquatrevents\/wp-json\/wp\/v2\/pages\/5612\/revisions\/10253"}],"wp:attachment":[{"href":"https:\/\/agora.xtec.cat\/escolaelsquatrevents\/wp-json\/wp\/v2\/media?parent=5612"}],"curies":[{"name":"wp","href":"https:\/\/api.w.org\/{rel}","templated":true}]}}