{"id":38,"date":"2014-09-18T12:34:08","date_gmt":"2014-09-18T12:34:08","guid":{"rendered":"http:\/\/agora.xtec.cat\/escolaelsquatrevents\/?page_id=38"},"modified":"2022-10-10T08:53:58","modified_gmt":"2022-10-10T06:53:58","slug":"salut","status":"publish","type":"page","link":"https:\/\/agora.xtec.cat\/escolaelsquatrevents\/lescola\/salut\/","title":{"rendered":"Salut"},"content":{"rendered":"<p>Per un bon aprenentatge i salut de l&#8217;alumnat els infants hauran d&#8217;abstenir-se de venir al centre quan tinguin febre (fins que faci 24h del seu cessament), polls (fins haver realitzat el tractament amb \u00e8xit) o altres malalties contagioses (com la conjuntivitis o grips). \u00c9s important trucar a l&#8217;escola per avisar i despr\u00e9s portar el paper del metge pel justificant de l&#8217;abs\u00e8ncia.<\/p>\n<p>L&#8217;escola no administra cap medicaci\u00f3 sense la prescripci\u00f3 m\u00e8dica corresponent (on indiqui facultatiu, medicament, dosis i horari). Caldr\u00e0 autortizaci\u00f3 d&#8217;aministraci\u00f3 del medicament expressa.<\/p>\n<p>La salut dels nens est\u00e0 en mans de tots.<\/p>\n<p>Gr\u00e0cies per respectar aquests criteris.<\/p>\n","protected":false},"excerpt":{"rendered":"<p>Per un bon aprenentatge i salut de l&#8217;alumnat els infants hauran d&#8217;abstenir-se de venir al centre quan tinguin febre (fins que faci 24h del seu cessament), polls (fins haver realitzat el tractament amb \u00e8xit) o altres malalties contagioses (com la conjuntivitis o grips). \u00c9s important trucar a l&#8217;escola per avisar i despr\u00e9s portar el paper [&hellip;]<\/p>\n","protected":false},"author":2,"featured_media":0,"parent":22,"menu_order":0,"comment_status":"closed","ping_status":"closed","template":"","meta":{"_bbp_topic_count":0,"_bbp_reply_count":0,"_bbp_total_topic_count":0,"_bbp_total_reply_count":0,"_bbp_voice_count":0,"_bbp_anonymous_reply_count":0,"_bbp_topic_count_hidden":0,"_bbp_reply_count_hidden":0,"_bbp_forum_subforum_count":0,"site-sidebar-layout":"default","site-content-layout":"","ast-site-content-layout":"","site-content-style":"default","site-sidebar-style":"default","ast-global-header-display":"","ast-banner-title-visibility":"","ast-main-header-display":"","ast-hfb-above-header-display":"","ast-hfb-below-header-display":"","ast-hfb-mobile-header-display":"","site-post-title":"","ast-breadcrumbs-content":"","ast-featured-img":"","footer-sml-layout":"","theme-transparent-header-meta":"","adv-header-id-meta":"","stick-header-meta":"","header-above-stick-meta":"","header-main-stick-meta":"","header-below-stick-meta":"","astra-migrate-meta-layouts":"default","ast-page-background-enabled":"default","ast-page-background-meta":{"desktop":{"background-color":"var(--ast-global-color-4)","background-image":"","background-repeat":"repeat","background-position":"center center","background-size":"auto","background-attachment":"scroll","background-type":"","background-media":"","overlay-type":"","overlay-color":"","overlay-opacity":"","overlay-gradient":""},"tablet":{"background-color":"","background-image":"","background-repeat":"repeat","background-position":"center center","background-size":"auto","background-attachment":"scroll","background-type":"","background-media":"","overlay-type":"","overlay-color":"","overlay-opacity":"","overlay-gradient":""},"mobile":{"background-color":"","background-image":"","background-repeat":"repeat","background-position":"center center","background-size":"auto","background-attachment":"scroll","background-type":"","background-media":"","overlay-type":"","overlay-color":"","overlay-opacity":"","overlay-gradient":""}},"ast-content-background-meta":{"desktop":{"background-color":"var(--ast-global-color-5)","background-image":"","background-repeat":"repeat","background-position":"center center","background-size":"auto","background-attachment":"scroll","background-type":"","background-media":"","overlay-type":"","overlay-color":"","overlay-opacity":"","overlay-gradient":""},"tablet":{"background-color":"var(--ast-global-color-5)","background-image":"","background-repeat":"repeat","background-position":"center center","background-size":"auto","background-attachment":"scroll","background-type":"","background-media":"","overlay-type":"","overlay-color":"","overlay-opacity":"","overlay-gradient":""},"mobile":{"background-color":"var(--ast-global-color-5)","background-image":"","background-repeat":"repeat","background-position":"center center","background-size":"auto","background-attachment":"scroll","background-type":"","background-media":"","overlay-type":"","overlay-color":"","overlay-opacity":"","overlay-gradient":""}},"footnotes":""},"class_list":["post-38","page","type-page","status-publish","hentry"],"post_mailing_queue_ids":[],"_links":{"self":[{"href":"https:\/\/agora.xtec.cat\/escolaelsquatrevents\/wp-json\/wp\/v2\/pages\/38","targetHints":{"allow":["GET"]}}],"collection":[{"href":"https:\/\/agora.xtec.cat\/escolaelsquatrevents\/wp-json\/wp\/v2\/pages"}],"about":[{"href":"https:\/\/agora.xtec.cat\/escolaelsquatrevents\/wp-json\/wp\/v2\/types\/page"}],"author":[{"embeddable":true,"href":"https:\/\/agora.xtec.cat\/escolaelsquatrevents\/wp-json\/wp\/v2\/users\/2"}],"replies":[{"embeddable":true,"href":"https:\/\/agora.xtec.cat\/escolaelsquatrevents\/wp-json\/wp\/v2\/comments?post=38"}],"version-history":[{"count":3,"href":"https:\/\/agora.xtec.cat\/escolaelsquatrevents\/wp-json\/wp\/v2\/pages\/38\/revisions"}],"predecessor-version":[{"id":8208,"href":"https:\/\/agora.xtec.cat\/escolaelsquatrevents\/wp-json\/wp\/v2\/pages\/38\/revisions\/8208"}],"up":[{"embeddable":true,"href":"https:\/\/agora.xtec.cat\/escolaelsquatrevents\/wp-json\/wp\/v2\/pages\/22"}],"wp:attachment":[{"href":"https:\/\/agora.xtec.cat\/escolaelsquatrevents\/wp-json\/wp\/v2\/media?parent=38"}],"curies":[{"name":"wp","href":"https:\/\/api.w.org\/{rel}","templated":true}]}}