{"id":28,"date":"2014-09-18T12:29:35","date_gmt":"2014-09-18T11:29:35","guid":{"rendered":"http:\/\/agora.xtec.cat\/escolaelsquatrevents\/?page_id=28"},"modified":"2022-10-10T07:59:20","modified_gmt":"2022-10-10T05:59:20","slug":"consell-escolar","status":"publish","type":"page","link":"https:\/\/agora.xtec.cat\/escolaelsquatrevents\/lescola\/consell-escolar\/","title":{"rendered":"Consell escolar"},"content":{"rendered":"<p><span style=\"font-weight: 400;\">El Consell Escolar del centre est\u00e0 format per representants dels diferents sectors de la comunitat educativa:<\/span><\/p>\n<p style=\"padding-left: 30px;\"><b>Equip directiu:<br \/>\n<\/b>&#8211; J\u00e9ssica Caur\u00edn (directora i presidenta del consell escolar)<br \/>\n&#8211; Cap d\u2019estudis<br \/>\n&#8211; Secretari (Amb veu per\u00f2 sense vot)<\/p>\n<p style=\"padding-left: 30px;\"><b>5 Representants del sector de mestres<\/b><\/p>\n<p style=\"padding-left: 30px;\"><b>5 Representants del sector de pares i mares<\/b><\/p>\n<p style=\"padding-left: 30px;\"><b>1 Representant del PAS (personal d\u2019administraci\u00f3 i serveis)<\/b><\/p>\n<p style=\"padding-left: 30px;\"><b>1 Representant PAE (personal d\u2019atenci\u00f3 educativa)<\/b><\/p>\n<p style=\"padding-left: 30px;\"><b>1 Representant de l\u2019ajuntament<\/b><\/p>\n<p style=\"padding-left: 30px;\"><b>1 Representant de l\u2019AFA<\/b><\/p>\n<p><span style=\"font-weight: 400;\">Es reuneix amb car\u00e0cter ordinari un cop cada trimestre i amb car\u00e0cter extraordinari i\/o virtual sempre que \u00e9s necessari.\u00a0<\/span><\/p>\n<p>Al consell escolar tamb\u00e9 existeix un\/a representant com a <strong>referent en coeducaci\u00f3 al centre<\/strong> i una <strong>comissi\u00f3 econ\u00f2mica<\/strong> (formada per l&#8217;equip directiu, un\/a representant de mestres i un\/a representants de pares i mares).<strong>\u00a0<\/strong><\/p>\n<p>Els <span style=\"text-decoration: underline;\"><strong>acords del Consell Escolar<\/strong><\/span> guien la gesti\u00f3 del centre. Aquests van en relaci\u00f3 a l&#8217;aprovaci\u00f3 de la programaci\u00f3 general anual (PGA) i la corresponent mem\u00f2ria, el pressupost de l&#8217;escola, els documents generats pel centre i la supervisi\u00f3 del funcionament general de l&#8217;escola. Tots aquests acords estan custodiats pel secretari i a disposici\u00f3 de la comunitat educativa.<\/p>\n","protected":false},"excerpt":{"rendered":"<p>El Consell Escolar del centre est\u00e0 format per representants dels diferents sectors de la comunitat educativa: Equip directiu: &#8211; J\u00e9ssica Caur\u00edn (directora i presidenta del consell escolar) &#8211; Cap d\u2019estudis &#8211; Secretari (Amb veu per\u00f2 sense vot) 5 Representants del sector de mestres 5 Representants del sector de pares i mares 1 Representant del PAS [&hellip;]<\/p>\n","protected":false},"author":2,"featured_media":0,"parent":22,"menu_order":0,"comment_status":"closed","ping_status":"closed","template":"","meta":{"_bbp_topic_count":0,"_bbp_reply_count":0,"_bbp_total_topic_count":0,"_bbp_total_reply_count":0,"_bbp_voice_count":0,"_bbp_anonymous_reply_count":0,"_bbp_topic_count_hidden":0,"_bbp_reply_count_hidden":0,"_bbp_forum_subforum_count":0,"site-sidebar-layout":"default","site-content-layout":"","ast-site-content-layout":"","site-content-style":"default","site-sidebar-style":"default","ast-global-header-display":"","ast-banner-title-visibility":"","ast-main-header-display":"","ast-hfb-above-header-display":"","ast-hfb-below-header-display":"","ast-hfb-mobile-header-display":"","site-post-title":"","ast-breadcrumbs-content":"","ast-featured-img":"","footer-sml-layout":"","theme-transparent-header-meta":"","adv-header-id-meta":"","stick-header-meta":"","header-above-stick-meta":"","header-main-stick-meta":"","header-below-stick-meta":"","astra-migrate-meta-layouts":"default","ast-page-background-enabled":"default","ast-page-background-meta":{"desktop":{"background-color":"var(--ast-global-color-4)","background-image":"","background-repeat":"repeat","background-position":"center center","background-size":"auto","background-attachment":"scroll","background-type":"","background-media":"","overlay-type":"","overlay-color":"","overlay-opacity":"","overlay-gradient":""},"tablet":{"background-color":"","background-image":"","background-repeat":"repeat","background-position":"center center","background-size":"auto","background-attachment":"scroll","background-type":"","background-media":"","overlay-type":"","overlay-color":"","overlay-opacity":"","overlay-gradient":""},"mobile":{"background-color":"","background-image":"","background-repeat":"repeat","background-position":"center center","background-size":"auto","background-attachment":"scroll","background-type":"","background-media":"","overlay-type":"","overlay-color":"","overlay-opacity":"","overlay-gradient":""}},"ast-content-background-meta":{"desktop":{"background-color":"var(--ast-global-color-5)","background-image":"","background-repeat":"repeat","background-position":"center center","background-size":"auto","background-attachment":"scroll","background-type":"","background-media":"","overlay-type":"","overlay-color":"","overlay-opacity":"","overlay-gradient":""},"tablet":{"background-color":"var(--ast-global-color-5)","background-image":"","background-repeat":"repeat","background-position":"center center","background-size":"auto","background-attachment":"scroll","background-type":"","background-media":"","overlay-type":"","overlay-color":"","overlay-opacity":"","overlay-gradient":""},"mobile":{"background-color":"var(--ast-global-color-5)","background-image":"","background-repeat":"repeat","background-position":"center center","background-size":"auto","background-attachment":"scroll","background-type":"","background-media":"","overlay-type":"","overlay-color":"","overlay-opacity":"","overlay-gradient":""}},"footnotes":""},"class_list":["post-28","page","type-page","status-publish","hentry"],"post_mailing_queue_ids":[],"_links":{"self":[{"href":"https:\/\/agora.xtec.cat\/escolaelsquatrevents\/wp-json\/wp\/v2\/pages\/28","targetHints":{"allow":["GET"]}}],"collection":[{"href":"https:\/\/agora.xtec.cat\/escolaelsquatrevents\/wp-json\/wp\/v2\/pages"}],"about":[{"href":"https:\/\/agora.xtec.cat\/escolaelsquatrevents\/wp-json\/wp\/v2\/types\/page"}],"author":[{"embeddable":true,"href":"https:\/\/agora.xtec.cat\/escolaelsquatrevents\/wp-json\/wp\/v2\/users\/2"}],"replies":[{"embeddable":true,"href":"https:\/\/agora.xtec.cat\/escolaelsquatrevents\/wp-json\/wp\/v2\/comments?post=28"}],"version-history":[{"count":4,"href":"https:\/\/agora.xtec.cat\/escolaelsquatrevents\/wp-json\/wp\/v2\/pages\/28\/revisions"}],"predecessor-version":[{"id":8199,"href":"https:\/\/agora.xtec.cat\/escolaelsquatrevents\/wp-json\/wp\/v2\/pages\/28\/revisions\/8199"}],"up":[{"embeddable":true,"href":"https:\/\/agora.xtec.cat\/escolaelsquatrevents\/wp-json\/wp\/v2\/pages\/22"}],"wp:attachment":[{"href":"https:\/\/agora.xtec.cat\/escolaelsquatrevents\/wp-json\/wp\/v2\/media?parent=28"}],"curies":[{"name":"wp","href":"https:\/\/api.w.org\/{rel}","templated":true}]}}