{"id":26,"date":"2015-09-18T12:24:32","date_gmt":"2015-09-18T10:24:32","guid":{"rendered":"http:\/\/agora.xtec.cat\/escolaelsquatrevents\/?page_id=26"},"modified":"2022-10-10T07:58:16","modified_gmt":"2022-10-10T05:58:16","slug":"historia","status":"publish","type":"page","link":"https:\/\/agora.xtec.cat\/escolaelsquatrevents\/lescola\/historia\/","title":{"rendered":"Hist\u00f2ria"},"content":{"rendered":"<ul>\n<li style=\"text-align: left;\">El \u00a025 de mar\u00e7 del 2006 es presenta, a la Festa de l&#8217;Escola P\u00fablica de Canovelles, el projecte de creaci\u00f3 d&#8217;un nou centre d&#8217;educaci\u00f3 Infantil i prim\u00e0ria. S&#8217;hi \u00a0matriculen 52 alumnes: 44 de P3 i 8 d&#8217;un grup mixt P4 &#8211; 2n,<\/li>\n<li>El 22 de juny d&#8217;aquell any es constitueix\u00a0\u00a0l&#8217;Associaci\u00f3 de Pares i Mares de la nova escola.<\/li>\n<li>A principis del mes d&#8217;agost es comencen a construir els primers dos m\u00f2duls prefabricats. El curs s&#8217;inicia\u00a0un dia m\u00e9s tard del previst, el 13 de setembre de 2006.<\/li>\n<li>El 17 de novembre s&#8217;aprova\u00a0\u00a0el comen\u00e7ament de les activitats de la nostra escola anomenada, provisionalment, CEIP Canovelles.<\/li>\n<li>El 16 de desembre es fa la Festa d\u2019inauguraci\u00f3 de l\u2019escola i es tria \u00a0el nom \u00a0definitiu: \u00a0ELS QUATRE VENTS. Per acord de tots els membres de la comunitat escolar es constitueix la COMUNITAT D&#8217;APRENENTATGE.<\/li>\n<li>El mateix mes de desembre de 2006, davant de l&#8217;augment de matr\u00edcula del grup mixt, s&#8217;instal\u00b7la un \u00a0tercer m\u00f2dul i es desdobla el grup mixt (P4-P5 \/ 1r-2n)<\/li>\n<li>L&#8217;11 de febrer \u00a0del 2007 es fa la 1\u00aa Festa del Somni de la Comunitat d\u2019Aprenentatge.<\/li>\n<li>Durant els anys successius l&#8217;escola t\u00e9 un gran creixement i al juny dels 2011 surt la primera promoci\u00f3 del grup mixt.<\/li>\n<li>El 2015-16 celebrem el 10\u00e8 aniversari de l&#8217;escola reemprendre el projecte de Comunitats d&#8217;aprenentatge arribant en alguns moment a superar els 80 voluntaris, 16 nivells realitzant GI i 18 fent tert\u00falies. Aquest curs tamb\u00e9 d&#8217;inici el replantejament de l&#8217;aprenentatge matem\u00e0tic, i es fa un plenari per a tota la comunitat educativa sobre GI i matem\u00e0tiques.<\/li>\n<li>El 2016-17 consolidem el projecte de Comunitats d&#8217;aprenentatge (fent GI, tert\u00falies, plenari sobre la lectura&#8230;) i potenciem les comissions mixtes entre mestres i fam\u00edlies. Tamb\u00e9 consolidem l&#8217;aprenentatge vivencial i manipulatiu de les matem\u00e0tiques. Col\u00b7loquem la primera pedra de l&#8217;edifici de l&#8217;escola.<\/li>\n<\/ul>\n<p><img loading=\"lazy\" decoding=\"async\" class=\"aligncenter size-medium wp-image-4887\" src=\"https:\/\/agora.xtec.cat\/escolaelsquatrevents\/wp-content\/uploads\/usu584\/2020\/01\/E7B6A91E-E25A-4F6F-A8DB-1E763E92D96A.jpeg\" alt=\"\" width=\"299\" height=\"168\" \/><\/p>\n<ul>\n<li>Durant el 2017-18 es construeix l&#8217;edifici de l&#8217;escola Els Quatre Vents (fins ara en m\u00f2duls prefabricats).<\/li>\n<\/ul>\n<p><img loading=\"lazy\" decoding=\"async\" class=\"aligncenter size-full wp-image-4886\" src=\"https:\/\/agora.xtec.cat\/escolaelsquatrevents\/wp-content\/uploads\/usu584\/2020\/01\/011CB900-3AA7-42D0-8819-259751E5C95D.png\" alt=\"\" width=\"275\" height=\"183\" \/><\/p>\n<ul>\n<li>A l&#8217;inici del curs 2018-19 innaugurem l&#8217;edifici.<\/li>\n<\/ul>\n<p><img loading=\"lazy\" decoding=\"async\" class=\"aligncenter size-medium wp-image-4888\" src=\"https:\/\/agora.xtec.cat\/escolaelsquatrevents\/wp-content\/uploads\/usu584\/2020\/01\/66BD0EA4-A1CE-4FCF-A8C4-D337C9A583FE-300x169.jpeg\" alt=\"\" width=\"300\" height=\"169\" srcset=\"https:\/\/agora.xtec.cat\/escolaelsquatrevents\/wp-content\/uploads\/usu584\/2020\/01\/66BD0EA4-A1CE-4FCF-A8C4-D337C9A583FE-300x169.jpeg 300w, https:\/\/agora.xtec.cat\/escolaelsquatrevents\/wp-content\/uploads\/usu584\/2020\/01\/66BD0EA4-A1CE-4FCF-A8C4-D337C9A583FE-768x432.jpeg 768w, https:\/\/agora.xtec.cat\/escolaelsquatrevents\/wp-content\/uploads\/usu584\/2020\/01\/66BD0EA4-A1CE-4FCF-A8C4-D337C9A583FE-1024x576.jpeg 1024w, https:\/\/agora.xtec.cat\/escolaelsquatrevents\/wp-content\/uploads\/usu584\/2020\/01\/66BD0EA4-A1CE-4FCF-A8C4-D337C9A583FE.jpeg 1200w\" sizes=\"auto, (max-width: 300px) 100vw, 300px\" \/><img loading=\"lazy\" decoding=\"async\" class=\"aligncenter size-medium wp-image-4885\" src=\"https:\/\/agora.xtec.cat\/escolaelsquatrevents\/wp-content\/uploads\/usu584\/2020\/01\/773D79B4-EEA2-475E-8022-93A632ADE113-300x300.jpeg\" alt=\"\" width=\"300\" height=\"300\" srcset=\"https:\/\/agora.xtec.cat\/escolaelsquatrevents\/wp-content\/uploads\/usu584\/2020\/01\/773D79B4-EEA2-475E-8022-93A632ADE113-300x300.jpeg 300w, https:\/\/agora.xtec.cat\/escolaelsquatrevents\/wp-content\/uploads\/usu584\/2020\/01\/773D79B4-EEA2-475E-8022-93A632ADE113-150x150.jpeg 150w, https:\/\/agora.xtec.cat\/escolaelsquatrevents\/wp-content\/uploads\/usu584\/2020\/01\/773D79B4-EEA2-475E-8022-93A632ADE113-768x768.jpeg 768w, https:\/\/agora.xtec.cat\/escolaelsquatrevents\/wp-content\/uploads\/usu584\/2020\/01\/773D79B4-EEA2-475E-8022-93A632ADE113.jpeg 960w\" sizes=\"auto, (max-width: 300px) 100vw, 300px\" \/><\/p>\n","protected":false},"excerpt":{"rendered":"<p>El \u00a025 de mar\u00e7 del 2006 es presenta, a la Festa de l&#8217;Escola P\u00fablica de Canovelles, el projecte de creaci\u00f3 d&#8217;un nou centre d&#8217;educaci\u00f3 Infantil i prim\u00e0ria. S&#8217;hi \u00a0matriculen 52 alumnes: 44 de P3 i 8 d&#8217;un grup mixt P4 &#8211; 2n, El 22 de juny d&#8217;aquell any es constitueix\u00a0\u00a0l&#8217;Associaci\u00f3 de Pares i Mares de [&hellip;]<\/p>\n","protected":false},"author":2,"featured_media":0,"parent":22,"menu_order":0,"comment_status":"closed","ping_status":"closed","template":"","meta":{"_bbp_topic_count":0,"_bbp_reply_count":0,"_bbp_total_topic_count":0,"_bbp_total_reply_count":0,"_bbp_voice_count":0,"_bbp_anonymous_reply_count":0,"_bbp_topic_count_hidden":0,"_bbp_reply_count_hidden":0,"_bbp_forum_subforum_count":0,"site-sidebar-layout":"default","site-content-layout":"","ast-site-content-layout":"","site-content-style":"default","site-sidebar-style":"default","ast-global-header-display":"","ast-banner-title-visibility":"","ast-main-header-display":"","ast-hfb-above-header-display":"","ast-hfb-below-header-display":"","ast-hfb-mobile-header-display":"","site-post-title":"","ast-breadcrumbs-content":"","ast-featured-img":"","footer-sml-layout":"","theme-transparent-header-meta":"","adv-header-id-meta":"","stick-header-meta":"","header-above-stick-meta":"","header-main-stick-meta":"","header-below-stick-meta":"","astra-migrate-meta-layouts":"default","ast-page-background-enabled":"default","ast-page-background-meta":{"desktop":{"background-color":"var(--ast-global-color-4)","background-image":"","background-repeat":"repeat","background-position":"center center","background-size":"auto","background-attachment":"scroll","background-type":"","background-media":"","overlay-type":"","overlay-color":"","overlay-opacity":"","overlay-gradient":""},"tablet":{"background-color":"","background-image":"","background-repeat":"repeat","background-position":"center center","background-size":"auto","background-attachment":"scroll","background-type":"","background-media":"","overlay-type":"","overlay-color":"","overlay-opacity":"","overlay-gradient":""},"mobile":{"background-color":"","background-image":"","background-repeat":"repeat","background-position":"center center","background-size":"auto","background-attachment":"scroll","background-type":"","background-media":"","overlay-type":"","overlay-color":"","overlay-opacity":"","overlay-gradient":""}},"ast-content-background-meta":{"desktop":{"background-color":"var(--ast-global-color-5)","background-image":"","background-repeat":"repeat","background-position":"center center","background-size":"auto","background-attachment":"scroll","background-type":"","background-media":"","overlay-type":"","overlay-color":"","overlay-opacity":"","overlay-gradient":""},"tablet":{"background-color":"var(--ast-global-color-5)","background-image":"","background-repeat":"repeat","background-position":"center center","background-size":"auto","background-attachment":"scroll","background-type":"","background-media":"","overlay-type":"","overlay-color":"","overlay-opacity":"","overlay-gradient":""},"mobile":{"background-color":"var(--ast-global-color-5)","background-image":"","background-repeat":"repeat","background-position":"center center","background-size":"auto","background-attachment":"scroll","background-type":"","background-media":"","overlay-type":"","overlay-color":"","overlay-opacity":"","overlay-gradient":""}},"footnotes":""},"class_list":["post-26","page","type-page","status-publish","hentry"],"post_mailing_queue_ids":[],"_links":{"self":[{"href":"https:\/\/agora.xtec.cat\/escolaelsquatrevents\/wp-json\/wp\/v2\/pages\/26","targetHints":{"allow":["GET"]}}],"collection":[{"href":"https:\/\/agora.xtec.cat\/escolaelsquatrevents\/wp-json\/wp\/v2\/pages"}],"about":[{"href":"https:\/\/agora.xtec.cat\/escolaelsquatrevents\/wp-json\/wp\/v2\/types\/page"}],"author":[{"embeddable":true,"href":"https:\/\/agora.xtec.cat\/escolaelsquatrevents\/wp-json\/wp\/v2\/users\/2"}],"replies":[{"embeddable":true,"href":"https:\/\/agora.xtec.cat\/escolaelsquatrevents\/wp-json\/wp\/v2\/comments?post=26"}],"version-history":[{"count":4,"href":"https:\/\/agora.xtec.cat\/escolaelsquatrevents\/wp-json\/wp\/v2\/pages\/26\/revisions"}],"predecessor-version":[{"id":4892,"href":"https:\/\/agora.xtec.cat\/escolaelsquatrevents\/wp-json\/wp\/v2\/pages\/26\/revisions\/4892"}],"up":[{"embeddable":true,"href":"https:\/\/agora.xtec.cat\/escolaelsquatrevents\/wp-json\/wp\/v2\/pages\/22"}],"wp:attachment":[{"href":"https:\/\/agora.xtec.cat\/escolaelsquatrevents\/wp-json\/wp\/v2\/media?parent=26"}],"curies":[{"name":"wp","href":"https:\/\/api.w.org\/{rel}","templated":true}]}}