{"id":22,"date":"2014-09-18T12:19:57","date_gmt":"2014-09-18T12:19:57","guid":{"rendered":"http:\/\/agora.xtec.cat\/escolaelsquatrevents\/?page_id=22"},"modified":"2025-07-10T10:41:23","modified_gmt":"2025-07-10T08:41:23","slug":"lescola","status":"publish","type":"page","link":"https:\/\/agora.xtec.cat\/escolaelsquatrevents\/lescola\/","title":{"rendered":"L&#8217;escola"},"content":{"rendered":"<p>Som una escola p\u00fablica de dues l\u00ednies, constitu\u00efda com a Comunitat d&#8217;Aprenentatge. Des del curs 14-15 fem sisena hora (8:30-13h i 15-16:30h).<\/p>\n<p>L&#8217;escola basa el seu projecte educatiu en la participaci\u00f3, el di\u00e0leg i la igualtat d&#8217;oportunnitats per aconseguir una educaci\u00f3 de qualitat amb el m\u00e0xim nivell d&#8217;exig\u00e8ncia. Formats en Comunitat d&#8217;Aprenentatge, cerquem la transformaci\u00f3 social i cultural del centre educatiu i el seu entorn per aconseguir una societat de la informaci\u00f3 per a tothom, amb la participaci\u00f3 de voluntaris de les fam\u00edlies i de l&#8217;entorn escolar.<\/p>\n<p>La nostra l\u00ednia metodol\u00f2gica inclou a l&#8217;educaci\u00f3 infantil els racons, els ambients i la metodologia de Reggio Emilia. A m\u00e9s a m\u00e9s, a tota l&#8217;escola treballem per centres d&#8217;inter\u00e8s i projectes, activitats vivencials, reals i aut\u00e8ntiques en totes les \u00e0rees, \u00a0grups interactius (GI) de llengua i de matem\u00e0tiques, tert\u00falies liter\u00e0ries, i potenciem l&#8217;educaci\u00f3 en comunicaci\u00f3 audiovisual i l&#8217;\u00fas de les noves tecnologies.<br \/>\nFem sortides pedag\u00f2giques a tots els nivells i col\u00f2nies a final de cicle. Participem en les activitats culturals. Treballem l&#8217;expressivitat i l&#8217;auto coneixement dels infants (amb projectes com el de psicomotricitat relacional) i interactuem amb la realitat local a trav\u00e9s de l&#8217;esport i de les Festes Populars.<\/p>\n<div dir=\"auto\" data-removefontsize=\"true\" data-originalcomputedfontsize=\"16\">\n<p><b><i>L\u2019ess\u00e8ncia de l\u2019escola:<\/i><\/b><\/p>\n<p><b>LA COMUNITAT D\u2019APRENENTATGE<\/b><\/p>\n<p><span style=\"font-weight: 400;\">Ens caracteritzem per la implicaci\u00f3 de tota la comunitat a trav\u00e9s de les comissions mixtes de treball i<\/span> <span style=\"font-weight: 400;\">de la<\/span> <span style=\"font-weight: 400;\">comissi\u00f3 gestora i per l\u2019obertura de l\u2019escola i les aules a la participaci\u00f3 dels familiars i voluntaris.<\/span><\/p>\n<p><span style=\"font-weight: 400;\">Actuacions educatives m\u00e9s significatives: els grups interactius, la resoluci\u00f3 i prevenci\u00f3 dial\u00f2gica de conflictes i les tert\u00falies liter\u00e0ries dial\u00f2giques; que guien l\u2019aprenentatge a trav\u00e9s del di\u00e0leg i la cooperaci\u00f3.\u00a0<\/span><\/p>\n<p><b><i>Participa de l\u2019educaci\u00f3 del teu fill\/a. Vosaltres sou els protagonistes<\/i><\/b><\/p>\n<\/div>\n<p><b><i>El valor de l\u2019escola:<\/i><\/b><span style=\"font-weight: 400;\">\u00a0\u00a0\u00a0\u00a0<\/span><\/p>\n<p><b>L\u2019EDUCACI\u00d3 INTEGRAL<\/b><\/p>\n<table style=\"height: 605px; width: 84.0096%;\" width=\"1381\">\n<tbody>\n<tr style=\"height: 245px;\">\n<td style=\"width: 110px; height: 208px; text-align: center;\"><strong><i>Aprenentatge dial\u00f2gic<\/i><\/strong><strong><img loading=\"lazy\" decoding=\"async\" class=\"wp-image-5980 aligncenter\" src=\"https:\/\/agora.xtec.cat\/escolaelsquatrevents\/wp-content\/uploads\/usu584\/2021\/02\/COM_negatiu-1-258x300.jpg\" alt=\"\" width=\"65\" height=\"75\" srcset=\"https:\/\/agora.xtec.cat\/escolaelsquatrevents\/wp-content\/uploads\/usu584\/2021\/02\/COM_negatiu-1-258x300.jpg 258w, https:\/\/agora.xtec.cat\/escolaelsquatrevents\/wp-content\/uploads\/usu584\/2021\/02\/COM_negatiu-1.jpg 517w\" sizes=\"auto, (max-width: 65px) 100vw, 65px\" \/><\/strong><\/td>\n<td style=\"width: 137.273px; height: 208px; text-align: center;\">\n<p style=\"text-align: center;\"><strong><i>\u00a0 \u00a0 \u00a0 \u00a0Mates\u00a0 \u00a0 \u00a0 \u00a0 vivencials<\/i><\/strong><\/p>\n<p style=\"text-align: center;\"><strong><i><img loading=\"lazy\" decoding=\"async\" class=\"wp-image-5986 aligncenter\" src=\"https:\/\/agora.xtec.cat\/escolaelsquatrevents\/wp-content\/uploads\/usu584\/2021\/02\/MAT_negatiu-1-258x300.jpg\" alt=\"\" width=\"61\" height=\"70\" srcset=\"https:\/\/agora.xtec.cat\/escolaelsquatrevents\/wp-content\/uploads\/usu584\/2021\/02\/MAT_negatiu-1-258x300.jpg 258w, https:\/\/agora.xtec.cat\/escolaelsquatrevents\/wp-content\/uploads\/usu584\/2021\/02\/MAT_negatiu-1.jpg 517w\" sizes=\"auto, (max-width: 61px) 100vw, 61px\" \/><\/i><\/strong><\/p>\n<p style=\"text-align: center;\"><span style=\"font-weight: 400;\">Vivencials i manipulatives amb reglets, geoplans\u2026 Operacions matem\u00e0tiques amb <\/span><span style=\"font-weight: 400;\"><br \/>\n<\/span><span style=\"font-weight: 400;\">diversitat d\u2019estrat\u00e8gies per la resoluci\u00f3 dels algoritmes.<\/span><\/p>\n<\/td>\n<td style=\"width: 166.364px; height: 208px; text-align: center;\">\n<p style=\"text-align: center;\"><strong><i>Aristes pl\u00e0stics i activitats musicals<\/i><\/strong><\/p>\n<p style=\"text-align: center;\"><strong><i><img loading=\"lazy\" decoding=\"async\" class=\"wp-image-5981 aligncenter\" src=\"https:\/\/agora.xtec.cat\/escolaelsquatrevents\/wp-content\/uploads\/usu584\/2021\/02\/ART_negatiu-1-copia-258x300.jpg\" alt=\"\" width=\"63\" height=\"73\" srcset=\"https:\/\/agora.xtec.cat\/escolaelsquatrevents\/wp-content\/uploads\/usu584\/2021\/02\/ART_negatiu-1-copia-258x300.jpg 258w, https:\/\/agora.xtec.cat\/escolaelsquatrevents\/wp-content\/uploads\/usu584\/2021\/02\/ART_negatiu-1-copia.jpg 515w\" sizes=\"auto, (max-width: 63px) 100vw, 63px\" \/><\/i><\/strong><\/p>\n<p style=\"text-align: center;\"><span style=\"font-weight: 400;\">m\u00fasica i l\u2019estudi d\u2019artistes musicals i pl\u00e0stics des de P3, cant\u00e0nia, agrupacions instrumentals Orff, teatre&#8230;<\/span><\/p>\n<\/td>\n<td style=\"width: 157.273px; height: 208px; text-align: center;\"><strong><i>Pla lector i angl\u00e8s\u00a0<\/i><\/strong><strong><i>des de P3<\/i><\/strong><\/p>\n<p><strong><i><img loading=\"lazy\" decoding=\"async\" class=\"wp-image-5985 aligncenter\" src=\"https:\/\/agora.xtec.cat\/escolaelsquatrevents\/wp-content\/uploads\/usu584\/2021\/02\/LLEN_negatiu-1-254x300.jpg\" alt=\"\" width=\"63\" height=\"74\" srcset=\"https:\/\/agora.xtec.cat\/escolaelsquatrevents\/wp-content\/uploads\/usu584\/2021\/02\/LLEN_negatiu-1-254x300.jpg 254w, https:\/\/agora.xtec.cat\/escolaelsquatrevents\/wp-content\/uploads\/usu584\/2021\/02\/LLEN_negatiu-1.jpg 514w\" sizes=\"auto, (max-width: 63px) 100vw, 63px\" \/><\/i><\/strong><\/p>\n<p><span style=\"font-weight: 400;\">pla lector personalitzat i consci\u00e8ncia fonol\u00f2gica <\/span><span style=\"font-weight: 400;\"><br \/>\n<\/span><span style=\"font-weight: 400;\">des de P3, racons d\u2019escriptura creativa&#8230; <\/span><span style=\"font-weight: 400;\"><br \/>\n<\/span><span style=\"font-weight: 400;\">Angl\u00e8s des de P3, English day i projectes en angl\u00e8s<\/span><\/td>\n<td style=\"width: 155.455px; height: 208px; text-align: center;\"><strong><i>Emocions i relacions socials<\/i><\/strong><strong><i><img loading=\"lazy\" decoding=\"async\" class=\"wp-image-5982 aligncenter\" src=\"https:\/\/agora.xtec.cat\/escolaelsquatrevents\/wp-content\/uploads\/usu584\/2021\/02\/EMO_negatiu-1-copia-259x300.jpg\" alt=\"\" width=\"67\" height=\"77\" srcset=\"https:\/\/agora.xtec.cat\/escolaelsquatrevents\/wp-content\/uploads\/usu584\/2021\/02\/EMO_negatiu-1-copia-259x300.jpg 259w, https:\/\/agora.xtec.cat\/escolaelsquatrevents\/wp-content\/uploads\/usu584\/2021\/02\/EMO_negatiu-1-copia.jpg 517w\" sizes=\"auto, (max-width: 67px) 100vw, 67px\" \/><\/i><\/strong><\/p>\n<p><span style=\"font-weight: 400;\">projecte emocional que potencia <\/span><span style=\"font-weight: 400;\"><br \/>\n<\/span><span style=\"font-weight: 400;\">l\u2019autonomia personal i les relacions socials.<\/span><\/td>\n<td style=\"width: 157.273px; height: 208px; text-align: center;\"><strong><i>Hort i centres d\u2019inter\u00e8s guiats<\/i><\/strong><strong><i><img loading=\"lazy\" decoding=\"async\" class=\"wp-image-5983 aligncenter\" src=\"https:\/\/agora.xtec.cat\/escolaelsquatrevents\/wp-content\/uploads\/usu584\/2021\/02\/MEDI_negatiu-1-copia-255x300.jpg\" alt=\"\" width=\"66\" height=\"78\" srcset=\"https:\/\/agora.xtec.cat\/escolaelsquatrevents\/wp-content\/uploads\/usu584\/2021\/02\/MEDI_negatiu-1-copia-255x300.jpg 255w, https:\/\/agora.xtec.cat\/escolaelsquatrevents\/wp-content\/uploads\/usu584\/2021\/02\/MEDI_negatiu-1-copia.jpg 509w\" sizes=\"auto, (max-width: 66px) 100vw, 66px\" \/><\/i><\/strong><\/p>\n<p><span style=\"font-weight: 400;\">hort i descoberta del m\u00f3n que ens envolta <\/span><span style=\"font-weight: 400;\"><br \/>\n<\/span><span style=\"font-weight: 400;\">a trav\u00e9s de centres d\u2019inter\u00e8s i projectes.<\/span><\/td>\n<td style=\"width: 136.364px; height: 208px; text-align: center;\"><strong><i>Noves tecnologies<\/i><\/strong><strong><i><img loading=\"lazy\" decoding=\"async\" class=\"wp-image-5984 aligncenter\" src=\"https:\/\/agora.xtec.cat\/escolaelsquatrevents\/wp-content\/uploads\/usu584\/2021\/02\/TAC_negatiu-1-copia-258x300.jpg\" alt=\"\" width=\"70\" height=\"81\" srcset=\"https:\/\/agora.xtec.cat\/escolaelsquatrevents\/wp-content\/uploads\/usu584\/2021\/02\/TAC_negatiu-1-copia-258x300.jpg 258w, https:\/\/agora.xtec.cat\/escolaelsquatrevents\/wp-content\/uploads\/usu584\/2021\/02\/TAC_negatiu-1-copia.jpg 516w\" sizes=\"auto, (max-width: 70px) 100vw, 70px\" \/><\/i><\/strong><\/p>\n<p><span style=\"font-weight: 400;\">cerca d\u2019informaci\u00f3 digital,<\/span><\/p>\n<p><span style=\"font-weight: 400;\">\u00fas de tablets i PCs, programaci\u00f3 (scratch), rob\u00f2tica&#8230;<\/span><\/td>\n<\/tr>\n<\/tbody>\n<\/table>\n<h3 style=\"text-align: center;\"><span style=\"color: #993366;\">VOLS SABER M\u00c9S DE L&#8217;ESCOLA? CLICA ALS SEG\u00dcENTS V\u00cdDEOS<\/span><\/h3>\n<h4 style=\"text-align: center;\"><span style=\"color: #0000ff;\"><em><a style=\"color: #0000ff;\" href=\"https:\/\/youtu.be\/lj01iSoCEOQ\">Vols veure les festes de l&#8217;escola? \ud83c\udf89\ud83c\udf8a\ud83c\udf88<\/a><\/em><\/span><\/h4>\n<h4 style=\"text-align: center;\"><span style=\"color: #0000ff;\"><em><a style=\"color: #0000ff;\" href=\"https:\/\/youtu.be\/8u94WJ4jOxo\">Vols fer una visita a les nostres instal\u00b7lacions?\ud83c\udfc3\ud83c\udfeb<\/a><\/em><\/span><\/h4>\n<h4 style=\"text-align: center;\"><span style=\"color: #0000ff;\"><em><a style=\"color: #0000ff;\" href=\"https:\/\/youtu.be\/LUQbcny1V44\">Vols veure com treballem diferents activitats i metodologies?\ud83d\udcdd\u270f\ud83d\udcda<\/a><\/em><\/span><\/h4>\n<h4><a href=\"https:\/\/agora.xtec.cat\/escolaelsquatrevents\/wp-content\/uploads\/usu584\/2021\/03\/d\u00edptic-afa-2021.pdf\">Us deixem informaci\u00f3 de l&#8217;<span style=\"color: #0000ff;\">A<\/span>ssociaci\u00f3 de <span style=\"color: #0000ff;\">F<\/span>am\u00edlies d&#8217;<span style=\"color: #0000ff;\">A<\/span>lumnes<\/a><\/h4>\n<p><img loading=\"lazy\" decoding=\"async\" class=\"alignnone wp-image-6132\" src=\"https:\/\/agora.xtec.cat\/escolaelsquatrevents\/wp-content\/uploads\/usu584\/2021\/03\/afa1-232x300.png\" alt=\"\" width=\"197\" height=\"255\" srcset=\"https:\/\/agora.xtec.cat\/escolaelsquatrevents\/wp-content\/uploads\/usu584\/2021\/03\/afa1-232x300.png 232w, https:\/\/agora.xtec.cat\/escolaelsquatrevents\/wp-content\/uploads\/usu584\/2021\/03\/afa1.png 663w\" sizes=\"auto, (max-width: 197px) 100vw, 197px\" \/><img loading=\"lazy\" decoding=\"async\" class=\"alignnone wp-image-6130\" style=\"font-family: inherit; font-size: 1em;\" src=\"https:\/\/agora.xtec.cat\/escolaelsquatrevents\/wp-content\/uploads\/usu584\/2021\/03\/afa-3-231x300.png\" alt=\"\" width=\"198\" height=\"258\" srcset=\"https:\/\/agora.xtec.cat\/escolaelsquatrevents\/wp-content\/uploads\/usu584\/2021\/03\/afa-3-231x300.png 231w, https:\/\/agora.xtec.cat\/escolaelsquatrevents\/wp-content\/uploads\/usu584\/2021\/03\/afa-3.png 660w\" sizes=\"auto, (max-width: 198px) 100vw, 198px\" \/><img loading=\"lazy\" decoding=\"async\" class=\"alignnone wp-image-6131\" src=\"https:\/\/agora.xtec.cat\/escolaelsquatrevents\/wp-content\/uploads\/usu584\/2021\/03\/afa-2-237x300.png\" alt=\"\" width=\"194\" height=\"245\" srcset=\"https:\/\/agora.xtec.cat\/escolaelsquatrevents\/wp-content\/uploads\/usu584\/2021\/03\/afa-2-237x300.png 237w, https:\/\/agora.xtec.cat\/escolaelsquatrevents\/wp-content\/uploads\/usu584\/2021\/03\/afa-2.png 660w\" sizes=\"auto, (max-width: 194px) 100vw, 194px\" \/><img loading=\"lazy\" decoding=\"async\" class=\"alignnone wp-image-6129\" src=\"https:\/\/agora.xtec.cat\/escolaelsquatrevents\/wp-content\/uploads\/usu584\/2021\/03\/afa-4-230x300.png\" alt=\"\" width=\"190\" height=\"247\" srcset=\"https:\/\/agora.xtec.cat\/escolaelsquatrevents\/wp-content\/uploads\/usu584\/2021\/03\/afa-4-230x300.png 230w, https:\/\/agora.xtec.cat\/escolaelsquatrevents\/wp-content\/uploads\/usu584\/2021\/03\/afa-4.png 649w\" sizes=\"auto, (max-width: 190px) 100vw, 190px\" \/><\/p>\n<div dir=\"auto\" data-removefontsize=\"true\" data-originalcomputedfontsize=\"16\"><\/div>\n","protected":false},"excerpt":{"rendered":"<p>Som una escola p\u00fablica de dues l\u00ednies, constitu\u00efda com a Comunitat d&#8217;Aprenentatge. Des del curs 14-15 fem sisena hora (8:30-13h i 15-16:30h). L&#8217;escola basa el seu projecte educatiu en la participaci\u00f3, el di\u00e0leg i la igualtat d&#8217;oportunnitats per aconseguir una educaci\u00f3 de qualitat amb el m\u00e0xim nivell d&#8217;exig\u00e8ncia. Formats en Comunitat d&#8217;Aprenentatge, cerquem la transformaci\u00f3 [&hellip;]<\/p>\n","protected":false},"author":2,"featured_media":0,"parent":0,"menu_order":0,"comment_status":"closed","ping_status":"closed","template":"","meta":{"_bbp_topic_count":0,"_bbp_reply_count":0,"_bbp_total_topic_count":0,"_bbp_total_reply_count":0,"_bbp_voice_count":0,"_bbp_anonymous_reply_count":0,"_bbp_topic_count_hidden":0,"_bbp_reply_count_hidden":0,"_bbp_forum_subforum_count":0,"site-sidebar-layout":"default","site-content-layout":"","ast-site-content-layout":"default","site-content-style":"default","site-sidebar-style":"default","ast-global-header-display":"","ast-banner-title-visibility":"","ast-main-header-display":"","ast-hfb-above-header-display":"","ast-hfb-below-header-display":"","ast-hfb-mobile-header-display":"","site-post-title":"","ast-breadcrumbs-content":"","ast-featured-img":"","footer-sml-layout":"","theme-transparent-header-meta":"","adv-header-id-meta":"","stick-header-meta":"","header-above-stick-meta":"","header-main-stick-meta":"","header-below-stick-meta":"","astra-migrate-meta-layouts":"set","ast-page-background-enabled":"default","ast-page-background-meta":{"desktop":{"background-color":"var(--ast-global-color-4)","background-image":"","background-repeat":"repeat","background-position":"center center","background-size":"auto","background-attachment":"scroll","background-type":"","background-media":"","overlay-type":"","overlay-color":"","overlay-opacity":"","overlay-gradient":""},"tablet":{"background-color":"","background-image":"","background-repeat":"repeat","background-position":"center center","background-size":"auto","background-attachment":"scroll","background-type":"","background-media":"","overlay-type":"","overlay-color":"","overlay-opacity":"","overlay-gradient":""},"mobile":{"background-color":"","background-image":"","background-repeat":"repeat","background-position":"center center","background-size":"auto","background-attachment":"scroll","background-type":"","background-media":"","overlay-type":"","overlay-color":"","overlay-opacity":"","overlay-gradient":""}},"ast-content-background-meta":{"desktop":{"background-color":"var(--ast-global-color-5)","background-image":"","background-repeat":"repeat","background-position":"center center","background-size":"auto","background-attachment":"scroll","background-type":"","background-media":"","overlay-type":"","overlay-color":"","overlay-opacity":"","overlay-gradient":""},"tablet":{"background-color":"var(--ast-global-color-5)","background-image":"","background-repeat":"repeat","background-position":"center center","background-size":"auto","background-attachment":"scroll","background-type":"","background-media":"","overlay-type":"","overlay-color":"","overlay-opacity":"","overlay-gradient":""},"mobile":{"background-color":"var(--ast-global-color-5)","background-image":"","background-repeat":"repeat","background-position":"center center","background-size":"auto","background-attachment":"scroll","background-type":"","background-media":"","overlay-type":"","overlay-color":"","overlay-opacity":"","overlay-gradient":""}},"footnotes":""},"class_list":["post-22","page","type-page","status-publish","hentry"],"post_mailing_queue_ids":[],"_links":{"self":[{"href":"https:\/\/agora.xtec.cat\/escolaelsquatrevents\/wp-json\/wp\/v2\/pages\/22","targetHints":{"allow":["GET"]}}],"collection":[{"href":"https:\/\/agora.xtec.cat\/escolaelsquatrevents\/wp-json\/wp\/v2\/pages"}],"about":[{"href":"https:\/\/agora.xtec.cat\/escolaelsquatrevents\/wp-json\/wp\/v2\/types\/page"}],"author":[{"embeddable":true,"href":"https:\/\/agora.xtec.cat\/escolaelsquatrevents\/wp-json\/wp\/v2\/users\/2"}],"replies":[{"embeddable":true,"href":"https:\/\/agora.xtec.cat\/escolaelsquatrevents\/wp-json\/wp\/v2\/comments?post=22"}],"version-history":[{"count":4,"href":"https:\/\/agora.xtec.cat\/escolaelsquatrevents\/wp-json\/wp\/v2\/pages\/22\/revisions"}],"predecessor-version":[{"id":10273,"href":"https:\/\/agora.xtec.cat\/escolaelsquatrevents\/wp-json\/wp\/v2\/pages\/22\/revisions\/10273"}],"wp:attachment":[{"href":"https:\/\/agora.xtec.cat\/escolaelsquatrevents\/wp-json\/wp\/v2\/media?parent=22"}],"curies":[{"name":"wp","href":"https:\/\/api.w.org\/{rel}","templated":true}]}}