{"id":1021,"date":"2024-03-04T15:20:07","date_gmt":"2024-03-04T14:20:07","guid":{"rendered":"https:\/\/agora.xtec.cat\/escolaelsporxos\/?page_id=1021"},"modified":"2025-07-04T10:50:24","modified_gmt":"2025-07-04T08:50:24","slug":"projectes-on-participem","status":"publish","type":"page","link":"https:\/\/agora.xtec.cat\/escolaelsporxos\/lescola\/projectes-on-participem\/","title":{"rendered":"Projectes on participem"},"content":{"rendered":"<p class=\"gmail_default\" style=\"text-align: justify;\"><span style=\"color: #0000ff;\">Un any m\u00e9s han acceptat la participaci\u00f3 de la nostra\u00a0escola\u00a0en el\u00a0<b>Programa de consum de\u00a0fruita\u00a0i\u00a0llet.\u00a0<\/b><\/span><\/p>\n<p class=\"gmail_default\" style=\"text-align: justify;\"><span style=\"color: #0000ff;\"><span style=\"font-family: verdana, sans-serif;\">Creiem en aquestes accions que contribueixen amb els\u00a0<i>Objectius de Desenvolupament Sostenible\u00a0<\/i>marcats en l&#8217;Agenda 2030, en els quals la inf\u00e0ncia s\u00f3n un eix transversal. A m\u00e9s, per millorar la salut cal menjar fruita i verdura en cada \u00e0pat, tant a casa com a l&#8217;escola i\u00a0s&#8217;han de consumir lactis (llet, iogurts i formatges) entre 2-3 racions\/dia.\u00a0<\/span>Com a centre educatiu, hem de\u00a0potenciar accions que afavoreixin la salut dels infants.<\/span><\/p>\n<h6>Podeu entrar a la web on trobareu activitats i informaci\u00f3 interessant.<\/h6>\n<h6><\/h6>\n<h6><a href=\"https:\/\/agricultura.gencat.cat\/ca\/ambits\/alimentacio\/promocio-agroalimentaria\/fruita-llet-escoles\/\">https:\/\/agricultura.gencat.cat\/ca\/ambits\/alimentacio\/promocio-agroalimentaria\/fruita-llet-escoles\/<\/a><\/h6>\n<p><iframe loading=\"lazy\" src=\"https:\/\/drive.google.com\/file\/d\/1TdXM1D_oRjuhXTLcwS8ucIRr-8g8eEUV\/preview\" width=\"640\" height=\"480\"><\/iframe><iframe loading=\"lazy\" src=\"https:\/\/drive.google.com\/file\/d\/17DxKmApU2GvU4RujULCZ8jS7KXjz60pU\/preview\" width=\"640\" height=\"480\"><\/iframe><\/p>\n<p>&nbsp;<\/p>\n<div><\/div>\n<div><\/div>\n","protected":false},"excerpt":{"rendered":"<p>Un any m\u00e9s han acceptat la participaci\u00f3 de la nostra\u00a0escola\u00a0en el\u00a0Programa de consum de\u00a0fruita\u00a0i\u00a0llet.\u00a0 Creiem en aquestes accions que contribueixen [&hellip;]<\/p>\n","protected":false},"author":1,"featured_media":0,"parent":22,"menu_order":1,"comment_status":"closed","ping_status":"closed","template":"","meta":{"_bbp_topic_count":0,"_bbp_reply_count":0,"_bbp_total_topic_count":0,"_bbp_total_reply_count":0,"_bbp_voice_count":0,"_bbp_anonymous_reply_count":0,"_bbp_topic_count_hidden":0,"_bbp_reply_count_hidden":0,"_bbp_forum_subforum_count":0,"site-sidebar-layout":"default","site-content-layout":"","ast-site-content-layout":"default","site-content-style":"default","site-sidebar-style":"default","ast-global-header-display":"","ast-banner-title-visibility":"","ast-main-header-display":"","ast-hfb-above-header-display":"","ast-hfb-below-header-display":"","ast-hfb-mobile-header-display":"","site-post-title":"","ast-breadcrumbs-content":"","ast-featured-img":"","footer-sml-layout":"","theme-transparent-header-meta":"default","adv-header-id-meta":"","stick-header-meta":"","header-above-stick-meta":"","header-main-stick-meta":"","header-below-stick-meta":"","astra-migrate-meta-layouts":"set","ast-page-background-enabled":"default","ast-page-background-meta":{"desktop":{"background-color":"var(--ast-global-color-4)","background-image":"","background-repeat":"repeat","background-position":"center center","background-size":"auto","background-attachment":"scroll","background-type":"","background-media":"","overlay-type":"","overlay-color":"","overlay-opacity":"","overlay-gradient":""},"tablet":{"background-color":"","background-image":"","background-repeat":"repeat","background-position":"center center","background-size":"auto","background-attachment":"scroll","background-type":"","background-media":"","overlay-type":"","overlay-color":"","overlay-opacity":"","overlay-gradient":""},"mobile":{"background-color":"","background-image":"","background-repeat":"repeat","background-position":"center center","background-size":"auto","background-attachment":"scroll","background-type":"","background-media":"","overlay-type":"","overlay-color":"","overlay-opacity":"","overlay-gradient":""}},"ast-content-background-meta":{"desktop":{"background-color":"var(--ast-global-color-5)","background-image":"","background-repeat":"repeat","background-position":"center center","background-size":"auto","background-attachment":"scroll","background-type":"","background-media":"","overlay-type":"","overlay-color":"","overlay-opacity":"","overlay-gradient":""},"tablet":{"background-color":"var(--ast-global-color-5)","background-image":"","background-repeat":"repeat","background-position":"center center","background-size":"auto","background-attachment":"scroll","background-type":"","background-media":"","overlay-type":"","overlay-color":"","overlay-opacity":"","overlay-gradient":""},"mobile":{"background-color":"var(--ast-global-color-5)","background-image":"","background-repeat":"repeat","background-position":"center center","background-size":"auto","background-attachment":"scroll","background-type":"","background-media":"","overlay-type":"","overlay-color":"","overlay-opacity":"","overlay-gradient":""}},"footnotes":""},"class_list":["post-1021","page","type-page","status-publish","hentry"],"post_mailing_queue_ids":[],"_links":{"self":[{"href":"https:\/\/agora.xtec.cat\/escolaelsporxos\/wp-json\/wp\/v2\/pages\/1021","targetHints":{"allow":["GET"]}}],"collection":[{"href":"https:\/\/agora.xtec.cat\/escolaelsporxos\/wp-json\/wp\/v2\/pages"}],"about":[{"href":"https:\/\/agora.xtec.cat\/escolaelsporxos\/wp-json\/wp\/v2\/types\/page"}],"author":[{"embeddable":true,"href":"https:\/\/agora.xtec.cat\/escolaelsporxos\/wp-json\/wp\/v2\/users\/1"}],"replies":[{"embeddable":true,"href":"https:\/\/agora.xtec.cat\/escolaelsporxos\/wp-json\/wp\/v2\/comments?post=1021"}],"version-history":[{"count":6,"href":"https:\/\/agora.xtec.cat\/escolaelsporxos\/wp-json\/wp\/v2\/pages\/1021\/revisions"}],"predecessor-version":[{"id":1427,"href":"https:\/\/agora.xtec.cat\/escolaelsporxos\/wp-json\/wp\/v2\/pages\/1021\/revisions\/1427"}],"up":[{"embeddable":true,"href":"https:\/\/agora.xtec.cat\/escolaelsporxos\/wp-json\/wp\/v2\/pages\/22"}],"wp:attachment":[{"href":"https:\/\/agora.xtec.cat\/escolaelsporxos\/wp-json\/wp\/v2\/media?parent=1021"}],"curies":[{"name":"wp","href":"https:\/\/api.w.org\/{rel}","templated":true}]}}