{"id":9,"date":"2014-09-17T15:08:18","date_gmt":"2014-09-17T15:08:18","guid":{"rendered":"http:\/\/agora.xtec.cat\/escolaelsplanells\/\/?page_id=9"},"modified":"2026-04-28T09:13:02","modified_gmt":"2026-04-28T07:13:02","slug":"pagina-dinici-buida","status":"publish","type":"page","link":"https:\/\/agora.xtec.cat\/escolaelsplanells\/","title":{"rendered":"Cloenda jornada d&#8217;acollida dels auxiliars de conversa"},"content":{"rendered":"<p data-start=\"160\" data-end=\"291\">El passat dimarts, 14 d\u2019abril, va tenir lloc la cloenda de la jornada d\u2019acollida, dels auxiliars de conversa conjuntament ST Lleida i ST APA.<\/p>\n<p data-start=\"293\" data-end=\"355\">La formaci\u00f3 que s&#8217;ha dut a terme ha servit per com<span style=\"font-size: 16px;\">partir les l\u00ednies de formaci\u00f3 i assessorament del programa, cre<\/span><span style=\"font-size: 16px;\">ar un espai de trobada entre auxiliars i tutors i d<\/span><span style=\"font-size: 16px;\">inamitzar la llengua oral a l\u2019aula amb el suport d\u2019un auxiliar de conversa.<\/span><\/p>\n<p data-start=\"673\" data-end=\"854\">Va ser una sessi\u00f3 molt profitosa, en qu\u00e8 es van poder compartir experi\u00e8ncies dels centres acollidors.<\/p>\n<p data-start=\"673\" data-end=\"854\">Ens queda un mes per gaudir de la nostra auxiliar de conversa i d&#8217;aquesta experi\u00e8ncia tan enriquidora.<\/p>\n<p data-start=\"673\" data-end=\"854\"><a href=\"https:\/\/agora.xtec.cat\/escolaelsplanells\/wp-content\/uploads\/usu303\/2026\/04\/aux25-26-1.jpg\"><img loading=\"lazy\" decoding=\"async\" class=\"alignnone size-full wp-image-10431\" src=\"https:\/\/agora.xtec.cat\/escolaelsplanells\/wp-content\/uploads\/usu303\/2026\/04\/aux25-26-1.jpg\" alt=\"\" width=\"874\" height=\"267\" srcset=\"https:\/\/agora.xtec.cat\/escolaelsplanells\/wp-content\/uploads\/usu303\/2026\/04\/aux25-26-1.jpg 874w, https:\/\/agora.xtec.cat\/escolaelsplanells\/wp-content\/uploads\/usu303\/2026\/04\/aux25-26-1-300x92.jpg 300w, https:\/\/agora.xtec.cat\/escolaelsplanells\/wp-content\/uploads\/usu303\/2026\/04\/aux25-26-1-768x235.jpg 768w\" sizes=\"auto, (max-width: 874px) 100vw, 874px\" \/><\/a><\/p>\n<p>&nbsp;<\/p>\n","protected":false},"excerpt":{"rendered":"<p>El passat dimarts, 14 d\u2019abril, va tenir lloc la cloenda de la jornada d\u2019acollida, dels auxiliars de conversa conjuntament ST Lleida i ST APA. La formaci\u00f3 que s&#8217;ha dut a terme ha servit per compartir les l\u00ednies de formaci\u00f3 i assessorament del programa, crear un espai de trobada entre auxiliars i tutors i dinamitzar la [&hellip;]<\/p>\n","protected":false},"author":2,"featured_media":0,"parent":0,"menu_order":0,"comment_status":"closed","ping_status":"closed","template":"","meta":{"_bbp_topic_count":0,"_bbp_reply_count":0,"_bbp_total_topic_count":0,"_bbp_total_reply_count":0,"_bbp_voice_count":0,"_bbp_anonymous_reply_count":0,"_bbp_topic_count_hidden":0,"_bbp_reply_count_hidden":0,"_bbp_forum_subforum_count":0,"site-sidebar-layout":"default","site-content-layout":"","ast-site-content-layout":"default","site-content-style":"default","site-sidebar-style":"default","ast-global-header-display":"","ast-banner-title-visibility":"","ast-main-header-display":"","ast-hfb-above-header-display":"","ast-hfb-below-header-display":"","ast-hfb-mobile-header-display":"","site-post-title":"","ast-breadcrumbs-content":"","ast-featured-img":"","footer-sml-layout":"","theme-transparent-header-meta":"default","adv-header-id-meta":"","stick-header-meta":"","header-above-stick-meta":"","header-main-stick-meta":"","header-below-stick-meta":"","astra-migrate-meta-layouts":"set","ast-page-background-enabled":"default","ast-page-background-meta":{"desktop":{"background-color":"var(--ast-global-color-4)","background-image":"","background-repeat":"repeat","background-position":"center center","background-size":"auto","background-attachment":"scroll","background-type":"","background-media":"","overlay-type":"","overlay-color":"","overlay-opacity":"","overlay-gradient":""},"tablet":{"background-color":"","background-image":"","background-repeat":"repeat","background-position":"center center","background-size":"auto","background-attachment":"scroll","background-type":"","background-media":"","overlay-type":"","overlay-color":"","overlay-opacity":"","overlay-gradient":""},"mobile":{"background-color":"","background-image":"","background-repeat":"repeat","background-position":"center center","background-size":"auto","background-attachment":"scroll","background-type":"","background-media":"","overlay-type":"","overlay-color":"","overlay-opacity":"","overlay-gradient":""}},"ast-content-background-meta":{"desktop":{"background-color":"var(--ast-global-color-5)","background-image":"","background-repeat":"repeat","background-position":"center center","background-size":"auto","background-attachment":"scroll","background-type":"","background-media":"","overlay-type":"","overlay-color":"","overlay-opacity":"","overlay-gradient":""},"tablet":{"background-color":"var(--ast-global-color-5)","background-image":"","background-repeat":"repeat","background-position":"center center","background-size":"auto","background-attachment":"scroll","background-type":"","background-media":"","overlay-type":"","overlay-color":"","overlay-opacity":"","overlay-gradient":""},"mobile":{"background-color":"var(--ast-global-color-5)","background-image":"","background-repeat":"repeat","background-position":"center center","background-size":"auto","background-attachment":"scroll","background-type":"","background-media":"","overlay-type":"","overlay-color":"","overlay-opacity":"","overlay-gradient":""}},"footnotes":""},"class_list":["post-9","page","type-page","status-publish","hentry"],"post_mailing_queue_ids":[],"_links":{"self":[{"href":"https:\/\/agora.xtec.cat\/escolaelsplanells\/wp-json\/wp\/v2\/pages\/9","targetHints":{"allow":["GET"]}}],"collection":[{"href":"https:\/\/agora.xtec.cat\/escolaelsplanells\/wp-json\/wp\/v2\/pages"}],"about":[{"href":"https:\/\/agora.xtec.cat\/escolaelsplanells\/wp-json\/wp\/v2\/types\/page"}],"author":[{"embeddable":true,"href":"https:\/\/agora.xtec.cat\/escolaelsplanells\/wp-json\/wp\/v2\/users\/2"}],"replies":[{"embeddable":true,"href":"https:\/\/agora.xtec.cat\/escolaelsplanells\/wp-json\/wp\/v2\/comments?post=9"}],"version-history":[{"count":8,"href":"https:\/\/agora.xtec.cat\/escolaelsplanells\/wp-json\/wp\/v2\/pages\/9\/revisions"}],"predecessor-version":[{"id":10454,"href":"https:\/\/agora.xtec.cat\/escolaelsplanells\/wp-json\/wp\/v2\/pages\/9\/revisions\/10454"}],"wp:attachment":[{"href":"https:\/\/agora.xtec.cat\/escolaelsplanells\/wp-json\/wp\/v2\/media?parent=9"}],"curies":[{"name":"wp","href":"https:\/\/api.w.org\/{rel}","templated":true}]}}