{"id":8475,"date":"2024-03-13T21:17:21","date_gmt":"2024-03-13T20:17:21","guid":{"rendered":"https:\/\/agora.xtec.cat\/escolaelsplanells\/?page_id=8475"},"modified":"2025-02-21T15:48:15","modified_gmt":"2025-02-21T14:48:15","slug":"internacionalitzacio","status":"publish","type":"page","link":"https:\/\/agora.xtec.cat\/escolaelsplanells\/internacionalitzacio\/","title":{"rendered":"INTERNACIONALITZACI\u00d3"},"content":{"rendered":"<p>Aquest any hem tornat a realitzar un intercanvi de postals en llengua anglesa amb altres pa\u00efsos Europeus. Us deixem l&#8217;article amb l&#8217;acc\u00e9s a les imatges del projecte.<\/p>\n<blockquote class=\"wp-embedded-content\" data-secret=\"u1C3PtqD6h\"><p><a href=\"https:\/\/agora.xtec.cat\/escolaelsplanells\/general\/english-week-2\/\">English Week<\/a><\/p><\/blockquote>\n<p><iframe loading=\"lazy\" class=\"wp-embedded-content\" sandbox=\"allow-scripts\" security=\"restricted\" style=\"position: absolute; clip: rect(1px, 1px, 1px, 1px);\" title=\"&#8220;English Week&#8221; &#8212; Escola  Els Planells\" src=\"https:\/\/agora.xtec.cat\/escolaelsplanells\/general\/english-week-2\/embed\/#?secret=mUAHEfShef#?secret=u1C3PtqD6h\" data-secret=\"u1C3PtqD6h\" width=\"500\" height=\"282\" frameborder=\"0\" marginwidth=\"0\" marginheight=\"0\" scrolling=\"no\"><\/iframe><\/p>\n<p>&nbsp;<\/p>\n<p><a href=\"https:\/\/agora.xtec.cat\/escolaelsplanells\/wp-content\/uploads\/usu303\/2024\/03\/Design.png\"><img loading=\"lazy\" decoding=\"async\" class=\"alignnone wp-image-8490\" src=\"https:\/\/agora.xtec.cat\/escolaelsplanells\/wp-content\/uploads\/usu303\/2024\/03\/Design.png\" alt=\"\" width=\"434\" height=\"614\" srcset=\"https:\/\/agora.xtec.cat\/escolaelsplanells\/wp-content\/uploads\/usu303\/2024\/03\/Design.png 1587w, https:\/\/agora.xtec.cat\/escolaelsplanells\/wp-content\/uploads\/usu303\/2024\/03\/Design-212x300.png 212w, https:\/\/agora.xtec.cat\/escolaelsplanells\/wp-content\/uploads\/usu303\/2024\/03\/Design-724x1024.png 724w, https:\/\/agora.xtec.cat\/escolaelsplanells\/wp-content\/uploads\/usu303\/2024\/03\/Design-768x1086.png 768w, https:\/\/agora.xtec.cat\/escolaelsplanells\/wp-content\/uploads\/usu303\/2024\/03\/Design-1086x1536.png 1086w, https:\/\/agora.xtec.cat\/escolaelsplanells\/wp-content\/uploads\/usu303\/2024\/03\/Design-1448x2048.png 1448w\" sizes=\"auto, (max-width: 434px) 100vw, 434px\" \/><\/a><\/p>\n<p>&nbsp;<\/p>\n<p>&nbsp;<\/p>\n<blockquote class=\"wp-embedded-content\" data-secret=\"JmLCuiRBob\"><p><a href=\"https:\/\/agora.xtec.cat\/escolaelsplanells\/general\/english-week-2024\/\">ENGLISH WEEK 2024<\/a><\/p><\/blockquote>\n<p><iframe loading=\"lazy\" class=\"wp-embedded-content\" sandbox=\"allow-scripts\" security=\"restricted\" style=\"position: absolute; clip: rect(1px, 1px, 1px, 1px);\" title=\"&#8220;ENGLISH WEEK 2024&#8221; &#8212; Escola  Els Planells\" src=\"https:\/\/agora.xtec.cat\/escolaelsplanells\/general\/english-week-2024\/embed\/#?secret=7FsQpZxAQZ#?secret=JmLCuiRBob\" data-secret=\"JmLCuiRBob\" width=\"500\" height=\"282\" frameborder=\"0\" marginwidth=\"0\" marginheight=\"0\" scrolling=\"no\"><\/iframe><\/p>\n<p>&nbsp;<\/p>\n<p>&nbsp;<\/p>\n<p>&nbsp;<\/p>\n","protected":false},"excerpt":{"rendered":"<p>Aquest any hem tornat a realitzar un intercanvi de postals en llengua anglesa amb altres pa\u00efsos Europeus. Us deixem l&#8217;article amb l&#8217;acc\u00e9s a les imatges del projecte. English Week &nbsp; &nbsp; &nbsp; &nbsp; &nbsp; &nbsp;<\/p>\n","protected":false},"author":1,"featured_media":0,"parent":0,"menu_order":0,"comment_status":"closed","ping_status":"closed","template":"","meta":{"_bbp_topic_count":0,"_bbp_reply_count":0,"_bbp_total_topic_count":0,"_bbp_total_reply_count":0,"_bbp_voice_count":0,"_bbp_anonymous_reply_count":0,"_bbp_topic_count_hidden":0,"_bbp_reply_count_hidden":0,"_bbp_forum_subforum_count":0,"site-sidebar-layout":"default","site-content-layout":"","ast-site-content-layout":"","site-content-style":"default","site-sidebar-style":"default","ast-global-header-display":"","ast-banner-title-visibility":"","ast-main-header-display":"","ast-hfb-above-header-display":"","ast-hfb-below-header-display":"","ast-hfb-mobile-header-display":"","site-post-title":"","ast-breadcrumbs-content":"","ast-featured-img":"","footer-sml-layout":"","theme-transparent-header-meta":"","adv-header-id-meta":"","stick-header-meta":"","header-above-stick-meta":"","header-main-stick-meta":"","header-below-stick-meta":"","astra-migrate-meta-layouts":"default","ast-page-background-enabled":"default","ast-page-background-meta":{"desktop":{"background-color":"var(--ast-global-color-4)","background-image":"","background-repeat":"repeat","background-position":"center center","background-size":"auto","background-attachment":"scroll","background-type":"","background-media":"","overlay-type":"","overlay-color":"","overlay-opacity":"","overlay-gradient":""},"tablet":{"background-color":"","background-image":"","background-repeat":"repeat","background-position":"center center","background-size":"auto","background-attachment":"scroll","background-type":"","background-media":"","overlay-type":"","overlay-color":"","overlay-opacity":"","overlay-gradient":""},"mobile":{"background-color":"","background-image":"","background-repeat":"repeat","background-position":"center center","background-size":"auto","background-attachment":"scroll","background-type":"","background-media":"","overlay-type":"","overlay-color":"","overlay-opacity":"","overlay-gradient":""}},"ast-content-background-meta":{"desktop":{"background-color":"var(--ast-global-color-5)","background-image":"","background-repeat":"repeat","background-position":"center center","background-size":"auto","background-attachment":"scroll","background-type":"","background-media":"","overlay-type":"","overlay-color":"","overlay-opacity":"","overlay-gradient":""},"tablet":{"background-color":"var(--ast-global-color-5)","background-image":"","background-repeat":"repeat","background-position":"center center","background-size":"auto","background-attachment":"scroll","background-type":"","background-media":"","overlay-type":"","overlay-color":"","overlay-opacity":"","overlay-gradient":""},"mobile":{"background-color":"var(--ast-global-color-5)","background-image":"","background-repeat":"repeat","background-position":"center center","background-size":"auto","background-attachment":"scroll","background-type":"","background-media":"","overlay-type":"","overlay-color":"","overlay-opacity":"","overlay-gradient":""}},"footnotes":""},"class_list":["post-8475","page","type-page","status-publish","hentry"],"post_mailing_queue_ids":[],"_links":{"self":[{"href":"https:\/\/agora.xtec.cat\/escolaelsplanells\/wp-json\/wp\/v2\/pages\/8475","targetHints":{"allow":["GET"]}}],"collection":[{"href":"https:\/\/agora.xtec.cat\/escolaelsplanells\/wp-json\/wp\/v2\/pages"}],"about":[{"href":"https:\/\/agora.xtec.cat\/escolaelsplanells\/wp-json\/wp\/v2\/types\/page"}],"author":[{"embeddable":true,"href":"https:\/\/agora.xtec.cat\/escolaelsplanells\/wp-json\/wp\/v2\/users\/1"}],"replies":[{"embeddable":true,"href":"https:\/\/agora.xtec.cat\/escolaelsplanells\/wp-json\/wp\/v2\/comments?post=8475"}],"version-history":[{"count":4,"href":"https:\/\/agora.xtec.cat\/escolaelsplanells\/wp-json\/wp\/v2\/pages\/8475\/revisions"}],"predecessor-version":[{"id":9200,"href":"https:\/\/agora.xtec.cat\/escolaelsplanells\/wp-json\/wp\/v2\/pages\/8475\/revisions\/9200"}],"wp:attachment":[{"href":"https:\/\/agora.xtec.cat\/escolaelsplanells\/wp-json\/wp\/v2\/media?parent=8475"}],"curies":[{"name":"wp","href":"https:\/\/api.w.org\/{rel}","templated":true}]}}