{"id":7269,"date":"2023-01-18T13:24:11","date_gmt":"2023-01-18T12:24:11","guid":{"rendered":"https:\/\/agora.xtec.cat\/escolaelsplanells\/?page_id=7269"},"modified":"2026-04-11T20:46:53","modified_gmt":"2026-04-11T18:46:53","slug":"emprenedoria-3","status":"publish","type":"page","link":"https:\/\/agora.xtec.cat\/escolaelsplanells\/emprenedoria-3\/","title":{"rendered":"Emprenedoria"},"content":{"rendered":"<p data-wp-editing=\"1\">Des del Departament d&#8217;Educaci\u00f3 ens conviden\u00a0 a promoure l&#8217;<strong>emprenedoria a l&#8217;escola, la qual <\/strong>es planteja amb l&#8217;ob<a href=\"https:\/\/agora.xtec.cat\/escolaelsplanells\/wp-content\/uploads\/usu303\/2025\/12\/caracte.png\"><img loading=\"lazy\" decoding=\"async\" class=\"alignleft wp-image-9961\" src=\"https:\/\/agora.xtec.cat\/escolaelsplanells\/wp-content\/uploads\/usu303\/2025\/12\/caracte.png\" alt=\"\" width=\"160\" height=\"292\" srcset=\"https:\/\/agora.xtec.cat\/escolaelsplanells\/wp-content\/uploads\/usu303\/2025\/12\/caracte.png 800w, https:\/\/agora.xtec.cat\/escolaelsplanells\/wp-content\/uploads\/usu303\/2025\/12\/caracte-164x300.png 164w, https:\/\/agora.xtec.cat\/escolaelsplanells\/wp-content\/uploads\/usu303\/2025\/12\/caracte-561x1024.png 561w, https:\/\/agora.xtec.cat\/escolaelsplanells\/wp-content\/uploads\/usu303\/2025\/12\/caracte-768x1403.png 768w\" sizes=\"auto, (max-width: 160px) 100vw, 160px\" \/><\/a>jectiu que l&#8217;alumnat assoleixi unes compet\u00e8ncies que li permetin tenir una\u00a0<strong>actitud activa de transformaci\u00f3 de les idees en projectes<\/strong>. Amb aquest \u00e0mbit de coneixement es pret\u00e9n aconseguir que l&#8217;alumnat desenvolupi\/adquireixi un conjunt de compet\u00e8ncies b\u00e0siques vinculades amb diferents \u00e0rees curriculars i que els nois i noies coneguin i integrin les caracter\u00edstiques de LA PERSONA EMPRENDORA.<\/p>\n<p data-wp-editing=\"1\">Durant aquest primer trimestre del curs 2025-2026, hem realitzat 7 sessions per engegar el nostre projecte d&#8217;emprenedoria, les quals han perm\u00e8s establir els fonaments per tal de desenvolupar la nostra pr\u00f2pia empresa escolar (DETALLS\/PARADETA DE SANT JORDI) d&#8217;una manera significativa, propera i real.<\/p>\n<p data-wp-editing=\"1\"><a href=\"https:\/\/agora.xtec.cat\/escolaelsplanells\/nivells\/cs\/comencem-el-projecte-emprenedoria\/\" target=\"_blank\" rel=\"noopener\">SESSI\u00d3 1<\/a>. CONCEPTE D&#8217;EMPRENEDORIA<\/p>\n<p data-wp-editing=\"1\"><a href=\"https:\/\/agora.xtec.cat\/escolaelsplanells\/nivells\/cs\/ens-iniciem-en-ser-persones-emprenedores\/\" target=\"_blank\" rel=\"noopener\">SESSI\u00d3 2<\/a>. CONCEPTE D&#8217;EMPRESA<\/p>\n<p data-wp-editing=\"1\"><a href=\"https:\/\/agora.xtec.cat\/escolaelsplanells\/nivells\/cs\/el-logotip-de-lempresa\/\" target=\"_blank\" rel=\"noopener\">SESSI\u00d3 3<\/a>. LOGOTIP\/MARCA<\/p>\n<p data-wp-editing=\"1\"><a href=\"https:\/\/agora.xtec.cat\/escolaelsplanells\/nivells\/cs\/xerrada-amb-el-victor\/\" target=\"_blank\" rel=\"noopener\">SESSI\u00d3 4<\/a>. XERRADA V\u00cdCTOR<\/p>\n<p data-wp-editing=\"1\"><a href=\"https:\/\/agora.xtec.cat\/escolaelsplanells\/nivells\/cs\/6e-els-5-conceptes-clau-de-lemprendoria\/\" target=\"_blank\" rel=\"noopener\">SESSI\u00d3 5.<\/a> CONCEPTES CLAU DE L&#8217;EMPRENDORIA<\/p>\n<p data-wp-editing=\"1\"><a href=\"https:\/\/agora.xtec.cat\/escolaelsplanells\/nivells\/cs\/6e-xerrada-amb-la-rosa-mari-i-el-toni\/\" target=\"_blank\" rel=\"noopener\">SESSI\u00d3 6.<\/a> XERRADA ROSA MARI I TONI<\/p>\n<p data-wp-editing=\"1\"><a href=\"https:\/\/agora.xtec.cat\/escolaelsplanells\/nivells\/cs\/6e-xerrada-amb-la-marta-i-la-saray\/\" target=\"_blank\" rel=\"noopener\">SESSI\u00d3 7<\/a>. XERRADA SARAY I MARTA<\/p>\n<p data-wp-editing=\"1\"><a href=\"https:\/\/agora.xtec.cat\/escolaelsplanells\/nivells\/cs\/assessorament-impressora-3d\/\" target=\"_blank\" rel=\"noopener\">SESSI\u00d3 8.<\/a> ASSESSORAMENT IMPRESSORA 3D<\/p>\n<p data-wp-editing=\"1\"><a href=\"https:\/\/agora.xtec.cat\/escolaelsplanells\/general\/compartint-experiencies\/\" target=\"_blank\" rel=\"noopener\">SESSI\u00d3 9<\/a>. COMPARTINT EXPERI\u00c8NCIES<\/p>\n<p data-wp-editing=\"1\"><a href=\"https:\/\/agora.xtec.cat\/escolaelsplanells\/?p=10176&amp;preview=true\" target=\"_blank\" rel=\"noopener\">SESSI\u00d3 10<\/a>. AGULLES DE PIT<\/p>\n<p data-wp-editing=\"1\"><a href=\"https:\/\/agora.xtec.cat\/escolaelsplanells\/general\/6e-punts-del-llibre\/\" target=\"_blank\" rel=\"noopener\">SESSI\u00d3 11<\/a>. PUNT DEL LLIBRE<\/p>\n<p data-wp-editing=\"1\"><a href=\"https:\/\/agora.xtec.cat\/escolaelsplanells\/general\/6e-bossetes-dolor\/\" target=\"_blank\" rel=\"noopener\">SESSI\u00d3 12<\/a>. BOSSETES D&#8217;OLOR<\/p>\n<p data-wp-editing=\"1\"><a href=\"https:\/\/agora.xtec.cat\/escolaelsplanells\/?p=10280&amp;preview=true\" target=\"_blank\" rel=\"noopener\">SESSI\u00d3 13<\/a>. IMANTS<\/p>\n<p data-wp-editing=\"1\"><a href=\"https:\/\/agora.xtec.cat\/escolaelsplanells\/?p=10286&amp;preview=true\" target=\"_blank\" rel=\"noopener\">SESSI\u00d3 14<\/a>. PUNT DEL LLIBRE<\/p>\n<p data-wp-editing=\"1\"><a href=\"https:\/\/agora.xtec.cat\/escolaelsplanells\/?p=10369&amp;preview=true\" target=\"_blank\" rel=\"noopener\">SESSI\u00d3 15.<\/a> SABONS<\/p>\n<p data-wp-editing=\"1\"><a href=\"https:\/\/agora.xtec.cat\/escolaelsplanells\/?p=10373&amp;preview=true\" target=\"_blank\" rel=\"noopener\">SESSI\u00d3 16<\/a>. REPOSAGOTS<\/p>\n<p data-wp-editing=\"1\"><a href=\"https:\/\/agora.xtec.cat\/escolaelsplanells\/nivells\/cs\/6e-sortida-mobles-ros\/\" target=\"_blank\" rel=\"noopener\">SESSI\u00d3 17<\/a>. SORTIDA MOBLES ROS<\/p>\n<p data-wp-editing=\"1\"><a href=\"https:\/\/agora.xtec.cat\/escolaelsplanells\/nivells\/cs\/6e-taller-despelmes\/\" target=\"_blank\" rel=\"noopener\">SESSI\u00d3 18<\/a>. ESPELMES<\/p>\n","protected":false},"excerpt":{"rendered":"<p>Des del Departament d&#8217;Educaci\u00f3 ens conviden\u00a0 a promoure l&#8217;emprenedoria a l&#8217;escola, la qual es planteja amb l&#8217;objectiu que l&#8217;alumnat assoleixi unes compet\u00e8ncies que li permetin tenir una\u00a0actitud activa de transformaci\u00f3 de les idees en projectes. Amb aquest \u00e0mbit de coneixement es pret\u00e9n aconseguir que l&#8217;alumnat desenvolupi\/adquireixi un conjunt de compet\u00e8ncies b\u00e0siques vinculades amb diferents \u00e0rees [&hellip;]<\/p>\n","protected":false},"author":1,"featured_media":0,"parent":0,"menu_order":0,"comment_status":"closed","ping_status":"closed","template":"","meta":{"_bbp_topic_count":0,"_bbp_reply_count":0,"_bbp_total_topic_count":0,"_bbp_total_reply_count":0,"_bbp_voice_count":0,"_bbp_anonymous_reply_count":0,"_bbp_topic_count_hidden":0,"_bbp_reply_count_hidden":0,"_bbp_forum_subforum_count":0,"site-sidebar-layout":"default","site-content-layout":"","ast-site-content-layout":"default","site-content-style":"default","site-sidebar-style":"default","ast-global-header-display":"","ast-banner-title-visibility":"","ast-main-header-display":"","ast-hfb-above-header-display":"","ast-hfb-below-header-display":"","ast-hfb-mobile-header-display":"","site-post-title":"","ast-breadcrumbs-content":"","ast-featured-img":"","footer-sml-layout":"","theme-transparent-header-meta":"default","adv-header-id-meta":"","stick-header-meta":"","header-above-stick-meta":"","header-main-stick-meta":"","header-below-stick-meta":"","astra-migrate-meta-layouts":"set","ast-page-background-enabled":"default","ast-page-background-meta":{"desktop":{"background-color":"var(--ast-global-color-4)","background-image":"","background-repeat":"repeat","background-position":"center center","background-size":"auto","background-attachment":"scroll","background-type":"","background-media":"","overlay-type":"","overlay-color":"","overlay-opacity":"","overlay-gradient":""},"tablet":{"background-color":"","background-image":"","background-repeat":"repeat","background-position":"center center","background-size":"auto","background-attachment":"scroll","background-type":"","background-media":"","overlay-type":"","overlay-color":"","overlay-opacity":"","overlay-gradient":""},"mobile":{"background-color":"","background-image":"","background-repeat":"repeat","background-position":"center center","background-size":"auto","background-attachment":"scroll","background-type":"","background-media":"","overlay-type":"","overlay-color":"","overlay-opacity":"","overlay-gradient":""}},"ast-content-background-meta":{"desktop":{"background-color":"var(--ast-global-color-5)","background-image":"","background-repeat":"repeat","background-position":"center center","background-size":"auto","background-attachment":"scroll","background-type":"","background-media":"","overlay-type":"","overlay-color":"","overlay-opacity":"","overlay-gradient":""},"tablet":{"background-color":"var(--ast-global-color-5)","background-image":"","background-repeat":"repeat","background-position":"center center","background-size":"auto","background-attachment":"scroll","background-type":"","background-media":"","overlay-type":"","overlay-color":"","overlay-opacity":"","overlay-gradient":""},"mobile":{"background-color":"var(--ast-global-color-5)","background-image":"","background-repeat":"repeat","background-position":"center center","background-size":"auto","background-attachment":"scroll","background-type":"","background-media":"","overlay-type":"","overlay-color":"","overlay-opacity":"","overlay-gradient":""}},"footnotes":""},"class_list":["post-7269","page","type-page","status-publish","hentry"],"post_mailing_queue_ids":[],"_links":{"self":[{"href":"https:\/\/agora.xtec.cat\/escolaelsplanells\/wp-json\/wp\/v2\/pages\/7269","targetHints":{"allow":["GET"]}}],"collection":[{"href":"https:\/\/agora.xtec.cat\/escolaelsplanells\/wp-json\/wp\/v2\/pages"}],"about":[{"href":"https:\/\/agora.xtec.cat\/escolaelsplanells\/wp-json\/wp\/v2\/types\/page"}],"author":[{"embeddable":true,"href":"https:\/\/agora.xtec.cat\/escolaelsplanells\/wp-json\/wp\/v2\/users\/1"}],"replies":[{"embeddable":true,"href":"https:\/\/agora.xtec.cat\/escolaelsplanells\/wp-json\/wp\/v2\/comments?post=7269"}],"version-history":[{"count":6,"href":"https:\/\/agora.xtec.cat\/escolaelsplanells\/wp-json\/wp\/v2\/pages\/7269\/revisions"}],"predecessor-version":[{"id":9181,"href":"https:\/\/agora.xtec.cat\/escolaelsplanells\/wp-json\/wp\/v2\/pages\/7269\/revisions\/9181"}],"wp:attachment":[{"href":"https:\/\/agora.xtec.cat\/escolaelsplanells\/wp-json\/wp\/v2\/media?parent=7269"}],"curies":[{"name":"wp","href":"https:\/\/api.w.org\/{rel}","templated":true}]}}