{"id":6114,"date":"2021-09-29T21:44:48","date_gmt":"2021-09-29T19:44:48","guid":{"rendered":"https:\/\/agora.xtec.cat\/escolaelsplanells\/?page_id=6114"},"modified":"2026-03-26T12:41:22","modified_gmt":"2026-03-26T11:41:22","slug":"radio","status":"publish","type":"page","link":"https:\/\/agora.xtec.cat\/escolaelsplanells\/radio\/","title":{"rendered":"La veu dels Planells"},"content":{"rendered":"<h1><span style=\"font-size: xx-large;\"><b><span style=\"font-size: 200%;\"><span style=\"color: #00fe7f;\">LA VEU DELS PLANELLS<\/span><\/span><\/b><\/span><br \/>\nLa veu dels Planells \u00e9s la nostra pr\u00f2pia r\u00e0dio.<\/h1>\n<p>La r\u00e0dio \u00e9s un mitj\u00e0 de comunicaci\u00f3 d\u2019un gran valor educatiu. Promou la comunicaci\u00f3, facilita la lectura i la comprensi\u00f3 dels textos i agilitza les tasques de redacci\u00f3 dels alumnes\u2026 A m\u00e9s a m\u00e9s, \u00e9s estimulant i motivador per les activitats escolars. A la r\u00e0dio no existeix la imatge. Les paraules s\u00f3n l&#8217;\u00fanic mitj\u00e0 de comunicaci\u00f3. Les paraules faran construir les imatges als oients. El qu\u00e8 es diu i la manera com es diu tenen una import\u00e0ncia vital.<\/p>\n<p>Aquest projecte t\u00e9 com a objectius:<\/p>\n<ul>\n<li>Identificar el valors de la r\u00e0dio com a mitj\u00e0 de comunicaci\u00f3 i d\u2019aprenentatge<\/li>\n<li>Potenciar la capacitat ling\u00fc\u00edstica, especialment l\u2019expressi\u00f3 oral.<\/li>\n<li>Afavorir la creativitat i el treball en equip<\/li>\n<li>Fomentar el debat i l\u2019aprofundiment dels temes.<\/li>\n<li>Difondre activitats\n<p style=\"text-align: center;\"><span style=\"color: #00e472;\"><span style=\"font-size: xx-large;\"><b><br \/>\n&#8230;&#8230;&#8230;&#8230;&#8230;&#8230;&#8230;&#8230;&#8230;&#8230;&#8230;&#8230;&#8230;&#8230;&#8230;&#8230;&#8230;&#8230;&#8230;&#8230;&#8230;&#8230;&#8230;&#8230;&#8230;&#8230;&#8230;&#8230;.<\/b><\/span><\/span><\/p>\n<\/li>\n<\/ul>\n<p style=\"text-align: center;\"><span style=\"font-size: xx-large;\"><b><span style=\"font-size: 100%;\"><span style=\"color: #ff00ff;\">C<\/span><span style=\"color: #00fe7f;\">U<\/span><span style=\"color: #fe7f00;\">R<\/span><span style=\"color: #7f00fe;\">S<\/span> <span style=\"color: #fe007f;\">2<\/span><span style=\"color: #e3e300;\">0<\/span><span style=\"color: #ca00ca;\">2<\/span><span style=\"color: #ca00ca;\"><span style=\"color: #fe7f00;\">5<\/span><\/span><span style=\"color: #00e472;\">&#8211;<\/span><span style=\"color: #fe007f;\">2<\/span><span style=\"color: #e3e300;\">0<\/span><span style=\"color: #ca00ca;\">2<\/span><span style=\"color: #ca00ca;\"><span style=\"color: #fe7f00;\">6<\/span><\/span><\/span><\/b><\/span><\/p>\n<p><iframe loading=\"lazy\" src=\"https:\/\/www.ivoox.com\/player_ej_170829093_6_1.html?c1=3fb44f\" width=\"100%\" height=\"200\" frameborder=\"0\" scrolling=\"no\" allowfullscreen=\"allowfullscreen\"><\/iframe><\/p>\n<p><iframe loading=\"lazy\" src=\"https:\/\/www.ivoox.com\/player_ej_168240467_6_1.html?c1=3fb44f\" width=\"100%\" height=\"200\" frameborder=\"0\" scrolling=\"no\" allowfullscreen=\"allowfullscreen\"><\/iframe><\/p>\n<p><iframe loading=\"lazy\" src=\"https:\/\/www.ivoox.com\/player_ej_164188839_6_1.html?c1=3fb44f\" width=\"100%\" height=\"200\" frameborder=\"0\" scrolling=\"no\" allowfullscreen=\"allowfullscreen\"><\/iframe><\/p>\n<p>&nbsp;<\/p>\n<p><iframe loading=\"lazy\" src=\"https:\/\/www.ivoox.com\/player_ej_161831630_6_1.html?c1=3fb44f\" width=\"100%\" height=\"200\" frameborder=\"0\" scrolling=\"no\" allowfullscreen=\"allowfullscreen\"><\/iframe><\/p>\n<p>&nbsp;<\/p>\n<p style=\"text-align: center;\"><span style=\"font-size: xx-large;\"><b><span style=\"font-size: 100%;\"><span style=\"color: #ff00ff;\">C<\/span><span style=\"color: #00fe7f;\">U<\/span><span style=\"color: #fe7f00;\">R<\/span><span style=\"color: #7f00fe;\">S<\/span> <span style=\"color: #fe007f;\">2<\/span><span style=\"color: #e3e300;\">0<\/span><span style=\"color: #ca00ca;\">2<\/span><span style=\"color: #ca00ca;\"><span style=\"color: #fe7f00;\">4<\/span><\/span><span style=\"color: #00e472;\">&#8211;<\/span><span style=\"color: #fe007f;\">2<\/span><span style=\"color: #e3e300;\">0<\/span><span style=\"color: #ca00ca;\">2<\/span><span style=\"color: #ca00ca;\"><span style=\"color: #fe7f00;\">5<\/span><\/span><\/span><\/b><\/span><\/p>\n<p><iframe loading=\"lazy\" src=\"https:\/\/www.ivoox.com\/player_es_podcast_2535319_zp_1.html?c1=0fd225\" width=\"100%\" height=\"400\" frameborder=\"0\" scrolling=\"no\" allowfullscreen=\"allowfullscreen\"><\/iframe><\/p>\n<p>&nbsp;<\/p>\n<div class=\"ast-oembed-container \" style=\"height: 100%;\"><iframe loading=\"lazy\" title=\"24-25-2nPrograma by XENIA ESTEBAN ROCA\" width=\"500\" height=\"400\" scrolling=\"no\" frameborder=\"no\" src=\"https:\/\/w.soundcloud.com\/player\/?visual=true&#038;url=https%3A%2F%2Fapi.soundcloud.com%2Ftracks%2F1989547903&#038;show_artwork=true&#038;maxheight=750&#038;maxwidth=500\"><\/iframe><\/div>\n<p>&nbsp;<\/p>\n<p>&nbsp;<\/p>\n<div class=\"ast-oembed-container \" style=\"height: 100%;\"><iframe loading=\"lazy\" title=\"24-25-1r Programa by Escola Els Planells\" width=\"500\" height=\"400\" scrolling=\"no\" frameborder=\"no\" src=\"https:\/\/w.soundcloud.com\/player\/?visual=true&#038;url=https%3A%2F%2Fapi.soundcloud.com%2Ftracks%2F1956910175&#038;show_artwork=true&#038;maxheight=750&#038;maxwidth=500\"><\/iframe><\/div>\n<p>&nbsp;<\/p>\n<p style=\"text-align: center;\"><span style=\"font-size: xx-large;\"><b><span style=\"color: #00e472;\">&#8230;&#8230;&#8230;&#8230;&#8230;&#8230;&#8230;&#8230;&#8230;&#8230;&#8230;&#8230;&#8230;&#8230;&#8230;&#8230;&#8230;&#8230;&#8230;&#8230;&#8230;&#8230;&#8230;&#8230;&#8230;&#8230;&#8230;&#8230;.<\/span><br \/>\n<span style=\"font-size: 100%;\"><span style=\"color: #ff00ff;\">C<\/span><span style=\"color: #00fe7f;\">U<\/span><span style=\"color: #fe7f00;\">R<\/span><span style=\"color: #7f00fe;\">S<\/span> <span style=\"color: #fe007f;\">2<\/span><span style=\"color: #e3e300;\">0<\/span><span style=\"color: #ca00ca;\">2<\/span><span style=\"color: #ca00ca;\"><span style=\"color: #fe7f00;\">3<\/span><\/span><span style=\"color: #00e472;\">&#8211;<\/span><span style=\"color: #fe007f;\">2<\/span><span style=\"color: #e3e300;\">0<\/span><span style=\"color: #ca00ca;\">2<span style=\"color: #fe7f00;\">4<\/span><\/span><span style=\"color: #fe7f00;\">\u00a0<\/span><\/span><br \/>\n<\/b><\/span><\/p>\n<p>Benvolguts oients, avui us presentem el nostre sis\u00e8 i \u00faltim programa d&#8217;aquest curs,<\/p>\n<p>Aquest mes us volem parlar de les seg\u00fcents entitats municipals:<\/p>\n<p>Primerament l<strong>&#8216;ESCOLA DE F\u00daTBOL D&#8217;ARTESA<\/strong>. Volem agrair la seva participaci\u00f3 en aquest programa a l&#8217;Arnau Jou.<\/p>\n<p>L&#8217;altra entitat que hem treballat \u00e9s el <strong>CAU<\/strong>, als quals els desitgem un bon estiu i uns fant\u00e0stics campaments.<\/p>\n<p>No podr\u00edem marxar, sense donar veu als nostres <strong>ALUMNES DE SIS\u00c8<\/strong>, i desitjar-nos a tots un BON ESTIU.<\/p>\n<p>Salut i r\u00e0dio!<\/p>\n<div class=\"ast-oembed-container \" style=\"height: 100%;\"><iframe loading=\"lazy\" title=\"Programa 6 by Radio\" width=\"500\" height=\"400\" scrolling=\"no\" frameborder=\"no\" src=\"https:\/\/w.soundcloud.com\/player\/?visual=true&#038;url=https%3A%2F%2Fapi.soundcloud.com%2Ftracks%2F1839524739&#038;show_artwork=true&#038;maxheight=750&#038;maxwidth=500\"><\/iframe><\/div>\n<p>&nbsp;<\/p>\n<p>Benvolguts oients, avui us presentem el nostre <strong>cinqu\u00e8\u00a0programa<\/strong> d&#8217;aquest curs. Com sempre ple de novetats!<\/p>\n<p>Aquest mes us volem parlar de les seg\u00fcents entitats municipals:<\/p>\n<p>Primerament dels <strong>AMICS DE LES SARDANES<\/strong> que enguany celebren el seu 25\u00e8 aniversari. Volem agrair a la Flora Calveres i la Teresa Guiu la seva participaci\u00f3 al nostre taller de r\u00e0dio.<\/p>\n<p>L&#8217;altra entitat que hem treballat \u00e9s la <strong>REVISTA LA PALANCA<\/strong>.<\/p>\n<p>Fins a la propera!<\/p>\n<div class=\"ast-oembed-container \" style=\"height: 100%;\"><iframe loading=\"lazy\" title=\"Programa 5 by Radio\" width=\"500\" height=\"400\" scrolling=\"no\" frameborder=\"no\" src=\"https:\/\/w.soundcloud.com\/player\/?visual=true&#038;url=https%3A%2F%2Fapi.soundcloud.com%2Ftracks%2F1816504416&#038;show_artwork=true&#038;maxheight=750&#038;maxwidth=500\"><\/iframe><\/div>\n<p>&nbsp;<\/p>\n<p>Benvolguts oients, avui us presentem el nostre <strong>quart\u00a0programa<\/strong> d&#8217;aquest curs. Com sempre ple de novetats!<\/p>\n<p>Aquest mes us volem parlar de les seg\u00fcents entitats municipals.<\/p>\n<p>Primerament de <strong>LES CARAMELLES<\/strong> que enguany celebren el seu 120\u00e8 aniversari. Volem agrair al Llu\u00eds Cases la seva participaci\u00f3 al nostre taller de r\u00e0dio.<\/p>\n<p>L&#8217;altra entitat que hem treballat \u00e9s l&#8217;<strong>ORFE\u00d3 ARTESENC<\/strong>. Amb aquestes dues entitats hem descobert &#8220;La Samba del Castellot&#8221; i &#8220;La Raimundeta&#8221;.<\/p>\n<div class=\"ast-oembed-container \" style=\"height: 100%;\"><iframe loading=\"lazy\" title=\"PROGRAMA 4 by Radio\" width=\"500\" height=\"400\" scrolling=\"no\" frameborder=\"no\" src=\"https:\/\/w.soundcloud.com\/player\/?visual=true&#038;url=https%3A%2F%2Fapi.soundcloud.com%2Ftracks%2F1775634249&#038;show_artwork=true&#038;maxheight=750&#038;maxwidth=500\"><\/iframe><\/div>\n<p>&nbsp;<\/p>\n<p>Primerament del <strong>CENG<\/strong> d&#8217;Artesa de Segre. Volem agrair al Xavier Farr\u00e0s la seva participaci\u00f3 al nostre taller de r\u00e0dio. Gr\u00e0cies tamb\u00e9 per entregar-nos el llibre del club, una gran aportaci\u00f3 a la nostra biblioteca.<\/p>\n<p>L&#8217;altra entitat que hem treballat \u00e9s el<strong> CUDOS<\/strong>, a trav\u00e9s d&#8217;un treball de camp, hem descobert que organitza activitats al municipi que porten molts esportistes. Us animem a escoltar-ho!<\/p>\n<p>Finalment acabem el programa amb la can\u00e7\u00f3 &#8220;Els Esports&#8221; de D\u00e0maris Gelabert, amb el missatge:<\/p>\n<p style=\"text-align: center;\"><strong>&#8220;Si t&#8217;estimes el teu cos, no deixis de fer esport&#8221;<\/strong><\/p>\n<div class=\"ast-oembed-container \" style=\"height: 100%;\"><iframe loading=\"lazy\" title=\"PROGRAMA 3 by Radio\" width=\"500\" height=\"400\" scrolling=\"no\" frameborder=\"no\" src=\"https:\/\/w.soundcloud.com\/player\/?visual=true&#038;url=https%3A%2F%2Fapi.soundcloud.com%2Ftracks%2F1734140238&#038;show_artwork=true&#038;maxheight=750&#038;maxwidth=500\"><\/iframe><\/div>\n<p>&nbsp;<\/p>\n<p>Benvolguts oients, avui us presentem el nostre <strong>segon programa<\/strong> d&#8217;aquest curs. Com sempre ple de novetats!<\/p>\n<p>Aquest mes us volem parlar de les seg\u00fcents entitats municipals.<\/p>\n<p>Primerament dels <strong>Pessebristes<\/strong> d&#8217;Artesa de Segre. Volem agrair a l&#8217;Oriol Al\u00e0s i al Pau Jovell la seva dedicaci\u00f3, sabers i l&#8217;estona\u00a0 compartida amb ells. Tamb\u00e9 animar a tots els orients a participar del concurs de pessebres.<\/p>\n<p>L&#8217;altra entitat que hem treballat \u00e9s la <strong>Germandat de Sant Sebasti\u00e0<\/strong>, a trav\u00e9s d&#8217;un treball de camp, hem descobert moltes coses. Us animem a escoltar-ho!<\/p>\n<p>Finalment acabem el programa amb la can\u00e7\u00f3\u00a0 de la Marat\u00f3 de TV3.<\/p>\n<p>Ens retrobem en el pr\u00f2xim programa al mes de gener!<\/p>\n<div class=\"ast-oembed-container \" style=\"height: 100%;\"><iframe loading=\"lazy\" title=\"PROGRAMA 2 by Radio\" width=\"500\" height=\"400\" scrolling=\"no\" frameborder=\"no\" src=\"https:\/\/w.soundcloud.com\/player\/?visual=true&#038;url=https%3A%2F%2Fapi.soundcloud.com%2Ftracks%2F1678431678&#038;show_artwork=true&#038;maxheight=750&#038;maxwidth=500\"><\/iframe><\/div>\n<p>&nbsp;<\/p>\n<p>Benvolguts oients de la Veu dels Planells, engeguem un nou curs i tamb\u00e9 un nou programa de r\u00e0dio. Aquest any, entre altres novetats, l&#8217;alumnat d&#8217;Educaci\u00f3 Infantil ens acompanyaran amb les seves cantarelles i can\u00e7ons, els de Cicle Inicial continuen fent de meteor\u00f2legs i des de Cicle Superior us aniran presentant diferents entitats del nostre municipi. En aquest primer programa volem agra\u00efr la col\u00b7laboraci\u00f3 dels Follets i, en especial, la intervenci\u00f3 de la seva presidenta, l&#8217;Ester Llobet i Reig. Escolteu-nos!<\/p>\n<div class=\"ast-oembed-container \" style=\"height: 100%;\"><iframe loading=\"lazy\" title=\"Programa 1 by Radio\" width=\"500\" height=\"400\" scrolling=\"no\" frameborder=\"no\" src=\"https:\/\/w.soundcloud.com\/player\/?visual=true&#038;url=https%3A%2F%2Fapi.soundcloud.com%2Ftracks%2F1654845066&#038;show_artwork=true&#038;maxheight=750&#038;maxwidth=500\"><\/iframe><\/div>\n<p>&nbsp;<\/p>\n<p style=\"text-align: center;\"><span style=\"color: #00e472;\"><span style=\"font-size: xx-large;\"><b>&#8230;&#8230;&#8230;&#8230;&#8230;&#8230;&#8230;&#8230;&#8230;&#8230;&#8230;&#8230;&#8230;&#8230;&#8230;&#8230;&#8230;&#8230;&#8230;&#8230;&#8230;&#8230;&#8230;&#8230;&#8230;&#8230;&#8230;&#8230;.<\/b><\/span><\/span><\/p>\n<p style=\"text-align: center;\"><span style=\"font-size: xx-large;\"><b><span style=\"font-size: 100%;\"><span style=\"color: #ff00ff;\">C<\/span><span style=\"color: #00fe7f;\">U<\/span><span style=\"color: #fe7f00;\">R<\/span><span style=\"color: #7f00fe;\">S<\/span> <span style=\"color: #fe007f;\">2<\/span><span style=\"color: #e3e300;\">0<\/span><span style=\"color: #ca00ca;\">2<\/span><span style=\"color: #ca00ca;\"><span style=\"color: #fe7f00;\">2<\/span><\/span><span style=\"color: #00e472;\">&#8211;<\/span><span style=\"color: #fe007f;\">2<\/span><span style=\"color: #e3e300;\">0<\/span><span style=\"color: #ca00ca;\">2<span style=\"color: #fe7f00;\">3<\/span><\/span><span style=\"color: #fe7f00;\">\u00a0<\/span><\/span><\/b><\/span><\/p>\n<div class=\"ast-oembed-container \" style=\"height: 100%;\"><iframe loading=\"lazy\" title=\"PROGRAMA 6 by NOEMI AUMEDES MARCH\" width=\"500\" height=\"400\" scrolling=\"no\" frameborder=\"no\" src=\"https:\/\/w.soundcloud.com\/player\/?visual=true&#038;url=https%3A%2F%2Fapi.soundcloud.com%2Ftracks%2F1540559395&#038;show_artwork=true&#038;maxheight=750&#038;maxwidth=500\"><\/iframe><\/div>\n<div class=\"ast-oembed-container \" style=\"height: 100%;\"><iframe loading=\"lazy\" title=\"PROGRAMA 5 by Meritxell\" width=\"500\" height=\"400\" scrolling=\"no\" frameborder=\"no\" src=\"https:\/\/w.soundcloud.com\/player\/?visual=true&#038;url=https%3A%2F%2Fapi.soundcloud.com%2Ftracks%2F1510209970&#038;show_artwork=true&#038;maxheight=750&#038;maxwidth=500\"><\/iframe><\/div>\n<p>&nbsp;<\/p>\n<div class=\"ast-oembed-container \" style=\"height: 100%;\"><iframe loading=\"lazy\" title=\"PROGRAMA 4 by Meritxell\" width=\"500\" height=\"400\" scrolling=\"no\" frameborder=\"no\" src=\"https:\/\/w.soundcloud.com\/player\/?visual=true&#038;url=https%3A%2F%2Fapi.soundcloud.com%2Ftracks%2F1475558554&#038;show_artwork=true&#038;maxheight=750&#038;maxwidth=500\"><\/iframe><\/div>\n<p>&nbsp;<\/p>\n<div class=\"ast-oembed-container \" style=\"height: 100%;\"><iframe loading=\"lazy\" title=\"PROGRAMA 3 by Meritxell\" width=\"500\" height=\"400\" scrolling=\"no\" frameborder=\"no\" src=\"https:\/\/w.soundcloud.com\/player\/?visual=true&#038;url=https%3A%2F%2Fapi.soundcloud.com%2Ftracks%2F1446626716&#038;show_artwork=true&#038;maxheight=750&#038;maxwidth=500\"><\/iframe><\/div>\n<p>&nbsp;<\/p>\n<div class=\"ast-oembed-container \" style=\"height: 100%;\"><iframe loading=\"lazy\" title=\"PROGRAMA 2 by Meritxell\" width=\"500\" height=\"400\" scrolling=\"no\" frameborder=\"no\" src=\"https:\/\/w.soundcloud.com\/player\/?visual=true&#038;url=https%3A%2F%2Fapi.soundcloud.com%2Ftracks%2F1405630300&#038;show_artwork=true&#038;maxheight=750&#038;maxwidth=500\"><\/iframe><\/div>\n<p>&nbsp;<\/p>\n<div class=\"ast-oembed-container \" style=\"height: 100%;\"><iframe loading=\"lazy\" title=\"PROGRAMA OCTUBRE by Meritxell\" width=\"500\" height=\"400\" scrolling=\"no\" frameborder=\"no\" src=\"https:\/\/w.soundcloud.com\/player\/?visual=true&#038;url=https%3A%2F%2Fapi.soundcloud.com%2Ftracks%2F1384200145&#038;show_artwork=true&#038;maxheight=750&#038;maxwidth=500\"><\/iframe><\/div>\n<p>&nbsp;<\/p>\n<p>&nbsp;<\/p>\n<p>&nbsp;<\/p>\n<p>&nbsp;<\/p>\n<p>&nbsp;<\/p>\n<p>&nbsp;<\/p>\n<p>&nbsp;<\/p>\n<p>&nbsp;<\/p>\n<p>&nbsp;<\/p>\n<p>&nbsp;<\/p>\n<p>&nbsp;<\/p>\n<p>&nbsp;<\/p>\n<p>&nbsp;<\/p>\n<p>&nbsp;<\/p>\n<p>&nbsp;<\/p>\n<p>&nbsp;<\/p>\n<p>&nbsp;<\/p>\n<p>&nbsp;<\/p>\n<p>&nbsp;<\/p>\n<p>&nbsp;<\/p>\n<p>&nbsp;<\/p>\n<p>&nbsp;<\/p>\n<p>&nbsp;<\/p>\n<p>&nbsp;<\/p>\n<p>&nbsp;<\/p>\n<p>&nbsp;<\/p>\n<p>&nbsp;<\/p>\n<p>&nbsp;<\/p>\n<p>&nbsp;<\/p>\n","protected":false},"excerpt":{"rendered":"<p>LA VEU DELS PLANELLS La veu dels Planells \u00e9s la nostra pr\u00f2pia r\u00e0dio. La r\u00e0dio \u00e9s un mitj\u00e0 de comunicaci\u00f3 d\u2019un gran valor educatiu. Promou la comunicaci\u00f3, facilita la lectura i la comprensi\u00f3 dels textos i agilitza les tasques de redacci\u00f3 dels alumnes\u2026 A m\u00e9s a m\u00e9s, \u00e9s estimulant i motivador per les activitats escolars. [&hellip;]<\/p>\n","protected":false},"author":1,"featured_media":0,"parent":0,"menu_order":0,"comment_status":"closed","ping_status":"closed","template":"","meta":{"_bbp_topic_count":0,"_bbp_reply_count":0,"_bbp_total_topic_count":0,"_bbp_total_reply_count":0,"_bbp_voice_count":0,"_bbp_anonymous_reply_count":0,"_bbp_topic_count_hidden":0,"_bbp_reply_count_hidden":0,"_bbp_forum_subforum_count":0,"site-sidebar-layout":"default","site-content-layout":"","ast-site-content-layout":"default","site-content-style":"default","site-sidebar-style":"default","ast-global-header-display":"","ast-banner-title-visibility":"","ast-main-header-display":"","ast-hfb-above-header-display":"","ast-hfb-below-header-display":"","ast-hfb-mobile-header-display":"","site-post-title":"","ast-breadcrumbs-content":"","ast-featured-img":"","footer-sml-layout":"","theme-transparent-header-meta":"default","adv-header-id-meta":"","stick-header-meta":"","header-above-stick-meta":"","header-main-stick-meta":"","header-below-stick-meta":"","astra-migrate-meta-layouts":"set","ast-page-background-enabled":"default","ast-page-background-meta":{"desktop":{"background-color":"var(--ast-global-color-4)","background-image":"","background-repeat":"repeat","background-position":"center center","background-size":"auto","background-attachment":"scroll","background-type":"","background-media":"","overlay-type":"","overlay-color":"","overlay-opacity":"","overlay-gradient":""},"tablet":{"background-color":"","background-image":"","background-repeat":"repeat","background-position":"center center","background-size":"auto","background-attachment":"scroll","background-type":"","background-media":"","overlay-type":"","overlay-color":"","overlay-opacity":"","overlay-gradient":""},"mobile":{"background-color":"","background-image":"","background-repeat":"repeat","background-position":"center center","background-size":"auto","background-attachment":"scroll","background-type":"","background-media":"","overlay-type":"","overlay-color":"","overlay-opacity":"","overlay-gradient":""}},"ast-content-background-meta":{"desktop":{"background-color":"var(--ast-global-color-5)","background-image":"","background-repeat":"repeat","background-position":"center center","background-size":"auto","background-attachment":"scroll","background-type":"","background-media":"","overlay-type":"","overlay-color":"","overlay-opacity":"","overlay-gradient":""},"tablet":{"background-color":"var(--ast-global-color-5)","background-image":"","background-repeat":"repeat","background-position":"center center","background-size":"auto","background-attachment":"scroll","background-type":"","background-media":"","overlay-type":"","overlay-color":"","overlay-opacity":"","overlay-gradient":""},"mobile":{"background-color":"var(--ast-global-color-5)","background-image":"","background-repeat":"repeat","background-position":"center center","background-size":"auto","background-attachment":"scroll","background-type":"","background-media":"","overlay-type":"","overlay-color":"","overlay-opacity":"","overlay-gradient":""}},"footnotes":""},"class_list":["post-6114","page","type-page","status-publish","hentry"],"post_mailing_queue_ids":[],"_links":{"self":[{"href":"https:\/\/agora.xtec.cat\/escolaelsplanells\/wp-json\/wp\/v2\/pages\/6114","targetHints":{"allow":["GET"]}}],"collection":[{"href":"https:\/\/agora.xtec.cat\/escolaelsplanells\/wp-json\/wp\/v2\/pages"}],"about":[{"href":"https:\/\/agora.xtec.cat\/escolaelsplanells\/wp-json\/wp\/v2\/types\/page"}],"author":[{"embeddable":true,"href":"https:\/\/agora.xtec.cat\/escolaelsplanells\/wp-json\/wp\/v2\/users\/1"}],"replies":[{"embeddable":true,"href":"https:\/\/agora.xtec.cat\/escolaelsplanells\/wp-json\/wp\/v2\/comments?post=6114"}],"version-history":[{"count":6,"href":"https:\/\/agora.xtec.cat\/escolaelsplanells\/wp-json\/wp\/v2\/pages\/6114\/revisions"}],"predecessor-version":[{"id":10340,"href":"https:\/\/agora.xtec.cat\/escolaelsplanells\/wp-json\/wp\/v2\/pages\/6114\/revisions\/10340"}],"wp:attachment":[{"href":"https:\/\/agora.xtec.cat\/escolaelsplanells\/wp-json\/wp\/v2\/media?parent=6114"}],"curies":[{"name":"wp","href":"https:\/\/api.w.org\/{rel}","templated":true}]}}