{"id":5284,"date":"2020-10-27T13:41:24","date_gmt":"2020-10-27T12:41:24","guid":{"rendered":"https:\/\/agora.xtec.cat\/escolaelsplanells\/?page_id=5284"},"modified":"2025-12-12T11:10:05","modified_gmt":"2025-12-12T10:10:05","slug":"consell-escolar","status":"publish","type":"page","link":"https:\/\/agora.xtec.cat\/escolaelsplanells\/serveis\/consell-escolar\/","title":{"rendered":"Consell Escolar"},"content":{"rendered":"<p>El Consell Escolar \u00e9s l&#8217;\u00f2rgan col\u00b7legiat de participaci\u00f3 de la comunitat escolar en el\u00a0 govern del centre educatiu. En el consell escolar hi ha representats tots els col\u00b7lectius que intervenen en la comunitat educativa.<\/p>\n<p>La funci\u00f3 principal del consell escolar \u00e9s participar en la presa de decisions en relaci\u00f3 amb aquells temes importants per al funcionament i l&#8217;organitzaci\u00f3 del centre.<\/p>\n<p>Els membres del consell escolar s\u00f3n elegits per un per\u00edode de quatre anys i es renoven per meitats cada dos anys.<\/p>\n<p>Actualment, el nou consell escolar est\u00e0 constitu\u00eft per:<\/p>\n<table style=\"height: 825px; width: 86.2473%;\" width=\"634\">\n<tbody>\n<tr style=\"height: 66px;\">\n<td style=\"width: 270px; height: 66px;\">\n<p style=\"text-align: center;\"><strong>Presidenta<\/strong><\/p>\n<\/td>\n<td style=\"width: 356px; height: 66px;\">\n<p style=\"text-align: center;\">Sabina Casas i P\u00e9rez<\/p>\n<\/td>\n<\/tr>\n<tr style=\"height: 38px;\">\n<td style=\"width: 270px; text-align: center; height: 38px;\"><strong>Cap d\u2019estudis<\/strong><\/td>\n<td style=\"width: 356px; text-align: center; height: 38px;\">Meritxell Sol\u00e9 i Ser\u00e9s<\/td>\n<\/tr>\n<tr style=\"height: 38px;\">\n<td style=\"width: 270px; text-align: center; height: 38px;\"><strong>Secret\u00e0ria<\/strong><\/td>\n<td style=\"width: 356px; text-align: center; height: 38px;\">Rosa Mari Regu\u00e9 i Par\u00eds<\/td>\n<\/tr>\n<tr style=\"height: 296px;\">\n<td style=\"width: 270px; text-align: center; height: 296px;\"><strong>Representants dels i les mestres<\/strong><\/td>\n<td style=\"width: 356px; text-align: center; height: 296px;\">Eva Llorens Lecum<\/p>\n<p>Judit Sent\u00eds Farr\u00e9<\/p>\n<p>Noem\u00ed Aumedes March<\/p>\n<p>\u00cdngrid Llobet i Reig<\/p>\n<p>Helena Figuera Segarra<\/p>\n<p>Roser Betriu Caubet<\/td>\n<\/tr>\n<tr style=\"height: 217px;\">\n<td style=\"width: 270px; text-align: center; height: 217px;\"><strong>Representants de les fam\u00edlies<\/strong><\/td>\n<td style=\"width: 356px; text-align: center; height: 217px;\">Saray Camats i Tarr\u00e9<\/p>\n<p>Elsa Mas Rosell<\/p>\n<p>Eva Solanes Potrony<\/p>\n<p>Jordi Blasi i Ingla<\/p>\n<p>Dorota Pucinska<\/td>\n<\/tr>\n<tr style=\"height: 38px;\">\n<td style=\"width: 270px; text-align: center; height: 38px;\"><strong>Representants de l\u2019AFA<\/strong><\/td>\n<td style=\"width: 356px; text-align: center; height: 38px;\">Maria Camps Mart\u00ednez<\/td>\n<\/tr>\n<tr style=\"height: 38px;\">\n<td style=\"width: 270px; text-align: center; height: 38px;\"><strong>Representant P.A.S.<\/strong><\/td>\n<td style=\"width: 356px; text-align: center; height: 38px;\">Antoni Poyatos Porta<\/td>\n<\/tr>\n<tr style=\"height: 38px;\">\n<td style=\"width: 270px; text-align: center; height: 38px;\"><strong>Representant de l\u2019Ajuntament<\/strong><\/td>\n<td style=\"width: 356px; text-align: center; height: 38px;\">Joan Garcia Vidal<\/td>\n<\/tr>\n<tr style=\"height: 56px;\">\n<td style=\"width: 270px; text-align: center; height: 56px;\"><strong>Representant del personal d\u2019atenci\u00f3 educativa (PAE)<\/strong><\/td>\n<td style=\"width: 356px; text-align: center; height: 56px;\">Eslisabet Camats Gonz\u00e1lez<\/td>\n<\/tr>\n<\/tbody>\n<\/table>\n<p>ACORDS CURS 2025 &#8211; 2026:<\/p>\n<p>Certificat n\u00ba 1<\/p>\n","protected":false},"excerpt":{"rendered":"<p>El Consell Escolar \u00e9s l&#8217;\u00f2rgan col\u00b7legiat de participaci\u00f3 de la comunitat escolar en el\u00a0 govern del centre educatiu. En el consell escolar hi ha representats tots els col\u00b7lectius que intervenen en la comunitat educativa. La funci\u00f3 principal del consell escolar \u00e9s participar en la presa de decisions en relaci\u00f3 amb aquells temes importants per al [&hellip;]<\/p>\n","protected":false},"author":1,"featured_media":0,"parent":66,"menu_order":0,"comment_status":"closed","ping_status":"closed","template":"page-templates\/side-menu.php","meta":{"_bbp_topic_count":0,"_bbp_reply_count":0,"_bbp_total_topic_count":0,"_bbp_total_reply_count":0,"_bbp_voice_count":0,"_bbp_anonymous_reply_count":0,"_bbp_topic_count_hidden":0,"_bbp_reply_count_hidden":0,"_bbp_forum_subforum_count":0,"site-sidebar-layout":"default","site-content-layout":"","ast-site-content-layout":"","site-content-style":"default","site-sidebar-style":"default","ast-global-header-display":"","ast-banner-title-visibility":"","ast-main-header-display":"","ast-hfb-above-header-display":"","ast-hfb-below-header-display":"","ast-hfb-mobile-header-display":"","site-post-title":"","ast-breadcrumbs-content":"","ast-featured-img":"","footer-sml-layout":"","theme-transparent-header-meta":"","adv-header-id-meta":"","stick-header-meta":"","header-above-stick-meta":"","header-main-stick-meta":"","header-below-stick-meta":"","astra-migrate-meta-layouts":"default","ast-page-background-enabled":"default","ast-page-background-meta":{"desktop":{"background-color":"var(--ast-global-color-4)","background-image":"","background-repeat":"repeat","background-position":"center center","background-size":"auto","background-attachment":"scroll","background-type":"","background-media":"","overlay-type":"","overlay-color":"","overlay-opacity":"","overlay-gradient":""},"tablet":{"background-color":"","background-image":"","background-repeat":"repeat","background-position":"center center","background-size":"auto","background-attachment":"scroll","background-type":"","background-media":"","overlay-type":"","overlay-color":"","overlay-opacity":"","overlay-gradient":""},"mobile":{"background-color":"","background-image":"","background-repeat":"repeat","background-position":"center center","background-size":"auto","background-attachment":"scroll","background-type":"","background-media":"","overlay-type":"","overlay-color":"","overlay-opacity":"","overlay-gradient":""}},"ast-content-background-meta":{"desktop":{"background-color":"var(--ast-global-color-5)","background-image":"","background-repeat":"repeat","background-position":"center center","background-size":"auto","background-attachment":"scroll","background-type":"","background-media":"","overlay-type":"","overlay-color":"","overlay-opacity":"","overlay-gradient":""},"tablet":{"background-color":"var(--ast-global-color-5)","background-image":"","background-repeat":"repeat","background-position":"center center","background-size":"auto","background-attachment":"scroll","background-type":"","background-media":"","overlay-type":"","overlay-color":"","overlay-opacity":"","overlay-gradient":""},"mobile":{"background-color":"var(--ast-global-color-5)","background-image":"","background-repeat":"repeat","background-position":"center center","background-size":"auto","background-attachment":"scroll","background-type":"","background-media":"","overlay-type":"","overlay-color":"","overlay-opacity":"","overlay-gradient":""}},"footnotes":""},"class_list":["post-5284","page","type-page","status-publish","hentry"],"post_mailing_queue_ids":[],"_links":{"self":[{"href":"https:\/\/agora.xtec.cat\/escolaelsplanells\/wp-json\/wp\/v2\/pages\/5284","targetHints":{"allow":["GET"]}}],"collection":[{"href":"https:\/\/agora.xtec.cat\/escolaelsplanells\/wp-json\/wp\/v2\/pages"}],"about":[{"href":"https:\/\/agora.xtec.cat\/escolaelsplanells\/wp-json\/wp\/v2\/types\/page"}],"author":[{"embeddable":true,"href":"https:\/\/agora.xtec.cat\/escolaelsplanells\/wp-json\/wp\/v2\/users\/1"}],"replies":[{"embeddable":true,"href":"https:\/\/agora.xtec.cat\/escolaelsplanells\/wp-json\/wp\/v2\/comments?post=5284"}],"version-history":[{"count":6,"href":"https:\/\/agora.xtec.cat\/escolaelsplanells\/wp-json\/wp\/v2\/pages\/5284\/revisions"}],"predecessor-version":[{"id":9952,"href":"https:\/\/agora.xtec.cat\/escolaelsplanells\/wp-json\/wp\/v2\/pages\/5284\/revisions\/9952"}],"up":[{"embeddable":true,"href":"https:\/\/agora.xtec.cat\/escolaelsplanells\/wp-json\/wp\/v2\/pages\/66"}],"wp:attachment":[{"href":"https:\/\/agora.xtec.cat\/escolaelsplanells\/wp-json\/wp\/v2\/media?parent=5284"}],"curies":[{"name":"wp","href":"https:\/\/api.w.org\/{rel}","templated":true}]}}