{"id":1134,"date":"2018-02-26T13:35:16","date_gmt":"2018-02-26T12:35:16","guid":{"rendered":"http:\/\/agora.xtec.cat\/escolaelsminairons\/?page_id=1134"},"modified":"2026-04-18T11:00:34","modified_gmt":"2026-04-18T09:00:34","slug":"equip-docent","status":"publish","type":"page","link":"https:\/\/agora.xtec.cat\/escolaelsminairons\/lescola\/equip-docent\/","title":{"rendered":"Equip docent"},"content":{"rendered":"<h6><span style=\"color: #3366ff;\">Equip Directiu<\/span><\/h6>\n<p><strong>Direcci\u00f3:<\/strong> Laia Gardenyes<br \/>\n<strong>Secretaria<\/strong>: S\u00f2nia Fuentes<\/p>\n<h6><span style=\"color: #3366ff;\">Tutories<\/span>:<\/h6>\n<p><strong>Educaci\u00f3 Infantil 1r Cicle<\/strong> (I1,I2 ): Marina Dom\u00e8nech<\/p>\n<p><strong>Educaci\u00f3 Infantil 2n Cicle<\/strong> (I3, I4 i I5): S\u00f2nia Fuentes i Laia Gardenyes<br \/>\n<strong>Cicle Inicial<\/strong> (1r i 2n): S\u00f2nia Fuentes<br \/>\n<strong>Cicle Mitj\u00e0<\/strong> (3r i 4t): Laura Roman i Alba Gil<br \/>\n<strong>Cicle Superior<\/strong> (5\u00e8 i 6\u00e8): Cris Garc\u00eda<\/p>\n<p><span style=\"color: #3366ff; font-size: 1em; font-weight: bold;\">Mestres Itinerants:<\/span><\/p>\n<p><strong>Especialista M\u00fasica<\/strong>: Ceci Ansay<br \/>\n<strong>Especialista Pedagogia Terap\u00e8utica<\/strong>: Conxi Lozano<br \/>\n<strong>Especialista Angl\u00e8s<\/strong>: David Gra\u00f3<br \/>\n<strong>Especialista Educaci\u00f3 F\u00edsica<\/strong>: Anna Berenguer<br \/>\n<strong>Especialista Religi\u00f3<\/strong>: Carme Poch<\/p>\n<p><strong>PAS (Administraci\u00f3 ZER)<\/strong>: Josep Sol\u00e9<\/p>\n","protected":false},"excerpt":{"rendered":"<p>Equip Directiu Direcci\u00f3: Laia Gardenyes Secretaria: S\u00f2nia Fuentes Tutories: Educaci\u00f3 Infantil 1r Cicle (I1,I2 ): Marina Dom\u00e8nech Educaci\u00f3 Infantil 2n Cicle (I3, I4 i I5): S\u00f2nia Fuentes i Laia Gardenyes Cicle Inicial (1r i 2n): S\u00f2nia Fuentes Cicle Mitj\u00e0 (3r i 4t): Laura Roman i Alba Gil Cicle Superior (5\u00e8 i 6\u00e8): Cris Garc\u00eda Mestres [&hellip;]<\/p>\n","protected":false},"author":1,"featured_media":0,"parent":22,"menu_order":0,"comment_status":"closed","ping_status":"closed","template":"","meta":{"_bbp_topic_count":0,"_bbp_reply_count":0,"_bbp_total_topic_count":0,"_bbp_total_reply_count":0,"_bbp_voice_count":0,"_bbp_anonymous_reply_count":0,"_bbp_topic_count_hidden":0,"_bbp_reply_count_hidden":0,"_bbp_forum_subforum_count":0,"site-sidebar-layout":"default","site-content-layout":"","ast-site-content-layout":"default","site-content-style":"default","site-sidebar-style":"default","ast-global-header-display":"","ast-banner-title-visibility":"","ast-main-header-display":"","ast-hfb-above-header-display":"","ast-hfb-below-header-display":"","ast-hfb-mobile-header-display":"","site-post-title":"","ast-breadcrumbs-content":"","ast-featured-img":"","footer-sml-layout":"","theme-transparent-header-meta":"default","adv-header-id-meta":"","stick-header-meta":"","header-above-stick-meta":"","header-main-stick-meta":"","header-below-stick-meta":"","astra-migrate-meta-layouts":"set","ast-page-background-enabled":"default","ast-page-background-meta":{"desktop":{"background-color":"var(--ast-global-color-4)","background-image":"","background-repeat":"repeat","background-position":"center center","background-size":"auto","background-attachment":"scroll","background-type":"","background-media":"","overlay-type":"","overlay-color":"","overlay-opacity":"","overlay-gradient":""},"tablet":{"background-color":"","background-image":"","background-repeat":"repeat","background-position":"center center","background-size":"auto","background-attachment":"scroll","background-type":"","background-media":"","overlay-type":"","overlay-color":"","overlay-opacity":"","overlay-gradient":""},"mobile":{"background-color":"","background-image":"","background-repeat":"repeat","background-position":"center center","background-size":"auto","background-attachment":"scroll","background-type":"","background-media":"","overlay-type":"","overlay-color":"","overlay-opacity":"","overlay-gradient":""}},"ast-content-background-meta":{"desktop":{"background-color":"var(--ast-global-color-5)","background-image":"","background-repeat":"repeat","background-position":"center center","background-size":"auto","background-attachment":"scroll","background-type":"","background-media":"","overlay-type":"","overlay-color":"","overlay-opacity":"","overlay-gradient":""},"tablet":{"background-color":"var(--ast-global-color-5)","background-image":"","background-repeat":"repeat","background-position":"center center","background-size":"auto","background-attachment":"scroll","background-type":"","background-media":"","overlay-type":"","overlay-color":"","overlay-opacity":"","overlay-gradient":""},"mobile":{"background-color":"var(--ast-global-color-5)","background-image":"","background-repeat":"repeat","background-position":"center center","background-size":"auto","background-attachment":"scroll","background-type":"","background-media":"","overlay-type":"","overlay-color":"","overlay-opacity":"","overlay-gradient":""}},"footnotes":""},"class_list":["post-1134","page","type-page","status-publish","hentry"],"post_mailing_queue_ids":[],"_links":{"self":[{"href":"https:\/\/agora.xtec.cat\/escolaelsminairons\/wp-json\/wp\/v2\/pages\/1134","targetHints":{"allow":["GET"]}}],"collection":[{"href":"https:\/\/agora.xtec.cat\/escolaelsminairons\/wp-json\/wp\/v2\/pages"}],"about":[{"href":"https:\/\/agora.xtec.cat\/escolaelsminairons\/wp-json\/wp\/v2\/types\/page"}],"author":[{"embeddable":true,"href":"https:\/\/agora.xtec.cat\/escolaelsminairons\/wp-json\/wp\/v2\/users\/1"}],"replies":[{"embeddable":true,"href":"https:\/\/agora.xtec.cat\/escolaelsminairons\/wp-json\/wp\/v2\/comments?post=1134"}],"version-history":[{"count":7,"href":"https:\/\/agora.xtec.cat\/escolaelsminairons\/wp-json\/wp\/v2\/pages\/1134\/revisions"}],"predecessor-version":[{"id":4953,"href":"https:\/\/agora.xtec.cat\/escolaelsminairons\/wp-json\/wp\/v2\/pages\/1134\/revisions\/4953"}],"up":[{"embeddable":true,"href":"https:\/\/agora.xtec.cat\/escolaelsminairons\/wp-json\/wp\/v2\/pages\/22"}],"wp:attachment":[{"href":"https:\/\/agora.xtec.cat\/escolaelsminairons\/wp-json\/wp\/v2\/media?parent=1134"}],"curies":[{"name":"wp","href":"https:\/\/api.w.org\/{rel}","templated":true}]}}