{"id":73,"date":"2014-09-18T14:01:51","date_gmt":"2014-09-18T13:01:51","guid":{"rendered":"http:\/\/agora.xtec.cat\/escolaelsegria\/?page_id=73"},"modified":"2024-09-26T17:25:50","modified_gmt":"2024-09-26T15:25:50","slug":"menjador-escolar","status":"publish","type":"page","link":"https:\/\/agora.xtec.cat\/escolaelsegria\/serveis\/menjador-escolar\/","title":{"rendered":"Menjador escolar"},"content":{"rendered":"<p><img loading=\"lazy\" decoding=\"async\" class=\"\" src=\"https:\/\/www.fampa-valencia.org\/wp-content\/uploads\/2018\/09\/megaf.jpg\" alt=\"ATENCI\u00d3 AMPA! ?Tenim problemes amb la l\u00ednia telef\u00f2nica. | FAMPA Val\u00e8nciaFAMPA Val\u00e8ncia\" width=\"94\" height=\"59\" \/> Tel\u00e8fon del menjador:\u00a0 <strong>607334108\u00a0 (S\u00edlvia)<\/strong><\/p>\n<p>El servei de menjador est\u00e0 gestionat pel <strong>Consell Comarcal.<\/strong><\/p>\n<p><strong>-Horari<\/strong>: de 12:30h a 15:00h<\/p>\n<p>-C\u00e0tering de l&#8217;empresa <strong>Comertel.<\/strong><\/p>\n<p>&#8211;<strong>Preu diari<\/strong>: 7,25\u20ac alumnat fix i 7,98\u20ac alumnat espor\u00e0dic<\/p>\n<p style=\"text-align: left;\">&#8211; Per tal que un alumne es pugui quedar al menjador caldr\u00e0 avisar almenys el dia abans a les monitores de menjador i tamb\u00e9 comunicar-ho al mestre\/a tutor. Si un alumne ha de faltar al menjador li podran abonar el total del preu \u00edntegre d&#8217;aquell o aquells dies que no pugui disposar del servei de menjador si avisa el dia abans.<\/p>\n<p>&nbsp;<\/p>\n<p>&nbsp;<\/p>\n<p>.<\/p>\n<p>&nbsp;<\/p>\n<p>&nbsp;<\/p>\n<p>&nbsp;<\/p>\n<p>&nbsp;<\/p>\n<p>&nbsp;<\/p>\n","protected":false},"excerpt":{"rendered":"<p>Tel\u00e8fon del menjador:\u00a0 607334108\u00a0 (S\u00edlvia) El servei de menjador est\u00e0 gestionat pel Consell Comarcal. -Horari: de 12:30h a 15:00h -C\u00e0tering de l&#8217;empresa Comertel. &#8211;Preu diari: 7,25\u20ac alumnat fix i 7,98\u20ac alumnat espor\u00e0dic &#8211; Per tal que un alumne es pugui quedar al menjador caldr\u00e0 avisar almenys el dia abans a les monitores de menjador i [&hellip;]<\/p>\n","protected":false},"author":1,"featured_media":0,"parent":66,"menu_order":30,"comment_status":"closed","ping_status":"closed","template":"page-templates\/side-menu.php","meta":{"_bbp_topic_count":0,"_bbp_reply_count":0,"_bbp_total_topic_count":0,"_bbp_total_reply_count":0,"_bbp_voice_count":0,"_bbp_anonymous_reply_count":0,"_bbp_topic_count_hidden":0,"_bbp_reply_count_hidden":0,"_bbp_forum_subforum_count":0,"site-sidebar-layout":"default","site-content-layout":"","ast-site-content-layout":"","site-content-style":"default","site-sidebar-style":"default","ast-global-header-display":"","ast-banner-title-visibility":"","ast-main-header-display":"","ast-hfb-above-header-display":"","ast-hfb-below-header-display":"","ast-hfb-mobile-header-display":"","site-post-title":"","ast-breadcrumbs-content":"","ast-featured-img":"","footer-sml-layout":"","theme-transparent-header-meta":"","adv-header-id-meta":"","stick-header-meta":"","header-above-stick-meta":"","header-main-stick-meta":"","header-below-stick-meta":"","astra-migrate-meta-layouts":"default","ast-page-background-enabled":"default","ast-page-background-meta":{"desktop":{"background-color":"var(--ast-global-color-4)","background-image":"","background-repeat":"repeat","background-position":"center center","background-size":"auto","background-attachment":"scroll","background-type":"","background-media":"","overlay-type":"","overlay-color":"","overlay-opacity":"","overlay-gradient":""},"tablet":{"background-color":"","background-image":"","background-repeat":"repeat","background-position":"center center","background-size":"auto","background-attachment":"scroll","background-type":"","background-media":"","overlay-type":"","overlay-color":"","overlay-opacity":"","overlay-gradient":""},"mobile":{"background-color":"","background-image":"","background-repeat":"repeat","background-position":"center center","background-size":"auto","background-attachment":"scroll","background-type":"","background-media":"","overlay-type":"","overlay-color":"","overlay-opacity":"","overlay-gradient":""}},"ast-content-background-meta":{"desktop":{"background-color":"var(--ast-global-color-5)","background-image":"","background-repeat":"repeat","background-position":"center center","background-size":"auto","background-attachment":"scroll","background-type":"","background-media":"","overlay-type":"","overlay-color":"","overlay-opacity":"","overlay-gradient":""},"tablet":{"background-color":"var(--ast-global-color-5)","background-image":"","background-repeat":"repeat","background-position":"center center","background-size":"auto","background-attachment":"scroll","background-type":"","background-media":"","overlay-type":"","overlay-color":"","overlay-opacity":"","overlay-gradient":""},"mobile":{"background-color":"var(--ast-global-color-5)","background-image":"","background-repeat":"repeat","background-position":"center center","background-size":"auto","background-attachment":"scroll","background-type":"","background-media":"","overlay-type":"","overlay-color":"","overlay-opacity":"","overlay-gradient":""}},"footnotes":""},"class_list":["post-73","page","type-page","status-publish","hentry"],"post_mailing_queue_ids":[],"_links":{"self":[{"href":"https:\/\/agora.xtec.cat\/escolaelsegria\/wp-json\/wp\/v2\/pages\/73","targetHints":{"allow":["GET"]}}],"collection":[{"href":"https:\/\/agora.xtec.cat\/escolaelsegria\/wp-json\/wp\/v2\/pages"}],"about":[{"href":"https:\/\/agora.xtec.cat\/escolaelsegria\/wp-json\/wp\/v2\/types\/page"}],"author":[{"embeddable":true,"href":"https:\/\/agora.xtec.cat\/escolaelsegria\/wp-json\/wp\/v2\/users\/1"}],"replies":[{"embeddable":true,"href":"https:\/\/agora.xtec.cat\/escolaelsegria\/wp-json\/wp\/v2\/comments?post=73"}],"version-history":[{"count":6,"href":"https:\/\/agora.xtec.cat\/escolaelsegria\/wp-json\/wp\/v2\/pages\/73\/revisions"}],"predecessor-version":[{"id":3683,"href":"https:\/\/agora.xtec.cat\/escolaelsegria\/wp-json\/wp\/v2\/pages\/73\/revisions\/3683"}],"up":[{"embeddable":true,"href":"https:\/\/agora.xtec.cat\/escolaelsegria\/wp-json\/wp\/v2\/pages\/66"}],"wp:attachment":[{"href":"https:\/\/agora.xtec.cat\/escolaelsegria\/wp-json\/wp\/v2\/media?parent=73"}],"curies":[{"name":"wp","href":"https:\/\/api.w.org\/{rel}","templated":true}]}}