{"id":4717,"date":"2025-12-05T09:25:44","date_gmt":"2025-12-05T08:25:44","guid":{"rendered":"https:\/\/agora.xtec.cat\/escolaelsegria\/?page_id=4717"},"modified":"2025-12-05T09:25:44","modified_gmt":"2025-12-05T08:25:44","slug":"pla-de-digitalitzacio-responsable","status":"publish","type":"page","link":"https:\/\/agora.xtec.cat\/escolaelsegria\/lescola\/pla-de-digitalitzacio-responsable\/","title":{"rendered":"Pla de Digitalitzaci\u00f3 Responsable"},"content":{"rendered":"<p data-start=\"202\" data-end=\"384\">La guia\u00a0<strong data-start=\"210\" data-end=\"241\">\u201cMenys pantalla, m\u00e9s vida!\u201d<\/strong>\u00a0ofereix orientacions a les fam\u00edlies per avan\u00e7ar cap a una\u00a0<strong data-start=\"300\" data-end=\"346\">digitalitzaci\u00f3 m\u00e9s conscient i equilibrada<\/strong>, tant a casa com a l\u2019entorn educatiu.<\/p>\n<p data-start=\"386\" data-end=\"712\">Aquesta iniciativa forma part del\u00a0<strong data-start=\"420\" data-end=\"457\">Pla de digitalitzaci\u00f3 responsable<\/strong>, impulsat pel\u00a0<strong data-start=\"472\" data-end=\"522\">Departament d\u2019Educaci\u00f3 i Formaci\u00f3 Professional<\/strong>, amb l\u2019objectiu de potenciar la compet\u00e8ncia digital de l\u2019alumnat i promoure un \u00fas\u00a0<strong data-start=\"605\" data-end=\"664\">segur, saludable, \u00e8tic i \u00fatil dels dispositius digitals<\/strong>, sempre com a eina per afavorir l\u2019aprenentatge.<\/p>\n<p data-start=\"714\" data-end=\"766\">Per fer-ho possible, s\u2019han activat diverses accions:<\/p>\n<ul data-start=\"768\" data-end=\"1280\">\n<li data-start=\"768\" data-end=\"1003\">\n<p data-start=\"770\" data-end=\"1003\">S\u2019ha creat una\u00a0<strong data-start=\"785\" data-end=\"815\">Comissi\u00f3 de Digitalitzaci\u00f3<\/strong>, integrada per professionals de diversos camps relacionats amb la tecnologia i l\u2019educaci\u00f3, per aportar una visi\u00f3 \u00e0mplia sobre com fer un \u00fas saludable i educatiu dels dispositius digitals.<\/p>\n<\/li>\n<li data-start=\"1005\" data-end=\"1280\">\n<p data-start=\"1007\" data-end=\"1042\">Tamb\u00e9 s\u2019ha encarregat a\u00a0<strong data-start=\"1031\" data-end=\"1041\">Iv\u00e0lua<\/strong>:<\/p>\n<ul data-start=\"1045\" data-end=\"1280\">\n<li data-start=\"1045\" data-end=\"1138\">\n<p data-start=\"1047\" data-end=\"1138\">Un\u00a0<strong data-start=\"1050\" data-end=\"1072\">estudi d\u2019avaluaci\u00f3<\/strong>\u00a0sobre l\u2019impacte dels dispositius digitals en el sistema educatiu.<\/p>\n<\/li>\n<li data-start=\"1141\" data-end=\"1280\">\n<p data-start=\"1143\" data-end=\"1280\">Una\u00a0<strong data-start=\"1147\" data-end=\"1197\">enquesta dirigida a docents i equips directius<\/strong>\u00a0sobre com es fa servir i es regula l\u2019\u00fas dels m\u00f2bils als centres educatius p\u00fablics.<\/p>\n<\/li>\n<\/ul>\n<\/li>\n<\/ul>\n<p data-start=\"1282\" data-end=\"1412\">A m\u00e9s, el Departament ha fixat un conjunt de mesures que s\u2019aniran desplegant al llarg de la legislatura, amb tres grans objectius:<\/p>\n<ul data-start=\"1414\" data-end=\"1670\">\n<li data-start=\"1414\" data-end=\"1534\">\n<p data-start=\"1416\" data-end=\"1534\">Garantir que els dispositius digitals s\u2019utilitzin amb una\u00a0<strong data-start=\"1474\" data-end=\"1504\">finalitat pedag\u00f2gica clara<\/strong>, per millorar l\u2019aprenentatge.<\/p>\n<\/li>\n<li data-start=\"1535\" data-end=\"1607\">\n<p data-start=\"1537\" data-end=\"1607\"><strong data-start=\"1537\" data-end=\"1584\">Preservar la din\u00e0mica habitual dels centres<\/strong>, sense interfer\u00e8ncies.<\/p>\n<\/li>\n<li data-start=\"1608\" data-end=\"1670\">\n<p data-start=\"1610\" data-end=\"1670\">Assegurar una\u00a0<strong data-start=\"1624\" data-end=\"1669\">gesti\u00f3 eficient dels recursos disponibles<\/strong>.<\/p>\n<\/li>\n<\/ul>\n<p data-start=\"1672\" data-end=\"1782\">Aquest pla vol ser un pas ferm cap a una educaci\u00f3 digital equilibrada, compartida entre l\u2019escola i la fam\u00edlia.<\/p>\n<p data-start=\"1672\" data-end=\"1782\">\n<p data-start=\"1672\" data-end=\"1782\">M\u00e9s informaci\u00f3 a\u00a0<a href=\"https:\/\/educacio.gencat.cat\/ca\/departament\/linies-estrategiques\/pla-digitalitzacio-responsable\/index.html\">https:\/\/educacio.gencat.cat\/ca\/departament\/linies-estrategiques\/pla-digitalitzacio-responsable\/index.html<\/a><\/p>\n","protected":false},"excerpt":{"rendered":"<p>La guia\u00a0\u201cMenys pantalla, m\u00e9s vida!\u201d\u00a0ofereix orientacions a les fam\u00edlies per avan\u00e7ar cap a una\u00a0digitalitzaci\u00f3 m\u00e9s conscient i equilibrada, tant a casa com a l\u2019entorn educatiu. Aquesta iniciativa forma part del\u00a0Pla de digitalitzaci\u00f3 responsable, impulsat pel\u00a0Departament d\u2019Educaci\u00f3 i Formaci\u00f3 Professional, amb l\u2019objectiu de potenciar la compet\u00e8ncia digital de l\u2019alumnat i promoure un \u00fas\u00a0segur, saludable, \u00e8tic i [&hellip;]<\/p>\n","protected":false},"author":1,"featured_media":0,"parent":22,"menu_order":0,"comment_status":"closed","ping_status":"closed","template":"","meta":{"_bbp_topic_count":0,"_bbp_reply_count":0,"_bbp_total_topic_count":0,"_bbp_total_reply_count":0,"_bbp_voice_count":0,"_bbp_anonymous_reply_count":0,"_bbp_topic_count_hidden":0,"_bbp_reply_count_hidden":0,"_bbp_forum_subforum_count":0,"site-sidebar-layout":"left-sidebar","site-content-layout":"","ast-site-content-layout":"normal-width-container","site-content-style":"boxed","site-sidebar-style":"boxed","ast-global-header-display":"","ast-banner-title-visibility":"","ast-main-header-display":"","ast-hfb-above-header-display":"","ast-hfb-below-header-display":"","ast-hfb-mobile-header-display":"","site-post-title":"","ast-breadcrumbs-content":"","ast-featured-img":"","footer-sml-layout":"","theme-transparent-header-meta":"default","adv-header-id-meta":"","stick-header-meta":"","header-above-stick-meta":"","header-main-stick-meta":"","header-below-stick-meta":"","astra-migrate-meta-layouts":"set","ast-page-background-enabled":"default","ast-page-background-meta":{"desktop":{"background-color":"var(--ast-global-color-4)","background-image":"","background-repeat":"repeat","background-position":"center center","background-size":"auto","background-attachment":"scroll","background-type":"","background-media":"","overlay-type":"","overlay-color":"","overlay-opacity":"","overlay-gradient":""},"tablet":{"background-color":"","background-image":"","background-repeat":"repeat","background-position":"center center","background-size":"auto","background-attachment":"scroll","background-type":"","background-media":"","overlay-type":"","overlay-color":"","overlay-opacity":"","overlay-gradient":""},"mobile":{"background-color":"","background-image":"","background-repeat":"repeat","background-position":"center center","background-size":"auto","background-attachment":"scroll","background-type":"","background-media":"","overlay-type":"","overlay-color":"","overlay-opacity":"","overlay-gradient":""}},"ast-content-background-meta":{"desktop":{"background-color":"var(--ast-global-color-5)","background-image":"","background-repeat":"repeat","background-position":"center center","background-size":"auto","background-attachment":"scroll","background-type":"","background-media":"","overlay-type":"","overlay-color":"","overlay-opacity":"","overlay-gradient":""},"tablet":{"background-color":"var(--ast-global-color-5)","background-image":"","background-repeat":"repeat","background-position":"center center","background-size":"auto","background-attachment":"scroll","background-type":"","background-media":"","overlay-type":"","overlay-color":"","overlay-opacity":"","overlay-gradient":""},"mobile":{"background-color":"var(--ast-global-color-5)","background-image":"","background-repeat":"repeat","background-position":"center center","background-size":"auto","background-attachment":"scroll","background-type":"","background-media":"","overlay-type":"","overlay-color":"","overlay-opacity":"","overlay-gradient":""}},"footnotes":""},"class_list":["post-4717","page","type-page","status-publish","hentry"],"post_mailing_queue_ids":[],"_links":{"self":[{"href":"https:\/\/agora.xtec.cat\/escolaelsegria\/wp-json\/wp\/v2\/pages\/4717","targetHints":{"allow":["GET"]}}],"collection":[{"href":"https:\/\/agora.xtec.cat\/escolaelsegria\/wp-json\/wp\/v2\/pages"}],"about":[{"href":"https:\/\/agora.xtec.cat\/escolaelsegria\/wp-json\/wp\/v2\/types\/page"}],"author":[{"embeddable":true,"href":"https:\/\/agora.xtec.cat\/escolaelsegria\/wp-json\/wp\/v2\/users\/1"}],"replies":[{"embeddable":true,"href":"https:\/\/agora.xtec.cat\/escolaelsegria\/wp-json\/wp\/v2\/comments?post=4717"}],"version-history":[{"count":1,"href":"https:\/\/agora.xtec.cat\/escolaelsegria\/wp-json\/wp\/v2\/pages\/4717\/revisions"}],"predecessor-version":[{"id":4718,"href":"https:\/\/agora.xtec.cat\/escolaelsegria\/wp-json\/wp\/v2\/pages\/4717\/revisions\/4718"}],"up":[{"embeddable":true,"href":"https:\/\/agora.xtec.cat\/escolaelsegria\/wp-json\/wp\/v2\/pages\/22"}],"wp:attachment":[{"href":"https:\/\/agora.xtec.cat\/escolaelsegria\/wp-json\/wp\/v2\/media?parent=4717"}],"curies":[{"name":"wp","href":"https:\/\/api.w.org\/{rel}","templated":true}]}}