{"id":73,"date":"2014-09-18T14:01:51","date_gmt":"2014-09-18T12:01:51","guid":{"rendered":"http:\/\/agora.xtec.cat\/escolaelsarenys\/?page_id=73"},"modified":"2024-09-10T10:15:07","modified_gmt":"2024-09-10T08:15:07","slug":"menjador-escolar","status":"publish","type":"page","link":"https:\/\/agora.xtec.cat\/escolaelsarenys\/serveis\/menjador-escolar\/","title":{"rendered":"Menjador escolar"},"content":{"rendered":"<div style=\"padding-left: 80px;\"><span style=\"color: #333300;\">A c\u00e0rrec de <a href=\"https:\/\/www.ziga-zaga.com\/ca\/qui-som\/\">&#8220;ZIGA-ZAGA&#8221;<\/a><\/span><\/div>\n<div dir=\"ltr\" style=\"padding-left: 80px;\">\n<div style=\"padding-left: 80px;\">\n<div style=\"padding-left: 80px;\"><\/div>\n<div style=\"padding-left: 80px;\">\n<div style=\"padding-left: 80px;\"><span style=\"font-size: large; color: #333300;\">Horari d&#8217;atenci\u00f3:\u00a0de 9 a 10h.<\/span><\/div>\n<div><\/div>\n<div style=\"padding-left: 80px;\"><span style=\"font-size: large; color: #333300;\">Tel\u00e8fon: 690 844 225<\/span><\/div>\n<div><\/div>\n<div>\u00a0 \u00a0 \u00a0 \u00a0 \u00a0 \u00a0 \u00a0<strong> \u00a0 \u00a0 Correu electr\u00f2nic: migdiaelsarenys@gmail.com<\/strong><\/div>\n<div><\/div>\n<\/div>\n<div style=\"padding-left: 80px;\"><\/div>\n<\/div>\n<div style=\"padding-left: 40px;\"><span style=\"font-size: large; color: #333300;\">\u00a0<\/span><\/div>\n<div style=\"padding-left: 40px;\"><span style=\"color: #333300;\">El centre disposa de:<\/span><\/div>\n<div><\/div>\n<div style=\"padding-left: 40px;\">\n<div dir=\"ltr\" style=\"padding-left: 40px;\">\n<ul>\n<li style=\"list-style-type: none;\">\n<ul>\n<li><span style=\"font-size: large; color: #333300;\">Cuina al mateix centre<\/span><\/li>\n<li><span style=\"font-size: large; color: #333300;\">Men\u00fas equilibrats, elaborats per dietistes\u00a0<\/span><\/li>\n<li><span style=\"font-size: large; color: #333300;\">Productes frescos<\/span><\/li>\n<li><span style=\"font-size: large; color: #333300;\">Alimentaci\u00f3 mediterr\u00e0nia<\/span><\/li>\n<li><span style=\"font-size: large; color: #333300;\">Men\u00fas adaptats (per als infants que ho requereixin)<\/span><\/li>\n<li><span style=\"font-size: large; color: #333300;\">Dietes laxants, astringents, i espec\u00edfiques<\/span><\/li>\n<\/ul>\n<\/li>\n<\/ul>\n<\/div>\n<\/div>\n<div style=\"padding-left: 40px;\"><span style=\"font-size: large; color: #333300;\">\u00a0<\/span><\/div>\n<div style=\"padding-left: 40px;\">\n<div style=\"padding-left: 40px;\"><span style=\"color: #333300; font-size: large;\">El temps del migdia t\u00e9 tres finalitats b\u00e0siques:<\/span><\/div>\n<div style=\"padding-left: 40px;\">\n<ul>\n<li style=\"list-style-type: none;\">\n<ul>\n<li><span style=\"font-size: large; color: #333300;\">Alimentar-se<\/span><\/li>\n<li><span style=\"font-size: large; color: #333300;\">Descansar i esplaiar-se<\/span><\/li>\n<li><span style=\"font-size: large; color: #333300;\">Aprendre<\/span><\/li>\n<\/ul>\n<\/li>\n<\/ul>\n<\/div>\n<\/div>\n<h3><\/h3>\n<h3 style=\"font-weight: 400; text-align: center;\"><strong><em>Formulari d&#8217;inscripci\u00f3\u00a0 per als serveis d\u2019Acollida de Mat\u00ed, Espai de Migdia i Acollida de Tarda<\/em><\/strong><\/h3>\n<h4 style=\"text-align: center;\"><strong>CURS 2024-2025<\/strong><\/h4>\n<p>&nbsp;<\/p>\n<p style=\"font-weight: 400; text-align: center;\"><em>Si desitgeu fer \u00fas d\u2019algun d\u2019aquests serveis,\u00a0<u>\u00e9s imprescindible omplir el formulari (tamb\u00e9 si l\u2019\u00fas ser\u00e0 espor\u00e0dic).<\/u><\/em><\/p>\n<p style=\"font-weight: 400; text-align: center;\"><em>Us agra\u00efm que feu aquest breu tr\u00e0mit tan aviat com sigui possible per facilitar l\u2019organitzaci\u00f3 dels serveis.<\/em><\/p>\n<p style=\"text-align: center;\"><a href=\"http:\/\/www.ziga-zaga.com\/ca\/educacio-en-el-lleure\/menjadors-escolars\/\">Cliqueu aqu\u00ed<\/a><\/p>\n<p style=\"font-weight: 400; text-align: center;\"><em>Moltes gr\u00e0cies i molt bon curs!<\/em><\/p>\n<div><\/div>\n<\/div>\n","protected":false},"excerpt":{"rendered":"<p>A c\u00e0rrec de &#8220;ZIGA-ZAGA&#8221; Horari d&#8217;atenci\u00f3:\u00a0de 9 a 10h. Tel\u00e8fon: 690 844 225 \u00a0 \u00a0 \u00a0 \u00a0 \u00a0 \u00a0 \u00a0 \u00a0 \u00a0 Correu electr\u00f2nic: migdiaelsarenys@gmail.com \u00a0 El centre disposa de: Cuina al mateix centre Men\u00fas equilibrats, elaborats per dietistes\u00a0 Productes frescos Alimentaci\u00f3 mediterr\u00e0nia Men\u00fas adaptats (per als infants que ho requereixin) Dietes laxants, astringents, i [&hellip;]<\/p>\n","protected":false},"author":1,"featured_media":0,"parent":66,"menu_order":1,"comment_status":"closed","ping_status":"closed","template":"page-templates\/side-menu.php","meta":{"_bbp_topic_count":0,"_bbp_reply_count":0,"_bbp_total_topic_count":0,"_bbp_total_reply_count":0,"_bbp_voice_count":0,"_bbp_anonymous_reply_count":0,"_bbp_topic_count_hidden":0,"_bbp_reply_count_hidden":0,"_bbp_forum_subforum_count":0,"site-sidebar-layout":"default","site-content-layout":"","ast-site-content-layout":"","site-content-style":"default","site-sidebar-style":"default","ast-global-header-display":"","ast-banner-title-visibility":"","ast-main-header-display":"","ast-hfb-above-header-display":"","ast-hfb-below-header-display":"","ast-hfb-mobile-header-display":"","site-post-title":"","ast-breadcrumbs-content":"","ast-featured-img":"","footer-sml-layout":"","theme-transparent-header-meta":"","adv-header-id-meta":"","stick-header-meta":"","header-above-stick-meta":"","header-main-stick-meta":"","header-below-stick-meta":"","astra-migrate-meta-layouts":"default","ast-page-background-enabled":"default","ast-page-background-meta":{"desktop":{"background-color":"var(--ast-global-color-4)","background-image":"","background-repeat":"repeat","background-position":"center center","background-size":"auto","background-attachment":"scroll","background-type":"","background-media":"","overlay-type":"","overlay-color":"","overlay-opacity":"","overlay-gradient":""},"tablet":{"background-color":"","background-image":"","background-repeat":"repeat","background-position":"center center","background-size":"auto","background-attachment":"scroll","background-type":"","background-media":"","overlay-type":"","overlay-color":"","overlay-opacity":"","overlay-gradient":""},"mobile":{"background-color":"","background-image":"","background-repeat":"repeat","background-position":"center center","background-size":"auto","background-attachment":"scroll","background-type":"","background-media":"","overlay-type":"","overlay-color":"","overlay-opacity":"","overlay-gradient":""}},"ast-content-background-meta":{"desktop":{"background-color":"var(--ast-global-color-5)","background-image":"","background-repeat":"repeat","background-position":"center center","background-size":"auto","background-attachment":"scroll","background-type":"","background-media":"","overlay-type":"","overlay-color":"","overlay-opacity":"","overlay-gradient":""},"tablet":{"background-color":"var(--ast-global-color-5)","background-image":"","background-repeat":"repeat","background-position":"center center","background-size":"auto","background-attachment":"scroll","background-type":"","background-media":"","overlay-type":"","overlay-color":"","overlay-opacity":"","overlay-gradient":""},"mobile":{"background-color":"var(--ast-global-color-5)","background-image":"","background-repeat":"repeat","background-position":"center center","background-size":"auto","background-attachment":"scroll","background-type":"","background-media":"","overlay-type":"","overlay-color":"","overlay-opacity":"","overlay-gradient":""}},"footnotes":""},"class_list":["post-73","page","type-page","status-publish","hentry"],"post_mailing_queue_ids":[],"_links":{"self":[{"href":"https:\/\/agora.xtec.cat\/escolaelsarenys\/wp-json\/wp\/v2\/pages\/73","targetHints":{"allow":["GET"]}}],"collection":[{"href":"https:\/\/agora.xtec.cat\/escolaelsarenys\/wp-json\/wp\/v2\/pages"}],"about":[{"href":"https:\/\/agora.xtec.cat\/escolaelsarenys\/wp-json\/wp\/v2\/types\/page"}],"author":[{"embeddable":true,"href":"https:\/\/agora.xtec.cat\/escolaelsarenys\/wp-json\/wp\/v2\/users\/1"}],"replies":[{"embeddable":true,"href":"https:\/\/agora.xtec.cat\/escolaelsarenys\/wp-json\/wp\/v2\/comments?post=73"}],"version-history":[{"count":6,"href":"https:\/\/agora.xtec.cat\/escolaelsarenys\/wp-json\/wp\/v2\/pages\/73\/revisions"}],"predecessor-version":[{"id":5091,"href":"https:\/\/agora.xtec.cat\/escolaelsarenys\/wp-json\/wp\/v2\/pages\/73\/revisions\/5091"}],"up":[{"embeddable":true,"href":"https:\/\/agora.xtec.cat\/escolaelsarenys\/wp-json\/wp\/v2\/pages\/66"}],"wp:attachment":[{"href":"https:\/\/agora.xtec.cat\/escolaelsarenys\/wp-json\/wp\/v2\/media?parent=73"}],"curies":[{"name":"wp","href":"https:\/\/api.w.org\/{rel}","templated":true}]}}