{"id":28,"date":"2014-09-18T12:29:35","date_gmt":"2014-09-18T10:29:35","guid":{"rendered":"http:\/\/agora.xtec.cat\/escolaelsarenys\/?page_id=28"},"modified":"2025-09-18T15:42:05","modified_gmt":"2025-09-18T13:42:05","slug":"consell-escolar","status":"publish","type":"page","link":"https:\/\/agora.xtec.cat\/escolaelsarenys\/lescola\/consell-escolar\/","title":{"rendered":"Consell escolar"},"content":{"rendered":"<ul>\n<li><strong><u>El Consell Escolar<\/u><\/strong><\/li>\n<\/ul>\n<p>El Consell Escolar \u00e9s l\u2019\u00f2rgan de m\u00e0xima decisi\u00f3 i el seu president \u00e9s el director del centre. Tots els seus components tenen veu i vot, a excepci\u00f3 del secretari que nom\u00e9s t\u00e9 veu per\u00f2 no vot.<\/p>\n<p>El Consell Escolar s\u2019ha de reunir preceptivament una vegada al trimestre.<\/p>\n<p>Actualment est\u00e0 format per:<\/p>\n<table style=\"width: 71.7296%;\" width=\"100%\">\n<tbody>\n<tr>\n<td style=\"width: 20.5323%;\" width=\"38%\"><strong>Equip Directiu<\/strong><\/td>\n<td style=\"width: 25.2703%;\" width=\"31%\"><strong>Mestres<\/strong><\/td>\n<td style=\"width: 23.9518%;\" width=\"29%\"><strong>Pares i mares<\/strong><\/td>\n<\/tr>\n<tr>\n<td style=\"width: 20.5323%;\" width=\"38%\">Zacar\u00edas Robledo<\/p>\n<p>N\u00faria Sabat\u00e9<\/p>\n<p>Llu\u00eds Marcos<\/td>\n<td style=\"width: 25.2703%;\" width=\"31%\">Roser Bofarull<\/p>\n<p>Marta Monzon\u00eds<\/p>\n<p>Anna Luque<\/p>\n<p>M. \u00c0ngels Fuentes<\/p>\n<p>N\u00faria Sabat\u00e9<\/p>\n<p>Ana Zamora<\/td>\n<td style=\"width: 23.9518%;\" width=\"29%\">Yolanda Fern\u00e1ndez<\/p>\n<p>M. Josefa G\u00f3mez<\/p>\n<p>Ver\u00f3nica Novelle<\/p>\n<p>Meritxell Font<\/p>\n<p>Alba Trulls M\u00e9ndez<\/td>\n<\/tr>\n<tr>\n<td style=\"width: 20.5323%;\" width=\"38%\"><strong>Representant\u00a0 Ajuntament<\/strong><\/td>\n<td style=\"width: 25.2703%;\" width=\"31%\"><strong>Representant PAS<\/strong><\/td>\n<td style=\"width: 23.9518%;\" width=\"29%\"><strong>Representant APA<\/strong><\/td>\n<\/tr>\n<tr>\n<td style=\"width: 20.5323%;\" width=\"38%\">S\u00edlvia Fern\u00e1ndez<\/td>\n<td style=\"width: 25.2703%;\" width=\"31%\">Jan Pastall\u00e9<\/td>\n<td style=\"width: 23.9518%;\" width=\"29%\">Judit Priu<\/td>\n<\/tr>\n<\/tbody>\n<\/table>\n<p>&nbsp;<\/p>\n<ul>\n<li><strong><u>La Comissi\u00f3 Econ\u00f2mica<\/u><\/strong><\/li>\n<\/ul>\n<p>Aquesta comissi\u00f3 dep\u00e8n directament del Consell Escolar.<\/p>\n<p>Est\u00e0 formada pel director, el secretari, un representant del claustre de professors\/es, un representant del sector pares\/mares i un representant de l\u2019Ajuntament. La principal tasca de la Comissi\u00f3 Econ\u00f2mica \u00e9s fer el seguiment dels comptes del centre al llarg de tot l\u2019any.<\/p>\n<ul>\n<li><strong><u>La Comissi\u00f3 Permanent<\/u><\/strong><strong style=\"font-family: inherit; font-size: 1em;\">\u00a0<\/strong><\/li>\n<\/ul>\n<p>Tamb\u00e9 dep\u00e8n del Consell Escolar del centre i est\u00e0 formada per el director, el secretari, la cap d\u2019estudis, un representant del claustre de professors i un representant del sector pares\/mares.<\/p>\n<p>La principal tasca de la Comissi\u00f3 Permanent \u00e9s resoldre qualsevol tipus de problemes per la via d\u2019urg\u00e8ncia.<\/p>\n<ul>\n<li><strong><u>Comissi\u00f3 de Menjador<\/u><\/strong><\/li>\n<\/ul>\n<p>Est\u00e0 format per dos representants de l\u2019empresa del menjador escolar (Ziga-Zaga), dos representants de l\u2019AMPA, un representant del claustre de professors, el director i el secretari. Aquesta comissi\u00f3 fa el seguiment de tots els aspectes que fan refer\u00e8ncia al servei de menjador escolar.<\/p>\n<ul>\n<li><strong><u>El Consell Escolar Municipal<\/u><\/strong><strong style=\"font-family: inherit; font-size: 1em;\">\u00a0<\/strong><\/li>\n<\/ul>\n<p>Est\u00e0 format per representants de la comunitat educativa de tots els centres d\u2019ensenyament de la poblaci\u00f3 i est\u00e0 presidit pel Sr. Alcalde.<\/p>\n","protected":false},"excerpt":{"rendered":"<p>El Consell Escolar El Consell Escolar \u00e9s l\u2019\u00f2rgan de m\u00e0xima decisi\u00f3 i el seu president \u00e9s el director del centre. Tots els seus components tenen veu i vot, a excepci\u00f3 del secretari que nom\u00e9s t\u00e9 veu per\u00f2 no vot. El Consell Escolar s\u2019ha de reunir preceptivament una vegada al trimestre. Actualment est\u00e0 format per: Equip [&hellip;]<\/p>\n","protected":false},"author":1,"featured_media":0,"parent":22,"menu_order":8,"comment_status":"closed","ping_status":"closed","template":"","meta":{"_bbp_topic_count":0,"_bbp_reply_count":0,"_bbp_total_topic_count":0,"_bbp_total_reply_count":0,"_bbp_voice_count":0,"_bbp_anonymous_reply_count":0,"_bbp_topic_count_hidden":0,"_bbp_reply_count_hidden":0,"_bbp_forum_subforum_count":0,"site-sidebar-layout":"default","site-content-layout":"","ast-site-content-layout":"default","site-content-style":"default","site-sidebar-style":"default","ast-global-header-display":"","ast-banner-title-visibility":"","ast-main-header-display":"","ast-hfb-above-header-display":"","ast-hfb-below-header-display":"","ast-hfb-mobile-header-display":"","site-post-title":"","ast-breadcrumbs-content":"","ast-featured-img":"","footer-sml-layout":"","theme-transparent-header-meta":"default","adv-header-id-meta":"","stick-header-meta":"","header-above-stick-meta":"","header-main-stick-meta":"","header-below-stick-meta":"","astra-migrate-meta-layouts":"set","ast-page-background-enabled":"default","ast-page-background-meta":{"desktop":{"background-color":"var(--ast-global-color-4)","background-image":"","background-repeat":"repeat","background-position":"center center","background-size":"auto","background-attachment":"scroll","background-type":"","background-media":"","overlay-type":"","overlay-color":"","overlay-opacity":"","overlay-gradient":""},"tablet":{"background-color":"","background-image":"","background-repeat":"repeat","background-position":"center center","background-size":"auto","background-attachment":"scroll","background-type":"","background-media":"","overlay-type":"","overlay-color":"","overlay-opacity":"","overlay-gradient":""},"mobile":{"background-color":"","background-image":"","background-repeat":"repeat","background-position":"center center","background-size":"auto","background-attachment":"scroll","background-type":"","background-media":"","overlay-type":"","overlay-color":"","overlay-opacity":"","overlay-gradient":""}},"ast-content-background-meta":{"desktop":{"background-color":"var(--ast-global-color-5)","background-image":"","background-repeat":"repeat","background-position":"center center","background-size":"auto","background-attachment":"scroll","background-type":"","background-media":"","overlay-type":"","overlay-color":"","overlay-opacity":"","overlay-gradient":""},"tablet":{"background-color":"var(--ast-global-color-5)","background-image":"","background-repeat":"repeat","background-position":"center center","background-size":"auto","background-attachment":"scroll","background-type":"","background-media":"","overlay-type":"","overlay-color":"","overlay-opacity":"","overlay-gradient":""},"mobile":{"background-color":"var(--ast-global-color-5)","background-image":"","background-repeat":"repeat","background-position":"center center","background-size":"auto","background-attachment":"scroll","background-type":"","background-media":"","overlay-type":"","overlay-color":"","overlay-opacity":"","overlay-gradient":""}},"footnotes":""},"class_list":["post-28","page","type-page","status-publish","hentry"],"post_mailing_queue_ids":[],"_links":{"self":[{"href":"https:\/\/agora.xtec.cat\/escolaelsarenys\/wp-json\/wp\/v2\/pages\/28","targetHints":{"allow":["GET"]}}],"collection":[{"href":"https:\/\/agora.xtec.cat\/escolaelsarenys\/wp-json\/wp\/v2\/pages"}],"about":[{"href":"https:\/\/agora.xtec.cat\/escolaelsarenys\/wp-json\/wp\/v2\/types\/page"}],"author":[{"embeddable":true,"href":"https:\/\/agora.xtec.cat\/escolaelsarenys\/wp-json\/wp\/v2\/users\/1"}],"replies":[{"embeddable":true,"href":"https:\/\/agora.xtec.cat\/escolaelsarenys\/wp-json\/wp\/v2\/comments?post=28"}],"version-history":[{"count":7,"href":"https:\/\/agora.xtec.cat\/escolaelsarenys\/wp-json\/wp\/v2\/pages\/28\/revisions"}],"predecessor-version":[{"id":5381,"href":"https:\/\/agora.xtec.cat\/escolaelsarenys\/wp-json\/wp\/v2\/pages\/28\/revisions\/5381"}],"up":[{"embeddable":true,"href":"https:\/\/agora.xtec.cat\/escolaelsarenys\/wp-json\/wp\/v2\/pages\/22"}],"wp:attachment":[{"href":"https:\/\/agora.xtec.cat\/escolaelsarenys\/wp-json\/wp\/v2\/media?parent=28"}],"curies":[{"name":"wp","href":"https:\/\/api.w.org\/{rel}","templated":true}]}}