{"id":26,"date":"2014-09-18T12:24:32","date_gmt":"2014-09-18T10:24:32","guid":{"rendered":"http:\/\/agora.xtec.cat\/escolaelsarenys\/?page_id=26"},"modified":"2022-09-26T23:58:27","modified_gmt":"2022-09-26T21:58:27","slug":"el-nostre-nom","status":"publish","type":"page","link":"https:\/\/agora.xtec.cat\/escolaelsarenys\/lescola\/el-nostre-nom\/","title":{"rendered":"El nostre nom"},"content":{"rendered":"<p><strong>D&#8217;on ve el nostre nom?<\/strong><\/p>\n<p>La gent del poble recorda que on est\u00e0 constru\u00efda l&#8217;escola era una petita vall rodejada de vinyes. En aquell temps l&#8217;aigua de la pluja calia aprofitar-la al m\u00e0xim, i com que en aquesta petita vall hi havia deus d&#8217;aigua, la gent aprofitava per fer-hi horts.<br \/>\nEls aiguats del 1962 i l&#8217;arribada de les ind\u00fastries al poble van fer que, de mica en mica, els horts i les vinyes s&#8217;anessin abandonant. Aix\u00ed, el nom de la nostra escola recorda aquest passat agr\u00edcola: &#8220;Els Arenys&#8221;. \u00c9s la part del costat del riu, la que t\u00e9 m\u00e9s sediments, la m\u00e9s f\u00e8rtil, i per tant, la que d\u00f3na millors fruits.<br \/>\nAvui ha de continuar donant el millor dels fruits: l&#8217;educaci\u00f3 dels nostres nens i nenes.<\/p>\n<p><a href=\"https:\/\/agora.xtec.cat\/escolaelsarenys\/wp-content\/uploads\/usu1978\/2022\/04\/1cbe2231-a45d-41f4-91e9-ac0b3afef306.jpg\"><img loading=\"lazy\" decoding=\"async\" class=\"alignnone size-large wp-image-3951\" src=\"https:\/\/agora.xtec.cat\/escolaelsarenys\/wp-content\/uploads\/usu1978\/2022\/04\/1cbe2231-a45d-41f4-91e9-ac0b3afef306-1024x663.jpg\" alt=\"\" width=\"1024\" height=\"663\" srcset=\"https:\/\/agora.xtec.cat\/escolaelsarenys\/wp-content\/uploads\/usu1978\/2022\/04\/1cbe2231-a45d-41f4-91e9-ac0b3afef306-1024x663.jpg 1024w, https:\/\/agora.xtec.cat\/escolaelsarenys\/wp-content\/uploads\/usu1978\/2022\/04\/1cbe2231-a45d-41f4-91e9-ac0b3afef306-300x194.jpg 300w, https:\/\/agora.xtec.cat\/escolaelsarenys\/wp-content\/uploads\/usu1978\/2022\/04\/1cbe2231-a45d-41f4-91e9-ac0b3afef306-768x497.jpg 768w, https:\/\/agora.xtec.cat\/escolaelsarenys\/wp-content\/uploads\/usu1978\/2022\/04\/1cbe2231-a45d-41f4-91e9-ac0b3afef306-1536x994.jpg 1536w, https:\/\/agora.xtec.cat\/escolaelsarenys\/wp-content\/uploads\/usu1978\/2022\/04\/1cbe2231-a45d-41f4-91e9-ac0b3afef306.jpg 2048w\" sizes=\"auto, (max-width: 1024px) 100vw, 1024px\" \/><\/a><\/p>\n","protected":false},"excerpt":{"rendered":"<p>D&#8217;on ve el nostre nom? La gent del poble recorda que on est\u00e0 constru\u00efda l&#8217;escola era una petita vall rodejada de vinyes. En aquell temps l&#8217;aigua de la pluja calia aprofitar-la al m\u00e0xim, i com que en aquesta petita vall hi havia deus d&#8217;aigua, la gent aprofitava per fer-hi horts. Els aiguats del 1962 i [&hellip;]<\/p>\n","protected":false},"author":1,"featured_media":0,"parent":22,"menu_order":3,"comment_status":"closed","ping_status":"closed","template":"page-templates\/side-menu.php","meta":{"_bbp_topic_count":0,"_bbp_reply_count":0,"_bbp_total_topic_count":0,"_bbp_total_reply_count":0,"_bbp_voice_count":0,"_bbp_anonymous_reply_count":0,"_bbp_topic_count_hidden":0,"_bbp_reply_count_hidden":0,"_bbp_forum_subforum_count":0,"site-sidebar-layout":"default","site-content-layout":"","ast-site-content-layout":"","site-content-style":"default","site-sidebar-style":"default","ast-global-header-display":"","ast-banner-title-visibility":"","ast-main-header-display":"","ast-hfb-above-header-display":"","ast-hfb-below-header-display":"","ast-hfb-mobile-header-display":"","site-post-title":"","ast-breadcrumbs-content":"","ast-featured-img":"","footer-sml-layout":"","theme-transparent-header-meta":"","adv-header-id-meta":"","stick-header-meta":"","header-above-stick-meta":"","header-main-stick-meta":"","header-below-stick-meta":"","astra-migrate-meta-layouts":"default","ast-page-background-enabled":"default","ast-page-background-meta":{"desktop":{"background-color":"var(--ast-global-color-4)","background-image":"","background-repeat":"repeat","background-position":"center center","background-size":"auto","background-attachment":"scroll","background-type":"","background-media":"","overlay-type":"","overlay-color":"","overlay-opacity":"","overlay-gradient":""},"tablet":{"background-color":"","background-image":"","background-repeat":"repeat","background-position":"center center","background-size":"auto","background-attachment":"scroll","background-type":"","background-media":"","overlay-type":"","overlay-color":"","overlay-opacity":"","overlay-gradient":""},"mobile":{"background-color":"","background-image":"","background-repeat":"repeat","background-position":"center center","background-size":"auto","background-attachment":"scroll","background-type":"","background-media":"","overlay-type":"","overlay-color":"","overlay-opacity":"","overlay-gradient":""}},"ast-content-background-meta":{"desktop":{"background-color":"var(--ast-global-color-5)","background-image":"","background-repeat":"repeat","background-position":"center center","background-size":"auto","background-attachment":"scroll","background-type":"","background-media":"","overlay-type":"","overlay-color":"","overlay-opacity":"","overlay-gradient":""},"tablet":{"background-color":"var(--ast-global-color-5)","background-image":"","background-repeat":"repeat","background-position":"center center","background-size":"auto","background-attachment":"scroll","background-type":"","background-media":"","overlay-type":"","overlay-color":"","overlay-opacity":"","overlay-gradient":""},"mobile":{"background-color":"var(--ast-global-color-5)","background-image":"","background-repeat":"repeat","background-position":"center center","background-size":"auto","background-attachment":"scroll","background-type":"","background-media":"","overlay-type":"","overlay-color":"","overlay-opacity":"","overlay-gradient":""}},"footnotes":""},"class_list":["post-26","page","type-page","status-publish","hentry"],"post_mailing_queue_ids":[],"_links":{"self":[{"href":"https:\/\/agora.xtec.cat\/escolaelsarenys\/wp-json\/wp\/v2\/pages\/26","targetHints":{"allow":["GET"]}}],"collection":[{"href":"https:\/\/agora.xtec.cat\/escolaelsarenys\/wp-json\/wp\/v2\/pages"}],"about":[{"href":"https:\/\/agora.xtec.cat\/escolaelsarenys\/wp-json\/wp\/v2\/types\/page"}],"author":[{"embeddable":true,"href":"https:\/\/agora.xtec.cat\/escolaelsarenys\/wp-json\/wp\/v2\/users\/1"}],"replies":[{"embeddable":true,"href":"https:\/\/agora.xtec.cat\/escolaelsarenys\/wp-json\/wp\/v2\/comments?post=26"}],"version-history":[{"count":3,"href":"https:\/\/agora.xtec.cat\/escolaelsarenys\/wp-json\/wp\/v2\/pages\/26\/revisions"}],"predecessor-version":[{"id":4174,"href":"https:\/\/agora.xtec.cat\/escolaelsarenys\/wp-json\/wp\/v2\/pages\/26\/revisions\/4174"}],"up":[{"embeddable":true,"href":"https:\/\/agora.xtec.cat\/escolaelsarenys\/wp-json\/wp\/v2\/pages\/22"}],"wp:attachment":[{"href":"https:\/\/agora.xtec.cat\/escolaelsarenys\/wp-json\/wp\/v2\/media?parent=26"}],"curies":[{"name":"wp","href":"https:\/\/api.w.org\/{rel}","templated":true}]}}