{"id":2202,"date":"2020-03-31T02:18:23","date_gmt":"2020-03-31T00:18:23","guid":{"rendered":"https:\/\/agora.xtec.cat\/escolaelsarenys\/?page_id=2202"},"modified":"2020-04-13T17:19:36","modified_gmt":"2020-04-13T15:19:36","slug":"lletra-a-lletra-la-dona-castellbisbalenca","status":"publish","type":"page","link":"https:\/\/agora.xtec.cat\/escolaelsarenys\/lletra-a-lletra-la-dona-castellbisbalenca\/","title":{"rendered":"Lletra a lletra &#8220;Dones castellbisbalenques&#8221;"},"content":{"rendered":"<p style=\"text-align: justify;\">Com cada any, amb el <strong>&#8220;Lletra a lletra&#8221;<\/strong> treballem les compet\u00e8ncies ling\u00fc\u00edstiques dels nostres alumnes a partir d&#8217;aquest projecte, obert al municipi, on col.laboren moltes entitats del poble com ara l&#8217;Ajuntament, la Biblioteca, la colla Gegantera, el Museu de la Pagesia, l&#8217;Arxiu Municipal, etc.<\/p>\n<p>Aquest curs treballem sota el lema de <strong>&#8220;Dones castellbisbalenques&#8221;<\/strong> i per comen\u00e7ar la primera activitat conjunta que es va fer, amb l&#8217;Institut Castellbisbal, va ser l&#8217;exposici\u00f3 de &#8220;Dona castellbisbalenques&#8221;.<\/p>\n\r\n\t<div class=\"slideshow_container slideshow_container_style-light\" style=\"height: 300px; \" data-slideshow-id=\"2205\" data-style-name=\"style-light\" data-style-version=\"2.3.1\" >\r\n\r\n\t\t\t\t\t<div class=\"slideshow_loading_icon\"><\/div>\r\n\t\t\r\n\t\t<div class=\"slideshow_content\" style=\"display: none;\">\r\n\r\n\t\t\t<div class=\"slideshow_view\">\r\n\t\t\t\t<div class=\"slideshow_slide slideshow_slide_image\">\r\n\t\t\t\t\t\t\t\t\t\t\t<img src=\"https:\/\/agora.xtec.cat\/escolaelsarenys\/wp-content\/uploads\/usu1978\/2020\/03\/Expo-Dona-Castellbisbalenca-alumnes-Els-Arenys-6.3.20-5.jpg\" alt=\"Expo Dona Castellbisbalenca alumnes Els Arenys 6.3.20 (5)\" width=\"1600\" height=\"1067\" \/>\r\n\t\t\t\t\t\t\t\t\t\t<div class=\"slideshow_description_box slideshow_transparent\">\r\n\t\t\t\t\t\t<div class=\"slideshow_title\">Expo Dona Castellbisbalenca alumnes Els Arenys 6.3.20 (5)<\/div>\t\t\t\t\t\t\t\t\t\t\t<\/div>\r\n\t\t\t\t<\/div>\r\n\r\n\t\t\t\t\t\t<div style=\"clear: both;\"><\/div><\/div><div class=\"slideshow_view\">\r\n\t\t\t\t<div class=\"slideshow_slide slideshow_slide_image\">\r\n\t\t\t\t\t\t\t\t\t\t\t<img src=\"https:\/\/agora.xtec.cat\/escolaelsarenys\/wp-content\/uploads\/usu1978\/2020\/03\/Expo-Dona-Castellbisbalenca-alumnes-Els-Arenys-6.3.20-4.jpg\" alt=\"Expo Dona Castellbisbalenca alumnes Els Arenys 6.3.20 (4)\" width=\"1600\" height=\"1067\" \/>\r\n\t\t\t\t\t\t\t\t\t\t<div class=\"slideshow_description_box slideshow_transparent\">\r\n\t\t\t\t\t\t<div class=\"slideshow_title\">Expo Dona Castellbisbalenca alumnes Els Arenys 6.3.20 (4)<\/div>\t\t\t\t\t\t\t\t\t\t\t<\/div>\r\n\t\t\t\t<\/div>\r\n\r\n\t\t\t\t\t\t<div style=\"clear: both;\"><\/div><\/div><div class=\"slideshow_view\">\r\n\t\t\t\t<div class=\"slideshow_slide slideshow_slide_image\">\r\n\t\t\t\t\t\t\t\t\t\t\t<img src=\"https:\/\/agora.xtec.cat\/escolaelsarenys\/wp-content\/uploads\/usu1978\/2020\/03\/Expo-Dona-Castellbisbalenca-alumnes-Els-Arenys-6.3.20-3.jpg\" alt=\"Expo Dona Castellbisbalenca alumnes Els Arenys 6.3.20 (3)\" width=\"1600\" height=\"1067\" \/>\r\n\t\t\t\t\t\t\t\t\t\t<div class=\"slideshow_description_box slideshow_transparent\">\r\n\t\t\t\t\t\t<div class=\"slideshow_title\">Expo Dona Castellbisbalenca alumnes Els Arenys 6.3.20 (3)<\/div>\t\t\t\t\t\t\t\t\t\t\t<\/div>\r\n\t\t\t\t<\/div>\r\n\r\n\t\t\t\t\t\t<div style=\"clear: both;\"><\/div><\/div><div class=\"slideshow_view\">\r\n\t\t\t\t<div class=\"slideshow_slide slideshow_slide_image\">\r\n\t\t\t\t\t\t\t\t\t\t\t<img src=\"https:\/\/agora.xtec.cat\/escolaelsarenys\/wp-content\/uploads\/usu1978\/2020\/03\/Expo-Dona-Castellbisbalenca-alumnes-Els-Arenys-6.3.20-2.jpg\" alt=\"Expo Dona Castellbisbalenca alumnes Els Arenys 6.3.20 (2)\" width=\"1600\" height=\"1067\" \/>\r\n\t\t\t\t\t\t\t\t\t\t<div class=\"slideshow_description_box slideshow_transparent\">\r\n\t\t\t\t\t\t<div class=\"slideshow_title\">Expo Dona Castellbisbalenca alumnes Els Arenys 6.3.20 (2)<\/div>\t\t\t\t\t\t\t\t\t\t\t<\/div>\r\n\t\t\t\t<\/div>\r\n\r\n\t\t\t\t\t\t<div style=\"clear: both;\"><\/div><\/div><div class=\"slideshow_view\">\r\n\t\t\t\t<div class=\"slideshow_slide slideshow_slide_image\">\r\n\t\t\t\t\t\t\t\t\t\t\t<img src=\"https:\/\/agora.xtec.cat\/escolaelsarenys\/wp-content\/uploads\/usu1978\/2020\/03\/Expo-Dona-Castellbisbalenca-alumnes-Els-Arenys-6.3.20-1.jpg\" alt=\"Expo Dona Castellbisbalenca alumnes Els Arenys 6.3.20 (1)\" width=\"1600\" height=\"1067\" \/>\r\n\t\t\t\t\t\t\t\t\t\t<div class=\"slideshow_description_box slideshow_transparent\">\r\n\t\t\t\t\t\t<div class=\"slideshow_title\">Expo Dona Castellbisbalenca alumnes Els Arenys 6.3.20 (1)<\/div>\t\t\t\t\t\t\t\t\t\t\t<\/div>\r\n\t\t\t\t<\/div>\r\n\r\n\t\t\t\t\t\t<div style=\"clear: both;\"><\/div><\/div><div class=\"slideshow_view\">\r\n\t\t\t\t<div class=\"slideshow_slide slideshow_slide_image\">\r\n\t\t\t\t\t\t\t\t\t\t\t<img src=\"https:\/\/agora.xtec.cat\/escolaelsarenys\/wp-content\/uploads\/usu1978\/2020\/03\/Expo-Dona-Castellbisbalenca-alumnes-Els-Arenys-6.3.20-19.jpg\" alt=\"Expo Dona Castellbisbalenca alumnes Els Arenys 6.3.20 (19)\" width=\"1600\" height=\"1067\" \/>\r\n\t\t\t\t\t\t\t\t\t\t<div class=\"slideshow_description_box slideshow_transparent\">\r\n\t\t\t\t\t\t<div class=\"slideshow_title\">Expo Dona Castellbisbalenca alumnes Els Arenys 6.3.20 (19)<\/div>\t\t\t\t\t\t\t\t\t\t\t<\/div>\r\n\t\t\t\t<\/div>\r\n\r\n\t\t\t\t\t\t<div style=\"clear: both;\"><\/div><\/div><div class=\"slideshow_view\">\r\n\t\t\t\t<div class=\"slideshow_slide slideshow_slide_image\">\r\n\t\t\t\t\t\t\t\t\t\t\t<img src=\"https:\/\/agora.xtec.cat\/escolaelsarenys\/wp-content\/uploads\/usu1978\/2020\/03\/Expo-Dona-Castellbisbalenca-alumnes-Els-Arenys-6.3.20-18.jpg\" alt=\"Expo Dona Castellbisbalenca alumnes Els Arenys 6.3.20 (18)\" width=\"1600\" height=\"1067\" \/>\r\n\t\t\t\t\t\t\t\t\t\t<div class=\"slideshow_description_box slideshow_transparent\">\r\n\t\t\t\t\t\t<div class=\"slideshow_title\">Expo Dona Castellbisbalenca alumnes Els Arenys 6.3.20 (18)<\/div>\t\t\t\t\t\t\t\t\t\t\t<\/div>\r\n\t\t\t\t<\/div>\r\n\r\n\t\t\t\t\t\t<div style=\"clear: both;\"><\/div><\/div><div class=\"slideshow_view\">\r\n\t\t\t\t<div class=\"slideshow_slide slideshow_slide_image\">\r\n\t\t\t\t\t\t\t\t\t\t\t<img src=\"https:\/\/agora.xtec.cat\/escolaelsarenys\/wp-content\/uploads\/usu1978\/2020\/03\/Expo-Dona-Castellbisbalenca-alumnes-Els-Arenys-6.3.20-17.jpg\" alt=\"Expo Dona Castellbisbalenca alumnes Els Arenys 6.3.20 (17)\" width=\"1600\" height=\"1077\" \/>\r\n\t\t\t\t\t\t\t\t\t\t<div class=\"slideshow_description_box slideshow_transparent\">\r\n\t\t\t\t\t\t<div class=\"slideshow_title\">Expo Dona Castellbisbalenca alumnes Els Arenys 6.3.20 (17)<\/div>\t\t\t\t\t\t\t\t\t\t\t<\/div>\r\n\t\t\t\t<\/div>\r\n\r\n\t\t\t\t\t\t<div style=\"clear: both;\"><\/div><\/div><div class=\"slideshow_view\">\r\n\t\t\t\t<div class=\"slideshow_slide slideshow_slide_image\">\r\n\t\t\t\t\t\t\t\t\t\t\t<img src=\"https:\/\/agora.xtec.cat\/escolaelsarenys\/wp-content\/uploads\/usu1978\/2020\/03\/Expo-Dona-Castellbisbalenca-alumnes-Els-Arenys-6.3.20-16.jpg\" alt=\"Expo Dona Castellbisbalenca alumnes Els Arenys 6.3.20 (16)\" width=\"807\" height=\"1200\" \/>\r\n\t\t\t\t\t\t\t\t\t\t<div class=\"slideshow_description_box slideshow_transparent\">\r\n\t\t\t\t\t\t<div class=\"slideshow_title\">Expo Dona Castellbisbalenca alumnes Els Arenys 6.3.20 (16)<\/div>\t\t\t\t\t\t\t\t\t\t\t<\/div>\r\n\t\t\t\t<\/div>\r\n\r\n\t\t\t\t\t\t<div style=\"clear: both;\"><\/div><\/div><div class=\"slideshow_view\">\r\n\t\t\t\t<div class=\"slideshow_slide slideshow_slide_image\">\r\n\t\t\t\t\t\t\t\t\t\t\t<img src=\"https:\/\/agora.xtec.cat\/escolaelsarenys\/wp-content\/uploads\/usu1978\/2020\/03\/Expo-Dona-Castellbisbalenca-alumnes-Els-Arenys-6.3.20-15.jpg\" alt=\"Expo Dona Castellbisbalenca alumnes Els Arenys 6.3.20 (15)\" width=\"1600\" height=\"1077\" \/>\r\n\t\t\t\t\t\t\t\t\t\t<div class=\"slideshow_description_box slideshow_transparent\">\r\n\t\t\t\t\t\t<div class=\"slideshow_title\">Expo Dona Castellbisbalenca alumnes Els Arenys 6.3.20 (15)<\/div>\t\t\t\t\t\t\t\t\t\t\t<\/div>\r\n\t\t\t\t<\/div>\r\n\r\n\t\t\t\t\t\t<div style=\"clear: both;\"><\/div><\/div><div class=\"slideshow_view\">\r\n\t\t\t\t<div class=\"slideshow_slide slideshow_slide_image\">\r\n\t\t\t\t\t\t\t\t\t\t\t<img src=\"https:\/\/agora.xtec.cat\/escolaelsarenys\/wp-content\/uploads\/usu1978\/2020\/03\/Expo-Dona-Castellbisbalenca-alumnes-Els-Arenys-6.3.20-14.jpg\" alt=\"Expo Dona Castellbisbalenca alumnes Els Arenys 6.3.20 (14)\" width=\"1600\" height=\"1077\" \/>\r\n\t\t\t\t\t\t\t\t\t\t<div class=\"slideshow_description_box slideshow_transparent\">\r\n\t\t\t\t\t\t<div class=\"slideshow_title\">Expo Dona Castellbisbalenca alumnes Els Arenys 6.3.20 (14)<\/div>\t\t\t\t\t\t\t\t\t\t\t<\/div>\r\n\t\t\t\t<\/div>\r\n\r\n\t\t\t\t\t\t<div style=\"clear: both;\"><\/div><\/div><div class=\"slideshow_view\">\r\n\t\t\t\t<div class=\"slideshow_slide slideshow_slide_image\">\r\n\t\t\t\t\t\t\t\t\t\t\t<img src=\"https:\/\/agora.xtec.cat\/escolaelsarenys\/wp-content\/uploads\/usu1978\/2020\/03\/Expo-Dona-Castellbisbalenca-alumnes-Els-Arenys-6.3.20-13.jpg\" alt=\"Expo Dona Castellbisbalenca alumnes Els Arenys 6.3.20 (13)\" width=\"1600\" height=\"1077\" \/>\r\n\t\t\t\t\t\t\t\t\t\t<div class=\"slideshow_description_box slideshow_transparent\">\r\n\t\t\t\t\t\t<div class=\"slideshow_title\">Expo Dona Castellbisbalenca alumnes Els Arenys 6.3.20 (13)<\/div>\t\t\t\t\t\t\t\t\t\t\t<\/div>\r\n\t\t\t\t<\/div>\r\n\r\n\t\t\t\t\t\t<div style=\"clear: both;\"><\/div><\/div><div class=\"slideshow_view\">\r\n\t\t\t\t<div class=\"slideshow_slide slideshow_slide_image\">\r\n\t\t\t\t\t\t\t\t\t\t\t<img src=\"https:\/\/agora.xtec.cat\/escolaelsarenys\/wp-content\/uploads\/usu1978\/2020\/03\/Expo-Dona-Castellbisbalenca-alumnes-Els-Arenys-6.3.20-12.jpg\" alt=\"Expo Dona Castellbisbalenca alumnes Els Arenys 6.3.20 (12)\" width=\"1600\" height=\"1077\" \/>\r\n\t\t\t\t\t\t\t\t\t\t<div class=\"slideshow_description_box slideshow_transparent\">\r\n\t\t\t\t\t\t<div class=\"slideshow_title\">Expo Dona Castellbisbalenca alumnes Els Arenys 6.3.20 (12)<\/div>\t\t\t\t\t\t\t\t\t\t\t<\/div>\r\n\t\t\t\t<\/div>\r\n\r\n\t\t\t\t\t\t<div style=\"clear: both;\"><\/div><\/div><div class=\"slideshow_view\">\r\n\t\t\t\t<div class=\"slideshow_slide slideshow_slide_image\">\r\n\t\t\t\t\t\t\t\t\t\t\t<img src=\"https:\/\/agora.xtec.cat\/escolaelsarenys\/wp-content\/uploads\/usu1978\/2020\/03\/Expo-Dona-Castellbisbalenca-alumnes-Els-Arenys-6.3.20-11.jpg\" alt=\"Expo Dona Castellbisbalenca alumnes Els Arenys 6.3.20 (11)\" width=\"1600\" height=\"1077\" \/>\r\n\t\t\t\t\t\t\t\t\t\t<div class=\"slideshow_description_box slideshow_transparent\">\r\n\t\t\t\t\t\t<div class=\"slideshow_title\">Expo Dona Castellbisbalenca alumnes Els Arenys 6.3.20 (11)<\/div>\t\t\t\t\t\t\t\t\t\t\t<\/div>\r\n\t\t\t\t<\/div>\r\n\r\n\t\t\t\t\t\t<div style=\"clear: both;\"><\/div><\/div><div class=\"slideshow_view\">\r\n\t\t\t\t<div class=\"slideshow_slide slideshow_slide_image\">\r\n\t\t\t\t\t\t\t\t\t\t\t<img src=\"https:\/\/agora.xtec.cat\/escolaelsarenys\/wp-content\/uploads\/usu1978\/2020\/03\/Expo-Dona-Castellbisbalenca-alumnes-Els-Arenys-6.3.20-10.jpg\" alt=\"Expo Dona Castellbisbalenca alumnes Els Arenys 6.3.20 (10)\" width=\"1600\" height=\"1047\" \/>\r\n\t\t\t\t\t\t\t\t\t\t<div class=\"slideshow_description_box slideshow_transparent\">\r\n\t\t\t\t\t\t<div class=\"slideshow_title\">Expo Dona Castellbisbalenca alumnes Els Arenys 6.3.20 (10)<\/div>\t\t\t\t\t\t\t\t\t\t\t<\/div>\r\n\t\t\t\t<\/div>\r\n\r\n\t\t\t\t\t\t<div style=\"clear: both;\"><\/div><\/div><div class=\"slideshow_view\">\r\n\t\t\t\t<div class=\"slideshow_slide slideshow_slide_image\">\r\n\t\t\t\t\t\t\t\t\t\t\t<img src=\"https:\/\/agora.xtec.cat\/escolaelsarenys\/wp-content\/uploads\/usu1978\/2020\/03\/Expo-Dona-Castellbisbalenca-alumnes-Els-Arenys-6.3.20-9.jpg\" alt=\"Expo Dona Castellbisbalenca alumnes Els Arenys 6.3.20 (9)\" width=\"1600\" height=\"1047\" \/>\r\n\t\t\t\t\t\t\t\t\t\t<div class=\"slideshow_description_box slideshow_transparent\">\r\n\t\t\t\t\t\t<div class=\"slideshow_title\">Expo Dona Castellbisbalenca alumnes Els Arenys 6.3.20 (9)<\/div>\t\t\t\t\t\t\t\t\t\t\t<\/div>\r\n\t\t\t\t<\/div>\r\n\r\n\t\t\t\t\t\t<div style=\"clear: both;\"><\/div><\/div><div class=\"slideshow_view\">\r\n\t\t\t\t<div class=\"slideshow_slide slideshow_slide_image\">\r\n\t\t\t\t\t\t\t\t\t\t\t<img src=\"https:\/\/agora.xtec.cat\/escolaelsarenys\/wp-content\/uploads\/usu1978\/2020\/03\/Expo-Dona-Castellbisbalenca-alumnes-Els-Arenys-6.3.20-8.jpg\" alt=\"Expo Dona Castellbisbalenca alumnes Els Arenys 6.3.20 (8)\" width=\"1600\" height=\"1047\" \/>\r\n\t\t\t\t\t\t\t\t\t\t<div class=\"slideshow_description_box slideshow_transparent\">\r\n\t\t\t\t\t\t<div class=\"slideshow_title\">Expo Dona Castellbisbalenca alumnes Els Arenys 6.3.20 (8)<\/div>\t\t\t\t\t\t\t\t\t\t\t<\/div>\r\n\t\t\t\t<\/div>\r\n\r\n\t\t\t\t\t\t<div style=\"clear: both;\"><\/div><\/div><div class=\"slideshow_view\">\r\n\t\t\t\t<div class=\"slideshow_slide slideshow_slide_image\">\r\n\t\t\t\t\t\t\t\t\t\t\t<img src=\"https:\/\/agora.xtec.cat\/escolaelsarenys\/wp-content\/uploads\/usu1978\/2020\/03\/Expo-Dona-Castellbisbalenca-alumnes-Els-Arenys-6.3.20-7.jpg\" alt=\"Expo Dona Castellbisbalenca alumnes Els Arenys 6.3.20 (7)\" width=\"1600\" height=\"1067\" \/>\r\n\t\t\t\t\t\t\t\t\t\t<div class=\"slideshow_description_box slideshow_transparent\">\r\n\t\t\t\t\t\t<div class=\"slideshow_title\">Expo Dona Castellbisbalenca alumnes Els Arenys 6.3.20 (7)<\/div>\t\t\t\t\t\t\t\t\t\t\t<\/div>\r\n\t\t\t\t<\/div>\r\n\r\n\t\t\t\t\t\t<div style=\"clear: both;\"><\/div><\/div><div class=\"slideshow_view\">\r\n\t\t\t\t<div class=\"slideshow_slide slideshow_slide_image\">\r\n\t\t\t\t\t\t\t\t\t\t\t<img src=\"https:\/\/agora.xtec.cat\/escolaelsarenys\/wp-content\/uploads\/usu1978\/2020\/03\/Expo-Dona-Castellbisbalenca-alumnes-Els-Arenys-6.3.20-6.jpg\" alt=\"Expo Dona Castellbisbalenca alumnes Els Arenys 6.3.20 (6)\" width=\"1600\" height=\"1067\" \/>\r\n\t\t\t\t\t\t\t\t\t\t<div class=\"slideshow_description_box slideshow_transparent\">\r\n\t\t\t\t\t\t<div class=\"slideshow_title\">Expo Dona Castellbisbalenca alumnes Els Arenys 6.3.20 (6)<\/div>\t\t\t\t\t\t\t\t\t\t\t<\/div>\r\n\t\t\t\t<\/div>\r\n\r\n\t\t\t\t\t\t<div style=\"clear: both;\"><\/div><\/div>\r\n\t\t<\/div>\r\n\r\n\t\t<div class=\"slideshow_controlPanel slideshow_transparent\" style=\"display: none;\"><ul><li class=\"slideshow_togglePlay\" data-play-text=\"Visualitza\" data-pause-text=\"Pausa\"><\/li><\/ul><\/div>\r\n\r\n\t\t<div class=\"slideshow_button slideshow_previous slideshow_transparent\" role=\"button\" data-previous-text=\"Anterior\" style=\"display: none;\"><\/div>\r\n\t\t<div class=\"slideshow_button slideshow_next slideshow_transparent\" role=\"button\" data-next-text=\"Seg\u00fcent\" style=\"display: none;\"><\/div>\r\n\r\n\t\t<div class=\"slideshow_pagination\" style=\"display: none;\" data-go-to-text=\"V\u00e9s a la diapositiva\"><div class=\"slideshow_pagination_center\"><\/div><\/div>\r\n\r\n\t\t<!-- WordPress Slideshow Version 2.3.1 -->\r\n\r\n\t\t\t<\/div>\r\n\r\n\n<p>&nbsp;<\/p>\n","protected":false},"excerpt":{"rendered":"<p>Com cada any, amb el &#8220;Lletra a lletra&#8221; treballem les compet\u00e8ncies ling\u00fc\u00edstiques dels nostres alumnes a partir d&#8217;aquest projecte, obert al municipi, on col.laboren moltes entitats del poble com ara l&#8217;Ajuntament, la Biblioteca, la colla Gegantera, el Museu de la Pagesia, l&#8217;Arxiu Municipal, etc. Aquest curs treballem sota el lema de &#8220;Dones castellbisbalenques&#8221; i per [&hellip;]<\/p>\n","protected":false},"author":1,"featured_media":0,"parent":0,"menu_order":2,"comment_status":"closed","ping_status":"closed","template":"page-templates\/side-menu.php","meta":{"_bbp_topic_count":0,"_bbp_reply_count":0,"_bbp_total_topic_count":0,"_bbp_total_reply_count":0,"_bbp_voice_count":0,"_bbp_anonymous_reply_count":0,"_bbp_topic_count_hidden":0,"_bbp_reply_count_hidden":0,"_bbp_forum_subforum_count":0,"site-sidebar-layout":"default","site-content-layout":"","ast-site-content-layout":"","site-content-style":"default","site-sidebar-style":"default","ast-global-header-display":"","ast-banner-title-visibility":"","ast-main-header-display":"","ast-hfb-above-header-display":"","ast-hfb-below-header-display":"","ast-hfb-mobile-header-display":"","site-post-title":"","ast-breadcrumbs-content":"","ast-featured-img":"","footer-sml-layout":"","theme-transparent-header-meta":"","adv-header-id-meta":"","stick-header-meta":"","header-above-stick-meta":"","header-main-stick-meta":"","header-below-stick-meta":"","astra-migrate-meta-layouts":"default","ast-page-background-enabled":"default","ast-page-background-meta":{"desktop":{"background-color":"var(--ast-global-color-4)","background-image":"","background-repeat":"repeat","background-position":"center center","background-size":"auto","background-attachment":"scroll","background-type":"","background-media":"","overlay-type":"","overlay-color":"","overlay-opacity":"","overlay-gradient":""},"tablet":{"background-color":"","background-image":"","background-repeat":"repeat","background-position":"center center","background-size":"auto","background-attachment":"scroll","background-type":"","background-media":"","overlay-type":"","overlay-color":"","overlay-opacity":"","overlay-gradient":""},"mobile":{"background-color":"","background-image":"","background-repeat":"repeat","background-position":"center center","background-size":"auto","background-attachment":"scroll","background-type":"","background-media":"","overlay-type":"","overlay-color":"","overlay-opacity":"","overlay-gradient":""}},"ast-content-background-meta":{"desktop":{"background-color":"var(--ast-global-color-5)","background-image":"","background-repeat":"repeat","background-position":"center center","background-size":"auto","background-attachment":"scroll","background-type":"","background-media":"","overlay-type":"","overlay-color":"","overlay-opacity":"","overlay-gradient":""},"tablet":{"background-color":"var(--ast-global-color-5)","background-image":"","background-repeat":"repeat","background-position":"center center","background-size":"auto","background-attachment":"scroll","background-type":"","background-media":"","overlay-type":"","overlay-color":"","overlay-opacity":"","overlay-gradient":""},"mobile":{"background-color":"var(--ast-global-color-5)","background-image":"","background-repeat":"repeat","background-position":"center center","background-size":"auto","background-attachment":"scroll","background-type":"","background-media":"","overlay-type":"","overlay-color":"","overlay-opacity":"","overlay-gradient":""}},"footnotes":""},"class_list":["post-2202","page","type-page","status-publish","hentry"],"post_mailing_queue_ids":[],"_links":{"self":[{"href":"https:\/\/agora.xtec.cat\/escolaelsarenys\/wp-json\/wp\/v2\/pages\/2202","targetHints":{"allow":["GET"]}}],"collection":[{"href":"https:\/\/agora.xtec.cat\/escolaelsarenys\/wp-json\/wp\/v2\/pages"}],"about":[{"href":"https:\/\/agora.xtec.cat\/escolaelsarenys\/wp-json\/wp\/v2\/types\/page"}],"author":[{"embeddable":true,"href":"https:\/\/agora.xtec.cat\/escolaelsarenys\/wp-json\/wp\/v2\/users\/1"}],"replies":[{"embeddable":true,"href":"https:\/\/agora.xtec.cat\/escolaelsarenys\/wp-json\/wp\/v2\/comments?post=2202"}],"version-history":[{"count":4,"href":"https:\/\/agora.xtec.cat\/escolaelsarenys\/wp-json\/wp\/v2\/pages\/2202\/revisions"}],"predecessor-version":[{"id":2380,"href":"https:\/\/agora.xtec.cat\/escolaelsarenys\/wp-json\/wp\/v2\/pages\/2202\/revisions\/2380"}],"wp:attachment":[{"href":"https:\/\/agora.xtec.cat\/escolaelsarenys\/wp-json\/wp\/v2\/media?parent=2202"}],"curies":[{"name":"wp","href":"https:\/\/api.w.org\/{rel}","templated":true}]}}