{"id":1899,"date":"2020-03-26T23:35:25","date_gmt":"2020-03-26T22:35:25","guid":{"rendered":"https:\/\/agora.xtec.cat\/escolaelsarenys\/?page_id=1899"},"modified":"2024-07-15T11:58:01","modified_gmt":"2024-07-15T09:58:01","slug":"ampa","status":"publish","type":"page","link":"https:\/\/agora.xtec.cat\/escolaelsarenys\/ampa\/","title":{"rendered":"AMPA"},"content":{"rendered":"<p>&nbsp;<\/p>\n<p><img decoding=\"async\" class=\"aligncenter\" src=\"https:\/\/static.wixstatic.com\/media\/be7990_7c01e03636f6443fbba907af3e78a0ef~mv2_d_6480_2135_s_2.png\/v1\/fill\/w_416,h_139,al_c,q_85,usm_0.66_1.00_0.01\/be7990_7c01e03636f6443fbba907af3e78a0ef~mv2_d_6480_2135_s_2.webp\" \/><\/p>\n<p class=\"font_8\"><em>L&#8217;AMPA Els Arenys \u00e9s una associaci\u00f3 sense \u00e0nim de lucre que t\u00e9 per objectiu aconseguir que l&#8217;educaci\u00f3 dels nostres fills sigui de la m\u00e0xima qualitat possible.<\/em><\/p>\n<p>&nbsp;<\/p>\n<p class=\"font_8\">Trobareu molta m\u00e9s informaci\u00f3 sobre l&#8217;AMPA de l&#8217;escola en aquest <a href=\"https:\/\/sites.google.com\/view\/afaelsarenys?usp=sharing\">enlla\u00e7<\/a><\/p>\n<p>&nbsp;<\/p>\n<p style=\"text-align: center;\"><em><strong>AMPA Els Arenys. Tots fem escola!<\/strong><\/em><\/p>\n<p>&nbsp;<\/p>\n<h1 style=\"text-align: center;\">COMISSI\u00d3 DE L&#8217;HORT<\/h1>\n<p>&nbsp;<\/p>\n<p style=\"text-align: center;\">Podeu seguir les nostres activitats com a comissi\u00f3 de l&#8217;hort de l&#8217;AMPA en el nostre Facebook clicant sobre la imatge de sota.<\/p>\n<p>&nbsp;<\/p>\n<p style=\"text-align: center;\"><a href=\"https:\/\/fb.watch\/brwulLsqGk\/\"><img loading=\"lazy\" decoding=\"async\" class=\"alignnone wp-image-1916\" src=\"https:\/\/agora.xtec.cat\/escolaelsarenys\/wp-content\/uploads\/usu1978\/2020\/03\/Portes-Obertes-1024x576.jpg\" alt=\"\" width=\"507\" height=\"285\" srcset=\"https:\/\/agora.xtec.cat\/escolaelsarenys\/wp-content\/uploads\/usu1978\/2020\/03\/Portes-Obertes-1024x576.jpg 1024w, https:\/\/agora.xtec.cat\/escolaelsarenys\/wp-content\/uploads\/usu1978\/2020\/03\/Portes-Obertes-300x169.jpg 300w, https:\/\/agora.xtec.cat\/escolaelsarenys\/wp-content\/uploads\/usu1978\/2020\/03\/Portes-Obertes-768x432.jpg 768w\" sizes=\"auto, (max-width: 507px) 100vw, 507px\" \/><\/a><\/p>\n<p>&nbsp;<\/p>\n<p dir=\"ltr\">\n","protected":false},"excerpt":{"rendered":"<p>&nbsp; L&#8217;AMPA Els Arenys \u00e9s una associaci\u00f3 sense \u00e0nim de lucre que t\u00e9 per objectiu aconseguir que l&#8217;educaci\u00f3 dels nostres fills sigui de la m\u00e0xima qualitat possible. &nbsp; Trobareu molta m\u00e9s informaci\u00f3 sobre l&#8217;AMPA de l&#8217;escola en aquest enlla\u00e7 &nbsp; AMPA Els Arenys. Tots fem escola! &nbsp; COMISSI\u00d3 DE L&#8217;HORT &nbsp; Podeu seguir les nostres [&hellip;]<\/p>\n","protected":false},"author":1,"featured_media":0,"parent":0,"menu_order":0,"comment_status":"closed","ping_status":"closed","template":"","meta":{"_bbp_topic_count":0,"_bbp_reply_count":0,"_bbp_total_topic_count":0,"_bbp_total_reply_count":0,"_bbp_voice_count":0,"_bbp_anonymous_reply_count":0,"_bbp_topic_count_hidden":0,"_bbp_reply_count_hidden":0,"_bbp_forum_subforum_count":0,"site-sidebar-layout":"default","site-content-layout":"","ast-site-content-layout":"","site-content-style":"default","site-sidebar-style":"default","ast-global-header-display":"","ast-banner-title-visibility":"","ast-main-header-display":"","ast-hfb-above-header-display":"","ast-hfb-below-header-display":"","ast-hfb-mobile-header-display":"","site-post-title":"","ast-breadcrumbs-content":"","ast-featured-img":"","footer-sml-layout":"","theme-transparent-header-meta":"","adv-header-id-meta":"","stick-header-meta":"","header-above-stick-meta":"","header-main-stick-meta":"","header-below-stick-meta":"","astra-migrate-meta-layouts":"default","ast-page-background-enabled":"default","ast-page-background-meta":{"desktop":{"background-color":"var(--ast-global-color-4)","background-image":"","background-repeat":"repeat","background-position":"center center","background-size":"auto","background-attachment":"scroll","background-type":"","background-media":"","overlay-type":"","overlay-color":"","overlay-opacity":"","overlay-gradient":""},"tablet":{"background-color":"","background-image":"","background-repeat":"repeat","background-position":"center center","background-size":"auto","background-attachment":"scroll","background-type":"","background-media":"","overlay-type":"","overlay-color":"","overlay-opacity":"","overlay-gradient":""},"mobile":{"background-color":"","background-image":"","background-repeat":"repeat","background-position":"center center","background-size":"auto","background-attachment":"scroll","background-type":"","background-media":"","overlay-type":"","overlay-color":"","overlay-opacity":"","overlay-gradient":""}},"ast-content-background-meta":{"desktop":{"background-color":"var(--ast-global-color-5)","background-image":"","background-repeat":"repeat","background-position":"center center","background-size":"auto","background-attachment":"scroll","background-type":"","background-media":"","overlay-type":"","overlay-color":"","overlay-opacity":"","overlay-gradient":""},"tablet":{"background-color":"var(--ast-global-color-5)","background-image":"","background-repeat":"repeat","background-position":"center center","background-size":"auto","background-attachment":"scroll","background-type":"","background-media":"","overlay-type":"","overlay-color":"","overlay-opacity":"","overlay-gradient":""},"mobile":{"background-color":"var(--ast-global-color-5)","background-image":"","background-repeat":"repeat","background-position":"center center","background-size":"auto","background-attachment":"scroll","background-type":"","background-media":"","overlay-type":"","overlay-color":"","overlay-opacity":"","overlay-gradient":""}},"footnotes":""},"class_list":["post-1899","page","type-page","status-publish","hentry"],"post_mailing_queue_ids":[],"_links":{"self":[{"href":"https:\/\/agora.xtec.cat\/escolaelsarenys\/wp-json\/wp\/v2\/pages\/1899","targetHints":{"allow":["GET"]}}],"collection":[{"href":"https:\/\/agora.xtec.cat\/escolaelsarenys\/wp-json\/wp\/v2\/pages"}],"about":[{"href":"https:\/\/agora.xtec.cat\/escolaelsarenys\/wp-json\/wp\/v2\/types\/page"}],"author":[{"embeddable":true,"href":"https:\/\/agora.xtec.cat\/escolaelsarenys\/wp-json\/wp\/v2\/users\/1"}],"replies":[{"embeddable":true,"href":"https:\/\/agora.xtec.cat\/escolaelsarenys\/wp-json\/wp\/v2\/comments?post=1899"}],"version-history":[{"count":5,"href":"https:\/\/agora.xtec.cat\/escolaelsarenys\/wp-json\/wp\/v2\/pages\/1899\/revisions"}],"predecessor-version":[{"id":5070,"href":"https:\/\/agora.xtec.cat\/escolaelsarenys\/wp-json\/wp\/v2\/pages\/1899\/revisions\/5070"}],"wp:attachment":[{"href":"https:\/\/agora.xtec.cat\/escolaelsarenys\/wp-json\/wp\/v2\/media?parent=1899"}],"curies":[{"name":"wp","href":"https:\/\/api.w.org\/{rel}","templated":true}]}}