{"id":799,"date":"2021-10-21T08:04:05","date_gmt":"2021-10-21T06:04:05","guid":{"rendered":"https:\/\/agora.xtec.cat\/escolaelrouregros\/?page_id=799"},"modified":"2022-09-01T18:29:45","modified_gmt":"2022-09-01T16:29:45","slug":"metodologia","status":"publish","type":"page","link":"https:\/\/agora.xtec.cat\/escolaelrouregros\/projecte-educatiu\/metodologia\/","title":{"rendered":"Metodologia"},"content":{"rendered":"<h3 class=\"fusion-responsive-typography-calculated\" data-fontsize=\"17\" data-lineheight=\"23.97px\">Introducci\u00f3<\/h3>\n<p>El present projecte educatiu t\u00e9 les seves arrels i, per tant, \u00e9s la continuaci\u00f3 del projecte educatiu que es va iniciar al curs 2006-2007 fruit d\u2019un projecte d\u2019innovaci\u00f3 que portava per t\u00edtol \u201c<strong>Con\u00e8ixer, descobrir i aprendre junts a trav\u00e9s de la ci\u00e8ncia<\/strong>\u201d. El present projecte doncs t\u00e9 les seves bases en les ci\u00e8ncies i les matem\u00e0tiques com a eixos vertebradors. A partir d\u2019aquestes mat\u00e8ries es desenvolupen la resta d\u2019\u00e0rees del curr\u00edculum de forma global i interdisciplin\u00e0ria.<\/p>\n<p>S\u2019han escollit aquestes dues mat\u00e8ries com a base del projecte per dos motius:<\/p>\n<ul>\n<li>Per mantenir i fomentar la capacitat innata que tenen els nens i nenes d\u2019investigar i descobrir el m\u00f3n que els envolta.<\/li>\n<li>Per adquirir un pensament cr\u00edtic. Estem immersos en un m\u00f3n que canvia de forma r\u00e0pida i constant. Hem de procurar que els nostres alumnes tinguin aquest esperit cr\u00edtic que els ajudi a comprendre millor aquest entorn canviant i a interactuar amb aquest, mantenint un esperit investigador, emprenedor, amb ganes de saber el perqu\u00e8 de les coses i aix\u00f2 els ajudi a escollir.<\/li>\n<\/ul>\n<blockquote><p>\u201c<em>La ci\u00e8ncia ens ajuda a con\u00e8ixer el m\u00f3n, ens ajuda a buscar i a posar paraules als objectes, al que anem descobrint per poder-ho explicar. Facilita molt la relaci\u00f3 entre la realitat, el llenguatge i el pensament, perqu\u00e8 les paraules soles no tenen sentit, el sentit els el d\u00f3na l\u2019acci\u00f3 humana quan les necessita i les busca<\/em>\u201d. (Ram\u00edrez, 1994).<\/p><\/blockquote>\n<p>El treball es sustenta\u00a0<strong>en la llibertat de poder escollir temes i propostes\u00a0<\/strong>de treball. Com que els treballs s\u00f3n diversos, en els cicles els nens i nenes han de treballar\u00a0<strong>amb autonomia\u00a0<\/strong>perqu\u00e8 el mestre pugui anar atenent les demandes d\u2019altres grups. A la vegada aquesta autonomia requereix responsabilitat, comprom\u00eds en les propostes que escullen.\u00a0<strong>El treball d\u2019investigaci\u00f3 requereix<\/strong>\u00a0<strong>exig\u00e8ncia i rigor.<\/strong><\/p>\n","protected":false},"excerpt":{"rendered":"<p>Introducci\u00f3<br \/>\nEl present projecte educatiu t\u00e9 les seves arrels i, per tant, \u00e9s la continuaci\u00f3 del projecte educatiu que es va iniciar al curs 2006-2007 fruit d\u2019un projecte d\u2019innovaci\u00f3 que portava per t\u00edtol \u201cCon\u00e8ixer, descobrir i aprendre junts a trav\u00e9s de la ci\u00e8ncia\u201d. El present projecte&hellip;  <a href=\"https:\/\/agora.xtec.cat\/escolaelrouregros\/projecte-educatiu\/metodologia\/\" title=\"Read Metodologia\">Llegeix m\u00e9s\u00bb<\/a><\/p>\n","protected":false},"author":1,"featured_media":0,"parent":794,"menu_order":1,"comment_status":"closed","ping_status":"closed","template":"","meta":{"_bbp_topic_count":0,"_bbp_reply_count":0,"_bbp_total_topic_count":0,"_bbp_total_reply_count":0,"_bbp_voice_count":0,"_bbp_anonymous_reply_count":0,"_bbp_topic_count_hidden":0,"_bbp_reply_count_hidden":0,"_bbp_forum_subforum_count":0,"footnotes":""},"class_list":["post-799","page","type-page","status-publish","hentry"],"post_mailing_queue_ids":[],"_links":{"self":[{"href":"https:\/\/agora.xtec.cat\/escolaelrouregros\/wp-json\/wp\/v2\/pages\/799","targetHints":{"allow":["GET"]}}],"collection":[{"href":"https:\/\/agora.xtec.cat\/escolaelrouregros\/wp-json\/wp\/v2\/pages"}],"about":[{"href":"https:\/\/agora.xtec.cat\/escolaelrouregros\/wp-json\/wp\/v2\/types\/page"}],"author":[{"embeddable":true,"href":"https:\/\/agora.xtec.cat\/escolaelrouregros\/wp-json\/wp\/v2\/users\/1"}],"replies":[{"embeddable":true,"href":"https:\/\/agora.xtec.cat\/escolaelrouregros\/wp-json\/wp\/v2\/comments?post=799"}],"version-history":[{"count":3,"href":"https:\/\/agora.xtec.cat\/escolaelrouregros\/wp-json\/wp\/v2\/pages\/799\/revisions"}],"predecessor-version":[{"id":862,"href":"https:\/\/agora.xtec.cat\/escolaelrouregros\/wp-json\/wp\/v2\/pages\/799\/revisions\/862"}],"up":[{"embeddable":true,"href":"https:\/\/agora.xtec.cat\/escolaelrouregros\/wp-json\/wp\/v2\/pages\/794"}],"wp:attachment":[{"href":"https:\/\/agora.xtec.cat\/escolaelrouregros\/wp-json\/wp\/v2\/media?parent=799"}],"curies":[{"name":"wp","href":"https:\/\/api.w.org\/{rel}","templated":true}]}}