{"id":797,"date":"2021-10-21T08:03:33","date_gmt":"2021-10-21T06:03:33","guid":{"rendered":"https:\/\/agora.xtec.cat\/escolaelrouregros\/?page_id=797"},"modified":"2022-09-01T18:27:49","modified_gmt":"2022-09-01T16:27:49","slug":"objectius-generals","status":"publish","type":"page","link":"https:\/\/agora.xtec.cat\/escolaelrouregros\/projecte-educatiu\/objectius-generals\/","title":{"rendered":"Objectius Generals"},"content":{"rendered":"<p>Tant el projecte educatiu del centre com la metodologia que portem a terme a l\u2019escola, s\u00f3n fruit d\u2019un llarg cam\u00ed basat en l\u2019experi\u00e8ncia i la reflexi\u00f3 educativa. Els\u00a0<strong>principals objectius<\/strong>\u00a0que caracteritzen la nostra l\u00ednia metodol\u00f2gica s\u00f3n els seg\u00fcents:<\/p>\n<ol>\n<li>\n<blockquote><p>Afavorir i incentivar l\u2019adquisici\u00f3\u00a0<strong>d\u2019aprenentatges significatius<\/strong>, partint dels coneixements previs dels alumnes, de les seves capacitats, les seves caracter\u00edstiques i dels seus interessos.<\/p><\/blockquote>\n<\/li>\n<li>\n<blockquote><p>Potenciar les\u00a0<strong>capacitats d\u2019observaci\u00f3, d\u2019an\u00e0lisi<\/strong>\u00a0i\u00a0<strong>l\u2019experimentaci\u00f3<\/strong>\u00a0com a eines que afavoreixin la construcci\u00f3 de viv\u00e8ncies riques, diverses i que resultin en\u00a0<strong>la construcci\u00f3 de coneixements i l\u2019adquisici\u00f3 de compet\u00e8ncies.<\/strong><\/p><\/blockquote>\n<\/li>\n<li>\n<blockquote><p>Fomentar la\u00a0<strong>motivaci\u00f3<\/strong>\u00a0dels alumnes,\u00a0<strong>l\u2019autonomia<\/strong>\u00a0i la<strong>\u00a0il\u00b7lusi\u00f3<\/strong>\u00a0per aprendre a partir d\u2019interessos propis i\/o col\u00b7lectius.<\/p><\/blockquote>\n<\/li>\n<li>\n<blockquote><p>Facilitar que els alumnes siguin\u00a0<strong>lliures i cr\u00edtics<\/strong>. L\u2019exercici de la llibertat implica l\u2019adquisici\u00f3 i l\u2019exercici graduals de la\u00a0<strong>responsabilitat, l\u2019esfor\u00e7 i el rigor<\/strong>\u00a0en el treball a l\u2019escola.<\/p><\/blockquote>\n<\/li>\n<li>\n<blockquote><p>Potenciar el\u00a0<strong>treball en equip i la col\u00b7laboraci\u00f3<\/strong>\u00a0entre els alumnes sense oblidar el desenvolupament individual de cada alumne.<\/p><\/blockquote>\n<\/li>\n<li>\n<blockquote><p>Potenciar els projectes\u00a0<strong>d\u2019investigaci\u00f3 motivadors i pr\u00e0ctics<\/strong>\u00a0mantenint una mirada i una actitud oberta al m\u00f3n. Aquesta actitud oberta fa que en moltes ocasions l\u2019aula no sigui un espai ni f\u00edsic ni tancat. Volem\u00a0<strong>apropar els alumnes a l\u2019entorn per tal que el puguin descobrir i entendre en profunditat.\u00a0<\/strong><\/p><\/blockquote>\n<\/li>\n<li>\n<blockquote><p>Procurar que els\u00a0<strong>aprenentatges<\/strong>\u00a0adquirits pels nostres alumnes\u00a0<strong>siguin globalitzadors i interdisciplinaris,<\/strong>\u00a0no parcel\u00b7lats en \u00e0rees del coneixement.<\/p><\/blockquote>\n<\/li>\n<li>\n<blockquote><p>Potenciar l\u2019\u00fas de\u00a0<strong>les tecnologies de la informaci\u00f3<\/strong>\u00a0que tenim a l\u2019abast com a eina de treball.<\/p><\/blockquote>\n<\/li>\n<\/ol>\n","protected":false},"excerpt":{"rendered":"<p>Tant el projecte educatiu del centre com la metodologia que portem a terme a l\u2019escola, s\u00f3n fruit d\u2019un llarg cam\u00ed basat en l\u2019experi\u00e8ncia i la reflexi\u00f3 educativa. Els\u00a0principals objectius\u00a0que caracteritzen la nostra l\u00ednia metodol\u00f2gica s\u00f3n els seg\u00fcents:<\/p>\n<ol>\n<li>\nAfavorir i incentivar l\u2019adquisici\u00f3\u00a0d\u2019aprenentatges significatius, partint dels coneixements previs&hellip;  <a href=\"https:\/\/agora.xtec.cat\/escolaelrouregros\/projecte-educatiu\/objectius-generals\/\" title=\"Read Objectius Generals\">Llegeix m\u00e9s\u00bb<\/a><\/p>\n","protected":false},"author":1,"featured_media":0,"parent":794,"menu_order":0,"comment_status":"closed","ping_status":"closed","template":"","meta":{"_bbp_topic_count":0,"_bbp_reply_count":0,"_bbp_total_topic_count":0,"_bbp_total_reply_count":0,"_bbp_voice_count":0,"_bbp_anonymous_reply_count":0,"_bbp_topic_count_hidden":0,"_bbp_reply_count_hidden":0,"_bbp_forum_subforum_count":0,"footnotes":""},"class_list":["post-797","page","type-page","status-publish","hentry"],"post_mailing_queue_ids":[],"_links":{"self":[{"href":"https:\/\/agora.xtec.cat\/escolaelrouregros\/wp-json\/wp\/v2\/pages\/797","targetHints":{"allow":["GET"]}}],"collection":[{"href":"https:\/\/agora.xtec.cat\/escolaelrouregros\/wp-json\/wp\/v2\/pages"}],"about":[{"href":"https:\/\/agora.xtec.cat\/escolaelrouregros\/wp-json\/wp\/v2\/types\/page"}],"author":[{"embeddable":true,"href":"https:\/\/agora.xtec.cat\/escolaelrouregros\/wp-json\/wp\/v2\/users\/1"}],"replies":[{"embeddable":true,"href":"https:\/\/agora.xtec.cat\/escolaelrouregros\/wp-json\/wp\/v2\/comments?post=797"}],"version-history":[{"count":3,"href":"https:\/\/agora.xtec.cat\/escolaelrouregros\/wp-json\/wp\/v2\/pages\/797\/revisions"}],"predecessor-version":[{"id":860,"href":"https:\/\/agora.xtec.cat\/escolaelrouregros\/wp-json\/wp\/v2\/pages\/797\/revisions\/860"}],"up":[{"embeddable":true,"href":"https:\/\/agora.xtec.cat\/escolaelrouregros\/wp-json\/wp\/v2\/pages\/794"}],"wp:attachment":[{"href":"https:\/\/agora.xtec.cat\/escolaelrouregros\/wp-json\/wp\/v2\/media?parent=797"}],"curies":[{"name":"wp","href":"https:\/\/api.w.org\/{rel}","templated":true}]}}