{"id":562,"date":"2021-10-07T08:15:47","date_gmt":"2021-10-07T06:15:47","guid":{"rendered":"https:\/\/agora.xtec.cat\/escolaelrouregros\/?page_id=562"},"modified":"2025-09-04T21:32:20","modified_gmt":"2025-09-04T19:32:20","slug":"normativa","status":"publish","type":"page","link":"https:\/\/agora.xtec.cat\/escolaelrouregros\/espai-migdia\/normativa\/","title":{"rendered":"Informacions b\u00e0siques"},"content":{"rendered":"<p><strong>NORMATIVA ADMINISTRATIVA DE L\u2019ESPAI DE MIGDIA DE L\u2019ESCOLA EL ROURE GROS<\/strong><\/p>\n<ul>\n<li>Tot usuari de l\u2019espai de migdia, tant fix com espor\u00e0dic, haur\u00e0 de lliurar el full d\u2019inscripci\u00f3.<\/li>\n<li>En cas d\u2019al\u00b7l\u00e8rgia o intoler\u00e0ncia aliment\u00e0ria, no es podr\u00e0 atendre si no han lliurat la fitxa<br \/>\ncorresponent amb l\u2019informe m\u00e8dic adjunt.<\/li>\n<li>L\u2019import a facturar dels usuaris fixes es carregar\u00e0 a mes ven\u00e7ut, entre els dies 1 i 5 de cada<br \/>\nmes, en el cas d\u2019excepcions sereu avisats per correu electr\u00f2nic.<\/li>\n<li>Tots els infants han de dur: <strong>una bossa amb un tovall\u00f3 tot de roba i marcat amb el nom.<\/strong><\/li>\n<\/ul>\n<p><strong>ESPAI DE MIGDIA<\/strong><\/p>\n<p>Horari: de 2\/4 d&#8217;1 a les 3 de la tarda<br \/>\nUsuaris fixes (3, 4 o 5 dies setmana) 7.25 \u20ac (IVA incl\u00f2s)<br \/>\nUsuaris espor\u00e0dics (1 o 2 dies setmana) 7.90 \u20ac (IVA incl\u00f2s)<\/p>\n<ul>\n<li>En cas d\u2019abs\u00e8ncia al servei de migdia o confinament, el cost ser\u00e0 de 4 euros per dia absent.<\/li>\n<li>Els usuaris espor\u00e0dics cal que comprin els tiquets al forn de pa del poble, Josep Novellas.<br \/>\n<strong>Pagament nom\u00e9s en efectiu.<\/strong><\/li>\n<li>L\u2019Agl\u00e0 es reserva el dret a modificar el men\u00fa sense previ av\u00eds en cas que hi hagi algun<br \/>\nimprevist al llarg d\u2019aquell dia.<\/li>\n<\/ul>\n<p><strong>SERVEI DE CARMANYOLA<\/strong><br \/>\nHorari: A 3\/4 de 12 del migdia a la porta de l\u2019escola<br \/>\nUsuaris fixes (3, 4 o 5 dies setmana) 7.25 \u20ac (IVA incl\u00f2s)<br \/>\nUsuaris espor\u00e0dics (1 o 2 dies setmana) 7.90 \u20ac (IVA incl\u00f2s)<\/p>\n<ul>\n<li>En cas d\u2019abs\u00e8ncia oferim el servei de carmanyola.<\/li>\n<\/ul>\n<p><strong>SERVEI D\u2019ESMORZAR I BERENAR<\/strong><br \/>\nESMORZAR<br \/>\nFruita 1 \u20ac<br \/>\nEntrep\u00e0 d\u2019embotit o formatge 2 \u20ac<br \/>\nBERENAR<br \/>\nFruita 1 \u20ac<br \/>\nEntrep\u00e0 d\u2019embotit o formatge 2 \u20ac<\/p>\n<ul>\n<li>Tant el servei d\u2019esmorzar com el de berenar es pot utilitzar de manera espor\u00e0dica comunicant-<br \/>\nho a primera hora del mat\u00ed. El cobrament ser\u00e0 domiciliat en la facturaci\u00f3 del mateix mes.<\/li>\n<li>Per triar tan l\u2019esmorzar com el berenar cal enviar un correu abans de les 10 del mat\u00ed.<\/li>\n<\/ul>\n<p><strong>CELEBRACIONS D&#8217;ANIVERSARI (encarregar una setmana abans de la celebraci\u00f3)<\/strong><\/p>\n<p><em>PASTISSOS<\/em><br \/>\nCoca de iogurt 8,00 \u20ac<br \/>\nCoca de suc de taronja 8,00 \u20ac<br \/>\nCoca de xocolata 8,00 \u20ac<br \/>\nInclosos: <em>Lacasitos<\/em><\/p>\n<ul>\n<p>Moltes gr\u00e0cies!<\/p>\n","protected":false},"excerpt":{"rendered":"<p>NORMATIVA ADMINISTRATIVA DE L\u2019ESPAI DE MIGDIA DE L\u2019ESCOLA EL ROURE GROS<\/p>\n<ul>\n<li>Tot usuari de l\u2019espai de migdia, tant fix com espor\u00e0dic, haur\u00e0 de lliurar el full d\u2019inscripci\u00f3.<\/li>\n<li>En cas d\u2019al\u00b7l\u00e8rgia o intoler\u00e0ncia aliment\u00e0ria, no es podr\u00e0 atendre si no han lliurat la fitxa<br \/>\ncorresponent amb l\u2019informe m\u00e8dic adjunt.<\/li>\n<li>L\u2019import&hellip;  <a href=\"https:\/\/agora.xtec.cat\/escolaelrouregros\/espai-migdia\/normativa\/\" title=\"Read Informacions b\u00e0siques\">Llegeix m\u00e9s\u00bb<\/a><br \/>\n","protected":false},"author":6,"featured_media":0,"parent":533,"menu_order":0,"comment_status":"closed","ping_status":"closed","template":"","meta":{"_bbp_topic_count":0,"_bbp_reply_count":0,"_bbp_total_topic_count":0,"_bbp_total_reply_count":0,"_bbp_voice_count":0,"_bbp_anonymous_reply_count":0,"_bbp_topic_count_hidden":0,"_bbp_reply_count_hidden":0,"_bbp_forum_subforum_count":0,"footnotes":""},"class_list":["post-562","page","type-page","status-publish","hentry"],"post_mailing_queue_ids":[],"_links":{"self":[{"href":"https:\/\/agora.xtec.cat\/escolaelrouregros\/wp-json\/wp\/v2\/pages\/562","targetHints":{"allow":["GET"]}}],"collection":[{"href":"https:\/\/agora.xtec.cat\/escolaelrouregros\/wp-json\/wp\/v2\/pages"}],"about":[{"href":"https:\/\/agora.xtec.cat\/escolaelrouregros\/wp-json\/wp\/v2\/types\/page"}],"author":[{"embeddable":true,"href":"https:\/\/agora.xtec.cat\/escolaelrouregros\/wp-json\/wp\/v2\/users\/6"}],"replies":[{"embeddable":true,"href":"https:\/\/agora.xtec.cat\/escolaelrouregros\/wp-json\/wp\/v2\/comments?post=562"}],"version-history":[{"count":5,"href":"https:\/\/agora.xtec.cat\/escolaelrouregros\/wp-json\/wp\/v2\/pages\/562\/revisions"}],"predecessor-version":[{"id":2594,"href":"https:\/\/agora.xtec.cat\/escolaelrouregros\/wp-json\/wp\/v2\/pages\/562\/revisions\/2594"}],"up":[{"embeddable":true,"href":"https:\/\/agora.xtec.cat\/escolaelrouregros\/wp-json\/wp\/v2\/pages\/533"}],"wp:attachment":[{"href":"https:\/\/agora.xtec.cat\/escolaelrouregros\/wp-json\/wp\/v2\/media?parent=562"}],"curies":[{"name":"wp","href":"https:\/\/api.w.org\/{rel}","templated":true}]}}