{"id":533,"date":"2021-10-05T08:34:35","date_gmt":"2021-10-05T06:34:35","guid":{"rendered":"https:\/\/agora.xtec.cat\/escolaelrouregros\/?page_id=533"},"modified":"2022-09-15T11:49:24","modified_gmt":"2022-09-15T09:49:24","slug":"espai-migdia","status":"publish","type":"page","link":"https:\/\/agora.xtec.cat\/escolaelrouregros\/espai-migdia\/","title":{"rendered":"L\u2019Agl\u00e0 Cooperativa"},"content":{"rendered":"<p>L\u2019Agl\u00e0 \u00e9s la cooperativa encarregada de la gesti\u00f3 de l&#8217;espai de migdia. Juntament amb l&#8217;AFA tamb\u00e9 s&#8217;encarrega de gestionar l&#8217;acollida de mat\u00ed. Va n\u00e9ixer el juliol de 2017 i va ser creada per algunes de les treballadores de cursos anteriors, \u00e9s per aix\u00f2 que parlem d\u2019un projecte petit, ben cuidat i estimat. Treballem amb prove\u00efdors de la comarca d\u2019Osona i amb productes de primera qualitat per garantir una alimentaci\u00f3 sana i equilibrada dels infants de l\u2019escola.<br \/>\nPer qualsevol dubte podeu contactar-nos:<\/p>\n<p>Horari d\u2019atenci\u00f3: de les 9 del mat\u00ed a les 12 del migdia a l\u2019escola<br \/>\nCorreu:\u00a0<a href=\"mailto:lagla.coop@gmail.com\">lagla.coop@gmail.com<\/a><br \/>\nTel\u00e8fon: 93.883.01.01<\/p>\n<p><!-- SnapWidget --><br \/>\n<iframe class=\"snapwidget-widget\" style=\"border: none; overflow: hidden; width: 990px; height: 6468px;\" src=\"https:\/\/snapwidget.com\/embed\/968925\" frameborder=\"0\" scrolling=\"no\"><\/iframe><\/p>\n","protected":false},"excerpt":{"rendered":"<p>L\u2019Agl\u00e0 \u00e9s la cooperativa encarregada de la gesti\u00f3 de l&#8217;espai de migdia. Juntament amb l&#8217;AFA tamb\u00e9 s&#8217;encarrega de gestionar l&#8217;acollida de mat\u00ed. Va n\u00e9ixer el juliol de 2017 i va ser creada per algunes de les treballadores de cursos anteriors, \u00e9s per aix\u00f2 que parlem&hellip;  <a href=\"https:\/\/agora.xtec.cat\/escolaelrouregros\/espai-migdia\/\" title=\"Read L\u2019Agl\u00e0 Cooperativa\">Llegeix m\u00e9s\u00bb<\/a><\/p>\n","protected":false},"author":6,"featured_media":0,"parent":0,"menu_order":0,"comment_status":"closed","ping_status":"closed","template":"","meta":{"_bbp_topic_count":0,"_bbp_reply_count":0,"_bbp_total_topic_count":0,"_bbp_total_reply_count":0,"_bbp_voice_count":0,"_bbp_anonymous_reply_count":0,"_bbp_topic_count_hidden":0,"_bbp_reply_count_hidden":0,"_bbp_forum_subforum_count":0,"footnotes":""},"class_list":["post-533","page","type-page","status-publish","hentry"],"post_mailing_queue_ids":[],"_links":{"self":[{"href":"https:\/\/agora.xtec.cat\/escolaelrouregros\/wp-json\/wp\/v2\/pages\/533","targetHints":{"allow":["GET"]}}],"collection":[{"href":"https:\/\/agora.xtec.cat\/escolaelrouregros\/wp-json\/wp\/v2\/pages"}],"about":[{"href":"https:\/\/agora.xtec.cat\/escolaelrouregros\/wp-json\/wp\/v2\/types\/page"}],"author":[{"embeddable":true,"href":"https:\/\/agora.xtec.cat\/escolaelrouregros\/wp-json\/wp\/v2\/users\/6"}],"replies":[{"embeddable":true,"href":"https:\/\/agora.xtec.cat\/escolaelrouregros\/wp-json\/wp\/v2\/comments?post=533"}],"version-history":[{"count":4,"href":"https:\/\/agora.xtec.cat\/escolaelrouregros\/wp-json\/wp\/v2\/pages\/533\/revisions"}],"predecessor-version":[{"id":1422,"href":"https:\/\/agora.xtec.cat\/escolaelrouregros\/wp-json\/wp\/v2\/pages\/533\/revisions\/1422"}],"wp:attachment":[{"href":"https:\/\/agora.xtec.cat\/escolaelrouregros\/wp-json\/wp\/v2\/media?parent=533"}],"curies":[{"name":"wp","href":"https:\/\/api.w.org\/{rel}","templated":true}]}}