{"id":491,"date":"2021-10-04T10:23:00","date_gmt":"2021-10-04T08:23:00","guid":{"rendered":"https:\/\/agora.xtec.cat\/escolaelrouregros\/?page_id=491"},"modified":"2026-04-15T11:53:44","modified_gmt":"2026-04-15T09:53:44","slug":"secretaria","status":"publish","type":"page","link":"https:\/\/agora.xtec.cat\/escolaelrouregros\/secretaria\/","title":{"rendered":"Proc\u00e9s de preinscripci\u00f3 i matr\u00edcula curs 26-27"},"content":{"rendered":"<h3>Preinscripci\u00f3\u00a0 curs 2026-2027:<\/h3>\n<ul style=\"list-style-type: circle;\">\n<li><a href=\"https:\/\/preinscripcio.gencat.cat\/ca\/estudis\/infantil-3-6\/inici\/\">Preinscripci\u00f3 escolar a l&#8217;educaci\u00f3 infantil (3-6 anys):<\/a>\u00a0 \u00a0 \u00a0 \u00a0<strong>del 4 al 18 de mar\u00e7 de 2026<\/strong><\/li>\n<li><a href=\"https:\/\/preinscripcio.gencat.cat\/ca\/estudis\/primaria\/inici\/\">Preinscripci\u00f3 escolar a l&#8217;educaci\u00f3 prim\u00e0ria (6-12 anys):<\/a> \u00a0<strong>del 4 al 18 de mar\u00e7 de 2026<\/strong><\/li>\n<\/ul>\n<h3>Informaci\u00f3 del proc\u00e9s de preinscripci\u00f3 i matr\u00edcula curs 2026-2027:<\/h3>\n<ul>\n<li><a href=\"https:\/\/drive.google.com\/file\/d\/1ND1Dt9zIqqeSIHWeMGMgaCk-bhOpuw9W\/view?usp=drive_link\">Publicaci\u00f3 de l&#8217;oferta inicial de places:<\/a> <strong>3 de mar\u00e7<\/strong><\/li>\n<li>Presentaci\u00f3 i\/o modificaci\u00f3 de sol\u00b7licituds: <strong>del 4 al 18 de mar\u00e7<\/strong><\/li>\n<li><a href=\"https:\/\/drive.google.com\/file\/d\/1sP_-5JJQZ1zKDwAHQwnApZ-5O4qMmXYB\/view?usp=drive_link\">Publicaci\u00f3 de la llista de sol\u00b7licituds amb la puntuaci\u00f3 provisional: <\/a><strong>15 d&#8217;abril<\/strong><\/li>\n<li>Termini per presentar una reclamaci\u00f3: <strong>del 15 al 20 d&#8217;abril<\/strong><\/li>\n<li>Publicaci\u00f3 de la llista amb la puntuaci\u00f3, resoltes les reclamacions: <strong>23 d&#8217;abril<\/strong><\/li>\n<li>Sorteig del n\u00famero de desempat: <strong>28 d&#8217;abril<\/strong><\/li>\n<li>Publicaci\u00f3 de la llista ordenada: <strong>29 d&#8217;abril<\/strong><\/li>\n<li>Publicaci\u00f3 de la llista d&#8217;admesos i la llista d&#8217;espera: <strong>10 de juny<\/strong><\/li>\n<li>Matr\u00edcula: <strong>del 22 al 30 de juny<\/strong><\/li>\n<\/ul>\n<p>.<\/p>\n<h3><\/h3>\n<h3><\/h3>\n<h3><\/h3>\n<h3><\/h3>\n<p>&nbsp;<\/p>\n<p>&nbsp;<\/p>\n<h3><\/h3>\n<h3>Horari d&#8217;atenci\u00f3 al p\u00fablic de la Secretaria<\/h3>\n<h3><strong>de dilluns a divendres<\/strong><\/h3>\n<h3>de les 8 del mat\u00ed a 2\/4 de 4 de la tarda<\/h3>\n<p>&nbsp;<\/p>\n","protected":false},"excerpt":{"rendered":"<p>Preinscripci\u00f3\u00a0 curs 2026-2027:<\/p>\n<ul style=\"list-style-type: circle;\">\n<li><a href=\"https:\/\/preinscripcio.gencat.cat\/ca\/estudis\/infantil-3-6\/inici\/\">Preinscripci\u00f3 escolar a l&#8217;educaci\u00f3 infantil (3-6 anys):<\/a>\u00a0 \u00a0 \u00a0 \u00a0del 4 al 18 de mar\u00e7 de 2026<\/li>\n<li><a href=\"https:\/\/preinscripcio.gencat.cat\/ca\/estudis\/primaria\/inici\/\">Preinscripci\u00f3 escolar a l&#8217;educaci\u00f3 prim\u00e0ria (6-12 anys):<\/a> \u00a0del 4 al 18 de mar\u00e7 de 2026<\/li>\n<\/ul>\n<p>Informaci\u00f3 del proc\u00e9s de preinscripci\u00f3 i matr\u00edcula curs 2026-2027:<\/p>\n<ul>\n<li><a&hellip;  <a href=\"https:\/\/agora.xtec.cat\/escolaelrouregros\/secretaria\/\" title=\"Read Proc\u00e9s de preinscripci\u00f3 i matr\u00edcula curs 26-27\">Llegeix m\u00e9s\u00bb<\/a><br \/>\n","protected":false},"author":1,"featured_media":0,"parent":0,"menu_order":0,"comment_status":"closed","ping_status":"closed","template":"","meta":{"_bbp_topic_count":0,"_bbp_reply_count":0,"_bbp_total_topic_count":0,"_bbp_total_reply_count":0,"_bbp_voice_count":0,"_bbp_anonymous_reply_count":0,"_bbp_topic_count_hidden":0,"_bbp_reply_count_hidden":0,"_bbp_forum_subforum_count":0,"footnotes":""},"class_list":["post-491","page","type-page","status-publish","hentry"],"post_mailing_queue_ids":[],"_links":{"self":[{"href":"https:\/\/agora.xtec.cat\/escolaelrouregros\/wp-json\/wp\/v2\/pages\/491","targetHints":{"allow":["GET"]}}],"collection":[{"href":"https:\/\/agora.xtec.cat\/escolaelrouregros\/wp-json\/wp\/v2\/pages"}],"about":[{"href":"https:\/\/agora.xtec.cat\/escolaelrouregros\/wp-json\/wp\/v2\/types\/page"}],"author":[{"embeddable":true,"href":"https:\/\/agora.xtec.cat\/escolaelrouregros\/wp-json\/wp\/v2\/users\/1"}],"replies":[{"embeddable":true,"href":"https:\/\/agora.xtec.cat\/escolaelrouregros\/wp-json\/wp\/v2\/comments?post=491"}],"version-history":[{"count":6,"href":"https:\/\/agora.xtec.cat\/escolaelrouregros\/wp-json\/wp\/v2\/pages\/491\/revisions"}],"predecessor-version":[{"id":2718,"href":"https:\/\/agora.xtec.cat\/escolaelrouregros\/wp-json\/wp\/v2\/pages\/491\/revisions\/2718"}],"wp:attachment":[{"href":"https:\/\/agora.xtec.cat\/escolaelrouregros\/wp-json\/wp\/v2\/media?parent=491"}],"curies":[{"name":"wp","href":"https:\/\/api.w.org\/{rel}","templated":true}]}}