{"id":1303,"date":"2022-09-02T19:20:33","date_gmt":"2022-09-02T17:20:33","guid":{"rendered":"https:\/\/agora.xtec.cat\/escolaelrouregros\/?page_id=1303"},"modified":"2022-10-03T13:51:59","modified_gmt":"2022-10-03T11:51:59","slug":"objectius-de-lafa","status":"publish","type":"page","link":"https:\/\/agora.xtec.cat\/escolaelrouregros\/afa\/objectius-de-lafa\/","title":{"rendered":"Objectius de l&#8217;AFA"},"content":{"rendered":"<div class=\"text\">\n<ul>\n<li>Donar suport i assist\u00e8ncia als membres de l\u2019associaci\u00f3 (socis), als docents, a les fam\u00edlies i a l\u2019alumnat del centre en tot all\u00f2 que fa refer\u00e8ncia a l\u2019educaci\u00f3 en el context escolar.<\/li>\n<li>Promoure la participaci\u00f3 de les fam\u00edlies en la gesti\u00f3 del centre.<\/li>\n<li>Representar el conjunt de fam\u00edlies davant els diferents \u00f2rgans p\u00fablics (ajuntament, Consell Comarcal, etc.).<\/li>\n<li>Facilitar la col\u00b7laboraci\u00f3 del centre en els \u00e0mbits social i cultural de l\u2019entorn.<\/li>\n<li>Col\u00b7laborar en les activitats educatives del centre.<\/li>\n<li>Promoure activitats formatives per a les fam\u00edlies.<\/li>\n<li>Actuar sense \u00e0nim de lucre vetllant per l\u2019enriquiment personal i educatiu dels infants del centre.<\/li>\n<\/ul>\n<p>&nbsp;<\/p>\n<\/div>\n","protected":false},"excerpt":{"rendered":"<ul>\n<li>Donar suport i assist\u00e8ncia als membres de l\u2019associaci\u00f3 (socis), als docents, a les fam\u00edlies i a l\u2019alumnat del centre en tot all\u00f2 que fa refer\u00e8ncia a l\u2019educaci\u00f3 en el context escolar.<\/li>\n<li>Promoure la participaci\u00f3 de les fam\u00edlies en la gesti\u00f3 del centre.<\/li>\n<li>Representar el conjunt de fam\u00edlies&hellip;  <a href=\"https:\/\/agora.xtec.cat\/escolaelrouregros\/afa\/objectius-de-lafa\/\" title=\"Read Objectius de l&#8217;AFA\">Llegeix m\u00e9s\u00bb<\/a><br \/>\n","protected":false},"author":14,"featured_media":0,"parent":1299,"menu_order":0,"comment_status":"closed","ping_status":"closed","template":"page-templates\/side-menu.php","meta":{"_bbp_topic_count":0,"_bbp_reply_count":0,"_bbp_total_topic_count":0,"_bbp_total_reply_count":0,"_bbp_voice_count":0,"_bbp_anonymous_reply_count":0,"_bbp_topic_count_hidden":0,"_bbp_reply_count_hidden":0,"_bbp_forum_subforum_count":0,"footnotes":""},"class_list":["post-1303","page","type-page","status-publish","hentry"],"post_mailing_queue_ids":[],"_links":{"self":[{"href":"https:\/\/agora.xtec.cat\/escolaelrouregros\/wp-json\/wp\/v2\/pages\/1303","targetHints":{"allow":["GET"]}}],"collection":[{"href":"https:\/\/agora.xtec.cat\/escolaelrouregros\/wp-json\/wp\/v2\/pages"}],"about":[{"href":"https:\/\/agora.xtec.cat\/escolaelrouregros\/wp-json\/wp\/v2\/types\/page"}],"author":[{"embeddable":true,"href":"https:\/\/agora.xtec.cat\/escolaelrouregros\/wp-json\/wp\/v2\/users\/14"}],"replies":[{"embeddable":true,"href":"https:\/\/agora.xtec.cat\/escolaelrouregros\/wp-json\/wp\/v2\/comments?post=1303"}],"version-history":[{"count":3,"href":"https:\/\/agora.xtec.cat\/escolaelrouregros\/wp-json\/wp\/v2\/pages\/1303\/revisions"}],"predecessor-version":[{"id":1463,"href":"https:\/\/agora.xtec.cat\/escolaelrouregros\/wp-json\/wp\/v2\/pages\/1303\/revisions\/1463"}],"up":[{"embeddable":true,"href":"https:\/\/agora.xtec.cat\/escolaelrouregros\/wp-json\/wp\/v2\/pages\/1299"}],"wp:attachment":[{"href":"https:\/\/agora.xtec.cat\/escolaelrouregros\/wp-json\/wp\/v2\/media?parent=1303"}],"curies":[{"name":"wp","href":"https:\/\/api.w.org\/{rel}","templated":true}]}}