{"id":1301,"date":"2022-09-02T19:20:33","date_gmt":"2022-09-02T17:20:33","guid":{"rendered":"https:\/\/agora.xtec.cat\/escolaelrouregros\/?page_id=1301"},"modified":"2022-10-03T13:51:22","modified_gmt":"2022-10-03T11:51:22","slug":"qui-som","status":"publish","type":"page","link":"https:\/\/agora.xtec.cat\/escolaelrouregros\/afa\/qui-som\/","title":{"rendered":"Qui som?"},"content":{"rendered":"<div class=\"text\"><span style=\"font-family: inherit; font-size: 1em;\">La composici\u00f3 de la Junta actual est\u00e0 formada per 12 membres:<\/span><\/div>\n<div class=\"text\">\n<p>La Marta Crespo, la Zaida Chamayou, l&#8217;Ernest Rueda, l&#8217;\u00c0ngel Serra, en Tomas Viguurs, l&#8217;Eloi Arisa, l&#8217;Anna Gonfaus, la Clara Maym\u00f3, l&#8217;I\u00f1aki Castillo, la Maria Eril, en Chano Powell i la Lorena Velasquez.<\/p>\n<\/div>\n","protected":false},"excerpt":{"rendered":"<p>La composici\u00f3 de la Junta actual est\u00e0 formada per 12 membres:<\/p>\n<p>La Marta Crespo, la Zaida Chamayou, l&#8217;Ernest Rueda, l&#8217;\u00c0ngel Serra, en Tomas Viguurs, l&#8217;Eloi Arisa, l&#8217;Anna Gonfaus, la Clara Maym\u00f3, l&#8217;I\u00f1aki Castillo, la Maria Eril, en Chano Powell i la Lorena Velasquez.<\/p>\n","protected":false},"author":14,"featured_media":0,"parent":1299,"menu_order":0,"comment_status":"closed","ping_status":"closed","template":"page-templates\/side-menu.php","meta":{"_bbp_topic_count":0,"_bbp_reply_count":0,"_bbp_total_topic_count":0,"_bbp_total_reply_count":0,"_bbp_voice_count":0,"_bbp_anonymous_reply_count":0,"_bbp_topic_count_hidden":0,"_bbp_reply_count_hidden":0,"_bbp_forum_subforum_count":0,"footnotes":""},"class_list":["post-1301","page","type-page","status-publish","hentry"],"post_mailing_queue_ids":[],"_links":{"self":[{"href":"https:\/\/agora.xtec.cat\/escolaelrouregros\/wp-json\/wp\/v2\/pages\/1301","targetHints":{"allow":["GET"]}}],"collection":[{"href":"https:\/\/agora.xtec.cat\/escolaelrouregros\/wp-json\/wp\/v2\/pages"}],"about":[{"href":"https:\/\/agora.xtec.cat\/escolaelrouregros\/wp-json\/wp\/v2\/types\/page"}],"author":[{"embeddable":true,"href":"https:\/\/agora.xtec.cat\/escolaelrouregros\/wp-json\/wp\/v2\/users\/14"}],"replies":[{"embeddable":true,"href":"https:\/\/agora.xtec.cat\/escolaelrouregros\/wp-json\/wp\/v2\/comments?post=1301"}],"version-history":[{"count":3,"href":"https:\/\/agora.xtec.cat\/escolaelrouregros\/wp-json\/wp\/v2\/pages\/1301\/revisions"}],"predecessor-version":[{"id":1469,"href":"https:\/\/agora.xtec.cat\/escolaelrouregros\/wp-json\/wp\/v2\/pages\/1301\/revisions\/1469"}],"up":[{"embeddable":true,"href":"https:\/\/agora.xtec.cat\/escolaelrouregros\/wp-json\/wp\/v2\/pages\/1299"}],"wp:attachment":[{"href":"https:\/\/agora.xtec.cat\/escolaelrouregros\/wp-json\/wp\/v2\/media?parent=1301"}],"curies":[{"name":"wp","href":"https:\/\/api.w.org\/{rel}","templated":true}]}}