{"id":1299,"date":"2022-09-02T19:20:33","date_gmt":"2022-09-02T17:20:33","guid":{"rendered":"https:\/\/agora.xtec.cat\/escolaelrouregros\/?page_id=1299"},"modified":"2022-10-03T13:53:03","modified_gmt":"2022-10-03T11:53:03","slug":"afa","status":"publish","type":"page","link":"https:\/\/agora.xtec.cat\/escolaelrouregros\/afa\/","title":{"rendered":"Associaci\u00f3 de Fam\u00edlies d&#8217;Alumnes"},"content":{"rendered":"<div class=\"text\"><a href=\"https:\/\/agora.xtec.cat\/escolaelrouregros\/wp-content\/uploads\/usu2660\/2022\/10\/logo_afa.jpg\"><img loading=\"lazy\" decoding=\"async\" class=\"size-full wp-image-1458 aligncenter\" src=\"https:\/\/agora.xtec.cat\/escolaelrouregros\/wp-content\/uploads\/usu2660\/2022\/10\/logo_afa.jpg\" alt=\"\" width=\"272\" height=\"198\" \/><\/a><\/div>\n<div class=\"text\">L&#8217;AFA d&#8217;El Roure Gros som una associaci\u00f3 sense \u00e0nim de lucre, constitu\u00efda legalment.<\/div>\n<div class=\"text\">Organitzar-nos com a AFA \u00e9s la forma m\u00e9s efica\u00e7 que tenim les fam\u00edlies per representar-nos. El nostre funcionament es basa amb el di\u00e0leg i la col\u00b7laboraci\u00f3 amb els diversos agents de la comunitat educativa.<\/div>\n<div class=\"text\">Totes les fam\u00edlies amb infants a l\u2019escola podem fer-nos socis de l\u2019AFA i a partir d\u2019un petit pagament anual podem participar en el manteniment de l\u2019AFA i les activitats que aquesta desenvolupa.<\/div>\n","protected":false},"excerpt":{"rendered":"<p><a href=\"https:\/\/agora.xtec.cat\/escolaelrouregros\/wp-content\/uploads\/usu2660\/2022\/10\/logo_afa.jpg\"><\/a><br \/>\nL&#8217;AFA d&#8217;El Roure Gros som una associaci\u00f3 sense \u00e0nim de lucre, constitu\u00efda legalment.<br \/>\nOrganitzar-nos com a AFA \u00e9s la forma m\u00e9s efica\u00e7 que tenim les fam\u00edlies per representar-nos. El nostre funcionament es basa amb el di\u00e0leg i la col\u00b7laboraci\u00f3 amb els diversos agents de la&hellip;  <a href=\"https:\/\/agora.xtec.cat\/escolaelrouregros\/afa\/\" title=\"Read Associaci\u00f3 de Fam\u00edlies d&#8217;Alumnes\">Llegeix m\u00e9s\u00bb<\/a><\/p>\n","protected":false},"author":14,"featured_media":0,"parent":0,"menu_order":0,"comment_status":"closed","ping_status":"closed","template":"page-templates\/side-menu.php","meta":{"_bbp_topic_count":0,"_bbp_reply_count":0,"_bbp_total_topic_count":0,"_bbp_total_reply_count":0,"_bbp_voice_count":0,"_bbp_anonymous_reply_count":0,"_bbp_topic_count_hidden":0,"_bbp_reply_count_hidden":0,"_bbp_forum_subforum_count":0,"footnotes":""},"class_list":["post-1299","page","type-page","status-publish","hentry"],"post_mailing_queue_ids":[],"_links":{"self":[{"href":"https:\/\/agora.xtec.cat\/escolaelrouregros\/wp-json\/wp\/v2\/pages\/1299","targetHints":{"allow":["GET"]}}],"collection":[{"href":"https:\/\/agora.xtec.cat\/escolaelrouregros\/wp-json\/wp\/v2\/pages"}],"about":[{"href":"https:\/\/agora.xtec.cat\/escolaelrouregros\/wp-json\/wp\/v2\/types\/page"}],"author":[{"embeddable":true,"href":"https:\/\/agora.xtec.cat\/escolaelrouregros\/wp-json\/wp\/v2\/users\/14"}],"replies":[{"embeddable":true,"href":"https:\/\/agora.xtec.cat\/escolaelrouregros\/wp-json\/wp\/v2\/comments?post=1299"}],"version-history":[{"count":3,"href":"https:\/\/agora.xtec.cat\/escolaelrouregros\/wp-json\/wp\/v2\/pages\/1299\/revisions"}],"predecessor-version":[{"id":1460,"href":"https:\/\/agora.xtec.cat\/escolaelrouregros\/wp-json\/wp\/v2\/pages\/1299\/revisions\/1460"}],"wp:attachment":[{"href":"https:\/\/agora.xtec.cat\/escolaelrouregros\/wp-json\/wp\/v2\/media?parent=1299"}],"curies":[{"name":"wp","href":"https:\/\/api.w.org\/{rel}","templated":true}]}}