{"id":3991,"date":"2023-12-13T12:15:01","date_gmt":"2023-12-13T11:15:01","guid":{"rendered":"https:\/\/agora.xtec.cat\/escolaelrouredepontons\/?page_id=3991"},"modified":"2024-02-07T12:13:53","modified_gmt":"2024-02-07T11:13:53","slug":"documentacio","status":"publish","type":"page","link":"https:\/\/agora.xtec.cat\/escolaelrouredepontons\/documentacio\/","title":{"rendered":"DOCUMENTACI\u00d3"},"content":{"rendered":"<p style=\"text-align: left;\">Aqu\u00ed pots trobar els principals documents que regeixen el dia a dia del nostre centre.<\/p>\n<p><a class=\"button normal\" style=\"padding: 1em; font-weight: 400; margin: 0.1em; color: white !important; background-color: #92ae01bf;\" href=\"https:\/\/agora.xtec.cat\/escolaelrouredepontons\/wp-content\/uploads\/usu80\/2021\/09\/Escola-El-Roure-PEC-1.pdf\" rel=\"noopener noreferrer\">PROJECTE EDUCATIU DE CENTRE<\/a><\/p>\n<p>El projecte educatiu de centre (PEC) de l&#8217;escola el Roure \u00e9s el document que inclou els trets d&#8217;identitat del centre, els principis pedag\u00f2gics i els principis organitzatius.<\/p>\n<p>En aquest document s&#8217;especifiquen els valors, els objectius i les prioritats d&#8217;actuaci\u00f3 del centre, la concreci\u00f3 dels curr\u00edculums que s&#8217;imparteixen i el tractament transversal en les \u00e0rees, mat\u00e8ries o m\u00f2duls de l&#8217;educaci\u00f3 en valors i altres ensenyaments.<\/p>\n<p>Actualment el nostre PEC es troba en revisi\u00f3 per tal de donar cabuda a les noves metodol\u00f2giques que emprem.<\/p>\n<p>&nbsp;<\/p>\n<p><a class=\"button normal\" style=\"padding: 1em; font-weight: 400; margin: 0.1em; color: white !important; background-color: #92ae01bf;\" href=\"https:\/\/agora.xtec.cat\/escolaelrouredepontons\/wp-content\/uploads\/usu80\/2021\/09\/Escola-El-Roure-PEC-1.pdf\" rel=\"noopener noreferrer\">NORMES D&#8217;ORGANITZACI\u00d3 I FUNCIONAMENT DE CENTRE<\/a><\/p>\n<p>Les Normes d\u2019Organitzaci\u00f3 i Funcionament del Centre, que formen part del projecte educatiu, \u00e9s el document que recull de manera ordenada els preceptes que regeixen la nostra organitzaci\u00f3 i les interrelacions de la vida escolar.<\/p>\n<p>Aquest document \u00e9s l\u2019instrument regulador de la vida interna del centre, que concreta els seg\u00fcents aspectes:<br \/>\n1- Les relacions entre els diferents sectors que formen part de la comunitat educativa.<\/p>\n<p>2- Les normes i\/o pautes a seguir per tots\/es aquells\/es que participen en el proc\u00e9s educatiu dels alumnes del centre.<br \/>\n3- Els drets i deures dels diferents sectors que conformen l&#8217;escola que cal garantir\u00a0 fixa els procediments; adapta la normativa general a la nostra realitat i estableix l\u2019espec\u00edfica pel nostre centre educatiu.<\/p>\n<p>Actualment estem renovant aquest document.<\/p>\n<p>&nbsp;<\/p>\n<p><a class=\"button normal\" style=\"padding: 1em; font-weight: 400; margin: 0.1em; color: white !important; background-color: #92ae01bf;\" href=\"https:\/\/agora.xtec.cat\/escolaelrouredepontons\/wp-content\/uploads\/usu80\/2021\/03\/Escola-El-Roure-PLC-x-web.pdf\" rel=\"noopener noreferrer\">PROJECTE LING\u00dc\u00cdSTIC<\/a><\/p>\n<p>El projecte ling\u00fc\u00edstic \u00e9s un document on recollim els aspectes relatius a l&#8217;ensenyament i a l&#8217;\u00fas de les lleng\u00fces en el nostre centre educatiu.<\/p>\n<p>En aquest document queden definits el tractament de la llengua catalana com a llengua vehicular i d&#8217;aprenentatge, el proc\u00e9s d&#8217;ensenyament i aprenentatge de la llengua castellana, les diferents opcions amb refer\u00e8ncia a les lleng\u00fces estrangeres i els criteris generals per a les adequacions de les lleng\u00fces a la realitat socioling\u00fc\u00edstica del centre.<\/p>\n<p>Actualment el PL es troba en revisi\u00f3, donat que hem iniciat un nou projecte de direcci\u00f3 i cal actualitzar els objectius a mig i llar termini, aix\u00ed com les metodologies que emprarem per aconseguir aquests objectius.<\/p>\n<p>&nbsp;<\/p>\n<p><a class=\"button normal\" style=\"padding: 1em; font-weight: 400; margin: 0.1em; color: white !important; background-color: #92ae01bf;\" href=\"https:\/\/\" rel=\"noopener noreferrer\">PROJECTE DE COMUNICACI\u00d3<\/a><\/p>\n<p>El Pla de Comunicaci\u00f3 explica com organitzem les comunicacions internes i externes de l\u2019escola. El seu objectiu \u00e9s establir una comunicaci\u00f3 eficient i efica\u00e7 amb tots els membres de la comunitat educativa, tan interna com externament i marca els canals de comunicaci\u00f3\u00a0 i accions a desenvolupar per aconseguir una comunicaci\u00f3 transparent i eficient.<\/p>\n<p>Actualment el nostre Projecte de Comunicaci\u00f3 es troba en revisi\u00f3. Hi estem treballant, en breu ho podreu trobar en aquesta secci\u00f3.<\/p>\n<p>&nbsp;<\/p>\n<p><a class=\"button normal\" style=\"padding: 1em; font-weight: 400; margin: 0.1em; color: white !important; background-color: #92ae01bf;\" href=\"https:\/\/agora.xtec.cat\/escolaelrouredepontons\/wp-content\/uploads\/usu80\/2024\/01\/Programacio-General-Anual-2023-2024.pdf\" rel=\"noopener noreferrer\">PROGRAMACI\u00d3 GENERAL ANUAL<\/a><\/p>\n<p>La Programaci\u00f3 General Anual \u00e9s el document normatiu que concreta les actuacions per a cada curs a partir del Projecte Educatiu de Centre: objectius, actuacions i indicadors d&#8217;avaluaci\u00f3. D&#8217;altra banda recull el funcionament i organitzaci\u00f3 del curs que conformen la planificaci\u00f3 de l&#8217;any escolar.<\/p>\n<p>La PGA \u00e9s valorada al final del curs a partir dels indicadors d\u2019avaluaci\u00f3 previstos a l\u2019inici. La Mem\u00f2ria del curs recollir\u00e0 la valoraci\u00f3 de les actuacions fetes i pendents.<\/p>\n<p>&nbsp;<\/p>\n<p><a class=\"button normal\" style=\"padding: 1em; font-weight: 400; margin: 0.1em; color: white !important; background-color: #92ae01bf;\" href=\"https:\/\/\" rel=\"noopener noreferrer\">ACORDS DEL CONSELL ESCOLAR<\/a><\/p>\n<p>El consell escolar del centre \u00e9s l&#8217;<strong>\u00f2rgan col\u00b7legiat de participaci\u00f3<\/strong> de la comunitat escolar en el govern del centre. En el consell escolar hi ha representats tots els col\u00b7lectius que intervenen en la comunitat educativa: director o directora, professorat, personal d&#8217;administraci\u00f3 i serveis, fam\u00edlies, AFA, etc.<\/p>\n<p>&nbsp;<\/p>\n<p><a class=\"button normal\" style=\"padding: 1em; font-weight: 400; margin: 0.1em; color: white !important; background-color: #92ae01bf;\" href=\"https:\/\/agora.xtec.cat\/escolaelrouredepontons\/documentacio\/edc-estrategia-digital-de-centre\/\" rel=\"noopener noreferrer\">ESTRAT\u00c8GIA DIGITAL DE CENTRE<\/a><\/p>\n<p>L&#8217;estrat\u00e8gia digital de centre (EDC) defineix i concreta les l\u00ednies d&#8217;actuaci\u00f3 d&#8217;un centre que fan possible que docents, alumnat i centre assoleixin la compet\u00e8ncia digital.<\/p>\n","protected":false},"excerpt":{"rendered":"<p>Aqu\u00ed pots trobar els principals documents que regeixen el dia a dia del nostre centre.<br \/>\n<a class=\"button normal\" style=\"padding: 1em; font-weight: 400; margin: 0.1em; color: white !important; background-color: #92ae01bf;\" href=\"https:\/\/agora.xtec.cat\/escolaelrouredepontons\/wp-content\/uploads\/usu80\/2021\/09\/Escola-El-Roure-PEC-1.pdf\" rel=\"noopener noreferrer\">PROJECTE EDUCATIU DE CENTRE<\/a><br \/>\nEl projecte educatiu de centre (PEC) de l&#8217;escola el Roure \u00e9s el&hellip;  <a href=\"https:\/\/agora.xtec.cat\/escolaelrouredepontons\/documentacio\/\" title=\"Read DOCUMENTACI\u00d3\">Llegeix m\u00e9s\u00bb<\/a><\/p>\n","protected":false},"author":1,"featured_media":0,"parent":0,"menu_order":0,"comment_status":"closed","ping_status":"closed","template":"","meta":{"_bbp_topic_count":0,"_bbp_reply_count":0,"_bbp_total_topic_count":0,"_bbp_total_reply_count":0,"_bbp_voice_count":0,"_bbp_anonymous_reply_count":0,"_bbp_topic_count_hidden":0,"_bbp_reply_count_hidden":0,"_bbp_forum_subforum_count":0,"footnotes":""},"class_list":["post-3991","page","type-page","status-publish","hentry"],"post_mailing_queue_ids":[],"_links":{"self":[{"href":"https:\/\/agora.xtec.cat\/escolaelrouredepontons\/wp-json\/wp\/v2\/pages\/3991","targetHints":{"allow":["GET"]}}],"collection":[{"href":"https:\/\/agora.xtec.cat\/escolaelrouredepontons\/wp-json\/wp\/v2\/pages"}],"about":[{"href":"https:\/\/agora.xtec.cat\/escolaelrouredepontons\/wp-json\/wp\/v2\/types\/page"}],"author":[{"embeddable":true,"href":"https:\/\/agora.xtec.cat\/escolaelrouredepontons\/wp-json\/wp\/v2\/users\/1"}],"replies":[{"embeddable":true,"href":"https:\/\/agora.xtec.cat\/escolaelrouredepontons\/wp-json\/wp\/v2\/comments?post=3991"}],"version-history":[{"count":7,"href":"https:\/\/agora.xtec.cat\/escolaelrouredepontons\/wp-json\/wp\/v2\/pages\/3991\/revisions"}],"predecessor-version":[{"id":4172,"href":"https:\/\/agora.xtec.cat\/escolaelrouredepontons\/wp-json\/wp\/v2\/pages\/3991\/revisions\/4172"}],"wp:attachment":[{"href":"https:\/\/agora.xtec.cat\/escolaelrouredepontons\/wp-json\/wp\/v2\/media?parent=3991"}],"curies":[{"name":"wp","href":"https:\/\/api.w.org\/{rel}","templated":true}]}}