{"id":3953,"date":"2023-12-12T10:55:16","date_gmt":"2023-12-12T09:55:16","guid":{"rendered":"https:\/\/agora.xtec.cat\/escolaelrouredepontons\/?page_id=3953"},"modified":"2025-02-18T18:02:22","modified_gmt":"2025-02-18T17:02:22","slug":"portada","status":"publish","type":"page","link":"https:\/\/agora.xtec.cat\/escolaelrouredepontons\/","title":{"rendered":"PORTADA"},"content":{"rendered":"<p style=\"text-align: center;\"><span style=\"font-family: 'Amatic SC'; font-size: 40px;\">BENVINGUTS AL ROURE!!<\/span><\/p>\n<p>Som una petita escola rural en un entorn privilegiat. El nostre tret distintiu \u00e9s l&#8217;atenci\u00f3 totalment individualitzada, acompanyant a cada alumne, dins el seu ritme, en el seu proc\u00e9s d&#8217;aprenentatge. Vine a con\u00e8ixer-nos!!<\/p>\n<p><a href=\"https:\/\/agora.xtec.cat\/escolaelrouredepontons\/wp-content\/uploads\/usu80\/2024\/02\/Cartell-Tornada-a-lescola-Infantil-Doodle-groc-i-negre.jpg\"><br \/>\n<img loading=\"lazy\" decoding=\"async\" class=\"aligncenter size-full wp-image-4175\" src=\"https:\/\/agora.xtec.cat\/escolaelrouredepontons\/wp-content\/uploads\/usu80\/2024\/02\/Cartell-Tornada-a-lescola-Infantil-Doodle-groc-i-negre.jpg\" alt=\"\" width=\"1587\" height=\"2245\" srcset=\"https:\/\/agora.xtec.cat\/escolaelrouredepontons\/wp-content\/uploads\/usu80\/2024\/02\/Cartell-Tornada-a-lescola-Infantil-Doodle-groc-i-negre.jpg 1587w, https:\/\/agora.xtec.cat\/escolaelrouredepontons\/wp-content\/uploads\/usu80\/2024\/02\/Cartell-Tornada-a-lescola-Infantil-Doodle-groc-i-negre-212x300.jpg 212w, https:\/\/agora.xtec.cat\/escolaelrouredepontons\/wp-content\/uploads\/usu80\/2024\/02\/Cartell-Tornada-a-lescola-Infantil-Doodle-groc-i-negre-724x1024.jpg 724w, https:\/\/agora.xtec.cat\/escolaelrouredepontons\/wp-content\/uploads\/usu80\/2024\/02\/Cartell-Tornada-a-lescola-Infantil-Doodle-groc-i-negre-768x1086.jpg 768w, https:\/\/agora.xtec.cat\/escolaelrouredepontons\/wp-content\/uploads\/usu80\/2024\/02\/Cartell-Tornada-a-lescola-Infantil-Doodle-groc-i-negre-1086x1536.jpg 1086w, https:\/\/agora.xtec.cat\/escolaelrouredepontons\/wp-content\/uploads\/usu80\/2024\/02\/Cartell-Tornada-a-lescola-Infantil-Doodle-groc-i-negre-1448x2048.jpg 1448w\" sizes=\"auto, (max-width: 1587px) 100vw, 1587px\" \/><\/a><\/p>\n","protected":false},"excerpt":{"rendered":"<p>BENVINGUTS AL ROURE!!<br \/>\nSom una petita escola rural en un entorn privilegiat. El nostre tret distintiu \u00e9s l&#8217;atenci\u00f3 totalment individualitzada, acompanyant a cada alumne, dins el seu ritme, en el seu proc\u00e9s d&#8217;aprenentatge. Vine a con\u00e8ixer-nos!!<br \/>\n<a href=\"https:\/\/agora.xtec.cat\/escolaelrouredepontons\/wp-content\/uploads\/usu80\/2024\/02\/Cartell-Tornada-a-lescola-Infantil-Doodle-groc-i-negre.jpg\"><br \/>\n<\/a><\/p>\n","protected":false},"author":1,"featured_media":0,"parent":0,"menu_order":0,"comment_status":"closed","ping_status":"closed","template":"page-templates\/front-page.php","meta":{"_bbp_topic_count":0,"_bbp_reply_count":0,"_bbp_total_topic_count":0,"_bbp_total_reply_count":0,"_bbp_voice_count":0,"_bbp_anonymous_reply_count":0,"_bbp_topic_count_hidden":0,"_bbp_reply_count_hidden":0,"_bbp_forum_subforum_count":0,"footnotes":""},"class_list":["post-3953","page","type-page","status-publish","hentry"],"post_mailing_queue_ids":[],"_links":{"self":[{"href":"https:\/\/agora.xtec.cat\/escolaelrouredepontons\/wp-json\/wp\/v2\/pages\/3953","targetHints":{"allow":["GET"]}}],"collection":[{"href":"https:\/\/agora.xtec.cat\/escolaelrouredepontons\/wp-json\/wp\/v2\/pages"}],"about":[{"href":"https:\/\/agora.xtec.cat\/escolaelrouredepontons\/wp-json\/wp\/v2\/types\/page"}],"author":[{"embeddable":true,"href":"https:\/\/agora.xtec.cat\/escolaelrouredepontons\/wp-json\/wp\/v2\/users\/1"}],"replies":[{"embeddable":true,"href":"https:\/\/agora.xtec.cat\/escolaelrouredepontons\/wp-json\/wp\/v2\/comments?post=3953"}],"version-history":[{"count":6,"href":"https:\/\/agora.xtec.cat\/escolaelrouredepontons\/wp-json\/wp\/v2\/pages\/3953\/revisions"}],"predecessor-version":[{"id":4180,"href":"https:\/\/agora.xtec.cat\/escolaelrouredepontons\/wp-json\/wp\/v2\/pages\/3953\/revisions\/4180"}],"wp:attachment":[{"href":"https:\/\/agora.xtec.cat\/escolaelrouredepontons\/wp-json\/wp\/v2\/media?parent=3953"}],"curies":[{"name":"wp","href":"https:\/\/api.w.org\/{rel}","templated":true}]}}