{"id":3935,"date":"2023-11-17T10:13:13","date_gmt":"2023-11-17T09:13:13","guid":{"rendered":"https:\/\/agora.xtec.cat\/escolaelrouredepontons\/?page_id=3935"},"modified":"2024-01-29T17:47:15","modified_gmt":"2024-01-29T16:47:15","slug":"col%c2%b7laboracions-2","status":"publish","type":"page","link":"https:\/\/agora.xtec.cat\/escolaelrouredepontons\/col%c2%b7laboracions-2\/","title":{"rendered":"COL\u00b7LABORACIONS"},"content":{"rendered":"<h2><a href=\"https:\/\/agora.xtec.cat\/escolaelrouredepontons\/wp-content\/uploads\/usu80\/2024\/01\/COLABORACIO.png\"><br \/>\n<img loading=\"lazy\" decoding=\"async\" class=\"wp-image-4091 alignright\" src=\"https:\/\/agora.xtec.cat\/escolaelrouredepontons\/wp-content\/uploads\/usu80\/2024\/01\/COLABORACIO.png\" alt=\"\" width=\"300\" height=\"312\" srcset=\"https:\/\/agora.xtec.cat\/escolaelrouredepontons\/wp-content\/uploads\/usu80\/2024\/01\/COLABORACIO.png 591w, https:\/\/agora.xtec.cat\/escolaelrouredepontons\/wp-content\/uploads\/usu80\/2024\/01\/COLABORACIO-288x300.png 288w\" sizes=\"auto, (max-width: 300px) 100vw, 300px\" \/><\/a><\/h2>\n<h2 style=\"text-align: center;\"><strong><span style=\"font-size: 24pt;\">\u00a0 AJUNTAMENT DE PONTONS<\/span><\/strong><\/h2>\n<p>&nbsp;<\/p>\n<p><span style=\"font-size: 14pt;\"><span style=\"font-weight: 400;\">L\u2019<\/span><span style=\"font-weight: 400;\">Ajuntament De Pontons<\/span><span style=\"font-weight: 400;\"> col\u00b7labora activament amb l\u2019escola, ajudant econ\u00f2micament en la realitzaci\u00f3 de diferents activitats pels alumnes tals com:<\/span><\/span><\/p>\n<p>&nbsp;<\/p>\n<ul>\n<li style=\"font-weight: 400;\" aria-level=\"1\"><span style=\"font-weight: 400; font-size: 14pt;\">Sessions de piscina al Complex Poliesportiu de Vilafranca<\/span><\/li>\n<\/ul>\n<ul>\n<li style=\"font-weight: 400;\" aria-level=\"1\"><span style=\"font-weight: 400; font-size: 14pt;\">Transport de piscina al Complex Poliesportiu de Vilafranca<\/span><\/li>\n<\/ul>\n<ul>\n<li style=\"font-weight: 400;\" aria-level=\"1\"><span style=\"font-weight: 400; font-size: 14pt;\">Dotacions econ\u00f2miques\u00a0 pel servei de menjador<\/span><\/li>\n<\/ul>\n<ul>\n<li style=\"font-weight: 400;\" aria-level=\"1\"><span style=\"font-weight: 400; font-size: 14pt;\">Dotacions econ\u00f2miques per material escolar<\/span><\/li>\n<\/ul>\n<ul>\n<li style=\"font-weight: 400;\" aria-level=\"1\"><span style=\"font-weight: 400; font-size: 14pt;\">Col\u00b7laboraci\u00f3 en l\u2019adequaci\u00f3 dels espais necessaris del Centre C\u00edvic i la Pla\u00e7a de l\u2019Ajuntament per les festes de Nadal, Carnaval i Sant Jordi.<\/span><\/li>\n<\/ul>\n<p>&nbsp;<\/p>\n<h2 style=\"text-align: center;\"><strong><span style=\"font-size: 24pt;\">AGENTS FORESTALS<\/span><\/strong><\/h2>\n<p>&nbsp;<\/p>\n<p><span style=\"font-size: 14pt;\"><span style=\"font-weight: 400;\">Vivim en un entorn privilegiat on hi ha una flora i fauna que cal preservar. Per tal de conscienciar als nostres alumnes d&#8217;aquest tresor els <\/span><span style=\"font-weight: 400;\">agents forestals<\/span><span style=\"font-weight: 400;\"> ofereixen activitats gratu\u00eftes al centre per treballar l\u2019ecosistema, la fauna i la cura del nostre entorn natural proper.<\/span><\/span><\/p>\n<p>&nbsp;<\/p>\n<h2 style=\"text-align: center;\"><strong><span style=\"font-size: 24pt;\">FAM\u00cdLIES DE L&#8217;ESCOLA<\/span><\/strong><\/h2>\n<p><span style=\"font-size: 14pt;\"><span style=\"font-weight: 400;\">La comunicaci\u00f3 amb les fam\u00edlies \u00e9s molt important. Considerem que \u00e9s fonamental crear vincles positius entre l&#8217;escola i la fam\u00edlia, vincles que repercuteixen directament en el benestar dels nostres alumnes.<\/span><\/span><\/p>\n<p><span style=\"font-size: 14pt;\"><span style=\"font-weight: 400;\">Les <\/span><span style=\"font-weight: 400;\">fam\u00edlies<\/span><span style=\"font-weight: 400;\"> de l\u2019escola tamb\u00e9 col\u00b7laboren en les diferents activitats i festes que realitzem a l\u2019escola.\u00a0<\/span><\/span><\/p>\n<h2 style=\"text-align: center;\"><strong><span style=\"font-size: 24pt;\">\u00a0 GENT GRAN DEL POBLE<\/span><\/strong><\/h2>\n<p>&nbsp;<br \/>\n<span style=\"font-size: 14pt;\">Creiem que \u00e9s\u00a0 molt important crear vincles generacionals on ambdues parts gaudeixin i aprenguin m\u00fatuament. \u00c9s per a<\/span><span style=\"font-size: 14pt;\">quest motiu que durant el curs portem a la pr\u00e0ctica diverses activitats compartides amb la gent gran del poble, ja sigui relacionades amb les festes que celebrem o amb d&#8217;altres activitats.<\/span><\/p>\n<p>&nbsp;<\/p>\n","protected":false},"excerpt":{"rendered":"<p><a href=\"https:\/\/agora.xtec.cat\/escolaelrouredepontons\/wp-content\/uploads\/usu80\/2024\/01\/COLABORACIO.png\"><br \/>\n<\/a><br \/>\n\u00a0 AJUNTAMENT DE PONTONS<br \/>\n&nbsp;<br \/>\nL\u2019Ajuntament De Pontons col\u00b7labora activament amb l\u2019escola, ajudant econ\u00f2micament en la realitzaci\u00f3 de diferents activitats pels alumnes tals com:<br \/>\n&nbsp;<\/p>\n<ul>\n<li style=\"font-weight: 400;\" aria-level=\"1\">Sessions de piscina al Complex Poliesportiu de Vilafranca<\/li>\n<\/ul>\n<ul>\n<li style=\"font-weight: 400;\" aria-level=\"1\">Transport de piscina al Complex Poliesportiu de Vilafranca<\/li>\n<\/ul>\n<ul>\n<li style=\"font-weight: 400;\"&hellip;  <a href=\"https:\/\/agora.xtec.cat\/escolaelrouredepontons\/col%c2%b7laboracions-2\/\" title=\"Read COL\u00b7LABORACIONS\">Llegeix m\u00e9s\u00bb<\/a><br \/>\n","protected":false},"author":1,"featured_media":0,"parent":0,"menu_order":0,"comment_status":"closed","ping_status":"closed","template":"","meta":{"_bbp_topic_count":0,"_bbp_reply_count":0,"_bbp_total_topic_count":0,"_bbp_total_reply_count":0,"_bbp_voice_count":0,"_bbp_anonymous_reply_count":0,"_bbp_topic_count_hidden":0,"_bbp_reply_count_hidden":0,"_bbp_forum_subforum_count":0,"footnotes":""},"class_list":["post-3935","page","type-page","status-publish","hentry"],"post_mailing_queue_ids":[],"_links":{"self":[{"href":"https:\/\/agora.xtec.cat\/escolaelrouredepontons\/wp-json\/wp\/v2\/pages\/3935","targetHints":{"allow":["GET"]}}],"collection":[{"href":"https:\/\/agora.xtec.cat\/escolaelrouredepontons\/wp-json\/wp\/v2\/pages"}],"about":[{"href":"https:\/\/agora.xtec.cat\/escolaelrouredepontons\/wp-json\/wp\/v2\/types\/page"}],"author":[{"embeddable":true,"href":"https:\/\/agora.xtec.cat\/escolaelrouredepontons\/wp-json\/wp\/v2\/users\/1"}],"replies":[{"embeddable":true,"href":"https:\/\/agora.xtec.cat\/escolaelrouredepontons\/wp-json\/wp\/v2\/comments?post=3935"}],"version-history":[{"count":6,"href":"https:\/\/agora.xtec.cat\/escolaelrouredepontons\/wp-json\/wp\/v2\/pages\/3935\/revisions"}],"predecessor-version":[{"id":4160,"href":"https:\/\/agora.xtec.cat\/escolaelrouredepontons\/wp-json\/wp\/v2\/pages\/3935\/revisions\/4160"}],"wp:attachment":[{"href":"https:\/\/agora.xtec.cat\/escolaelrouredepontons\/wp-json\/wp\/v2\/media?parent=3935"}],"curies":[{"name":"wp","href":"https:\/\/api.w.org\/{rel}","templated":true}]}}