{"id":3927,"date":"2023-11-17T09:40:49","date_gmt":"2023-11-17T08:40:49","guid":{"rendered":"https:\/\/agora.xtec.cat\/escolaelrouredepontons\/?page_id=3927"},"modified":"2025-02-18T18:28:41","modified_gmt":"2025-02-18T17:28:41","slug":"metodologies-actives","status":"publish","type":"page","link":"https:\/\/agora.xtec.cat\/escolaelrouredepontons\/metodologies-actives\/","title":{"rendered":"METODOLOGIES ACTIVES"},"content":{"rendered":"<h2><strong>PROJECTE DEL PATI<\/strong><\/h2>\n<h2><a href=\"https:\/\/agora.xtec.cat\/escolaelrouredepontons\/wp-content\/uploads\/usu80\/2024\/01\/PATI.png\"><img loading=\"lazy\" decoding=\"async\" class=\"wp-image-4095 alignright\" src=\"https:\/\/agora.xtec.cat\/escolaelrouredepontons\/wp-content\/uploads\/usu80\/2024\/01\/PATI.png\" alt=\"\" width=\"330\" height=\"330\" srcset=\"https:\/\/agora.xtec.cat\/escolaelrouredepontons\/wp-content\/uploads\/usu80\/2024\/01\/PATI.png 705w, https:\/\/agora.xtec.cat\/escolaelrouredepontons\/wp-content\/uploads\/usu80\/2024\/01\/PATI-300x300.png 300w, https:\/\/agora.xtec.cat\/escolaelrouredepontons\/wp-content\/uploads\/usu80\/2024\/01\/PATI-150x150.png 150w\" sizes=\"auto, (max-width: 330px) 100vw, 330px\" \/><\/a><\/h2>\n<p style=\"text-align: left;\">L\u2019any 2022 vam iniciar el Projecte Pati de l\u2019escola iniciant un canvi dels espais que ten\u00edem i intentant oferir diversificaci\u00f3 en el joc i uns espais m\u00e9s cuidats i integrats amb l\u2019entorn natural que ens envolta.<\/p>\n<p dir=\"ltr\" style=\"text-align: left;\">El Projecte Pati \u00e9s un projecte que encabeix l\u2019opini\u00f3 de tots els components de l\u2019escola: alumnes, fam\u00edlies i mestres, i obre les portes perqu\u00e8 tot aquell que vulgui pugui aportar idees i pugui incidir en aquest canvi. L\u2019any passat vam crear un circuit d\u2019equilibris i vam pintar jocs de terra.<\/p>\n<p dir=\"ltr\" style=\"text-align: left;\">En l\u2019actualitat estem construint un espai on crearem una bassa per treballar els animals aut\u00f2ctons i el seu ecosistema. Tamb\u00e9 estem en proc\u00e9s d&#8217;instal\u00b7lar un sistema de regadiu per estalviar aigua en el nostre hort, de la mateixa manera que ho hem fet amb el nostre jard\u00ed vertical.<\/p>\n<h2><strong>FUN KIDS ROURE<\/strong><\/h2>\n<h2><strong><a href=\"https:\/\/agora.xtec.cat\/escolaelrouredepontons\/wp-content\/uploads\/usu80\/2024\/01\/IMG-20240116-WA0005.jpg\"><img loading=\"lazy\" decoding=\"async\" class=\"wp-image-4102 alignleft\" src=\"https:\/\/agora.xtec.cat\/escolaelrouredepontons\/wp-content\/uploads\/usu80\/2024\/01\/IMG-20240116-WA0005.jpg\" alt=\"\" width=\"338\" height=\"253\" srcset=\"https:\/\/agora.xtec.cat\/escolaelrouredepontons\/wp-content\/uploads\/usu80\/2024\/01\/IMG-20240116-WA0005.jpg 1280w, https:\/\/agora.xtec.cat\/escolaelrouredepontons\/wp-content\/uploads\/usu80\/2024\/01\/IMG-20240116-WA0005-300x225.jpg 300w, https:\/\/agora.xtec.cat\/escolaelrouredepontons\/wp-content\/uploads\/usu80\/2024\/01\/IMG-20240116-WA0005-1024x766.jpg 1024w, https:\/\/agora.xtec.cat\/escolaelrouredepontons\/wp-content\/uploads\/usu80\/2024\/01\/IMG-20240116-WA0005-768x575.jpg 768w, https:\/\/agora.xtec.cat\/escolaelrouredepontons\/wp-content\/uploads\/usu80\/2024\/01\/IMG-20240116-WA0005-200x150.jpg 200w\" sizes=\"auto, (max-width: 338px) 100vw, 338px\" \/><\/a><br \/>\n<\/strong><\/h2>\n<p>A l&#8217;escola El Roure donem molta import\u00e0ncia a construir i potenciar una bona expressi\u00f3 oral en els alumnes. Amb la r\u00e0dio treballem vocabulari divers i espec\u00edfic, ensenyem a fer estructures oracionals correctes, potenciem l&#8217;organitzaci\u00f3 mental a l&#8217;hora de transmetre la informaci\u00f3 i incentivem la import\u00e0ncia d&#8217;una bona entonaci\u00f3 i projecci\u00f3 de la veu per captar l&#8217;inter\u00e8s. Alhora els nostres infants coneixen not\u00edcies d&#8217;actualitat i fan valoracions sobre el que est\u00e0 succeint al m\u00f3n.<\/p>\n<h2><\/h2>\n<h2>TARDES TEM\u00c0TIQUES<\/h2>\n<p>Aquest curs hem iniciat les tardes tem\u00e0tiques, on hem volgut encabir aquells aprenentatges tan necessaris per la vida di\u00e0ria, com la l\u00f2gica, l&#8217;estrat\u00e8gia, el desenvolupament de les arts musicals, audiovisuals i liter\u00e0ries i el coneixement\u00a0 de l&#8217;entorn partint de la descoberta vivencial del mateix.<\/p>\n<p>\u00c9s per aquest motiu que cada tarda a la nostra escola \u00e9s diferent i d\u00f3na resposta a una tem\u00e0tica en concret:<\/p>\n<ul>\n<li>Els dilluns a la tarda portem a terme les Tardes Matem\u00e0tiques, on fem sessions rotatives de jocs matem\u00e0tics, de c\u00e0lcul i operacions, de programaci\u00f3 i rob\u00f2tica i de construccions amb el material Kapla.<\/li>\n<li>Els dimarts ens endinsem en les Tardes Musicals i oferim la possibilitat als nostres alumnes de treballar, rotativament, tocar un instrument com l&#8217;ukelele, aprendre a fer percussi\u00f3, con\u00e8ixer i ballar diferents tipus de danses i aprendre continguts musicals b\u00e0sics com les notes o els instruments.<\/li>\n<li>Els dimecres els dediquem a les arts audiovisuals i liter\u00e0ries i fem sessions rotatives sobre cinema, r\u00e0dio i premsa.<\/li>\n<li>Els dijous els nostres alumnes desenvolupen les seves habilitats motores amb les sessions d&#8217;Educaci\u00f3 F\u00edsica i Psicomotricitat.<\/li>\n<li>Finalment, els divendres treballem la Descoberta de l&#8217;entorn amb sortides als nostres espais naturals propers que recollim al nostre Quadern de Camp, i d&#8217;altres tardes amb treball per projectes i cura dels espais de l&#8217;escola com s\u00f3n l&#8217;hort, el jard\u00ed vertical, la bassa&#8230;<\/li>\n<\/ul>\n<h2><strong>CAPSES D&#8217;APRENENTATGE<\/strong><\/h2>\n<h2><strong><a href=\"https:\/\/agora.xtec.cat\/escolaelrouredepontons\/wp-content\/uploads\/usu80\/2024\/01\/IMG-20240116-WA0006.jpg\"><img loading=\"lazy\" decoding=\"async\" class=\"wp-image-4103 alignright\" src=\"https:\/\/agora.xtec.cat\/escolaelrouredepontons\/wp-content\/uploads\/usu80\/2024\/01\/IMG-20240116-WA0006.jpg\" alt=\"\" width=\"402\" height=\"181\" srcset=\"https:\/\/agora.xtec.cat\/escolaelrouredepontons\/wp-content\/uploads\/usu80\/2024\/01\/IMG-20240116-WA0006.jpg 1280w, https:\/\/agora.xtec.cat\/escolaelrouredepontons\/wp-content\/uploads\/usu80\/2024\/01\/IMG-20240116-WA0006-300x135.jpg 300w, https:\/\/agora.xtec.cat\/escolaelrouredepontons\/wp-content\/uploads\/usu80\/2024\/01\/IMG-20240116-WA0006-1024x461.jpg 1024w, https:\/\/agora.xtec.cat\/escolaelrouredepontons\/wp-content\/uploads\/usu80\/2024\/01\/IMG-20240116-WA0006-768x346.jpg 768w\" sizes=\"auto, (max-width: 402px) 100vw, 402px\" \/><\/a><\/strong><\/h2>\n<p>Les capses d&#8217;aprenentatge es treballen de manera setmanal i estan formades per materials on els infants troben instruccions per realitzar una s\u00e8rie de tasques de recerca i manipulatives per tal de refor\u00e7ar continguts ja treballats. Amb aquesta metodologia fomentem l&#8217;autonomia dels infants a l&#8217;hora d&#8217;entendre instruccions i organitzar-se per superar les tasques.<\/p>\n<h2><strong>REVISTES DE MEDI<\/strong><\/h2>\n<p>Amb les revistes de medi oferim als infants un format d\u2019aprenentatge \u00e0gil i interessant on poden anar aprenent i assolint els continguts d\u2019aquesta mat\u00e8ria<\/p>\n<h2><strong>RACONS DE LLENG\u00dcES<\/strong><\/h2>\n<p><span style=\"font-size: 24pt;\"><b><a href=\"https:\/\/agora.xtec.cat\/escolaelrouredepontons\/wp-content\/uploads\/usu80\/2024\/01\/IMG-20240116-WA0007.jpg\"><img loading=\"lazy\" decoding=\"async\" class=\"wp-image-4104 alignleft\" src=\"https:\/\/agora.xtec.cat\/escolaelrouredepontons\/wp-content\/uploads\/usu80\/2024\/01\/IMG-20240116-WA0007.jpg\" alt=\"\" width=\"343\" height=\"257\" srcset=\"https:\/\/agora.xtec.cat\/escolaelrouredepontons\/wp-content\/uploads\/usu80\/2024\/01\/IMG-20240116-WA0007.jpg 1600w, https:\/\/agora.xtec.cat\/escolaelrouredepontons\/wp-content\/uploads\/usu80\/2024\/01\/IMG-20240116-WA0007-300x224.jpg 300w, https:\/\/agora.xtec.cat\/escolaelrouredepontons\/wp-content\/uploads\/usu80\/2024\/01\/IMG-20240116-WA0007-1024x766.jpg 1024w, https:\/\/agora.xtec.cat\/escolaelrouredepontons\/wp-content\/uploads\/usu80\/2024\/01\/IMG-20240116-WA0007-768x575.jpg 768w, https:\/\/agora.xtec.cat\/escolaelrouredepontons\/wp-content\/uploads\/usu80\/2024\/01\/IMG-20240116-WA0007-1536x1149.jpg 1536w, https:\/\/agora.xtec.cat\/escolaelrouredepontons\/wp-content\/uploads\/usu80\/2024\/01\/IMG-20240116-WA0007-200x150.jpg 200w\" sizes=\"auto, (max-width: 343px) 100vw, 343px\" \/><\/a><\/b><\/span><\/p>\n<h2><\/h2>\n<p><span style=\"font-weight: 400;\">Enguany iniciem Racons de lleng\u00fces a les etapes d\u2019Educaci\u00f3 Prim\u00e0ria. En aquest Racons es prioritza l\u2019atenci\u00f3 individualitzada, posant especial \u00e8mfasi en l\u2019aprenentatge de la lectura i l\u2019escriptura. Als Racons hi han sempre dues mestres a l\u2019aula, una d\u2019elles es situa en el Rac\u00f3 de Lectura ( a Cicle Inicial) i en el Rac\u00f3 d\u2019escriptura ( a Cicle Mitj\u00e0) per acompanyar als infants en el mateix moment del proc\u00e9s lectoescriptor. <\/span><span style=\"font-weight: 400;\">A la resta de racons es treballa i repassa les normes ortogr\u00e0fiques, la gram\u00e0tica i la cal\u00b7ligrafia<\/span><\/p>\n<p>&nbsp;<\/p>\n<h2 style=\"text-align: left;\"><strong>MATEM\u00c0TIQUES PRODIGI I C\u00c0LCUL<\/strong><\/h2>\n<p><span style=\"font-weight: 400;\">Aquest curs iniciem el treball matem\u00e0tic a trav\u00e9s de l\u2019editorial Prodigy. Aquesta editorial assegura els continguts matem\u00e0tics que els infants han d\u2019assolir i, alhora, proposa diferents vies d\u2019aprenentatge per tal que cada infant vagi interioritzant i entenent els processos matem\u00e0tics de la manera que li sigui m\u00e9s adient.<\/span><\/p>\n<p>&nbsp;<\/p>\n<h2><strong>ESPAIS D&#8217;APRENENTATGE<\/strong><\/h2>\n<p><span style=\"font-size: 24pt;\"><b><a href=\"https:\/\/agora.xtec.cat\/escolaelrouredepontons\/wp-content\/uploads\/usu80\/2023\/03\/1677773231017-scaled.jpg\"><img loading=\"lazy\" decoding=\"async\" class=\"wp-image-3820 alignleft\" src=\"https:\/\/agora.xtec.cat\/escolaelrouredepontons\/wp-content\/uploads\/usu80\/2023\/03\/1677773231017-scaled.jpg\" alt=\"\" width=\"342\" height=\"256\" srcset=\"https:\/\/agora.xtec.cat\/escolaelrouredepontons\/wp-content\/uploads\/usu80\/2023\/03\/1677773231017-scaled.jpg 2560w, https:\/\/agora.xtec.cat\/escolaelrouredepontons\/wp-content\/uploads\/usu80\/2023\/03\/1677773231017-300x224.jpg 300w, https:\/\/agora.xtec.cat\/escolaelrouredepontons\/wp-content\/uploads\/usu80\/2023\/03\/1677773231017-1024x766.jpg 1024w, https:\/\/agora.xtec.cat\/escolaelrouredepontons\/wp-content\/uploads\/usu80\/2023\/03\/1677773231017-768x575.jpg 768w, https:\/\/agora.xtec.cat\/escolaelrouredepontons\/wp-content\/uploads\/usu80\/2023\/03\/1677773231017-1536x1149.jpg 1536w, https:\/\/agora.xtec.cat\/escolaelrouredepontons\/wp-content\/uploads\/usu80\/2023\/03\/1677773231017-2048x1532.jpg 2048w, https:\/\/agora.xtec.cat\/escolaelrouredepontons\/wp-content\/uploads\/usu80\/2023\/03\/1677773231017-200x150.jpg 200w\" sizes=\"auto, (max-width: 342px) 100vw, 342px\" \/><\/a><\/b><\/span><\/p>\n<h2><\/h2>\n<p><span style=\"font-weight: 400;\">A Educaci\u00f3 Infantil tots els matins els infants entren a l\u2019aula amb els espais d\u2019aprenentatge\u00a0 preparats, de manera que fan una entrada relaxada.<\/span><\/p>\n<p><span style=\"font-weight: 400;\">Hi han diferents espais manipulatius i de lliure creaci\u00f3 relacionats amb la pl\u00e0stica, els grafismes, construccions i\/o joc simb\u00f2lic, minimons, legos\u2026 Alhora la mestra es situa en els espais d\u2019aprenentatge matem\u00e0tics i de llengua i va treballant els conceptes amb els infants de manera individualitzada.<\/span><\/p>\n<p>&nbsp;<\/p>\n<h2><strong>LECTURA MODELADA<\/strong><\/h2>\n<p><span style=\"font-weight: 400;\">Durant la setmana els nostres alumnes realitzen sessions de lectura modelada on l\u2019adult llegeix un llibre als infants i fa de modelatge lector, donant import\u00e0ncia a l\u2019entonaci\u00f3, pauses i lectura amb veu clara, i despertant l&#8217;inter\u00e8s pel m\u00f3n de la literatura i el descobriment d&#8217;hist\u00f2ries fant\u00e0stiques.<\/span><\/p>\n<p>&nbsp;<\/p>\n<h2><strong>TERT\u00daLIES DIAL\u00d2GIQUES<\/strong><\/h2>\n<p><a href=\"https:\/\/agora.xtec.cat\/escolaelrouredepontons\/wp-content\/uploads\/usu80\/2024\/01\/TERTULIES.png\"><img loading=\"lazy\" decoding=\"async\" class=\"wp-image-4096 alignleft\" src=\"https:\/\/agora.xtec.cat\/escolaelrouredepontons\/wp-content\/uploads\/usu80\/2024\/01\/TERTULIES.png\" alt=\"\" width=\"316\" height=\"316\" srcset=\"https:\/\/agora.xtec.cat\/escolaelrouredepontons\/wp-content\/uploads\/usu80\/2024\/01\/TERTULIES.png 740w, https:\/\/agora.xtec.cat\/escolaelrouredepontons\/wp-content\/uploads\/usu80\/2024\/01\/TERTULIES-300x300.png 300w, https:\/\/agora.xtec.cat\/escolaelrouredepontons\/wp-content\/uploads\/usu80\/2024\/01\/TERTULIES-150x150.png 150w\" sizes=\"auto, (max-width: 316px) 100vw, 316px\" \/><\/a><\/p>\n<h2><\/h2>\n<p><span style=\"font-weight: 400;\">Tamb\u00e9 volem iniciar aquest curs les tert\u00falies dial\u00f2giques. Aquestes lectures s\u2019extreuen de textos cl\u00e0ssics. Els infants fan la lectura de manera individual i despr\u00e9s poden donar la seva opini\u00f3 a la tert\u00falia. Aquestes tert\u00falies ajuden als infants a parlar davant dels altres, treballant el llenguatge oral i la comunicaci\u00f3 d\u2019idees i opinions. Alhora aprenen a esperar el torn i respectar la diversitat d\u2019opinions.<\/span><\/p>\n<p>&nbsp;<\/p>\n<h2><\/h2>\n<h2><strong>UKELELES<\/strong><\/h2>\n<p><a href=\"https:\/\/agora.xtec.cat\/escolaelrouredepontons\/wp-content\/uploads\/usu80\/2024\/01\/UKELELES.png\"><img loading=\"lazy\" decoding=\"async\" class=\"alignright wp-image-4097\" src=\"https:\/\/agora.xtec.cat\/escolaelrouredepontons\/wp-content\/uploads\/usu80\/2024\/01\/UKELELES.png\" alt=\"\" width=\"327\" height=\"226\" srcset=\"https:\/\/agora.xtec.cat\/escolaelrouredepontons\/wp-content\/uploads\/usu80\/2024\/01\/UKELELES.png 1009w, https:\/\/agora.xtec.cat\/escolaelrouredepontons\/wp-content\/uploads\/usu80\/2024\/01\/UKELELES-300x207.png 300w, https:\/\/agora.xtec.cat\/escolaelrouredepontons\/wp-content\/uploads\/usu80\/2024\/01\/UKELELES-768x531.png 768w\" sizes=\"auto, (max-width: 327px) 100vw, 327px\" \/><\/a><span style=\"font-weight: 400;\">L\u2019educaci\u00f3 musical \u00e9s una vessant molt important de la formaci\u00f3 dels nostres infants. Cal donar la cabuda i import\u00e0ncia a aquesta mat\u00e8ria per tal que els nostres alumnes la vivenc\u00efin i aprenguin a valorar la m\u00fasica.<\/span><\/p>\n<p style=\"text-align: left;\"><span style=\"font-weight: 400;\">Aquest curs continuem creant dos grups internivells per realitzar la M\u00fasica.<\/span><\/p>\n<p style=\"text-align: left;\"><span style=\"font-weight: 400;\">Durant aquest curs continuarem treballant amb els ukeleles amb Cicle Mitj\u00e0 i Superior donat que<\/span><\/p>\n<p style=\"text-align: left;\"><span style=\"font-weight: 400;\">valorem molt positivament la\u00a0 motivaci\u00f3 i disposici\u00f3 dels alumnes vers el Projecte \u201cUkelele Ukelel\u00e0\u201d.\u00a0 <\/span><\/p>\n<p style=\"text-align: left;\"><span style=\"font-weight: 400;\">L\u2019ukelele \u00e9s un instrument molt motivador per ells i alhora f\u00e0cil de manipular.<\/span><\/p>\n<p style=\"text-align: left;\"><span style=\"font-weight: 400;\">A l\u2019etapa d\u2019Educaci\u00f3 Infantil i Cicle Inicial els alumnes realitzen sessions din\u00e0miques per aprendre<\/span><\/p>\n<p style=\"text-align: left;\"><span style=\"font-weight: 400;\"> nocions b\u00e0siques sobre les notes musicals, els ritmes, les can\u00e7ons, els instruments, la dansa\u2026<\/span><\/p>\n<p>&nbsp;<\/p>\n<h2><strong>TALLERS DE PL\u00c0STICA: EN 3D, ELS PINTORS I LABORATORI D&#8217;ART<\/strong><\/h2>\n<p><a href=\"https:\/\/agora.xtec.cat\/escolaelrouredepontons\/wp-content\/uploads\/usu80\/2024\/01\/ART.png\"><img loading=\"lazy\" decoding=\"async\" class=\"wp-image-4098 alignleft\" src=\"https:\/\/agora.xtec.cat\/escolaelrouredepontons\/wp-content\/uploads\/usu80\/2024\/01\/ART.png\" alt=\"\" width=\"279\" height=\"275\" srcset=\"https:\/\/agora.xtec.cat\/escolaelrouredepontons\/wp-content\/uploads\/usu80\/2024\/01\/ART.png 681w, https:\/\/agora.xtec.cat\/escolaelrouredepontons\/wp-content\/uploads\/usu80\/2024\/01\/ART-300x296.png 300w\" sizes=\"auto, (max-width: 279px) 100vw, 279px\" \/><\/a><\/p>\n<p>&nbsp;<\/p>\n<h2><\/h2>\n<p>&nbsp;<\/p>\n<p>&nbsp;<\/p>\n<p>&nbsp;<\/p>\n<p>&nbsp;<\/p>\n<p>&nbsp;<\/p>\n<p><span style=\"font-weight: 400;\">Durant aquest curs hem valorat realitzar la pl\u00e0stica amb una nova distribuci\u00f3 per nivells, per donar resposta als interessos i habilitats que poden desenvolupar els infants de cada etapa.<\/span><\/p>\n<p><span style=\"font-weight: 400;\">Hem establert tres tallers de pl\u00e0stica rotatius amb l\u2019intenci\u00f3 d\u2019oferir propostes diverses on treballarem amb materials i t\u00e8cniques diferents.<\/span><\/p>\n<p><span style=\"font-weight: 400;\">\u00a0Els tallers s\u00f3n els seg\u00fcents:\u00a0 \u201cEn 3D\u201d, \u201cLaboratori d&#8217;Art\u201d i \u201cEls pintors\u201d<\/span><\/p>\n<p>&nbsp;<\/p>\n<h2><strong>ROB\u00d2TICA I PROGRAMACI\u00d3<\/strong><\/h2>\n<p><a href=\"https:\/\/agora.xtec.cat\/escolaelrouredepontons\/wp-content\/uploads\/usu80\/2024\/01\/ROBOTICA.png\"><img loading=\"lazy\" decoding=\"async\" class=\"aligncenter wp-image-4099\" src=\"https:\/\/agora.xtec.cat\/escolaelrouredepontons\/wp-content\/uploads\/usu80\/2024\/01\/ROBOTICA.png\" alt=\"\" width=\"318\" height=\"187\" srcset=\"https:\/\/agora.xtec.cat\/escolaelrouredepontons\/wp-content\/uploads\/usu80\/2024\/01\/ROBOTICA.png 1600w, https:\/\/agora.xtec.cat\/escolaelrouredepontons\/wp-content\/uploads\/usu80\/2024\/01\/ROBOTICA-300x176.png 300w, https:\/\/agora.xtec.cat\/escolaelrouredepontons\/wp-content\/uploads\/usu80\/2024\/01\/ROBOTICA-1024x602.png 1024w, https:\/\/agora.xtec.cat\/escolaelrouredepontons\/wp-content\/uploads\/usu80\/2024\/01\/ROBOTICA-768x452.png 768w, https:\/\/agora.xtec.cat\/escolaelrouredepontons\/wp-content\/uploads\/usu80\/2024\/01\/ROBOTICA-1536x903.png 1536w\" sizes=\"auto, (max-width: 318px) 100vw, 318px\" \/><\/a><\/p>\n<p><span style=\"font-weight: 400;\">Amb els infants estem treballant el llenguatge de programaci\u00f3 a partir d&#8217;unes sessions rotatives de rob\u00f2tica, amb l&#8217;assessorament d&#8217;un mentor digital. Una vegada tinguem una base impartirem les sessions els mateixos mestres, establint un horari setmanal i donant continu\u00eftat a aquests continguts durant l\u2019etapa d\u2019Educaci\u00f3 Prim\u00e0ria.<\/span><\/p>\n<p>&nbsp;<\/p>\n<h2><strong>COOPERATIVA CUEME<\/strong><\/h2>\n<p><span style=\"font-size: 24pt;\"><b><a href=\"https:\/\/agora.xtec.cat\/escolaelrouredepontons\/wp-content\/uploads\/usu80\/2024\/01\/CUEME.png\"><img loading=\"lazy\" decoding=\"async\" class=\"wp-image-4100 alignleft\" src=\"https:\/\/agora.xtec.cat\/escolaelrouredepontons\/wp-content\/uploads\/usu80\/2024\/01\/CUEME.png\" alt=\"\" width=\"241\" height=\"241\" srcset=\"https:\/\/agora.xtec.cat\/escolaelrouredepontons\/wp-content\/uploads\/usu80\/2024\/01\/CUEME.png 500w, https:\/\/agora.xtec.cat\/escolaelrouredepontons\/wp-content\/uploads\/usu80\/2024\/01\/CUEME-300x300.png 300w, https:\/\/agora.xtec.cat\/escolaelrouredepontons\/wp-content\/uploads\/usu80\/2024\/01\/CUEME-150x150.png 150w\" sizes=\"auto, (max-width: 241px) 100vw, 241px\" \/><\/a><\/b><\/span><\/p>\n<p>&nbsp;<\/p>\n<p>&nbsp;<\/p>\n<p>&nbsp;<\/p>\n<h2><\/h2>\n<p>&nbsp;<\/p>\n<p>&nbsp;<\/p>\n<p><span style=\"font-weight: 400;\">Aquest curs els alumnes de Cicle Superior han creat una cooperativa. Amb aquesta creaci\u00f3 oferim als nostres alumnes la possibilitat de treballar amb una organitzaci\u00f3 concreta on s\u2019estableixen rols i responsabilitats i d\u2019altra banda fomentem l\u2019emprenedoria.<\/span><\/p>\n<p>&nbsp;<\/p>\n<h2><strong>LEARNING STATIONS<\/strong><\/h2>\n<p><a href=\"https:\/\/agora.xtec.cat\/escolaelrouredepontons\/wp-content\/uploads\/usu80\/2024\/01\/ANGLES.png\"><img loading=\"lazy\" decoding=\"async\" class=\"aligncenter wp-image-4101\" src=\"https:\/\/agora.xtec.cat\/escolaelrouredepontons\/wp-content\/uploads\/usu80\/2024\/01\/ANGLES.png\" alt=\"\" width=\"324\" height=\"306\" srcset=\"https:\/\/agora.xtec.cat\/escolaelrouredepontons\/wp-content\/uploads\/usu80\/2024\/01\/ANGLES.png 731w, https:\/\/agora.xtec.cat\/escolaelrouredepontons\/wp-content\/uploads\/usu80\/2024\/01\/ANGLES-300x283.png 300w\" sizes=\"auto, (max-width: 324px) 100vw, 324px\" \/><\/a><\/p>\n<p><span style=\"font-weight: 400;\">A les sessions d\u2019angl\u00e8s els alumnes treballen el listening, el speaking i el writing and vocabulari a trav\u00e9s de les Learning Stations, amb activitats din\u00e0miques i engrescadores que els hi ajuden a interioritzar els continguts treballats durant el curs.<\/span><\/p>\n<p>&nbsp;<\/p>\n","protected":false},"excerpt":{"rendered":"<p>PROJECTE DEL PATI<br \/>\n<a href=\"https:\/\/agora.xtec.cat\/escolaelrouredepontons\/wp-content\/uploads\/usu80\/2024\/01\/PATI.png\"><\/a><br \/>\nL\u2019any 2022 vam iniciar el Projecte Pati de l\u2019escola iniciant un canvi dels espais que ten\u00edem i intentant oferir diversificaci\u00f3 en el joc i uns espais m\u00e9s cuidats i integrats amb l\u2019entorn natural que ens envolta.<br \/>\nEl Projecte Pati \u00e9s un projecte que&hellip;  <a href=\"https:\/\/agora.xtec.cat\/escolaelrouredepontons\/metodologies-actives\/\" title=\"Read METODOLOGIES ACTIVES\">Llegeix m\u00e9s\u00bb<\/a><\/p>\n","protected":false},"author":1,"featured_media":0,"parent":0,"menu_order":0,"comment_status":"closed","ping_status":"closed","template":"","meta":{"_bbp_topic_count":0,"_bbp_reply_count":0,"_bbp_total_topic_count":0,"_bbp_total_reply_count":0,"_bbp_voice_count":0,"_bbp_anonymous_reply_count":0,"_bbp_topic_count_hidden":0,"_bbp_reply_count_hidden":0,"_bbp_forum_subforum_count":0,"footnotes":""},"class_list":["post-3927","page","type-page","status-publish","hentry"],"post_mailing_queue_ids":[],"_links":{"self":[{"href":"https:\/\/agora.xtec.cat\/escolaelrouredepontons\/wp-json\/wp\/v2\/pages\/3927","targetHints":{"allow":["GET"]}}],"collection":[{"href":"https:\/\/agora.xtec.cat\/escolaelrouredepontons\/wp-json\/wp\/v2\/pages"}],"about":[{"href":"https:\/\/agora.xtec.cat\/escolaelrouredepontons\/wp-json\/wp\/v2\/types\/page"}],"author":[{"embeddable":true,"href":"https:\/\/agora.xtec.cat\/escolaelrouredepontons\/wp-json\/wp\/v2\/users\/1"}],"replies":[{"embeddable":true,"href":"https:\/\/agora.xtec.cat\/escolaelrouredepontons\/wp-json\/wp\/v2\/comments?post=3927"}],"version-history":[{"count":6,"href":"https:\/\/agora.xtec.cat\/escolaelrouredepontons\/wp-json\/wp\/v2\/pages\/3927\/revisions"}],"predecessor-version":[{"id":4182,"href":"https:\/\/agora.xtec.cat\/escolaelrouredepontons\/wp-json\/wp\/v2\/pages\/3927\/revisions\/4182"}],"wp:attachment":[{"href":"https:\/\/agora.xtec.cat\/escolaelrouredepontons\/wp-json\/wp\/v2\/media?parent=3927"}],"curies":[{"name":"wp","href":"https:\/\/api.w.org\/{rel}","templated":true}]}}