{"id":3925,"date":"2023-11-17T09:34:28","date_gmt":"2023-11-17T08:34:28","guid":{"rendered":"https:\/\/agora.xtec.cat\/escolaelrouredepontons\/?page_id=3925"},"modified":"2025-02-18T18:33:06","modified_gmt":"2025-02-18T17:33:06","slug":"trets-didentitat-2","status":"publish","type":"page","link":"https:\/\/agora.xtec.cat\/escolaelrouredepontons\/trets-didentitat-2\/","title":{"rendered":"TRETS D&#8217;IDENTITAT"},"content":{"rendered":"<p><a href=\"https:\/\/agora.xtec.cat\/escolaelrouredepontons\/wp-content\/uploads\/usu80\/2024\/01\/TRETS.png\"><img loading=\"lazy\" decoding=\"async\" class=\"aligncenter wp-image-4106\" src=\"https:\/\/agora.xtec.cat\/escolaelrouredepontons\/wp-content\/uploads\/usu80\/2024\/01\/TRETS.png\" alt=\"\" width=\"703\" height=\"398\" srcset=\"https:\/\/agora.xtec.cat\/escolaelrouredepontons\/wp-content\/uploads\/usu80\/2024\/01\/TRETS.png 1060w, https:\/\/agora.xtec.cat\/escolaelrouredepontons\/wp-content\/uploads\/usu80\/2024\/01\/TRETS-300x170.png 300w, https:\/\/agora.xtec.cat\/escolaelrouredepontons\/wp-content\/uploads\/usu80\/2024\/01\/TRETS-1024x580.png 1024w, https:\/\/agora.xtec.cat\/escolaelrouredepontons\/wp-content\/uploads\/usu80\/2024\/01\/TRETS-768x435.png 768w\" sizes=\"auto, (max-width: 703px) 100vw, 703px\" \/><\/a><\/p>\n<p><i><span style=\"font-weight: 400;\">&#8220;L\u2019Escola Rural, l\u2019escola de les tres P: petita, de poble i p\u00fablica \u00e9s una escola arrelada al territori, que d\u00f3na vida al municipi, que a vegades n\u2019\u00e9s el pal de paller i\/o dinamitzadora d\u2019una part de la vida que el poble genera, que aglutina activitats, persones, i, que \u00e9s motiu de trobada i aprenentatge&#8221; (Secretariat d&#8217;Escola Rural de Catalunya).<\/span><\/i><\/p>\n<p>&nbsp;<\/p>\n<p><span style=\"font-weight: 400;\">L&#8217;escola El Roure es una escola rural o escola de poble. <\/span><span style=\"font-weight: 400;\">La nostra escola \u00e9s un espai d&#8217;aprenentatge familiar, on els grups redu\u00efts i la major proximitat amb els mestres permet un aprenentatge m\u00e9s significatiu, clau per el desenvolupament global dels infants<\/span><\/p>\n<p>&nbsp;<\/p>\n<p><span style=\"font-weight: 400;\">El fet de tenir quatre aules i que hi hagi sis mestres ens permet portar a terme la metodologia que considerem m\u00e9s adient per a cada mat\u00e8ria. Els infants aprenen amb metodologies din\u00e0miques dins d\u2019un ambient d\u2019aula relaxat, amb una r\u00e0tio d\u2019alumnes redu\u00efda i amb una atenci\u00f3 individualitzada.<\/span><\/p>\n<p>&nbsp;<\/p>\n<p><span style=\"font-weight: 400;\">Durant el curs fem diferents activitats les quals\u00a0 realitzem diferents grups alhora, agrupant-se diferents nivells d\u2019edats diverses. No cal dir que aix\u00f2 suposa un grau extra de motivaci\u00f3 per als m\u00e9s petits, que veuen un model de treball en els alumnes dels cursos superiors i tamb\u00e9, cal dir-ho, un motiu de superaci\u00f3 per part dels alumnes m\u00e9s grans<\/span><\/p>\n<p>&nbsp;<\/p>\n<p><span style=\"font-weight: 400;\">Alhora la nostra escola es defineix com escola connectada amb el seu entorn natural i social.<\/span><\/p>\n<p>&nbsp;<\/p>\n<p><span style=\"font-weight: 400;\">Els nostres infants porten a terme projectes relacionats amb l\u2019entorn natural proper i la sensibilitzaci\u00f3 vers el mateix.<\/span><\/p>\n<p>&nbsp;<\/p>\n<p><span style=\"font-weight: 400;\">D\u2019altra banda tamb\u00e9 considerem molt important que la nostra escola visqui i participi activament de les activitats i din\u00e0miques socials del poble, tal com festes o activitats compartides amb la poblaci\u00f3 de Pontons.<\/span><\/p>\n","protected":false},"excerpt":{"rendered":"<p><a href=\"https:\/\/agora.xtec.cat\/escolaelrouredepontons\/wp-content\/uploads\/usu80\/2024\/01\/TRETS.png\"><\/a><br \/>\n&#8220;L\u2019Escola Rural, l\u2019escola de les tres P: petita, de poble i p\u00fablica \u00e9s una escola arrelada al territori, que d\u00f3na vida al municipi, que a vegades n\u2019\u00e9s el pal de paller i\/o dinamitzadora d\u2019una part de la vida que el poble genera, que aglutina&hellip;  <a href=\"https:\/\/agora.xtec.cat\/escolaelrouredepontons\/trets-didentitat-2\/\" title=\"Read TRETS D&#8217;IDENTITAT\">Llegeix m\u00e9s\u00bb<\/a><\/p>\n","protected":false},"author":1,"featured_media":0,"parent":0,"menu_order":0,"comment_status":"closed","ping_status":"closed","template":"","meta":{"_bbp_topic_count":0,"_bbp_reply_count":0,"_bbp_total_topic_count":0,"_bbp_total_reply_count":0,"_bbp_voice_count":0,"_bbp_anonymous_reply_count":0,"_bbp_topic_count_hidden":0,"_bbp_reply_count_hidden":0,"_bbp_forum_subforum_count":0,"footnotes":""},"class_list":["post-3925","page","type-page","status-publish","hentry"],"post_mailing_queue_ids":[],"_links":{"self":[{"href":"https:\/\/agora.xtec.cat\/escolaelrouredepontons\/wp-json\/wp\/v2\/pages\/3925","targetHints":{"allow":["GET"]}}],"collection":[{"href":"https:\/\/agora.xtec.cat\/escolaelrouredepontons\/wp-json\/wp\/v2\/pages"}],"about":[{"href":"https:\/\/agora.xtec.cat\/escolaelrouredepontons\/wp-json\/wp\/v2\/types\/page"}],"author":[{"embeddable":true,"href":"https:\/\/agora.xtec.cat\/escolaelrouredepontons\/wp-json\/wp\/v2\/users\/1"}],"replies":[{"embeddable":true,"href":"https:\/\/agora.xtec.cat\/escolaelrouredepontons\/wp-json\/wp\/v2\/comments?post=3925"}],"version-history":[{"count":5,"href":"https:\/\/agora.xtec.cat\/escolaelrouredepontons\/wp-json\/wp\/v2\/pages\/3925\/revisions"}],"predecessor-version":[{"id":4183,"href":"https:\/\/agora.xtec.cat\/escolaelrouredepontons\/wp-json\/wp\/v2\/pages\/3925\/revisions\/4183"}],"wp:attachment":[{"href":"https:\/\/agora.xtec.cat\/escolaelrouredepontons\/wp-json\/wp\/v2\/media?parent=3925"}],"curies":[{"name":"wp","href":"https:\/\/api.w.org\/{rel}","templated":true}]}}