{"id":3711,"date":"2022-06-06T19:42:14","date_gmt":"2022-06-06T17:42:14","guid":{"rendered":"https:\/\/agora.xtec.cat\/escolaelrouredepontons\/?page_id=3711"},"modified":"2024-02-07T11:55:37","modified_gmt":"2024-02-07T10:55:37","slug":"edc-estrategia-digital-de-centre","status":"publish","type":"page","link":"https:\/\/agora.xtec.cat\/escolaelrouredepontons\/documentacio\/edc-estrategia-digital-de-centre\/","title":{"rendered":"EDC &#8211; Estrat\u00e8gia Digital de Centre"},"content":{"rendered":"<p>L&#8217;Estrat\u00e8gia Digital de Centre (EDC) \u00e9s el conjunt d&#8217;actuacions que permeten l&#8217;assoliment de la compet\u00e8ncia digital del centre educatiu.<\/p>\n<p><img decoding=\"async\" src=\"https:\/\/projectes.xtec.cat\/edc-suport\/wp-content\/uploads\/usu2435\/2021\/03\/1_Qu%C3%A8-%C3%A9s-lEDC_v3-1-1024x724.jpg\" \/><\/p>\n<p>Per aconseguir aquesta compet\u00e8ncia digital, l\u2019EDC compr\u00e8n tots els \u00e0mbits del centre: organitzatius, metodol\u00f2gics, curriculars i comunicatius, els quals s\u2019han de veure necess\u00e0riament implicats i, si escau, transformats, des d\u2019una perspectiva d\u2019innovaci\u00f3 i de millora cont\u00ednua.<\/p>\n<p>Per poder fer aquest treball l&#8217;hem separat en dues parts: part d&#8217;estrat\u00e8gia i part de cultura digital. En els seg\u00fcents botons podreu accedir a m\u00e9s informaci\u00f3:<\/p>\n<p>&nbsp;<\/p>\n<p style=\"text-align: center;\"><a class=\"button normal\" style=\"padding: 1em; font-weight: 400; margin: 0.1em; color: white !important; background-color: #5e3a73bf;\" href=\"https:\/\/agora.xtec.cat\/escolaelrouredepontons\/documentacio\/edc-estrategia-digital-de-centre\/part-estrategica\/\" target=\"_blank\" rel=\"noopener noreferrer\">ESTRAT\u00c8GIA<\/a> \u00a0\u00a0 \u00a0\u00a0 \u00a0\u00a0 \u00a0\u00a0 \u00a0\u00a0 \u00a0\u00a0 \u00a0\u00a0<a class=\"button normal\" style=\"padding: 1em; font-weight: 400; margin: 0.1em; color: white !important; background-color: #5e3a73bf;\" href=\"https:\/\/https:\/\/agora.xtec.cat\/escolaelrouredepontons\/documentacio\/edc-estrategia-digital-de-centre\/part-estrategica\/\" target=\"_blank\" rel=\"noopener noreferrer\">CULTURA DIGITAL<\/a><\/p>\n<p>&nbsp;<\/p>\n<p>Tot seguit tamb\u00e9 us compartim l&#8217;enlla\u00e7 al document resum de l&#8217;EDC on indiquem els objectius a aconseguir en els seg\u00fcents cursos escolars.<\/p>\n<p><a href=\"https:\/\/agora.xtec.cat\/escolaelrouredepontons\/wp-content\/uploads\/usu80\/2024\/01\/08053431-Escola-El-Roure-Resum-de-lEDC-signat-1.pdf\">08053431 Escola El Roure &#8211; Resum de l&#8217;EDC <\/a><\/p>\n<p>&nbsp;<\/p>\n","protected":false},"excerpt":{"rendered":"<p>L&#8217;Estrat\u00e8gia Digital de Centre (EDC) \u00e9s el conjunt d&#8217;actuacions que permeten l&#8217;assoliment de la compet\u00e8ncia digital del centre educatiu.<\/p>\n<p>Per aconseguir aquesta compet\u00e8ncia digital, l\u2019EDC compr\u00e8n tots els \u00e0mbits del centre: organitzatius, metodol\u00f2gics, curriculars i comunicatius, els quals s\u2019han de veure necess\u00e0riament implicats i, si escau,&hellip;  <a href=\"https:\/\/agora.xtec.cat\/escolaelrouredepontons\/documentacio\/edc-estrategia-digital-de-centre\/\" title=\"Read EDC &#8211; Estrat\u00e8gia Digital de Centre\">Llegeix m\u00e9s\u00bb<\/a><\/p>\n","protected":false},"author":1,"featured_media":0,"parent":3991,"menu_order":70,"comment_status":"closed","ping_status":"closed","template":"","meta":{"_bbp_topic_count":0,"_bbp_reply_count":0,"_bbp_total_topic_count":0,"_bbp_total_reply_count":0,"_bbp_voice_count":0,"_bbp_anonymous_reply_count":0,"_bbp_topic_count_hidden":0,"_bbp_reply_count_hidden":0,"_bbp_forum_subforum_count":0,"footnotes":""},"class_list":["post-3711","page","type-page","status-publish","hentry"],"post_mailing_queue_ids":[],"_links":{"self":[{"href":"https:\/\/agora.xtec.cat\/escolaelrouredepontons\/wp-json\/wp\/v2\/pages\/3711","targetHints":{"allow":["GET"]}}],"collection":[{"href":"https:\/\/agora.xtec.cat\/escolaelrouredepontons\/wp-json\/wp\/v2\/pages"}],"about":[{"href":"https:\/\/agora.xtec.cat\/escolaelrouredepontons\/wp-json\/wp\/v2\/types\/page"}],"author":[{"embeddable":true,"href":"https:\/\/agora.xtec.cat\/escolaelrouredepontons\/wp-json\/wp\/v2\/users\/1"}],"replies":[{"embeddable":true,"href":"https:\/\/agora.xtec.cat\/escolaelrouredepontons\/wp-json\/wp\/v2\/comments?post=3711"}],"version-history":[{"count":7,"href":"https:\/\/agora.xtec.cat\/escolaelrouredepontons\/wp-json\/wp\/v2\/pages\/3711\/revisions"}],"predecessor-version":[{"id":4171,"href":"https:\/\/agora.xtec.cat\/escolaelrouredepontons\/wp-json\/wp\/v2\/pages\/3711\/revisions\/4171"}],"up":[{"embeddable":true,"href":"https:\/\/agora.xtec.cat\/escolaelrouredepontons\/wp-json\/wp\/v2\/pages\/3991"}],"wp:attachment":[{"href":"https:\/\/agora.xtec.cat\/escolaelrouredepontons\/wp-json\/wp\/v2\/media?parent=3711"}],"curies":[{"name":"wp","href":"https:\/\/api.w.org\/{rel}","templated":true}]}}