{"id":34,"date":"2017-03-12T00:00:18","date_gmt":"2017-03-11T23:00:18","guid":{"rendered":"http:\/\/agora.xtec.cat\/escolaelrouredepontons\/?page_id=34"},"modified":"2023-03-28T17:23:30","modified_gmt":"2023-03-28T15:23:30","slug":"oferta-educativa","status":"publish","type":"page","link":"https:\/\/agora.xtec.cat\/escolaelrouredepontons\/lescola\/oferta-educativa\/","title":{"rendered":"Oferta educativa"},"content":{"rendered":"<p>El nostre centre \u00e9s una escola c\u00edclica i ofereix:<\/p>\n<ul>\n<li>\n<div>Segon cicle d\u2019Educaci\u00f3 Infantil (3-6 anys)<\/div>\n<\/li>\n<li>Educaci\u00f3 Prim\u00e0ria: Cicles inicial, mitj\u00e0 i superior<\/li>\n<\/ul>\n<p>Com a escola rural, no adscrita a cap ZER (Zona Escolar Rural), l&#8217;agrupament de les classes ve donat per la quantitat d&#8217;alumnes de cada nivell.<\/p>\n","protected":false},"excerpt":{"rendered":"<p>El nostre centre \u00e9s una escola c\u00edclica i ofereix:<\/p>\n<ul>\n<li>\nSegon cicle d\u2019Educaci\u00f3 Infantil (3-6 anys)\n<\/li>\n<li>Educaci\u00f3 Prim\u00e0ria: Cicles inicial, mitj\u00e0 i superior<\/li>\n<\/ul>\n<p>Com a escola rural, no adscrita a cap ZER (Zona Escolar Rural), l&#8217;agrupament de les classes ve donat per la quantitat d&#8217;alumnes de cada nivell.<\/p>\n","protected":false},"author":1,"featured_media":0,"parent":22,"menu_order":60,"comment_status":"closed","ping_status":"closed","template":"page-templates\/side-menu.php","meta":{"_bbp_topic_count":0,"_bbp_reply_count":0,"_bbp_total_topic_count":0,"_bbp_total_reply_count":0,"_bbp_voice_count":0,"_bbp_anonymous_reply_count":0,"_bbp_topic_count_hidden":0,"_bbp_reply_count_hidden":0,"_bbp_forum_subforum_count":0,"footnotes":""},"class_list":["post-34","page","type-page","status-publish","hentry"],"post_mailing_queue_ids":[],"_links":{"self":[{"href":"https:\/\/agora.xtec.cat\/escolaelrouredepontons\/wp-json\/wp\/v2\/pages\/34","targetHints":{"allow":["GET"]}}],"collection":[{"href":"https:\/\/agora.xtec.cat\/escolaelrouredepontons\/wp-json\/wp\/v2\/pages"}],"about":[{"href":"https:\/\/agora.xtec.cat\/escolaelrouredepontons\/wp-json\/wp\/v2\/types\/page"}],"author":[{"embeddable":true,"href":"https:\/\/agora.xtec.cat\/escolaelrouredepontons\/wp-json\/wp\/v2\/users\/1"}],"replies":[{"embeddable":true,"href":"https:\/\/agora.xtec.cat\/escolaelrouredepontons\/wp-json\/wp\/v2\/comments?post=34"}],"version-history":[{"count":3,"href":"https:\/\/agora.xtec.cat\/escolaelrouredepontons\/wp-json\/wp\/v2\/pages\/34\/revisions"}],"predecessor-version":[{"id":1721,"href":"https:\/\/agora.xtec.cat\/escolaelrouredepontons\/wp-json\/wp\/v2\/pages\/34\/revisions\/1721"}],"up":[{"embeddable":true,"href":"https:\/\/agora.xtec.cat\/escolaelrouredepontons\/wp-json\/wp\/v2\/pages\/22"}],"wp:attachment":[{"href":"https:\/\/agora.xtec.cat\/escolaelrouredepontons\/wp-json\/wp\/v2\/media?parent=34"}],"curies":[{"name":"wp","href":"https:\/\/api.w.org\/{rel}","templated":true}]}}