{"id":32,"date":"2017-09-01T09:00:33","date_gmt":"2017-09-01T07:00:33","guid":{"rendered":"http:\/\/agora.xtec.cat\/escolaelrouredepontons\/?page_id=32"},"modified":"2023-10-17T15:50:55","modified_gmt":"2023-10-17T13:50:55","slug":"calendari-del-curs","status":"publish","type":"page","link":"https:\/\/agora.xtec.cat\/escolaelrouredepontons\/lescola\/calendari-del-curs\/","title":{"rendered":"Calendari de curs i horaris"},"content":{"rendered":"<h4><a href=\"https:\/\/agora.xtec.cat\/escolaelrouredepontons\/wp-content\/uploads\/usu80\/2023\/10\/calendari-jpg.jpg\"><img loading=\"lazy\" decoding=\"async\" class=\"aligncenter wp-image-3906\" src=\"https:\/\/agora.xtec.cat\/escolaelrouredepontons\/wp-content\/uploads\/usu80\/2023\/10\/calendari-jpg.jpg\" alt=\"\" width=\"564\" height=\"797\" srcset=\"https:\/\/agora.xtec.cat\/escolaelrouredepontons\/wp-content\/uploads\/usu80\/2023\/10\/calendari-jpg.jpg 1414w, https:\/\/agora.xtec.cat\/escolaelrouredepontons\/wp-content\/uploads\/usu80\/2023\/10\/calendari-jpg-212x300.jpg 212w, https:\/\/agora.xtec.cat\/escolaelrouredepontons\/wp-content\/uploads\/usu80\/2023\/10\/calendari-jpg-724x1024.jpg 724w, https:\/\/agora.xtec.cat\/escolaelrouredepontons\/wp-content\/uploads\/usu80\/2023\/10\/calendari-jpg-768x1086.jpg 768w, https:\/\/agora.xtec.cat\/escolaelrouredepontons\/wp-content\/uploads\/usu80\/2023\/10\/calendari-jpg-1086x1536.jpg 1086w\" sizes=\"auto, (max-width: 564px) 100vw, 564px\" \/><\/a><\/h4>\n<h4><strong>Inici de curs:<\/strong><\/h4>\n<p>6 de setembre de 2023<\/p>\n<h4><strong>Vacances:<\/strong><\/h4>\n<p>Del 21 de desembre del 2023 al 7 de gener del 2024\u00a0 (ambd\u00f3s inclosos)<\/p>\n<p>Del 25 de mar\u00e7 a l&#8217;1 d\u2019abril del 2024 (ambd\u00f3s inclosos)<\/p>\n<p>A partir del 22 de juny del 2024 (darrer dia de classes 21 de juny)<\/p>\n<h4><strong>Dies festius de lliure disposici\u00f3:<\/strong><\/h4>\n<p>13 d&#8217;octubre del 2023<\/p>\n<p>7 de desembre del 2023<\/p>\n<p style=\"text-align: left;\">12 de febrer del 2024<\/p>\n<p>29 d&#8217;abril del 2024<\/p>\n<p>30 d&#8217;abril del 2024<\/p>\n<p>20 de maig del 2024<\/p>\n<h4><strong>Jornada compactada:<\/strong><\/h4>\n<p>21 de desembre del 2022 i del 6 al 21 de juny del 2022 (ambd\u00f3s inclosos)<\/p>\n<h4><strong>Horari:<\/strong><\/h4>\n<p>L&#8217;horari del centre \u00e9s de 9h 00&#8242; a 12h 30&#8242; i de 15h 00&#8242; a 16h 30&#8242; per a tots els alumnes del centre.<\/p>\n<p>El dia 21 de desembre del 2022 i a partir del 6 de juny del 2023 es realitza horari compactat de 9h 00&#8242; a 13h 00&#8242;. (Els alumnes que utilitzen el servei de menjador surten a les 15h 00&#8242;).<\/p>\n<p>Per als alumnes que inicien l\u2019escolaritzaci\u00f3 a P3 s&#8217;ajustar\u00e0 l&#8217;horari segons les necessitats i proc\u00e9s dels infants.<\/p>\n","protected":false},"excerpt":{"rendered":"<p><a href=\"https:\/\/agora.xtec.cat\/escolaelrouredepontons\/wp-content\/uploads\/usu80\/2023\/10\/calendari-jpg.jpg\"><\/a><br \/>\nInici de curs:<br \/>\n6 de setembre de 2023<br \/>\nVacances:<br \/>\nDel 21 de desembre del 2023 al 7 de gener del 2024\u00a0 (ambd\u00f3s inclosos)<br \/>\nDel 25 de mar\u00e7 a l&#8217;1 d\u2019abril del 2024 (ambd\u00f3s inclosos)<br \/>\nA partir del 22 de juny del 2024 (darrer dia de classes 21 de juny)<br \/>\nDies&hellip;  <a href=\"https:\/\/agora.xtec.cat\/escolaelrouredepontons\/lescola\/calendari-del-curs\/\" title=\"Read Calendari de curs i horaris\">Llegeix m\u00e9s\u00bb<\/a><\/p>\n","protected":false},"author":1,"featured_media":0,"parent":22,"menu_order":50,"comment_status":"closed","ping_status":"closed","template":"page-templates\/side-menu.php","meta":{"_bbp_topic_count":0,"_bbp_reply_count":0,"_bbp_total_topic_count":0,"_bbp_total_reply_count":0,"_bbp_voice_count":0,"_bbp_anonymous_reply_count":0,"_bbp_topic_count_hidden":0,"_bbp_reply_count_hidden":0,"_bbp_forum_subforum_count":0,"footnotes":""},"class_list":["post-32","page","type-page","status-publish","hentry"],"post_mailing_queue_ids":[],"_links":{"self":[{"href":"https:\/\/agora.xtec.cat\/escolaelrouredepontons\/wp-json\/wp\/v2\/pages\/32","targetHints":{"allow":["GET"]}}],"collection":[{"href":"https:\/\/agora.xtec.cat\/escolaelrouredepontons\/wp-json\/wp\/v2\/pages"}],"about":[{"href":"https:\/\/agora.xtec.cat\/escolaelrouredepontons\/wp-json\/wp\/v2\/types\/page"}],"author":[{"embeddable":true,"href":"https:\/\/agora.xtec.cat\/escolaelrouredepontons\/wp-json\/wp\/v2\/users\/1"}],"replies":[{"embeddable":true,"href":"https:\/\/agora.xtec.cat\/escolaelrouredepontons\/wp-json\/wp\/v2\/comments?post=32"}],"version-history":[{"count":4,"href":"https:\/\/agora.xtec.cat\/escolaelrouredepontons\/wp-json\/wp\/v2\/pages\/32\/revisions"}],"predecessor-version":[{"id":3907,"href":"https:\/\/agora.xtec.cat\/escolaelrouredepontons\/wp-json\/wp\/v2\/pages\/32\/revisions\/3907"}],"up":[{"embeddable":true,"href":"https:\/\/agora.xtec.cat\/escolaelrouredepontons\/wp-json\/wp\/v2\/pages\/22"}],"wp:attachment":[{"href":"https:\/\/agora.xtec.cat\/escolaelrouredepontons\/wp-json\/wp\/v2\/media?parent=32"}],"curies":[{"name":"wp","href":"https:\/\/api.w.org\/{rel}","templated":true}]}}