{"id":1148,"date":"2018-11-17T11:28:29","date_gmt":"2018-11-17T10:28:29","guid":{"rendered":"http:\/\/agora.xtec.cat\/escolaelrouredepontons\/?page_id=1148"},"modified":"2023-10-17T15:39:28","modified_gmt":"2023-10-17T13:39:28","slug":"prova-insercio","status":"publish","type":"page","link":"https:\/\/agora.xtec.cat\/escolaelrouredepontons\/lescola\/prova-insercio\/","title":{"rendered":"Qui som"},"content":{"rendered":"<p style=\"text-align: center;\"><span style=\"font-size: 18pt;\"><b><span style=\"color: #000000;\"><strong>CURS\u00a0 ESCOLAR\u00a0 2023 &#8211; 2024<\/strong><\/span><\/b><\/span><\/p>\n<p style=\"text-align: center;\"><strong><b><span style=\"color: #004586;\">Direcci\u00f3 :<\/span><\/b><\/strong> Luis Darriba Fern\u00e1ndez<\/p>\n<p style=\"text-align: center;\"><strong><b><span style=\"color: #004586;\">Secret\u00e0ria :<\/span><\/b><\/strong> Lourdes Bertr\u00e1n R\u00f3denas<\/p>\n<p style=\"text-align: center;\"><strong><span style=\"color: #004586; font-size: 14pt;\">Educaci\u00f3 infantil<\/span><\/strong><\/p>\n<p style=\"text-align: center;\"><strong><b><span style=\"color: #004586;\">Tutor:<\/span><\/b><\/strong> Lourdes Bertr\u00e1n R\u00f3denas<\/p>\n<p style=\"text-align: center;\"><strong><b><span style=\"color: #004586;\">Psicomotricitat: <\/span><\/b><\/strong>Lourdes Bertr\u00e1n R\u00f3denas<br \/>\n<b><\/b><\/p>\n<p style=\"text-align: center;\"><strong><span style=\"font-size: 14pt;\"><span style=\"color: #004586;\">Educaci\u00f3 prim\u00e0ria<\/span><\/span><\/strong><\/p>\n<p style=\"text-align: center;\"><strong><b><span style=\"color: #004586;\">Tutors\/es:<\/span><\/b><\/strong> Aida Ferrando (1r i 2n) \/ Bel\u00e9n Ventall\u00f3 ( 3r i 4t) \/ Luis Darriba (5\u00e8 i 6\u00e8) \/ M\u00f2nica Soler ( suport) \/ Maria San Miguel ( Pedagogia terap\u00e8utica)<\/p>\n<p style=\"text-align: center;\"><strong><b><span style=\"color: #004586;\">Tallers pl\u00e0stica:<\/span><\/b><\/strong> Lourdes Bertr\u00e1n\/ M\u00f2nica Soler\/ Bel\u00e9n Ventall\u00f3 \/ Aida Ferrando<\/p>\n<p style=\"text-align: center;\"><strong><b><span style=\"color: #004586;\">M\u00fasica internivells:<\/span><\/b><\/strong> Aida Ferrando \/ Bel\u00e9n Ventall\u00f3<br \/>\n<b><\/b><\/p>\n<p style=\"text-align: center;\"><strong><b><span style=\"color: #004586;\">English:<\/span><\/b><\/strong> Bel\u00e9n Ventall\u00f3 Garcia<\/p>\n<p style=\"text-align: center;\"><strong><b><span style=\"color: #004586;\">Matem\u00e0tiques: <\/span><\/b><\/strong>Luis Darriba<\/p>\n<p style=\"text-align: center;\"><strong><b><span style=\"color: #004586;\">Catal\u00e0:<\/span><\/b><\/strong> Aida Ferrando<\/p>\n<p style=\"text-align: center;\"><strong><b><span style=\"color: #004586;\">Castell\u00e0: <\/span><\/b><\/strong><span style=\"color: #004586;\">Aida Ferrando<\/span><\/p>\n<p style=\"text-align: center;\"><strong><b><span style=\"color: #004586;\">Medi:<\/span><\/b><\/strong> Tutors\/es<\/p>\n<p style=\"text-align: center;\">&#8211; &#8211; &#8211; &#8211; &#8211; &#8211; &#8211; &#8211; &#8211; &#8211; &#8211; &#8211; &#8211; &#8211; &#8211; &#8211; &#8211;<\/p>\n<p style=\"text-align: center;\"><strong><b><span style=\"color: #004586;\">Assessorament Pedag\u00f2gic (EAP):<\/span><\/b><\/strong> Joan Josep Carbonell i Colom\u00e9<\/p>\n<p style=\"text-align: center;\"><strong><b><span style=\"color: #004586;\">Treballadora social (EAP):<\/span><\/b><\/strong> Azucena Nieto Mu\u00f1oz<\/p>\n<p style=\"text-align: center;\"><strong><b><span style=\"color: #004586;\">Fisioterapeuta (EAP):<\/span><\/b><\/strong> S\u00f2nia Oliva<\/p>\n<p style=\"text-align: center;\">&#8211; &#8211; &#8211; &#8211; &#8211; &#8211; &#8211; &#8211; &#8211; &#8211; &#8211; &#8211; &#8211; &#8211; &#8211; &#8211; &#8211;<\/p>\n<p style=\"text-align: center;\"><strong><b><span style=\"color: #004586;\">Monitoratge cuina:<\/span><\/b><\/strong> Carol i Eli<\/p>\n<p style=\"text-align: center;\"><strong><b><span style=\"color: #004586;\">Personal de neteja:<\/span><\/b><\/strong> Carmen i N\u00faria \/ F\u00e0tima<\/p>\n<p style=\"text-align: center;\">&#8211; &#8211; &#8211; &#8211; &#8211; &#8211; &#8211; &#8211; &#8211; &#8211; &#8211; &#8211; &#8211; &#8211; &#8211; &#8211; &#8211;<\/p>\n","protected":false},"excerpt":{"rendered":"<p>CURS\u00a0 ESCOLAR\u00a0 2023 &#8211; 2024<br \/>\nDirecci\u00f3 : Luis Darriba Fern\u00e1ndez<br \/>\nSecret\u00e0ria : Lourdes Bertr\u00e1n R\u00f3denas<br \/>\nEducaci\u00f3 infantil<br \/>\nTutor: Lourdes Bertr\u00e1n R\u00f3denas<br \/>\nPsicomotricitat: Lourdes Bertr\u00e1n R\u00f3denas<\/p>\n<p>Educaci\u00f3 prim\u00e0ria<br \/>\nTutors\/es: Aida Ferrando (1r i 2n) \/ Bel\u00e9n Ventall\u00f3 ( 3r i 4t) \/ Luis Darriba (5\u00e8 i 6\u00e8) \/ M\u00f2nica Soler ( suport) \/&hellip;  <a href=\"https:\/\/agora.xtec.cat\/escolaelrouredepontons\/lescola\/prova-insercio\/\" title=\"Read Qui som\">Llegeix m\u00e9s\u00bb<\/a><\/p>\n","protected":false},"author":1,"featured_media":0,"parent":22,"menu_order":25,"comment_status":"closed","ping_status":"closed","template":"page-templates\/side-menu.php","meta":{"_bbp_topic_count":0,"_bbp_reply_count":0,"_bbp_total_topic_count":0,"_bbp_total_reply_count":0,"_bbp_voice_count":0,"_bbp_anonymous_reply_count":0,"_bbp_topic_count_hidden":0,"_bbp_reply_count_hidden":0,"_bbp_forum_subforum_count":0,"footnotes":""},"class_list":["post-1148","page","type-page","status-publish","hentry"],"post_mailing_queue_ids":[],"_links":{"self":[{"href":"https:\/\/agora.xtec.cat\/escolaelrouredepontons\/wp-json\/wp\/v2\/pages\/1148","targetHints":{"allow":["GET"]}}],"collection":[{"href":"https:\/\/agora.xtec.cat\/escolaelrouredepontons\/wp-json\/wp\/v2\/pages"}],"about":[{"href":"https:\/\/agora.xtec.cat\/escolaelrouredepontons\/wp-json\/wp\/v2\/types\/page"}],"author":[{"embeddable":true,"href":"https:\/\/agora.xtec.cat\/escolaelrouredepontons\/wp-json\/wp\/v2\/users\/1"}],"replies":[{"embeddable":true,"href":"https:\/\/agora.xtec.cat\/escolaelrouredepontons\/wp-json\/wp\/v2\/comments?post=1148"}],"version-history":[{"count":4,"href":"https:\/\/agora.xtec.cat\/escolaelrouredepontons\/wp-json\/wp\/v2\/pages\/1148\/revisions"}],"predecessor-version":[{"id":3904,"href":"https:\/\/agora.xtec.cat\/escolaelrouredepontons\/wp-json\/wp\/v2\/pages\/1148\/revisions\/3904"}],"up":[{"embeddable":true,"href":"https:\/\/agora.xtec.cat\/escolaelrouredepontons\/wp-json\/wp\/v2\/pages\/22"}],"wp:attachment":[{"href":"https:\/\/agora.xtec.cat\/escolaelrouredepontons\/wp-json\/wp\/v2\/media?parent=1148"}],"curies":[{"name":"wp","href":"https:\/\/api.w.org\/{rel}","templated":true}]}}