{"id":73,"date":"2014-09-18T14:01:51","date_gmt":"2014-09-18T14:01:51","guid":{"rendered":"http:\/\/agora.xtec.cat\/escolaelroure\/?page_id=73"},"modified":"2025-10-01T12:30:34","modified_gmt":"2025-10-01T10:30:34","slug":"menjador-escolar","status":"publish","type":"page","link":"https:\/\/agora.xtec.cat\/escolaelroure\/serveis\/menjador-escolar\/","title":{"rendered":"Menjador escolar"},"content":{"rendered":"<table style=\"height: 100%; border-color: #ffffff; background-color: #d6d2d2;\" border=\"0\" width=\"100%\" cellspacing=\"10\" cellpadding=\"10\">\n<tbody>\n<tr>\n<td>\n<h5><img loading=\"lazy\" decoding=\"async\" class=\" wp-image-313 aligncenter\" src=\"http:\/\/agora.xtec.cat\/escolaelroure\/wp-content\/uploads\/usu557\/2014\/09\/chef-con-la-carta-menu.jpg\" alt=\"chef-con-la-carta-menu\" width=\"142\" height=\"189\" \/><\/h5>\n<\/td>\n<td>\n<h5>El servei de menjador t\u00e9 per finalitat oferir a les fam\u00edlies i els alumnes de l&#8217;escola, un espai<\/h5>\n<h5>i un temps per a gaudir socialment de l&#8217;acte quotidi\u00e0 de menjar, donant la possibilitat de<\/h5>\n<h5>combinar responsabilitats familiars i laborals, tot cuidant els aspectes nutricionals i educatius<\/h5>\n<h5>dels nens, dins el temps del menjador escolar.<\/h5>\n<p>Els dinars es preparen di\u00e0riament al nostre centre per personal qualificat.<br \/>\nTamb\u00e9 comptem amb monitors especialitzats que estimulen el joc i cuiden dels nens en diferents horaris.<\/td>\n<\/tr>\n<\/tbody>\n<\/table>\n<h3><a href=\"https:\/\/cateringlavostracuina.com\/men%C3%BAs\">ENLLA\u00c7 ALS MEN\u00daS\ud83d\udc49<\/a><\/h3>\n<p>\u26a0\ufe0fL&#8217;enlla\u00e7 \u00e9s per veure els men\u00fas generals. No apareixen els festius.<\/p>\n<p>&nbsp;<\/p>\n<p>Pret\u00e9n aconseguir tamb\u00e9 els seg\u00fcents objectius:<\/p>\n<ul style=\"list-style-type: disc;\">\n<li><strong> \u00c0mbit nutritiu:<\/strong>\n<ul>\n<li>Cobrir els requeriments nutricionals.<\/li>\n<li>Oferir una dieta equilibrada a les necessitats individuals i col\u00b7lectives.<\/li>\n<li>Oferir productes i plats del nostre entorn i de temporada.<\/li>\n<\/ul>\n<\/li>\n<li><strong>\u00c0mbit educatiu:<\/strong>\n<ul>\n<li>Desenvolupar actituds de valoraci\u00f3 de l\u2019acte de menjar com a element de salut.<\/li>\n<li>Fomentar h\u00e0bits correctes a la taula.<\/li>\n<li>Assolir h\u00e0bits d\u2019higiene i ordre.<\/li>\n<li>Incorporar h\u00e0bits de conviv\u00e8ncia.<\/li>\n<li>Desenvolupar actituds i h\u00e0bits de participaci\u00f3 responsable.<\/li>\n<li>Considerar el menjador com un espai d\u2019aprenentatge.<\/li>\n<\/ul>\n<\/li>\n<li><strong>\u00c0mbit ambiental:<\/strong>\n<ul>\n<li>Disposar un entorn agradable i acollidor.<\/li>\n<li>Aconseguir que l\u2019acte de menjar sigui un moment social i individual agradable.<\/li>\n<li>Valorar el temps del dinar com un moment comunicatiu.<\/li>\n<\/ul>\n<\/li>\n<\/ul>\n<p>Aquest servei funciona durant tots els dies lectius a partir del mateix dia d\u2019inici del curs escolar, tant de forma fixa com espor\u00e0dica.<\/p>\n<p>Els alumnes de I3, durant els dies d\u2019adaptaci\u00f3, no faran \u00fas d\u2019aquest servei.<\/p>\n<p><strong>Pagament:<\/strong><\/p>\n<ul>\n<li>Els\/les alumnes que es quedin a dinar de manera fixa faran el pagament per domiciliaci\u00f3 banc\u00e0ria.<\/li>\n<li>Aquells que ho facin espor\u00e0dicament tamb\u00e9 podran fer servir aquesta forma de pagament banc\u00e0ria si ho desitgen.<\/li>\n<\/ul>\n<p><strong>Informes:<\/strong><\/p>\n<p>La informaci\u00f3 a les fam\u00edlies referent a l\u2019estona de menjador (\u00e0pats, migdiada, deposicions, actituds&#8230;) es portar\u00e0 a terme de la seg\u00fcent manera:<\/p>\n<ul>\n<li>I3: Informe diari<\/li>\n<li>I4 i I5: Informe mensual<\/li>\n<li>Prim\u00e0ria. Informe trimestral<\/li>\n<\/ul>\n<p><strong>Material necessari:<\/strong><\/p>\n<p>Els alumnes que en facin \u00fas del servei de menjador hauran de portar el material seg\u00fcent:<\/p>\n<ul>\n<li><strong>I3 fins 2n<\/strong> Bata espec\u00edfica pel menjador amb el nom del nen\/a.<\/li>\n<\/ul>\n<p>-La inscripci\u00f3 de forma espor\u00e0dica podeu fer-la a trav\u00e9s del m\u00f2bil que teniu al final de la p\u00e0gina.<\/p>\n<p>-Cal que aviseu a la coordinadora del menjador en cas que un\/a alumne\/a fix no en faci \u00fas per malaltia.<\/p>\n<h5 style=\"text-align: center;\">Tel\u00e8fon del Servei de Menjador: <strong>628145529<\/strong> (<strong>S\u00f2nia<\/strong>, coordinadora del menjador)<\/h5>\n<p>&nbsp;<\/p>\n<div id=\"gtx-trans\" style=\"position: absolute; left: 523px; top: 1370.21px;\">\n<div class=\"gtx-trans-icon\"><\/div>\n<\/div>\n","protected":false},"excerpt":{"rendered":"<p>El servei de menjador t\u00e9 per finalitat oferir a les fam\u00edlies i els alumnes de l&#8217;escola, un espai<br \/>\ni un temps per a gaudir socialment de l&#8217;acte quotidi\u00e0 de menjar, donant la possibilitat de<br \/>\ncombinar responsabilitats familiars i laborals, tot cuidant els aspectes nutricionals i educatius<br \/>\ndels nens,&hellip;  <a href=\"https:\/\/agora.xtec.cat\/escolaelroure\/serveis\/menjador-escolar\/\" title=\"Read Menjador escolar\">Llegeix m\u00e9s\u00bb<\/a><\/p>\n","protected":false},"author":2,"featured_media":0,"parent":66,"menu_order":30,"comment_status":"closed","ping_status":"closed","template":"page-templates\/side-menu.php","meta":{"_bbp_topic_count":0,"_bbp_reply_count":0,"_bbp_total_topic_count":0,"_bbp_total_reply_count":0,"_bbp_voice_count":0,"_bbp_anonymous_reply_count":0,"_bbp_topic_count_hidden":0,"_bbp_reply_count_hidden":0,"_bbp_forum_subforum_count":0,"footnotes":""},"class_list":["post-73","page","type-page","status-publish","hentry"],"post_mailing_queue_ids":[],"_links":{"self":[{"href":"https:\/\/agora.xtec.cat\/escolaelroure\/wp-json\/wp\/v2\/pages\/73","targetHints":{"allow":["GET"]}}],"collection":[{"href":"https:\/\/agora.xtec.cat\/escolaelroure\/wp-json\/wp\/v2\/pages"}],"about":[{"href":"https:\/\/agora.xtec.cat\/escolaelroure\/wp-json\/wp\/v2\/types\/page"}],"author":[{"embeddable":true,"href":"https:\/\/agora.xtec.cat\/escolaelroure\/wp-json\/wp\/v2\/users\/2"}],"replies":[{"embeddable":true,"href":"https:\/\/agora.xtec.cat\/escolaelroure\/wp-json\/wp\/v2\/comments?post=73"}],"version-history":[{"count":6,"href":"https:\/\/agora.xtec.cat\/escolaelroure\/wp-json\/wp\/v2\/pages\/73\/revisions"}],"predecessor-version":[{"id":21790,"href":"https:\/\/agora.xtec.cat\/escolaelroure\/wp-json\/wp\/v2\/pages\/73\/revisions\/21790"}],"up":[{"embeddable":true,"href":"https:\/\/agora.xtec.cat\/escolaelroure\/wp-json\/wp\/v2\/pages\/66"}],"wp:attachment":[{"href":"https:\/\/agora.xtec.cat\/escolaelroure\/wp-json\/wp\/v2\/media?parent=73"}],"curies":[{"name":"wp","href":"https:\/\/api.w.org\/{rel}","templated":true}]}}