{"id":418,"date":"2008-09-29T21:22:53","date_gmt":"2008-09-29T19:22:53","guid":{"rendered":"http:\/\/blocs.xtec.cat\/ceipelroure\/ampa\/"},"modified":"2022-02-10T16:56:32","modified_gmt":"2022-02-10T15:56:32","slug":"ampa","status":"publish","type":"page","link":"https:\/\/agora.xtec.cat\/escolaelroure\/ampa\/","title":{"rendered":"AFA-Associaci\u00f3 de fam\u00edlies-"},"content":{"rendered":"<p><strong>QU\u00c8 SOM?<\/strong><\/p>\n<p><span style=\"font-weight: 400;\">Som una associaci\u00f3 sense \u00e0nim de lucre, formada per les fam\u00edlies dels alumnes, amb l&#8217;objectiu de contribuir a:<\/span><\/p>\n<ul>\n<li style=\"font-weight: 400;\" aria-level=\"2\"><span style=\"font-weight: 400;\">Millora de la qualitat del sistema educatiu.\u00a0<\/span><\/li>\n<li style=\"font-weight: 400;\" aria-level=\"2\"><span style=\"font-weight: 400;\">Millora de les condicions d&#8217;escolaritzaci\u00f3 de l&#8217;alumnat.<\/span><\/li>\n<\/ul>\n<p><span style=\"font-weight: 400;\">Exercim una s\u00e8ries de responsabilitats (econ\u00f2miques, legals, personals &#8230;) per influir en l&#8217;educaci\u00f3 dels l&#8217;alumnat i ser part activa en el bon funcionament de centre.\u00a0<\/span><\/p>\n","protected":false},"excerpt":{"rendered":"<p>QU\u00c8 SOM?<br \/>\nSom una associaci\u00f3 sense \u00e0nim de lucre, formada per les fam\u00edlies dels alumnes, amb l&#8217;objectiu de contribuir a:<\/p>\n<ul>\n<li style=\"font-weight: 400;\" aria-level=\"2\">Millora de la qualitat del sistema educatiu.\u00a0<\/li>\n<li style=\"font-weight: 400;\" aria-level=\"2\">Millora de les condicions d&#8217;escolaritzaci\u00f3 de l&#8217;alumnat.<\/li>\n<\/ul>\n<p>Exercim una s\u00e8ries de responsabilitats (econ\u00f2miques, legals, personals &#8230;)&hellip;  <a href=\"https:\/\/agora.xtec.cat\/escolaelroure\/ampa\/\" title=\"Read AFA-Associaci\u00f3 de fam\u00edlies-\">Llegeix m\u00e9s\u00bb<\/a><\/p>\n","protected":false},"author":1,"featured_media":0,"parent":0,"menu_order":8,"comment_status":"open","ping_status":"open","template":"page-templates\/side-menu.php","meta":{"_bbp_topic_count":0,"_bbp_reply_count":0,"_bbp_total_topic_count":0,"_bbp_total_reply_count":0,"_bbp_voice_count":0,"_bbp_anonymous_reply_count":0,"_bbp_topic_count_hidden":0,"_bbp_reply_count_hidden":0,"_bbp_forum_subforum_count":0,"footnotes":""},"class_list":["post-418","page","type-page","status-publish","hentry"],"post_mailing_queue_ids":[],"_links":{"self":[{"href":"https:\/\/agora.xtec.cat\/escolaelroure\/wp-json\/wp\/v2\/pages\/418","targetHints":{"allow":["GET"]}}],"collection":[{"href":"https:\/\/agora.xtec.cat\/escolaelroure\/wp-json\/wp\/v2\/pages"}],"about":[{"href":"https:\/\/agora.xtec.cat\/escolaelroure\/wp-json\/wp\/v2\/types\/page"}],"author":[{"embeddable":true,"href":"https:\/\/agora.xtec.cat\/escolaelroure\/wp-json\/wp\/v2\/users\/1"}],"replies":[{"embeddable":true,"href":"https:\/\/agora.xtec.cat\/escolaelroure\/wp-json\/wp\/v2\/comments?post=418"}],"version-history":[{"count":3,"href":"https:\/\/agora.xtec.cat\/escolaelroure\/wp-json\/wp\/v2\/pages\/418\/revisions"}],"predecessor-version":[{"id":20487,"href":"https:\/\/agora.xtec.cat\/escolaelroure\/wp-json\/wp\/v2\/pages\/418\/revisions\/20487"}],"wp:attachment":[{"href":"https:\/\/agora.xtec.cat\/escolaelroure\/wp-json\/wp\/v2\/media?parent=418"}],"curies":[{"name":"wp","href":"https:\/\/api.w.org\/{rel}","templated":true}]}}