{"id":413,"date":"2015-11-23T12:35:51","date_gmt":"2015-11-23T11:35:51","guid":{"rendered":"http:\/\/agora.xtec.cat\/escolaelroure\/?page_id=413"},"modified":"2022-02-10T17:02:24","modified_gmt":"2022-02-10T16:02:24","slug":"tallers-en-familia","status":"publish","type":"page","link":"https:\/\/agora.xtec.cat\/escolaelroure\/ampa\/tallers-en-familia\/","title":{"rendered":"Tallers en fam\u00edlia"},"content":{"rendered":"<p>L&#8217;AFA organitza els tallers en fam\u00edlia que es porten a terme a l&#8217;escola en horari lectiu i serveixen per fomentar el vincle fam\u00edlia-escola i compartir viv\u00e8ncies dins l&#8217;\u00e0mbit educatiu.<\/p>\n<p>&nbsp;<\/p>\n<p>&nbsp;<\/p>\n","protected":false},"excerpt":{"rendered":"<p>L&#8217;AFA organitza els tallers en fam\u00edlia que es porten a terme a l&#8217;escola en horari lectiu i serveixen per fomentar el vincle fam\u00edlia-escola i compartir viv\u00e8ncies dins l&#8217;\u00e0mbit educatiu.<br \/>\n&nbsp;<br \/>\n&nbsp;<\/p>\n","protected":false},"author":1,"featured_media":0,"parent":418,"menu_order":20,"comment_status":"closed","ping_status":"closed","template":"page-templates\/side-menu.php","meta":{"_bbp_topic_count":0,"_bbp_reply_count":0,"_bbp_total_topic_count":0,"_bbp_total_reply_count":0,"_bbp_voice_count":0,"_bbp_anonymous_reply_count":0,"_bbp_topic_count_hidden":0,"_bbp_reply_count_hidden":0,"_bbp_forum_subforum_count":0,"footnotes":""},"class_list":["post-413","page","type-page","status-publish","hentry"],"post_mailing_queue_ids":[],"_links":{"self":[{"href":"https:\/\/agora.xtec.cat\/escolaelroure\/wp-json\/wp\/v2\/pages\/413","targetHints":{"allow":["GET"]}}],"collection":[{"href":"https:\/\/agora.xtec.cat\/escolaelroure\/wp-json\/wp\/v2\/pages"}],"about":[{"href":"https:\/\/agora.xtec.cat\/escolaelroure\/wp-json\/wp\/v2\/types\/page"}],"author":[{"embeddable":true,"href":"https:\/\/agora.xtec.cat\/escolaelroure\/wp-json\/wp\/v2\/users\/1"}],"replies":[{"embeddable":true,"href":"https:\/\/agora.xtec.cat\/escolaelroure\/wp-json\/wp\/v2\/comments?post=413"}],"version-history":[{"count":3,"href":"https:\/\/agora.xtec.cat\/escolaelroure\/wp-json\/wp\/v2\/pages\/413\/revisions"}],"predecessor-version":[{"id":20488,"href":"https:\/\/agora.xtec.cat\/escolaelroure\/wp-json\/wp\/v2\/pages\/413\/revisions\/20488"}],"up":[{"embeddable":true,"href":"https:\/\/agora.xtec.cat\/escolaelroure\/wp-json\/wp\/v2\/pages\/418"}],"wp:attachment":[{"href":"https:\/\/agora.xtec.cat\/escolaelroure\/wp-json\/wp\/v2\/media?parent=413"}],"curies":[{"name":"wp","href":"https:\/\/api.w.org\/{rel}","templated":true}]}}