{"id":410,"date":"2015-11-22T19:49:01","date_gmt":"2015-11-22T18:49:01","guid":{"rendered":"http:\/\/agora.xtec.cat\/escolaelroure\/?page_id=410"},"modified":"2015-12-14T17:55:14","modified_gmt":"2015-12-14T16:55:14","slug":"els-nostres-projectes","status":"publish","type":"page","link":"https:\/\/agora.xtec.cat\/escolaelroure\/els-nostres-projectes\/","title":{"rendered":"Els nostres projectes"},"content":{"rendered":"<h5>A la nostra escola <strong><span style=\"color: #339966;\">El Roure<\/span><\/strong> desenvolupem una s\u00e8rie de projecte d&#8217;\u00e0mbit general, que describim a continuaci\u00f3:<\/h5>\n<ul>\n<li>Projecte \u201cEl Roure\u201d a tota l\u2019escola.<\/li>\n<li>Artistes (pl\u00e0stica) des de P3 fins a 6\u00e8: 1r: Paul Klee , 2n: Kandinsky, 3r: Picasso, 4t: Dal\u00ed, 5\u00e8: Van Gogh , 6\u00e8: Andy Warhol.<\/li>\n<li>La nostra r\u00e0dio.<\/li>\n<li>Exposicions orals.<\/li>\n<\/ul>\n<h5>Tamb\u00e9 es desenvolupen projectes especifics a:<\/h5>\n<p><b>Educaci\u00f3 Infantil:<\/b><\/p>\n<ul>\n<li>Nom de la classe.<\/li>\n<li>\u201cActivitats de cap de setmana\u201d que impliquen la fam\u00edlia i l\u2019alumne.<\/li>\n<li>Taller de plantes arom\u00e0tiques.<\/li>\n<\/ul>\n<p><b>Educaci\u00f3 Prim\u00e0ria: <\/b><\/p>\n<ul>\n<li>Lliure relacionat amb el Medi.<\/li>\n<li>Cicle Inicial: petit hort.<\/li>\n<li>Cicle Mitj\u00e0: Expressi\u00f3 corporal \/ Teatre.<\/li>\n<li>Apadrinaments lectors.(1r \u2013 5\u00e8 i 2n \u2013 4t).<\/li>\n<li>Cooperaci\u00f3: Intervida.<\/li>\n<\/ul>\n","protected":false},"excerpt":{"rendered":"<p>A la nostra escola El Roure desenvolupem una s\u00e8rie de projecte d&#8217;\u00e0mbit general, que describim a continuaci\u00f3:<\/p>\n<ul>\n<li>Projecte \u201cEl Roure\u201d a tota l\u2019escola.<\/li>\n<li>Artistes (pl\u00e0stica) des de P3 fins a 6\u00e8: 1r: Paul Klee , 2n: Kandinsky, 3r: Picasso, 4t: Dal\u00ed, 5\u00e8: Van Gogh , 6\u00e8: Andy&hellip;  <a href=\"https:\/\/agora.xtec.cat\/escolaelroure\/els-nostres-projectes\/\" title=\"Read Els nostres projectes\">Llegeix m\u00e9s\u00bb<\/a><br \/>\n","protected":false},"author":1,"featured_media":0,"parent":0,"menu_order":1,"comment_status":"closed","ping_status":"closed","template":"page-templates\/side-menu.php","meta":{"_bbp_topic_count":0,"_bbp_reply_count":0,"_bbp_total_topic_count":0,"_bbp_total_reply_count":0,"_bbp_voice_count":0,"_bbp_anonymous_reply_count":0,"_bbp_topic_count_hidden":0,"_bbp_reply_count_hidden":0,"_bbp_forum_subforum_count":0,"footnotes":""},"class_list":["post-410","page","type-page","status-publish","hentry"],"post_mailing_queue_ids":[],"_links":{"self":[{"href":"https:\/\/agora.xtec.cat\/escolaelroure\/wp-json\/wp\/v2\/pages\/410","targetHints":{"allow":["GET"]}}],"collection":[{"href":"https:\/\/agora.xtec.cat\/escolaelroure\/wp-json\/wp\/v2\/pages"}],"about":[{"href":"https:\/\/agora.xtec.cat\/escolaelroure\/wp-json\/wp\/v2\/types\/page"}],"author":[{"embeddable":true,"href":"https:\/\/agora.xtec.cat\/escolaelroure\/wp-json\/wp\/v2\/users\/1"}],"replies":[{"embeddable":true,"href":"https:\/\/agora.xtec.cat\/escolaelroure\/wp-json\/wp\/v2\/comments?post=410"}],"version-history":[{"count":2,"href":"https:\/\/agora.xtec.cat\/escolaelroure\/wp-json\/wp\/v2\/pages\/410\/revisions"}],"predecessor-version":[{"id":1483,"href":"https:\/\/agora.xtec.cat\/escolaelroure\/wp-json\/wp\/v2\/pages\/410\/revisions\/1483"}],"wp:attachment":[{"href":"https:\/\/agora.xtec.cat\/escolaelroure\/wp-json\/wp\/v2\/media?parent=410"}],"curies":[{"name":"wp","href":"https:\/\/api.w.org\/{rel}","templated":true}]}}