{"id":3979,"date":"2019-03-19T11:42:18","date_gmt":"2019-03-19T10:42:18","guid":{"rendered":"http:\/\/agora.xtec.cat\/escolaelroure\/?page_id=3979"},"modified":"2019-03-19T12:22:16","modified_gmt":"2019-03-19T11:22:16","slug":"projecte-matematiques-manipulatives","status":"publish","type":"page","link":"https:\/\/agora.xtec.cat\/escolaelroure\/els-nostres-projectes\/projecte-matematiques-manipulatives\/","title":{"rendered":"Projecte &#8220;Matem\u00e0tiques manipulatives&#8221;"},"content":{"rendered":"<p>L\u2019objectiu d\u2019aquest projecte, que anem implementant a tota l\u2019escola, \u00e9s apropar els alumnes a les matem\u00e0tiques des de la manipulaci\u00f3 i facilitar-los\u00a0que vagin trobant sentit a conceptes abstractes com s\u00f3n la numeraci\u00f3, la mesura o els algorismes de c\u00e0lcul.<\/p>\n\r\n\t<div class=\"slideshow_container slideshow_container_style-light\" style=\"height: 600px; \" data-slideshow-id=\"3989\" data-style-name=\"style-light\" data-style-version=\"2.3.1\" >\r\n\r\n\t\t\t\t\t<div class=\"slideshow_loading_icon\"><\/div>\r\n\t\t\r\n\t\t<div class=\"slideshow_content\" style=\"display: none;\">\r\n\r\n\t\t\t<div class=\"slideshow_view\"><div class=\"slideshow_slide slideshow_slide_image\">\n        <a href=\"https:\/\/photos.google.com\/share\/AF1QipMk5FKYtdDenwse_eK83wqMKB9tPkfAa9wulvFH9UvqIx0oa7nt7t544Wg6BfUu1w\/photo\/AF1QipOrVPrdC8O-SACadc93QnFuhyG2U_4CLjITqVPa?key=Z0JDWHJGWU5OVUpFVlg1MS1aTTNGUVYxamExR0Jn\" target=\"_blank\">        <img src=\"https:\/\/lh3.googleusercontent.com\/9D6Rnp9NeYTvp-o31QVcqnoy50JTtaN2_Vhkd50ttZZhPsE8dhUbOed9khZ1YOiLA7O_CO2OybXfd7QmPiOOz5NkvsrRlH9kONim610nYtf1tFicJQgE8pTykDz5E-YMlHYGZeKensage3QFKApel2iBZ2zZtib11NQ9sz8lvBFOSRXncXmDQkmvgaFXFFPF6llA5DX644TeMo6fNZ-LKkrsTvblKgMbWU8XTK1Hdr0u2P-1Ncu7AX9Rn_y_qsI0szKPAuap9F0rPeYUYWErwhLtb2vCIjlvegzf4gGpHr1svLf-orJQQPq79OeZHgiSIaCdzjfsLpqLO5UkUljhDIOHx60hFI7CoP1E963yWQCIJiwcJ4bfYf3CRo5nf_DMzZRf1OPgBHnizgY56QRUaDoeE3wgOcqDZM3DIg8Sr-wTdw_pQtoyPsMdLskNIUhH3Kx5JCAmQQp8jQsadwwcK3JdeRv0TYl7LC37rgsnH1Y7l3rAx5BNPd9BLiaIliUm9WvzOvS3QuEXn01sSqWoSjHnkvTZZYtWGHO5v0ofTTn7J0MuRoh6B-AKMSpPtyTHk4A45ddd5L9IGA2KV7vzlhoou67H8BiztBlbAaLXfPbPJyG1sshyOTTc4epX9IJ75Lnjw9uERrORLYbMM6XTTybejoIAQU8SO_qiaPIqgpK4UsZbunWTIgBMoPJARBF_s1wLGACwFMotITv9zo3OCR8i=w800-h600-no\" alt=\"\"   \/>\n        <\/a>        <div class=\"slideshow_description_box slideshow_transparent\">\n                                        <\/div>\n<\/div>\n\t\n<div style=\"clear: both;\"><\/div><\/div><div class=\"slideshow_view\"><div class=\"slideshow_slide slideshow_slide_image\">\n        <a href=\"https:\/\/photos.google.com\/share\/AF1QipMk5FKYtdDenwse_eK83wqMKB9tPkfAa9wulvFH9UvqIx0oa7nt7t544Wg6BfUu1w\/photo\/AF1QipP7HDJ6GLh68_pBmC2Xxeq9GeczMQbkLNaflD-b?key=Z0JDWHJGWU5OVUpFVlg1MS1aTTNGUVYxamExR0Jn\" target=\"_blank\">        <img src=\"https:\/\/lh3.googleusercontent.com\/N2Ag0hrFV_ArYSr9aPnnELfpyXgcw1tfmjrY6vLAp7SEOXt_2-5-HJGI62wA-A6M2d-G6NAAaKy7P8uWDr3A3zSG8Dm2Pm_8ov1V8pdy9zFswlqZ48DZOhaG2J6t6ZTrQvnXzP7b-Lu3edESoKy8y3KBRYRL6MmEprM3xglQJGOKbMhz_MItxKuRl0wZMZWaAlJeYrpKZrn09soSQkJljQoa8D_ww9MuF56Lik3eotainc07nbnICy_wUhQPa3tyExI49J7kKWFHiHxpl2V6n_doPFKtKibuUtekK-1lW99XCpZfvG3ek8344qY0Ix6Gs49Zy71RFX2THysTRhgfCFvl8XVNrN9-AhlKkZIxcYpAr8ElP4FzGRIYPNuUQwcnPsA5GtgTDLtri_aozoshdLJt7OMPKo-Y-JDW7qj9oVmANMvMeafoiexgYnltiWZAEhTtIe0el5NHKOMS-GHn-BnlD1om5NOx4NoaYxwWv3TT9vP9kT8RKx7lzwNZTP7R5zY-1TbjDx0EVbtk_vnYhgNOaxPaD-2_zPILQ0_zOcNM7QwT-lqCsa_8GdkaSf7DqDbwCubtTu7_phN7RtH37nC-DoITiVbbTh7aJrBgtDTgAqUuZHAm-YP3IdJX1HwfIalnOVsh0J10zYJYmnhMXWPEaOLUCukiFbbun4IU7fIe4gm_MVn-7XGLK7Hy_YVJAzw81gb0FmSL_HOPzll-dKHe=w800-h600-no\" alt=\"\"   \/>\n        <\/a>        <div class=\"slideshow_description_box slideshow_transparent\">\n                                        <\/div>\n<\/div>\n\t\n<div style=\"clear: both;\"><\/div><\/div><div class=\"slideshow_view\"><div class=\"slideshow_slide slideshow_slide_image\">\n        <a href=\"https:\/\/photos.google.com\/share\/AF1QipMk5FKYtdDenwse_eK83wqMKB9tPkfAa9wulvFH9UvqIx0oa7nt7t544Wg6BfUu1w\/photo\/AF1QipP5EKt3C4_MTdgtnFcTomuLOi8V20JaQhMjt2oQ?key=Z0JDWHJGWU5OVUpFVlg1MS1aTTNGUVYxamExR0Jn\" target=\"_blank\">        <img src=\"https:\/\/lh3.googleusercontent.com\/XEaehJ-aQTxe8m7E6NiOLle0jEMKsFiHooQy0QFbBhHT395UR25lm5KFVzoXpkAkGsj6iC06uuwGcF4m1G0DTJzmypE9-LpPQLqfSwpLwv7BGqS0wVWiApJeSsSdAWOdjlpoHuQKpbJBPkoQMHYHjMV_Y61ORTDttRC3EQ8bsJE7tOcVrRGEQ9586AnN0S1eIL1jdBtlFEHKJoHM8v9uBT3SqWTfhDwayubr4h3g6iFz6mSCgCxbqWTIssh6rl0mfAmSCefYJwCcj3V0yPaMUElr-jwmf65mWbo3mvdFZTaEjkkUedtdW8s_DrsFbu6ViqH7Xgvxk9v4we3xmdYFAho52rwBL8-YliysYpthVJzX9W39juev5EADEocwEwZnKZnkvtpZ4X3wZHc_DGRXo8BwwgTv_7xUmUOwlV8wTjfIhS7TkcawzNpbWLkL3fjCZTWK_ZmBy1MmRxUt2DHVoN4i5WW-Sn4DyXf3Ma6Y00eLGcJT75wTAx-joP83lVf2T6PHUxAgZjsvMoao1ASQnpnuFDjv0n2GAlflkvFe3GEbjf1ii4nxJ-FLT8L7_O27Vdc5a4UekmWGsDRG1LAUiDIGkVAxJDmjXBn2arEOy7wp-LGu6cxDazt-Nid8WPkrio02iAclg1VdrPGJ8YSTPyC4BQ4AV7up9qrAYv9u6ZgiKNVwIzH2PpTEDLgg37_2kbdkMwoITd8za6ZaNwEKUFbk=w800-h600-no\" alt=\"\"   \/>\n        <\/a>        <div class=\"slideshow_description_box slideshow_transparent\">\n                                        <\/div>\n<\/div>\n\t\n<div style=\"clear: both;\"><\/div><\/div><div class=\"slideshow_view\"><div class=\"slideshow_slide slideshow_slide_image\">\n        <a href=\"https:\/\/photos.google.com\/share\/AF1QipMk5FKYtdDenwse_eK83wqMKB9tPkfAa9wulvFH9UvqIx0oa7nt7t544Wg6BfUu1w\/photo\/AF1QipMSciRJ9sPjI89xcvpJqtAghosW_KhnmUgnHA6s?key=Z0JDWHJGWU5OVUpFVlg1MS1aTTNGUVYxamExR0Jn\" target=\"_blank\">        <img src=\"https:\/\/lh3.googleusercontent.com\/hSbrdRK-i5ZdYuMrJNtSfq8XY3T-1tO-xjZBAaUETiHOtV-CmFaQF8joqmRdFOfHWybAdBjA-epe59YufSRPzuE4ILLh7j67BIJpZ_m8YJffjR9Hdhvu9avBdTSzksZYvwuS4TXX4CvvuYiQtDwwHLahSRbM9gkDq9jfqhT2q-khdZagpUSO8TFd7dbQOruFTbI4aZ_8AM3Q90v5n6R9kvwnbwYLpkO5k-VyBHnQ5mL2_8FntPI3HDKgEwSD5nPGO7pCZm_tCWhoRz4CmWQ6KyQYnJt2K6OCurxlmEZKopp9csVZe2t3XeMRbrGPTxxfRqA7Tw1fLiZObCOR9Jhue5HMmitGqGmGFNZOzxqnZfjOV4wYEPXJBKiThd2NLWURnCSStVJGXxtokgQp1jxeHgI9npxmq3GHVpoxXzZfbO1kPBu3MAEtSa-xe1kUCuuqecm9IPmNCU8YY3eaPCw6r3hq1oag2pdhFENVGiuEpPJ44yA3DU2WopU-Bqm_gOiLM5HenMCXa4AoGbOIs1Bzee4H5w5ljbpvfIV0s_wKgpdrYgBPuy335o1TVuEGtp_f2e0RsMgLQ4Uwz2ZjoCi2eJOecGY6MDrNr1-0fBD9QKKMmLzydBelMmNnnPoFYTHLwGZt9BVp2-BHOw3uUpQuB5M-q2fs4K4sC6n-nc6qnwgBug-LVTPAQv10f15Iy-ODogPJNuwMYhkqyBB7BncCB2HK=w800-h600-no\" alt=\"\"   \/>\n        <\/a>        <div class=\"slideshow_description_box slideshow_transparent\">\n                                        <\/div>\n<\/div>\n\t\n<div style=\"clear: both;\"><\/div><\/div><div class=\"slideshow_view\"><div class=\"slideshow_slide slideshow_slide_image\">\n        <a href=\"https:\/\/photos.google.com\/share\/AF1QipMk5FKYtdDenwse_eK83wqMKB9tPkfAa9wulvFH9UvqIx0oa7nt7t544Wg6BfUu1w\/photo\/AF1QipNFM2UiuFSDQZIK9vXLMj1Np5-Tp8MBXcgCOVNC?key=Z0JDWHJGWU5OVUpFVlg1MS1aTTNGUVYxamExR0Jn\" target=\"_blank\">        <img src=\"https:\/\/lh3.googleusercontent.com\/G_E099M-yRNjuUBDvkUUpH-XCSFEX17f5TaPdwfZUp_eJgvbxQ8H1mQS9iCHqtlvsleCYob96ov9C5cSHjgc3o2u3W7RcAfFo21xWYKfVjgRR8H5asVUist2rbO22XslmApPgYximE5LE6QMGbommGpOdLNwNowEXNMof_2RuX2GRpiWPUEMJqym4XOVpk0M22M3U0UGn1U2UD5R_a1eKXNCkRl3oRVE81oUAzGaKNvGSEKXlA0Upr_nopQg42F0moH04BkN8cls0daAUSgGK6O3XD6Mn5RnvUwwsjuWkEdFg4wyNIwjey7r0gDNwcmZC22CZoTCc7rsnnm_AlC5SvHWVW6x4ybNocgjiFoKuYoZfv3y1DEUGsSJdieOurkPk8e-ls7h4S6IZXaSSPTfaaFtVdnCXfmjQ3Ee6TgBAkYVBpLqed1aFaBWtk7_A4QJu_gKrt7gmf2S6JnzIQlymXL8XYL45XEqctXNnd6xTB3TcFrntaMUPX_Qi2i5KpUDvuHJTAIodw-zDPktAPP7QrtFYJGGghdrT-cXVkJsd_l4M20gtVlDIi3YWQGRQmwCOQAXZL_Ynb5GyXgw1MfrA5myjwpW3OHJZjZ3rT2R0ZkVFMKSW4SK8rCUQilWr8eSIcaDRhVkffj1OQApa2YYdM4farwKkTJXD819hcKkcm15p3HuNyEQBUMpXZDC7Dll0Ez4amjYY4MKb0G3bbNd5g9C=w800-h600-no\" alt=\"\"   \/>\n        <\/a>        <div class=\"slideshow_description_box slideshow_transparent\">\n                                        <\/div>\n<\/div>\n\t\n<div style=\"clear: both;\"><\/div><\/div><div class=\"slideshow_view\"><div class=\"slideshow_slide slideshow_slide_image\">\n        <a href=\"https:\/\/photos.google.com\/share\/AF1QipMk5FKYtdDenwse_eK83wqMKB9tPkfAa9wulvFH9UvqIx0oa7nt7t544Wg6BfUu1w\/photo\/AF1QipMRVNzKTpXofuIBJM85Z8uFqKdj1s8pnlQQvm6b?key=Z0JDWHJGWU5OVUpFVlg1MS1aTTNGUVYxamExR0Jn\" target=\"_blank\">        <img src=\"https:\/\/lh3.googleusercontent.com\/mPLXSTl5djmhKbz6s1YfMN0HFDEE_0lIJPSUbdshJhPVsaKzIZvitaJNs0g_fCpjGTMJUz1JqYwQCXuXpv-vMU1UzGU3C42H_TWy3vTCW9ddLhL8vNezl5mjXpjKgwvMrrK5xQ5_MVNOAL1XZTUF6zJUp_5mx1WWQbTFpLTZz9DvbmbyDDIDgC2LVos6_swonh3c-quDsXMfxJL7uHroGVjIBYuI-WYln3FzkCXXLJ9SEIgaFyG4G_c5ZD5OKKuTVn3yCuvSP4z_GqLs4NtKFy0N4skNgrEE3QbfwsJib8aI0VFyKVwBAMOLmFDhv8ushjuHcltzQMgm1PdBQ0ICqdSXajcGJEQa70FRt9PtQ4qvYqstYgQeeW_9tJ2rbZPyg_XDoDMJ3iAVjFhlWe7PJWfJTE203jQA360mN85nj0IKZccejxWVTC0RaD8vKbCKYo-EirGfBkZUr-_v-NduEVrf8scf307ILKsj9b-_3ssiuuqoh1t9Nvwi_UkwCGZDwtaYK4uhCEBlM0Hc79VET2d6r1DV1tjkd_DiFY3iTntBRr5NdhnI2gZ6Wvlyc1a579wZW0ss77d5Khurn6LAA1o3mJ__0qetZTUs8yXYgECqjzFeHtVe9ZQDdFnS8bfl6wPV-exOJoJCk9esKDYsv9dDcvPzFgZGsHFSuPYaPUQXu7X7zJvrds8A9XIb94yYqhBQOtCcpS_EJwIi9a6FoAxY=w800-h600-no\" alt=\"\"   \/>\n        <\/a>        <div class=\"slideshow_description_box slideshow_transparent\">\n                                        <\/div>\n<\/div>\n\t\n<div style=\"clear: both;\"><\/div><\/div><div class=\"slideshow_view\"><div class=\"slideshow_slide slideshow_slide_image\">\n        <a href=\"https:\/\/photos.google.com\/share\/AF1QipMk5FKYtdDenwse_eK83wqMKB9tPkfAa9wulvFH9UvqIx0oa7nt7t544Wg6BfUu1w\/photo\/AF1QipOb3swidQILV-bH55QuJGjnTVMhKOl7qc97N2OO?key=Z0JDWHJGWU5OVUpFVlg1MS1aTTNGUVYxamExR0Jn\" target=\"_blank\">        <img src=\"https:\/\/lh3.googleusercontent.com\/Zxojrf4dD8OMjhOhMW4l6RchKnnLFoeuPDu82OFCbD9lnt2JGNydSLzYtC9y6mAR5-dDeBM3lbfsaD5NvJY67MioG9wT3-WeA66YKdufaoz1Nk6kg242ajsvzghe3Vx_qHDVVLa325PZvwXR5V39EAnG14ri4GsZdIS1HN2TmW8dh1BGp-BZWsZa29fjoiHJJFILRu1VozLvxUFqvViWORR_iMbySwIOrixIKCVc-3p5YgcguAwNlEhjE5bSfCAShcVJ_WLTIT-5fhZGzAvnfqaViACW_qfTnE6uHZZy-zjLbt5jOGvV2gxo6RKiwS6OIZUSY68Q2uugvyH77bUQ-DzR91sQnOndjBFVG1-ZtrX33A_Jkwqz_y0fyp7E-D76YO4JjkQiqO1UXVEV2WNiZz7xycur681AfpIgAzudHXODEfk1fAzw2YA_YDBQoMI0UwS8XnPmq3VDXwY2mlvy5mzz31KB5Z2jeX3IUWLllYgctJgPMHTyji3RawMhH8ATrMzj-ebTPY70I7ZvNXh6i5pUUiW3YNyc5KBHxjtZLtFMpHfuDHI34dzzkVJbYfuiz6NVkRY6HEDSpWb64s-kGcQlV-ocaCUt5E0BXVjpC-DR3HoQzeKMVUUjTol_6z7j7Fa4lro8eLRpzc6HyvlaV1eeHnVOKXnxNE9Li7FZQP_7_APPKQDsFl5vpVU8rRsQbcvrkuEG0HNflF1Yq11cxYP6=w800-h600-no\" alt=\"\"   \/>\n        <\/a>        <div class=\"slideshow_description_box slideshow_transparent\">\n                                        <\/div>\n<\/div>\n\t\n<div style=\"clear: both;\"><\/div><\/div><div class=\"slideshow_view\"><div class=\"slideshow_slide slideshow_slide_image\">\n        <a href=\"https:\/\/photos.google.com\/share\/AF1QipMk5FKYtdDenwse_eK83wqMKB9tPkfAa9wulvFH9UvqIx0oa7nt7t544Wg6BfUu1w\/photo\/AF1QipNdQ6YS_ycRgaZne4-XJUsGpw1UhGZ5TMxQeW8Z?key=Z0JDWHJGWU5OVUpFVlg1MS1aTTNGUVYxamExR0Jn\" target=\"_blank\">        <img src=\"https:\/\/lh3.googleusercontent.com\/KeURE0L1z_DvJ7fCP2R2ECU9qnW23ckghaPb1iM30xMyV0iAMix4eu4KyZPz-09sCKhPEnx2Ela_HE3pgIQsbzNjmXg8i7ThPktqiEpOufM-S1TbEIVWiPHoYblyt1EpcloRl_9J6gSFM7wKqJYlqh4FKU5VVxz1AAo_TEXO2FdE5BXvi1MIHbkwNrpaIG986ZtDeAG1W2dz-EcuvKAZy-ROWha14HnDYXtHVnqKb9N4Lpa2NPkvuFOoVIBf74eekYxTd_WqI0HnnChY6aIMK6T8Bb8Ngl9zIR1dbLhrejZjvNDUyWZiEJI4ivtwp6KewzoFG4WVxVwdnl-2sVtO_WwFaWYH56HT6Ei-FP6HLk2PlG_pfhOiXuaY-3BZmBumpDgnBLN7N3hjpkZYcpVNoFeNrZenT8SXtPkIoPz7v4cgpNmI99HyHeYo1wr-ogJI5x5hCX9RB9uXGEsfECODglet-UngAKa1ZumyrSTpV2m06DIrqFYg7YKyBJLXHQ8Cb6vCsZ-HlSRez7MUW29Ryz7gUS7P28K3sLIV8VArbP1Xvw22Ir1OLLFePBTX9yTfN3gHnM-Uf3kGgofakcgncCYUPyh7GaQzLsPt-xNB76I_n_aWQmqZiMI2wwJELrkoqSqVTr8RSqYqVg40mUap5QffdHPArhnZo4BVGQ8C-HJP2lVBszNzq45miWYzEoCmGi_diTGpQrIfB3PtrW4_AKPL=w800-h600-no\" alt=\"\"   \/>\n        <\/a>        <div class=\"slideshow_description_box slideshow_transparent\">\n                                        <\/div>\n<\/div>\n\t\n<div style=\"clear: both;\"><\/div><\/div><div class=\"slideshow_view\"><div class=\"slideshow_slide slideshow_slide_image\">\n        <a href=\"https:\/\/photos.google.com\/share\/AF1QipMk5FKYtdDenwse_eK83wqMKB9tPkfAa9wulvFH9UvqIx0oa7nt7t544Wg6BfUu1w\/photo\/AF1QipNgk3uOVkAc9mlF3Rizx0I1q4xROiNz6efo9aI_?key=Z0JDWHJGWU5OVUpFVlg1MS1aTTNGUVYxamExR0Jn\" target=\"_blank\">        <img src=\"https:\/\/lh3.googleusercontent.com\/6n357KRTWpkRLErflIcrykpsIMCMPDpjfdP4sZLxYRdZNCtc_r7w3OJ30Y2uN7M8TUHSOMPHxreakiW_Fqz3K63xD3WHQhOAV_P_yY9GD6co7388PcKJQ8bkrxfU3FsLnqG1st5Wmkbt854DmKQI1dj1T5V8DPwKjxXbqx2M717HBuhXq6wcHlrJu3JIJehqvGG--QpPq21OcLX6s0d4jVYhZKbCNEoGZgLPwPLbQ-Glrgm2BOI9qfOSBs58q_EpKbxEZD6kl7igp96K5AesncjzOCBh7XgVmToUaiHGMs_nOCSGpiB2hur5WqQx7FJAFjlHpag2TYSxKxo6TZHEtH_ITwWyx7SWOZUdk7sd6wEVHXQ4p4Md3sJhVOUBTNnCFoxBMImCJdg-d-s2BI8mBEPXtmKyVr___NV6-OX_SVkKUKjm0z-DkehcpnypCjLn66X1NXijGpiQNLrsJwRrj1HXOmXIMtXRVj6GnBW0y9OUQROwgTrlUAXk4ckidXFF6GJWluraE3am2gDbkjMmXPE63zc09Zkexm6BJPcYNNdZ_f5HiKqIsBSd93hWNLKKjrr9RCiayVtLvY7Qp0IGY8NAhwq87U9Bb5us5yqzOGO0XNyqtcHcsH_xp2tsrdbycUITDgU7U5uH0k_jlEYLedkKy48fS491CrXw5aw_UmCeX0yZvd0op-44KGLP7uebsrJlG6Nuw3pU6UuSLH3KJSWV=w800-h600-no\" alt=\"\"   \/>\n        <\/a>        <div class=\"slideshow_description_box slideshow_transparent\">\n                                        <\/div>\n<\/div>\n\t\n<div style=\"clear: both;\"><\/div><\/div><div class=\"slideshow_view\"><div class=\"slideshow_slide slideshow_slide_image\">\n        <a href=\"https:\/\/photos.google.com\/share\/AF1QipMk5FKYtdDenwse_eK83wqMKB9tPkfAa9wulvFH9UvqIx0oa7nt7t544Wg6BfUu1w\/photo\/AF1QipOggMbStFesDTjNhqlMdZ7sEBVWq_TjzcFYHnwD?key=Z0JDWHJGWU5OVUpFVlg1MS1aTTNGUVYxamExR0Jn\" target=\"_blank\">        <img src=\"https:\/\/lh3.googleusercontent.com\/8aLNPTWnhP1oLFvZPfr6C3VuASqwZcqBLVd5K81HC3JMQTyiXcHYp4OoShP4LOmmtrwgHYyZqvfkmvIROt3B5vu8vI-eHjLa7cLuyiRnNG934sd1Bf84L4LNIMfstYcogbFyp96HgY0u3lp1601yLqCrnHl20zmmeavVHvSMO_tDCY8uJBRq047lZRYCh7rRl6xAWtJMXCchS-4Yn347SShy1Oy7Q82cbwwGZCfGoXbgAccxvAmUnZnlj5i777TVW3Hrr3AvfHYSHEet2cfM-mCjpS5WjQN5hCLyvtFHcwl604DHbW18WYcv-xaGTnqE3jwqTt7Ay5RgGuoJ4CJKEmoic_tzxAO-877PlAQnM4-rSInIUGcbc6mXp5CnGDlY4dFkzTk5npL59fLnt9ez6gEUNnN60XaipsKiKRAotvJGWEnzc-h-O4erv9Mkl314ZgbiJethgW6IW3eCnCkQA8a5ZZoxYmkgovsZFFnS6UmhusMhvFvuyGKYqI5X3fMmtwrUimugeGQ8PPilnQwDJHfNmJvjE9xyi_qW8kSJ7GxyF5r0qrPYNEIc3kt_lySGYTLqb5MNCY3VKVhZYmhq0lmz0bscfjVkPI6kKKKM97N0lVwk4tY7H1U0uorDpWUSQdYbbufXxTv2zMfSXyb6gH6speCyD7L_1voJa94Ljh2Tpi8AxCbPPFfG7ozxAZw_cX9duCqdEoWf7h5mwg6T2KTI=w800-h600-no\" alt=\"\"   \/>\n        <\/a>        <div class=\"slideshow_description_box slideshow_transparent\">\n                                        <\/div>\n<\/div>\n\t\n<div style=\"clear: both;\"><\/div><\/div><div class=\"slideshow_view\"><div class=\"slideshow_slide slideshow_slide_image\">\n        <a href=\"https:\/\/photos.google.com\/share\/AF1QipMk5FKYtdDenwse_eK83wqMKB9tPkfAa9wulvFH9UvqIx0oa7nt7t544Wg6BfUu1w\/photo\/AF1QipP4g0YSkn-0tbQv0-hrkZrvlMrqncZOe6xZYRHQ?key=Z0JDWHJGWU5OVUpFVlg1MS1aTTNGUVYxamExR0Jn\" target=\"_blank\">        <img src=\"https:\/\/lh3.googleusercontent.com\/Epwk57PBRE70yi1WCTKok2UjfIIAOSigvcJTkhCcyFMIN1C_hLfuML3GGMFtbxssWdpPdoHO3z6O4wgyMrHNDd2y-IT47Rij5KtOKtHYSlFBuNJclHplmev7MBpMVMT0w2vq7ZCtRRLXhyZk8n6CVciu59E55SIQXCI1LbWZJJ1JOkJRKDKf3sE9x7FoHfppr70NflzsFzGzJZ1QAQQ-DkwMZjfp1_aejMzAcRzzihRF2m24odEVkvtJ2YAzrillUMDssyp_Qvokmjm1wTGA5Q0hE6wR9cpnInIdAZXITrcJOKT1pAszp9z_yUSTinIHhAi2kvCW5nFnLkpgKMxck1cwjqcDIp78j6ZofMWHeNCeo4kz14UrfRmIIN5XjvBsRrxjos4_ntow_xZsIBU1KDXV6CGBBiv8zxVww_fZUrVLbdq_nNWZ-dVVd3v6gvhyTq4KgPX-FlN3GYVGifjeukXDxnyYQymyktVDjuOxp18EnrJxrr52byHW6b8KBmOXucWeb4J3YP2oDP2wmHu54nCixvTitIaMdNUsA8FmKFZ6UnPBYcfV3mCd4Vk83U8CSPwTcECdJtzHh05yRt9GZBzo8r2qK0ubGpMIlARV5sJengYq8nrLpNPjmjmCoSYEu0ytC5C1ZcTzBLpjG496LFWIo63SPJStrIdNOIKyCHQ2l74KAU2GdhFSplH-W-EK_Sa8AIyd83NUswC26lorlTrr=w800-h600-no\" alt=\"\"   \/>\n        <\/a>        <div class=\"slideshow_description_box slideshow_transparent\">\n                                        <\/div>\n<\/div>\n\t\n<div style=\"clear: both;\"><\/div><\/div>\r\n\t\t<\/div>\r\n\r\n\t\t<div class=\"slideshow_controlPanel slideshow_transparent\" style=\"display: none;\"><ul><li class=\"slideshow_togglePlay\" data-play-text=\"Visualitza\" data-pause-text=\"Pausa\"><\/li><\/ul><\/div>\r\n\r\n\t\t<div class=\"slideshow_button slideshow_previous slideshow_transparent\" role=\"button\" data-previous-text=\"Anterior\" style=\"display: none;\"><\/div>\r\n\t\t<div class=\"slideshow_button slideshow_next slideshow_transparent\" role=\"button\" data-next-text=\"Seg\u00fcent\" style=\"display: none;\"><\/div>\r\n\r\n\t\t<div class=\"slideshow_pagination\" style=\"display: none;\" data-go-to-text=\"V\u00e9s a la diapositiva\"><div class=\"slideshow_pagination_center\"><\/div><\/div>\r\n\r\n\t\t<!-- WordPress Slideshow Version 2.3.1 -->\r\n\r\n\t\t\t<\/div>\r\n\r\n\n","protected":false},"excerpt":{"rendered":"<p>L\u2019objectiu d\u2019aquest projecte, que anem implementant a tota l\u2019escola, \u00e9s apropar els alumnes a les matem\u00e0tiques des de la manipulaci\u00f3 i facilitar-los\u00a0que vagin trobant sentit a conceptes abstractes com s\u00f3n la numeraci\u00f3, la mesura o els algorismes de c\u00e0lcul.<\/p>\n<p>      &hellip;  <a href=\"https:\/\/agora.xtec.cat\/escolaelroure\/els-nostres-projectes\/projecte-matematiques-manipulatives\/\" title=\"Read Projecte &#8220;Matem\u00e0tiques manipulatives&#8221;\">Llegeix m\u00e9s\u00bb<\/a><\/p>\n","protected":false},"author":5,"featured_media":0,"parent":410,"menu_order":60,"comment_status":"closed","ping_status":"closed","template":"","meta":{"_bbp_topic_count":0,"_bbp_reply_count":0,"_bbp_total_topic_count":0,"_bbp_total_reply_count":0,"_bbp_voice_count":0,"_bbp_anonymous_reply_count":0,"_bbp_topic_count_hidden":0,"_bbp_reply_count_hidden":0,"_bbp_forum_subforum_count":0,"footnotes":""},"class_list":["post-3979","page","type-page","status-publish","hentry"],"post_mailing_queue_ids":[],"_links":{"self":[{"href":"https:\/\/agora.xtec.cat\/escolaelroure\/wp-json\/wp\/v2\/pages\/3979","targetHints":{"allow":["GET"]}}],"collection":[{"href":"https:\/\/agora.xtec.cat\/escolaelroure\/wp-json\/wp\/v2\/pages"}],"about":[{"href":"https:\/\/agora.xtec.cat\/escolaelroure\/wp-json\/wp\/v2\/types\/page"}],"author":[{"embeddable":true,"href":"https:\/\/agora.xtec.cat\/escolaelroure\/wp-json\/wp\/v2\/users\/5"}],"replies":[{"embeddable":true,"href":"https:\/\/agora.xtec.cat\/escolaelroure\/wp-json\/wp\/v2\/comments?post=3979"}],"version-history":[{"count":3,"href":"https:\/\/agora.xtec.cat\/escolaelroure\/wp-json\/wp\/v2\/pages\/3979\/revisions"}],"predecessor-version":[{"id":3996,"href":"https:\/\/agora.xtec.cat\/escolaelroure\/wp-json\/wp\/v2\/pages\/3979\/revisions\/3996"}],"up":[{"embeddable":true,"href":"https:\/\/agora.xtec.cat\/escolaelroure\/wp-json\/wp\/v2\/pages\/410"}],"wp:attachment":[{"href":"https:\/\/agora.xtec.cat\/escolaelroure\/wp-json\/wp\/v2\/media?parent=3979"}],"curies":[{"name":"wp","href":"https:\/\/api.w.org\/{rel}","templated":true}]}}