{"id":36,"date":"2014-09-18T12:33:11","date_gmt":"2014-09-18T12:33:11","guid":{"rendered":"http:\/\/agora.xtec.cat\/escolaelroure\/?page_id=36"},"modified":"2025-03-06T12:04:20","modified_gmt":"2025-03-06T11:04:20","slug":"material-escolar","status":"publish","type":"page","link":"https:\/\/agora.xtec.cat\/escolaelroure\/lescola\/material-escolar\/","title":{"rendered":"Material escolar"},"content":{"rendered":"<h6><\/h6>\n<table border=\"0\">\n<tbody>\n<tr>\n<td><strong>A la nostra escola<span style=\"color: #339966;\"> El Roure<\/span>\u00a0el material est\u00e0 socialitzat.\u00a0Aix\u00f2 vol dir que:<\/strong><\/p>\n<p style=\"padding-left: 30px;\"><strong>\u2023 E<\/strong><strong>l material d&#8217;\u00fas com\u00fa \u00e9s de tots i totes i que entre tots i totes el mantenim.<\/strong><\/p>\n<p style=\"padding-left: 30px;\"><strong>\u2023 Els alumnes no han de portar cap tipus de material de casa, tret d\u2019aquell que els\/les mestres puguin demanar de forma puntual.<\/strong><\/p>\n<\/td>\n<td><a href=\"http:\/\/agora.xtec.cat\/escolaelroure\/wp-content\/uploads\/usu557\/2014\/09\/organizador_escritorio1.jpg\"><img loading=\"lazy\" decoding=\"async\" class=\"alignnone wp-image-301\" src=\"http:\/\/agora.xtec.cat\/escolaelroure\/wp-content\/uploads\/usu557\/2014\/09\/organizador_escritorio1.jpg\" alt=\"organizador_escritorio[1]\" width=\"184\" height=\"160\" srcset=\"https:\/\/agora.xtec.cat\/escolaelroure\/wp-content\/uploads\/usu557\/2014\/09\/organizador_escritorio1.jpg 500w, https:\/\/agora.xtec.cat\/escolaelroure\/wp-content\/uploads\/usu557\/2014\/09\/organizador_escritorio1-300x262.jpg 300w\" sizes=\"auto, (max-width: 184px) 100vw, 184px\" \/><\/a><\/td>\n<\/tr>\n<\/tbody>\n<\/table>\n<p>Tant\u00a0l&#8217;Educaci\u00f3 Infantil com la Prim\u00e0ria, funciona amb aquesta concepci\u00f3 de material socialitzat que s\u2019adquireix des del propi centre.\u00a0Aquest sistema de socialitzaci\u00f3 dels costos pret\u00e9n:<\/p>\n<p style=\"padding-left: 30px;\">\u2023 Que tots els alumnes, i des del primer dia, tinguin el material necessari per a desenvolupar les diferents pr\u00e0ctiques i activitats d\u2019aprenentatge, sense discriminaci\u00f3 per raons econ\u00f2miques.<br \/>\n\u2023 Evitar que el material que utilitzen els alumnes sigui motiu de difer\u00e8ncies socials pel que fa a la qualitat i quantitat.<br \/>\n\u2023 Tanmateix, es pret\u00e9n estalviar costos innecessaris i temps de dedicaci\u00f3 i preocupacions de les fam\u00edlies.<\/p>\n<table>\n<tbody>\n<tr>\n<td>Per aquest fi haureu d\u2019ingressar la quantitat de <strong>170\u20ac al compte de La Caixa:\u00a0<\/strong><\/p>\n<h4 style=\"text-align: center;\"><strong>ES89 21002433110200092934<\/strong><\/h4>\n<p>i caldr\u00e0 que feu constar el <strong>Nom i Cognoms, i el curs del vostre\/a fill\/a<\/strong>. La data l\u00edmit d\u2019ingr\u00e9s \u00e9s la segona quinzena de novembre. <strong>Aquesta quantitat inclou, tamb\u00e9, el preu de totes les sortides i altres activitats que es porten a terme al llarg del curs. <\/strong><\/p>\n<h6 style=\"text-align: right;\"><strong>Guardeu una c\u00f2pia del comprovant de pagament de la Caixa.<br \/>\n<\/strong><strong>La data l\u00edmit d\u2019ingr\u00e9s \u00e9s la segona quinzena de novembre. <\/strong><\/h6>\n<h6><\/h6>\n<\/td>\n<\/tr>\n<\/tbody>\n<\/table>\n<h4>\u00a0<strong>Les sortides<\/strong><\/h4>\n<table style=\"width: 100%;\">\n<tbody>\n<tr>\n<td><strong>S\u00f3n activitats complement\u00e0ries dels temes treballats a l\u2019aula i ajuden a afavorir la relaci\u00f3 del grup.<\/strong><br \/>\n<strong> Per aix\u00f2 \u00e9s importat que hi assisteixin tots els alumnes.<\/strong><\/p>\n<p style=\"text-align: justify;\"><strong>El llistat de sortides s&#8217;elabora per cicles i nivells i se us entregar\u00e0 a la reuni\u00f3 d\u2019aula de principi de curs.<\/strong><\/p>\n<\/td>\n<td><a href=\"http:\/\/agora.xtec.cat\/escolaelroure\/wp-content\/uploads\/usu557\/2014\/09\/bus-sortides1.gif\"><img loading=\"lazy\" decoding=\"async\" class=\" wp-image-307 aligncenter\" src=\"http:\/\/agora.xtec.cat\/escolaelroure\/wp-content\/uploads\/usu557\/2014\/09\/bus-sortides1.gif\" alt=\"bus sortides1\" width=\"152\" height=\"158\" \/><\/a><\/td>\n<\/tr>\n<\/tbody>\n<\/table>\n<p>Abans de cada sortida rebreu una nota amb tota la informaci\u00f3 sobre aquesta. Caldr\u00e0 que retorneu a la tutora l\u2019autoritzaci\u00f3 corresponent, sense la qual el nen\/a no podr\u00e0 sortir del centre.<\/p>\n<p>A l\u2019arribada de les sortides, els\/les alumnes hauran d\u2019entrar a la classe abans de ser recollits o marxar, per tal de garantir l\u2019ordre i el correcte control.<\/p>\n<p style=\"text-align: right;\"><em>Recordeu que ni a l\u2019escola ni a les sortides es poden portar objectes de valor, joguines, llaminadures&#8230;<\/em><\/p>\n<p>&nbsp;<\/p>\n","protected":false},"excerpt":{"rendered":"<p>A la nostra escola El Roure\u00a0el material est\u00e0 socialitzat.\u00a0Aix\u00f2 vol dir que:<br \/>\n\u2023 El material d&#8217;\u00fas com\u00fa \u00e9s de tots i totes i que entre tots i totes el mantenim.<br \/>\n\u2023 Els alumnes no han de portar cap tipus de material de casa, tret d\u2019aquell que els\/les&hellip;  <a href=\"https:\/\/agora.xtec.cat\/escolaelroure\/lescola\/material-escolar\/\" title=\"Read Material escolar\">Llegeix m\u00e9s\u00bb<\/a><\/p>\n","protected":false},"author":2,"featured_media":0,"parent":22,"menu_order":70,"comment_status":"closed","ping_status":"closed","template":"page-templates\/side-menu.php","meta":{"_bbp_topic_count":0,"_bbp_reply_count":0,"_bbp_total_topic_count":0,"_bbp_total_reply_count":0,"_bbp_voice_count":0,"_bbp_anonymous_reply_count":0,"_bbp_topic_count_hidden":0,"_bbp_reply_count_hidden":0,"_bbp_forum_subforum_count":0,"footnotes":""},"class_list":["post-36","page","type-page","status-publish","hentry"],"post_mailing_queue_ids":[],"_links":{"self":[{"href":"https:\/\/agora.xtec.cat\/escolaelroure\/wp-json\/wp\/v2\/pages\/36","targetHints":{"allow":["GET"]}}],"collection":[{"href":"https:\/\/agora.xtec.cat\/escolaelroure\/wp-json\/wp\/v2\/pages"}],"about":[{"href":"https:\/\/agora.xtec.cat\/escolaelroure\/wp-json\/wp\/v2\/types\/page"}],"author":[{"embeddable":true,"href":"https:\/\/agora.xtec.cat\/escolaelroure\/wp-json\/wp\/v2\/users\/2"}],"replies":[{"embeddable":true,"href":"https:\/\/agora.xtec.cat\/escolaelroure\/wp-json\/wp\/v2\/comments?post=36"}],"version-history":[{"count":4,"href":"https:\/\/agora.xtec.cat\/escolaelroure\/wp-json\/wp\/v2\/pages\/36\/revisions"}],"predecessor-version":[{"id":21630,"href":"https:\/\/agora.xtec.cat\/escolaelroure\/wp-json\/wp\/v2\/pages\/36\/revisions\/21630"}],"up":[{"embeddable":true,"href":"https:\/\/agora.xtec.cat\/escolaelroure\/wp-json\/wp\/v2\/pages\/22"}],"wp:attachment":[{"href":"https:\/\/agora.xtec.cat\/escolaelroure\/wp-json\/wp\/v2\/media?parent=36"}],"curies":[{"name":"wp","href":"https:\/\/api.w.org\/{rel}","templated":true}]}}