{"id":34,"date":"2014-09-18T12:32:18","date_gmt":"2014-09-18T12:32:18","guid":{"rendered":"http:\/\/agora.xtec.cat\/escolaelroure\/?page_id=34"},"modified":"2025-03-06T12:04:32","modified_gmt":"2025-03-06T11:04:32","slug":"oferta-educativa","status":"publish","type":"page","link":"https:\/\/agora.xtec.cat\/escolaelroure\/lescola\/oferta-educativa\/","title":{"rendered":"Oferta educativa"},"content":{"rendered":"<p style=\"color: #444444;\">L&#8217;escola \u00e9s d&#8217;una sola l\u00ednia, des de I3 fins a 6\u00e8.<\/p>\n<div class=\"titol_directori\">\n<p><strong><strong>Altres equipaments d&#8217;Ensenyament i oferta educativa a Sant Fost de Campsentelles<\/strong><\/strong><\/p>\n<p>&nbsp;<\/p>\n<\/div>\n<div class=\"esquerra\">\n<table class=\"directori\">\n<tbody>\n<tr class=\"color_fila\">\n<td class=\"directori_tr1\" width=\"50%\"><a href=\"https:\/\/www.cavallcartro.cat\/escoles\/ebm-el-petit-roure\/\" target=\"_blank\" rel=\"noopener noreferrer\">Escola Bressol Municipal El Petit Roure<\/a><\/td>\n<td class=\"directori_tr\" width=\"25%\">Avda. Catalunya, 112<\/td>\n<td class=\"directori_tr\" width=\"25%\">93 118 58 28<\/td>\n<\/tr>\n<tr class=\"color_fila\">\n<td class=\"directori_tr1\" width=\"50%\"><a href=\"https:\/\/agora.xtec.cat\/ceipjoaquimabril\/\">Escola Joaquim Abril<\/a><\/td>\n<td class=\"directori_tr\" width=\"25%\">C. Escoles, 2<\/td>\n<td class=\"directori_tr\" width=\"25%\">93 570 70 91<\/td>\n<\/tr>\n<tr>\n<td class=\"directori_tr1\" width=\"50%\"><a href=\"https:\/\/agora.xtec.cat\/insalba\/\">Institut Alba del Vall\u00e8s<\/a><\/td>\n<td class=\"directori_tr\" width=\"25%\">Av. Bux\u00f3 Baliarda, s\/n<\/td>\n<td class=\"directori_tr\" width=\"25%\">93 570 84 02<\/td>\n<\/tr>\n<\/tbody>\n<\/table>\n<\/div>\n","protected":false},"excerpt":{"rendered":"<p>L&#8217;escola \u00e9s d&#8217;una sola l\u00ednia, des de I3 fins a 6\u00e8.<\/p>\n<p>Altres equipaments d&#8217;Ensenyament i oferta educativa a Sant Fost de Campsentelles<br \/>\n&nbsp;<\/p>\n<p><a href=\"https:\/\/www.cavallcartro.cat\/escoles\/ebm-el-petit-roure\/\" target=\"_blank\" rel=\"noopener noreferrer\">Escola Bressol Municipal El Petit Roure<\/a><br \/>\nAvda. Catalunya, 112<br \/>\n93 118 58 28<\/p>\n<p><a href=\"https:\/\/agora.xtec.cat\/ceipjoaquimabril\/\">Escola Joaquim Abril<\/a><br \/>\nC. Escoles, 2<br \/>\n93 570 70 91<\/p>\n<p><a href=\"https:\/\/agora.xtec.cat\/insalba\/\">Institut Alba&hellip;  <a href=\"https:\/\/agora.xtec.cat\/escolaelroure\/lescola\/oferta-educativa\/\" title=\"Read Oferta educativa\">Llegeix m\u00e9s\u00bb<\/a><\/p>\n","protected":false},"author":2,"featured_media":0,"parent":22,"menu_order":60,"comment_status":"closed","ping_status":"closed","template":"page-templates\/side-menu.php","meta":{"_bbp_topic_count":0,"_bbp_reply_count":0,"_bbp_total_topic_count":0,"_bbp_total_reply_count":0,"_bbp_voice_count":0,"_bbp_anonymous_reply_count":0,"_bbp_topic_count_hidden":0,"_bbp_reply_count_hidden":0,"_bbp_forum_subforum_count":0,"footnotes":""},"class_list":["post-34","page","type-page","status-publish","hentry"],"post_mailing_queue_ids":[],"_links":{"self":[{"href":"https:\/\/agora.xtec.cat\/escolaelroure\/wp-json\/wp\/v2\/pages\/34","targetHints":{"allow":["GET"]}}],"collection":[{"href":"https:\/\/agora.xtec.cat\/escolaelroure\/wp-json\/wp\/v2\/pages"}],"about":[{"href":"https:\/\/agora.xtec.cat\/escolaelroure\/wp-json\/wp\/v2\/types\/page"}],"author":[{"embeddable":true,"href":"https:\/\/agora.xtec.cat\/escolaelroure\/wp-json\/wp\/v2\/users\/2"}],"replies":[{"embeddable":true,"href":"https:\/\/agora.xtec.cat\/escolaelroure\/wp-json\/wp\/v2\/comments?post=34"}],"version-history":[{"count":4,"href":"https:\/\/agora.xtec.cat\/escolaelroure\/wp-json\/wp\/v2\/pages\/34\/revisions"}],"predecessor-version":[{"id":21629,"href":"https:\/\/agora.xtec.cat\/escolaelroure\/wp-json\/wp\/v2\/pages\/34\/revisions\/21629"}],"up":[{"embeddable":true,"href":"https:\/\/agora.xtec.cat\/escolaelroure\/wp-json\/wp\/v2\/pages\/22"}],"wp:attachment":[{"href":"https:\/\/agora.xtec.cat\/escolaelroure\/wp-json\/wp\/v2\/media?parent=34"}],"curies":[{"name":"wp","href":"https:\/\/api.w.org\/{rel}","templated":true}]}}