{"id":30,"date":"2014-09-18T12:30:23","date_gmt":"2014-09-18T12:30:23","guid":{"rendered":"http:\/\/agora.xtec.cat\/escolaelroure\/?page_id=30"},"modified":"2023-07-13T11:20:07","modified_gmt":"2023-07-13T09:20:07","slug":"instal%c2%b7lacions","status":"publish","type":"page","link":"https:\/\/agora.xtec.cat\/escolaelroure\/lescola\/instal%c2%b7lacions\/","title":{"rendered":"Instal\u00b7lacions"},"content":{"rendered":"<p>El centre disposa dels seg\u00fcents equipaments:<\/p>\n<ul>\n<li>3 Aules ordin\u00e0ries d&#8217;Educaci\u00f3 d\u2019Infantil.<\/li>\n<li>6 Aules ordin\u00e0ries d&#8217;Educaci\u00f3 Prim\u00e0ria.<\/li>\n<li>1 Gimn\u00e0s exterior amb vestuaris i dutxes.<\/li>\n<li>1 Aula d\u2019inform\u00e0tica.<\/li>\n<li>1 Aula de m\u00fasica.<\/li>\n<li>1 Aula de refor\u00e7.<\/li>\n<li>1 Aula d\u2019angl\u00e8s.<\/li>\n<li>1 Aula d\u2019Educaci\u00f3 Especial.<\/li>\n<li>1 Aula de rob\u00f2tica i ci\u00e8ncies<\/li>\n<li>1 Sala de mestres.<\/li>\n<li>1 Tutoria per educaci\u00f3 infantil.<\/li>\n<li>3 Sales d\u2019atenci\u00f3 a fam\u00edlies.<\/li>\n<li>1 Biblioteca.<\/li>\n<li>1 Menjador i cuina propis.<\/li>\n<li>2 Despatxos: Secretaria, Direcci\u00f3.<\/li>\n<li>1 Consergeria.<\/li>\n<li>1 Espai AFA.<\/li>\n<li>Patis espec\u00edfics\u00a0per Educaci\u00f3 Infantil i Prim\u00e0ria.<\/li>\n<\/ul>\n<div id=\"gtx-trans\" style=\"position: absolute; left: 123px; top: 205.896px;\">\n<div class=\"gtx-trans-icon\"><\/div>\n<\/div>\n","protected":false},"excerpt":{"rendered":"<p>El centre disposa dels seg\u00fcents equipaments:<\/p>\n<ul>\n<li>3 Aules ordin\u00e0ries d&#8217;Educaci\u00f3 d\u2019Infantil.<\/li>\n<li>6 Aules ordin\u00e0ries d&#8217;Educaci\u00f3 Prim\u00e0ria.<\/li>\n<li>1 Gimn\u00e0s exterior amb vestuaris i dutxes.<\/li>\n<li>1 Aula d\u2019inform\u00e0tica.<\/li>\n<li>1 Aula de m\u00fasica.<\/li>\n<li>1 Aula de refor\u00e7.<\/li>\n<li>1 Aula d\u2019angl\u00e8s.<\/li>\n<li>1 Aula d\u2019Educaci\u00f3 Especial.<\/li>\n<li>1 Aula de rob\u00f2tica i ci\u00e8ncies<\/li>\n<li>1 Sala de mestres.<\/li>\n<li>1 Tutoria per educaci\u00f3 infantil.<\/li>\n<li>3&hellip;  <a href=\"https:\/\/agora.xtec.cat\/escolaelroure\/lescola\/instal%c2%b7lacions\/\" title=\"Read Instal\u00b7lacions\">Llegeix m\u00e9s\u00bb<\/a><br \/>\n","protected":false},"author":2,"featured_media":0,"parent":22,"menu_order":40,"comment_status":"closed","ping_status":"closed","template":"page-templates\/side-menu.php","meta":{"_bbp_topic_count":0,"_bbp_reply_count":0,"_bbp_total_topic_count":0,"_bbp_total_reply_count":0,"_bbp_voice_count":0,"_bbp_anonymous_reply_count":0,"_bbp_topic_count_hidden":0,"_bbp_reply_count_hidden":0,"_bbp_forum_subforum_count":0,"footnotes":""},"class_list":["post-30","page","type-page","status-publish","hentry"],"post_mailing_queue_ids":[],"_links":{"self":[{"href":"https:\/\/agora.xtec.cat\/escolaelroure\/wp-json\/wp\/v2\/pages\/30","targetHints":{"allow":["GET"]}}],"collection":[{"href":"https:\/\/agora.xtec.cat\/escolaelroure\/wp-json\/wp\/v2\/pages"}],"about":[{"href":"https:\/\/agora.xtec.cat\/escolaelroure\/wp-json\/wp\/v2\/types\/page"}],"author":[{"embeddable":true,"href":"https:\/\/agora.xtec.cat\/escolaelroure\/wp-json\/wp\/v2\/users\/2"}],"replies":[{"embeddable":true,"href":"https:\/\/agora.xtec.cat\/escolaelroure\/wp-json\/wp\/v2\/comments?post=30"}],"version-history":[{"count":3,"href":"https:\/\/agora.xtec.cat\/escolaelroure\/wp-json\/wp\/v2\/pages\/30\/revisions"}],"predecessor-version":[{"id":20970,"href":"https:\/\/agora.xtec.cat\/escolaelroure\/wp-json\/wp\/v2\/pages\/30\/revisions\/20970"}],"up":[{"embeddable":true,"href":"https:\/\/agora.xtec.cat\/escolaelroure\/wp-json\/wp\/v2\/pages\/22"}],"wp:attachment":[{"href":"https:\/\/agora.xtec.cat\/escolaelroure\/wp-json\/wp\/v2\/media?parent=30"}],"curies":[{"name":"wp","href":"https:\/\/api.w.org\/{rel}","templated":true}]}}