{"id":249,"date":"2014-11-16T12:03:28","date_gmt":"2014-11-16T11:03:28","guid":{"rendered":"http:\/\/agora.xtec.cat\/escolaelroure\/?page_id=249"},"modified":"2019-09-19T15:54:21","modified_gmt":"2019-09-19T13:54:21","slug":"autorizaciones-i-permisos","status":"publish","type":"page","link":"https:\/\/agora.xtec.cat\/escolaelroure\/lescola\/autorizaciones-i-permisos\/","title":{"rendered":"Autoritzacions i permissos"},"content":{"rendered":"<header class=\"entry-header\">\n<h5 class=\"entry-title\">En aquesta secci\u00f3 trobareu tots els principals documents i autoritzacions que cal presentar al llarg del curs<\/h5>\n<\/header>\n<table style=\"width: 1025px;\">\n<tbody>\n<tr>\n<td style=\"width: 87px;\">\n<h6><strong>\u00a0DOC\/PDF<\/strong><\/h6>\n<\/td>\n<td style=\"width: 930px;\">\n<h6>\u00a0<a href=\"https:\/\/agora.xtec.cat\/demoinstitut\/docs\/?bpd_tag=autoritzacio&amp;orderby=title\">T\u00edtol<\/a><\/h6>\n<\/td>\n<\/tr>\n<tr>\n<td style=\"width: 87px;\">\u00a0<a href=\"https:\/\/agora.xtec.cat\/escolaelroure\/wp-content\/uploads\/usu557\/2019\/09\/drets-dimatge.pdf\" target=\"_blank\" rel=\"noopener noreferrer\"><img loading=\"lazy\" decoding=\"async\" class=\"alignnone wp-image-349\" src=\"http:\/\/agora.xtec.cat\/escolaelroure\/wp-content\/uploads\/usu557\/2015\/11\/descarga.jpeg\" alt=\"descarga\" width=\"56\" height=\"56\" srcset=\"https:\/\/agora.xtec.cat\/escolaelroure\/wp-content\/uploads\/usu557\/2015\/11\/descarga.jpeg 225w, https:\/\/agora.xtec.cat\/escolaelroure\/wp-content\/uploads\/usu557\/2015\/11\/descarga-150x150.jpeg 150w\" sizes=\"auto, (max-width: 56px) 100vw, 56px\" \/><\/a><\/td>\n<td style=\"width: 930px;\">\n<h6>Autoritzaci\u00f3 relativa als alumnes: \u00fas d&#8217;imatges, publicaci\u00f3 de dades de car\u00e0cter personal i del material que elaboren (menors de 14 anys).<a href=\"https:\/\/agora.xtec.cat\/demoinstitut\/docs\/autoritzacio-gestio-de-recursos-i-serveis-dinternet-majors-de-14-anys\/\"><br \/>\n<\/a><\/h6>\n<p>Model de document oficial per a l\u2019<strong>autoritzaci\u00f3 d&#8217;\u00fas d&#8217;imatges\u00a0<\/strong>en diferents mitjans de difusi\u00f3.<\/td>\n<\/tr>\n<tr>\n<td style=\"width: 87px;\"><a href=\"http:\/\/agora.xtec.cat\/escolaelroure\/wp-content\/uploads\/usu557\/2015\/11\/Autoritzacio_sortir_sol.pdf\" target=\"_blank\" rel=\"noopener noreferrer\"><img loading=\"lazy\" decoding=\"async\" class=\"alignnone wp-image-349\" src=\"http:\/\/agora.xtec.cat\/escolaelroure\/wp-content\/uploads\/usu557\/2015\/11\/descarga.jpeg\" alt=\"descarga\" width=\"56\" height=\"56\" srcset=\"https:\/\/agora.xtec.cat\/escolaelroure\/wp-content\/uploads\/usu557\/2015\/11\/descarga.jpeg 225w, https:\/\/agora.xtec.cat\/escolaelroure\/wp-content\/uploads\/usu557\/2015\/11\/descarga-150x150.jpeg 150w\" sizes=\"auto, (max-width: 56px) 100vw, 56px\" \/><\/a><\/td>\n<td style=\"width: 930px;\">\n<h6>Autoritzaci\u00f3 per a sortir sols (alumnes menors de 14 anys).<a href=\"https:\/\/agora.xtec.cat\/demoinstitut\/docs\/autoritzacio-gestio-de-recursos-i-serveis-dinternet-majors-de-14-anys\/\"><br \/>\n<\/a><\/h6>\n<p>Model de document per a l\u2019autoritzaci\u00f3 o no <strong>autoritzaci\u00f3 per a sortir sols<\/strong> del recinte escolar, un cop acabades les activitats lectives al mat\u00ed o la tarda.<\/p>\n<div class=\"row-actions\"><\/div>\n<\/td>\n<\/tr>\n<tr>\n<td style=\"width: 87px;\"><a href=\"http:\/\/agora.xtec.cat\/escolaelroure\/wp-content\/uploads\/usu557\/2015\/11\/recollir_alumnes_ma.pdf\" target=\"_blank\" rel=\"noopener noreferrer\"><img loading=\"lazy\" decoding=\"async\" class=\"alignnone wp-image-349\" src=\"http:\/\/agora.xtec.cat\/escolaelroure\/wp-content\/uploads\/usu557\/2015\/11\/descarga.jpeg\" alt=\"descarga\" width=\"56\" height=\"56\" srcset=\"https:\/\/agora.xtec.cat\/escolaelroure\/wp-content\/uploads\/usu557\/2015\/11\/descarga.jpeg 225w, https:\/\/agora.xtec.cat\/escolaelroure\/wp-content\/uploads\/usu557\/2015\/11\/descarga-150x150.jpeg 150w\" sizes=\"auto, (max-width: 56px) 100vw, 56px\" \/><\/a><\/td>\n<td style=\"width: 930px;\">\n<h6>Autoritzaci\u00f3 per a la recollida d&#8217;alumnes per diferents persones.<a href=\"https:\/\/agora.xtec.cat\/demoinstitut\/docs\/autoritzacio-gestio-de-recursos-i-serveis-dinternet-majors-de-14-anys\/\"><br \/>\n<\/a><\/h6>\n<p>Model de document per a l\u2019autoritzaci\u00f3 a <strong>diferents persones<\/strong> (Nom, cognoms i DNI) per a la recollida d&#8217;alumnes, un cop acabades les activitats lectives al mat\u00ed o la tarda.<\/td>\n<\/tr>\n<tr>\n<td style=\"width: 87px;\"><a href=\"http:\/\/agora.xtec.cat\/escolaelroure\/wp-content\/uploads\/usu557\/2015\/11\/acollida.pdf\" target=\"_blank\" rel=\"noopener noreferrer\"><img loading=\"lazy\" decoding=\"async\" class=\"alignnone wp-image-349\" src=\"http:\/\/agora.xtec.cat\/escolaelroure\/wp-content\/uploads\/usu557\/2015\/11\/descarga.jpeg\" alt=\"descarga\" width=\"56\" height=\"56\" srcset=\"https:\/\/agora.xtec.cat\/escolaelroure\/wp-content\/uploads\/usu557\/2015\/11\/descarga.jpeg 225w, https:\/\/agora.xtec.cat\/escolaelroure\/wp-content\/uploads\/usu557\/2015\/11\/descarga-150x150.jpeg 150w\" sizes=\"auto, (max-width: 56px) 100vw, 56px\" \/><\/a><\/td>\n<td style=\"width: 930px;\">\n<h6>Autoritzaci\u00f3 per a\u00a0l&#8217;utilitzaci\u00f3 del servei d&#8217;acollida d&#8217;alumnes, fora de l&#8217;horari lectiu.<a href=\"https:\/\/agora.xtec.cat\/demoinstitut\/docs\/autoritzacio-gestio-de-recursos-i-serveis-dinternet-majors-de-14-anys\/\"><br \/>\n<\/a><\/h6>\n<p>Model de document per a fer servir el <strong>servei d&#8217;acollida<\/strong>, abans que s&#8217;inic\u00efn les activitats lectives al mat\u00ed o quan acabin les classes a la tarda.<\/td>\n<\/tr>\n<tr>\n<td style=\"width: 87px;\"><a href=\"http:\/\/agora.xtec.cat\/escolaelroure\/wp-content\/uploads\/usu557\/2015\/11\/medicacio.pdf\" target=\"_blank\" rel=\"noopener noreferrer\"><img loading=\"lazy\" decoding=\"async\" class=\"alignnone wp-image-349\" src=\"http:\/\/agora.xtec.cat\/escolaelroure\/wp-content\/uploads\/usu557\/2015\/11\/descarga.jpeg\" alt=\"descarga\" width=\"56\" height=\"56\" srcset=\"https:\/\/agora.xtec.cat\/escolaelroure\/wp-content\/uploads\/usu557\/2015\/11\/descarga.jpeg 225w, https:\/\/agora.xtec.cat\/escolaelroure\/wp-content\/uploads\/usu557\/2015\/11\/descarga-150x150.jpeg 150w\" sizes=\"auto, (max-width: 56px) 100vw, 56px\" \/><\/a><\/td>\n<td style=\"width: 930px;\">\n<h6>Autoritzaci\u00f3 per a l&#8217;administraci\u00f3 de medicaments a l&#8217;escola.<a href=\"https:\/\/agora.xtec.cat\/demoinstitut\/docs\/autoritzacio-gestio-de-recursos-i-serveis-dinternet-majors-de-14-anys\/\"><br \/>\n<\/a><\/h6>\n<p>Model de document per a l\u2019autoritzaci\u00f3 als tutors l&#8217;administraci\u00f3 de medicaments. Cal que s&#8217;adjunti la corresponent <strong>recepta m\u00e8dica<\/strong>, amb les indicacions d&#8217;\u00fas.<\/td>\n<\/tr>\n<tr>\n<td style=\"width: 87px;\"><a href=\"http:\/\/agora.xtec.cat\/escolaelroure\/wp-content\/uploads\/usu557\/2015\/11\/Informacio_malalties.pdf\" target=\"_blank\" rel=\"noopener noreferrer\"><img loading=\"lazy\" decoding=\"async\" class=\"alignnone wp-image-349\" src=\"http:\/\/agora.xtec.cat\/escolaelroure\/wp-content\/uploads\/usu557\/2015\/11\/descarga.jpeg\" alt=\"descarga\" width=\"56\" height=\"56\" srcset=\"https:\/\/agora.xtec.cat\/escolaelroure\/wp-content\/uploads\/usu557\/2015\/11\/descarga.jpeg 225w, https:\/\/agora.xtec.cat\/escolaelroure\/wp-content\/uploads\/usu557\/2015\/11\/descarga-150x150.jpeg 150w\" sizes=\"auto, (max-width: 56px) 100vw, 56px\" \/><\/a><\/td>\n<td style=\"width: 930px;\">\n<h6>Informaci\u00f3 de malalties de llarga durada.<a href=\"https:\/\/agora.xtec.cat\/demoinstitut\/docs\/autoritzacio-gestio-de-recursos-i-serveis-dinternet-majors-de-14-anys\/\"><br \/>\n<\/a><\/h6>\n<p>Model de document d&#8217;informaci\u00f3 al centre de malalties d&#8217;alumnes i protocol d&#8217;actuaci\u00f3 en cas de necessitat.<\/td>\n<\/tr>\n<tr>\n<td style=\"width: 87px;\">\u00a0<a href=\"http:\/\/agora.xtec.cat\/escolaelroure\/wp-content\/uploads\/usu557\/2015\/11\/justificant_absencia.pdf\" target=\"_blank\" rel=\"noopener noreferrer\"><img loading=\"lazy\" decoding=\"async\" class=\"alignnone wp-image-349\" src=\"http:\/\/agora.xtec.cat\/escolaelroure\/wp-content\/uploads\/usu557\/2015\/11\/descarga.jpeg\" alt=\"descarga\" width=\"56\" height=\"56\" srcset=\"https:\/\/agora.xtec.cat\/escolaelroure\/wp-content\/uploads\/usu557\/2015\/11\/descarga.jpeg 225w, https:\/\/agora.xtec.cat\/escolaelroure\/wp-content\/uploads\/usu557\/2015\/11\/descarga-150x150.jpeg 150w\" sizes=\"auto, (max-width: 56px) 100vw, 56px\" \/><\/a><\/td>\n<td style=\"width: 930px;\">\n<h6>Justificaci\u00f3 d&#8217;abs\u00e8ncies d&#8217;alumnes.<a href=\"https:\/\/agora.xtec.cat\/demoinstitut\/docs\/autoritzacio-gestio-de-recursos-i-serveis-dinternet-majors-de-14-anys\/\"><br \/>\n<\/a><\/h6>\n<p>Model de document d&#8217;informaci\u00f3\u00a0per a la justificaci\u00f3 per part dels pares o tutors de les abs\u00e8ncies a classe dels alumnes<\/td>\n<\/tr>\n<\/tbody>\n<\/table>\n<p>&nbsp;<\/p>\n","protected":false},"excerpt":{"rendered":"<p>En aquesta secci\u00f3 trobareu tots els principals documents i autoritzacions que cal presentar al llarg del curs<\/p>\n<p>\u00a0DOC\/PDF<\/p>\n<p>\u00a0<a href=\"https:\/\/agora.xtec.cat\/demoinstitut\/docs\/?bpd_tag=autoritzacio&amp;orderby=title\">T\u00edtol<\/a><\/p>\n<p>\u00a0<a href=\"https:\/\/agora.xtec.cat\/escolaelroure\/wp-content\/uploads\/usu557\/2019\/09\/drets-dimatge.pdf\" target=\"_blank\" rel=\"noopener noreferrer\"><\/a><\/p>\n<p>Autoritzaci\u00f3 relativa als alumnes: \u00fas d&#8217;imatges, publicaci\u00f3 de dades de car\u00e0cter personal i del material que elaboren (menors de 14 anys).<a href=\"https:\/\/agora.xtec.cat\/demoinstitut\/docs\/autoritzacio-gestio-de-recursos-i-serveis-dinternet-majors-de-14-anys\/\"><br \/>\n<\/a><br \/>\nModel de document&hellip;  <a href=\"https:\/\/agora.xtec.cat\/escolaelroure\/lescola\/autorizaciones-i-permisos\/\" title=\"Read Autoritzacions i permissos\">Llegeix m\u00e9s\u00bb<\/a><\/p>\n","protected":false},"author":1,"featured_media":0,"parent":22,"menu_order":72,"comment_status":"closed","ping_status":"closed","template":"page-templates\/side-menu.php","meta":{"_bbp_topic_count":0,"_bbp_reply_count":0,"_bbp_total_topic_count":0,"_bbp_total_reply_count":0,"_bbp_voice_count":0,"_bbp_anonymous_reply_count":0,"_bbp_topic_count_hidden":0,"_bbp_reply_count_hidden":0,"_bbp_forum_subforum_count":0,"footnotes":""},"class_list":["post-249","page","type-page","status-publish","hentry"],"post_mailing_queue_ids":[],"_links":{"self":[{"href":"https:\/\/agora.xtec.cat\/escolaelroure\/wp-json\/wp\/v2\/pages\/249","targetHints":{"allow":["GET"]}}],"collection":[{"href":"https:\/\/agora.xtec.cat\/escolaelroure\/wp-json\/wp\/v2\/pages"}],"about":[{"href":"https:\/\/agora.xtec.cat\/escolaelroure\/wp-json\/wp\/v2\/types\/page"}],"author":[{"embeddable":true,"href":"https:\/\/agora.xtec.cat\/escolaelroure\/wp-json\/wp\/v2\/users\/1"}],"replies":[{"embeddable":true,"href":"https:\/\/agora.xtec.cat\/escolaelroure\/wp-json\/wp\/v2\/comments?post=249"}],"version-history":[{"count":3,"href":"https:\/\/agora.xtec.cat\/escolaelroure\/wp-json\/wp\/v2\/pages\/249\/revisions"}],"predecessor-version":[{"id":4236,"href":"https:\/\/agora.xtec.cat\/escolaelroure\/wp-json\/wp\/v2\/pages\/249\/revisions\/4236"}],"up":[{"embeddable":true,"href":"https:\/\/agora.xtec.cat\/escolaelroure\/wp-json\/wp\/v2\/pages\/22"}],"wp:attachment":[{"href":"https:\/\/agora.xtec.cat\/escolaelroure\/wp-json\/wp\/v2\/media?parent=249"}],"curies":[{"name":"wp","href":"https:\/\/api.w.org\/{rel}","templated":true}]}}