{"id":24,"date":"2014-09-18T12:23:15","date_gmt":"2014-09-18T12:23:15","guid":{"rendered":"http:\/\/agora.xtec.cat\/escolaelroure\/?page_id=24"},"modified":"2015-12-10T20:07:35","modified_gmt":"2015-12-10T19:07:35","slug":"on-som","status":"publish","type":"page","link":"https:\/\/agora.xtec.cat\/escolaelroure\/lescola\/on-som\/","title":{"rendered":"On som"},"content":{"rendered":"<p style=\"color: #666666;\"><strong>Escola El Roure<\/strong><br \/>\nAv. Catalunya 112<br \/>\n08105 Sant Fost de Campsentelles<\/p>\n<p>Tel. 93 579 62 66<br \/>\n<a href=\"mailto:a8059809@xtec.cat\" target=\"_blank\">a8059809@xtec.cat<\/a><br \/>\n<iframe loading=\"lazy\" style=\"border: 0;\" src=\"http:\/\/www.santfost.cat\/\/iframe_google_max.php?info=1242&amp;tipus=5&amp;lat=41.524532&amp;lon=2.223841\" width=\"600\" height=\"450\" frameborder=\"0\"><\/iframe><\/p>\n<p><strong>M\u00e9s informaci\u00f3:<\/strong><\/p>\n<div class=\"marc_detall pad_top5\">\n<div class=\"text_normal\">Sant Fost de Campsentelles pertany a la comarca del Vall\u00e8s Oriental. Es troba a 5 km de Mollet del Vall\u00e8s, a 12 km de Granollers (capital de comarca) i a 22 km de Barcelona.<\/div>\n<p>&nbsp;<\/p>\n<div class=\"text_normal\"><\/div>\n<div class=\"text_normal\"><\/div>\n<div class=\"text_normal\"><strong>Com arribar-hi:<\/strong><\/div>\n<\/div>\n<p>Av. Catalunya 112\u00a0(Barri de Can Coromines).\u00a008105. Sant Fost de Campsentelles<strong><br \/>\n<\/strong><br \/>\n<strong>En cotxe:\u00a0<\/strong><\/p>\n<ul>\n<li>carretera B-500 des de Mollet i Badalona<\/li>\n<li>carretera BV-5001 des de Santa Coloma de Gramenet i La Roca del Vall\u00e8s.<\/li>\n<\/ul>\n<p><strong>En Transport p\u00fablic<\/strong><\/p>\n<ul>\n<li><a href=\"http:\/\/www.renfe.com\/\" target=\"_blank\">RENFE:<\/a> Tren de rodalies R2: parada Mollet\/Sant Fost<\/li>\n<li><a href=\"http:\/\/www.sagales.com\/linies\/1#accordion\" target=\"_blank\">L\u00ednia d\u2019autobusos Sagal\u00e9s<\/a> l\u00ednia Badalona-Sabadell i l\u00ednia 500 (Barcelona-Granollers)<\/li>\n<li>Autob\u00fas urb\u00e0 Albus (estaci\u00f3 rodalies &#8211; <a href=\"https:\/\/www.santfost.cat\/documents\/parades_Albus.pdf\" target=\"_blank\">parada<\/a> Av. Catalunya-Can Coromines)<\/li>\n<\/ul>\n<p>Podeu consultar les diverses opcions per arribar a Sant Fost tan per carretera com en tranport p\u00fablic a trav\u00e9s del web de <a href=\"http:\/\/www20.gencat.cat\/portal\/site\/mobilitat\" target=\"_blank\">Mobilitat de la Generalitat de Catalunya<\/a> i sobre Itineraris des del Googlemaps.<\/p>\n<div class=\"marc_detall pad_top5\"><\/div>\n","protected":false},"excerpt":{"rendered":"<p>Escola El Roure<br \/>\nAv. Catalunya 112<br \/>\n08105 Sant Fost de Campsentelles<br \/>\nTel. 93 579 62 66<br \/>\n<a href=\"mailto:a8059809@xtec.cat\" target=\"_blank\">a8059809@xtec.cat<\/a><\/p>\n<p>M\u00e9s informaci\u00f3:<\/p>\n<p>Sant Fost de Campsentelles pertany a la comarca del Vall\u00e8s Oriental. Es troba a 5 km de Mollet del Vall\u00e8s, a 12 km de Granollers (capital de comarca) i a&hellip;  <a href=\"https:\/\/agora.xtec.cat\/escolaelroure\/lescola\/on-som\/\" title=\"Read On som\">Llegeix m\u00e9s\u00bb<\/a><\/p>\n","protected":false},"author":2,"featured_media":0,"parent":22,"menu_order":10,"comment_status":"closed","ping_status":"closed","template":"page-templates\/side-menu.php","meta":{"_bbp_topic_count":0,"_bbp_reply_count":0,"_bbp_total_topic_count":0,"_bbp_total_reply_count":0,"_bbp_voice_count":0,"_bbp_anonymous_reply_count":0,"_bbp_topic_count_hidden":0,"_bbp_reply_count_hidden":0,"_bbp_forum_subforum_count":0,"footnotes":""},"class_list":["post-24","page","type-page","status-publish","hentry"],"post_mailing_queue_ids":[],"_links":{"self":[{"href":"https:\/\/agora.xtec.cat\/escolaelroure\/wp-json\/wp\/v2\/pages\/24","targetHints":{"allow":["GET"]}}],"collection":[{"href":"https:\/\/agora.xtec.cat\/escolaelroure\/wp-json\/wp\/v2\/pages"}],"about":[{"href":"https:\/\/agora.xtec.cat\/escolaelroure\/wp-json\/wp\/v2\/types\/page"}],"author":[{"embeddable":true,"href":"https:\/\/agora.xtec.cat\/escolaelroure\/wp-json\/wp\/v2\/users\/2"}],"replies":[{"embeddable":true,"href":"https:\/\/agora.xtec.cat\/escolaelroure\/wp-json\/wp\/v2\/comments?post=24"}],"version-history":[{"count":4,"href":"https:\/\/agora.xtec.cat\/escolaelroure\/wp-json\/wp\/v2\/pages\/24\/revisions"}],"predecessor-version":[{"id":1424,"href":"https:\/\/agora.xtec.cat\/escolaelroure\/wp-json\/wp\/v2\/pages\/24\/revisions\/1424"}],"up":[{"embeddable":true,"href":"https:\/\/agora.xtec.cat\/escolaelroure\/wp-json\/wp\/v2\/pages\/22"}],"wp:attachment":[{"href":"https:\/\/agora.xtec.cat\/escolaelroure\/wp-json\/wp\/v2\/media?parent=24"}],"curies":[{"name":"wp","href":"https:\/\/api.w.org\/{rel}","templated":true}]}}