{"id":22,"date":"2014-09-18T12:19:57","date_gmt":"2014-09-18T12:19:57","guid":{"rendered":"http:\/\/agora.xtec.cat\/escolaelroure\/?page_id=22"},"modified":"2015-11-25T12:31:36","modified_gmt":"2015-11-25T11:31:36","slug":"lescola","status":"publish","type":"page","link":"https:\/\/agora.xtec.cat\/escolaelroure\/lescola\/","title":{"rendered":"L&#8217;escola"},"content":{"rendered":"<h4 style=\"text-align: left;\"><strong>El nostre objectiu principal: \u00a0una Educaci\u00f3 de Qualitat.<\/strong><\/h4>\n<h6><\/h6>\n<table style=\"width: 100%;\">\n<tbody>\n<tr>\n<td>\n<h5><strong>Som un centre p\u00fablic que es caracteritza per ser:\u00a0<\/strong><\/h5>\n<ul>\n<li>Familiar<\/li>\n<li>Inclusiu<\/li>\n<li>Cooperatiu<\/li>\n<li>Col\u00b7laborador<\/li>\n<li>Obert a la participaci\u00f3<\/li>\n<li>Solidari<\/li>\n<li>Coeducador<\/li>\n<li>Respectu\u00f3s amb el pluralisme ideol\u00f2gic<\/li>\n<li>Innovador<\/li>\n<\/ul>\n<h6 style=\"font-family: inherit;\"><\/h6>\n<h5 style=\"font-family: inherit;\"><strong>Treballem per aconseguir que els nostres alumnes &#8230;<\/strong><\/h5>\n<ul>\n<li>Tinguin criteri i siguin capa\u00e7os de millorar el seu entorn.<\/li>\n<li>Siguin aut\u00f2noms i responsables del seu proc\u00e9s d&#8217;aprenentatge.<\/li>\n<li>Siguin col\u00b7laboradors i participatius.<\/li>\n<li>Generin nous coneixements i els comparteixin.<\/li>\n<li>Reconeguin la cultura de l&#8217;esfor\u00e7 i el comprom\u00eds persnal.<\/li>\n<li>Estiguin preparats per viure i conviure en societat.<\/li>\n<\/ul>\n<\/td>\n<td><img loading=\"lazy\" decoding=\"async\" class=\" size-full wp-image-872 aligncenter\" src=\"http:\/\/agora.xtec.cat\/escolaelroure\/wp-content\/uploads\/usu557\/2012\/02\/escola.jpg\" alt=\"escola\" width=\"630\" height=\"420\" srcset=\"https:\/\/agora.xtec.cat\/escolaelroure\/wp-content\/uploads\/usu557\/2012\/02\/escola.jpg 630w, https:\/\/agora.xtec.cat\/escolaelroure\/wp-content\/uploads\/usu557\/2012\/02\/escola-300x200.jpg 300w\" sizes=\"auto, (max-width: 630px) 100vw, 630px\" \/><\/td>\n<\/tr>\n<\/tbody>\n<\/table>\n<h6><strong>A l&#8217;escola El Roure:<\/strong><\/h6>\n<ul>\n<li><span style=\"line-height: 12.800000190734863px;\"><em><strong>Atenem la diversitat dels nostres alumnes<\/strong><\/em>, ajustant-nos a les seves necessitats afectives, emocionals, relacionals i cognitives, i als seus interessos personals.<\/span><\/li>\n<\/ul>\n<ul>\n<li><span style=\"line-height: 12.800000190734863px;\"><em><strong>Formem els nens i nenes<\/strong><\/em> experimentant en la <strong>curiositat intel\u00b7lectual<\/strong>, la<strong> disciplina personal<\/strong>, la <strong>creativitat<\/strong>, l<strong>&#8216;esperit cr\u00edtic<\/strong>, el <strong>civisme<\/strong> i el <strong>respecte vers el medi ambient<\/strong>, fent<strong> projectes compartits<\/strong> com l&#8217;hort, el teatre, la r\u00e0dio o les arts pl\u00e0stiques.<\/span><\/li>\n<\/ul>\n<ul>\n<li><span style=\"line-height: 12.800000190734863px;\"><em><strong>Oferim una educaci\u00f3 personalitzada i activa<\/strong><\/em> que permeti als nostres alumnes adquirir un aprenentatge significatiu que els possibiliti desenvolupar-se i trobar el seu lloc en una societat canviant com la nostra.\u00a0<\/span><\/li>\n<\/ul>\n<ul>\n<li><span style=\"line-height: 12.800000190734863px;\"><em><strong>Utilitzem les noves tecnologies<\/strong><\/em> a l&#8217;aula per afavorir l&#8217;aprenentatge.<\/span><\/li>\n<\/ul>\n<ul>\n<li><span style=\"line-height: 12.800000190734863px;\">Vetllem perqu\u00e8 <em><strong>els nostres alumnes siguin competents<\/strong><\/em> <em>en l&#8217;\u00fas de les tres lleng\u00fces<\/em> (catal\u00e0, castell\u00e0 i angl\u00e8s) i introduim la <em><strong>llengua estrangera des de P3<\/strong><\/em>.<\/span><\/li>\n<\/ul>\n<p>&nbsp;<\/p>\n","protected":false},"excerpt":{"rendered":"<p>El nostre objectiu principal: \u00a0una Educaci\u00f3 de Qualitat.<\/p>\n<p>Som un centre p\u00fablic que es caracteritza per ser:\u00a0<\/p>\n<ul>\n<li>Familiar<\/li>\n<li>Inclusiu<\/li>\n<li>Cooperatiu<\/li>\n<li>Col\u00b7laborador<\/li>\n<li>Obert a la participaci\u00f3<\/li>\n<li>Solidari<\/li>\n<li>Coeducador<\/li>\n<li>Respectu\u00f3s amb el pluralisme ideol\u00f2gic<\/li>\n<li>Innovador<\/li>\n<\/ul>\n<p>Treballem per aconseguir que els nostres alumnes &#8230;<\/p>\n<ul>\n<li>Tinguin criteri i siguin capa\u00e7os de millorar el seu entorn.<\/li>\n<li>Siguin aut\u00f2noms i responsables del seu proc\u00e9s&hellip;  <a href=\"https:\/\/agora.xtec.cat\/escolaelroure\/lescola\/\" title=\"Read L&#8217;escola\">Llegeix m\u00e9s\u00bb<\/a><br \/>\n","protected":false},"author":2,"featured_media":0,"parent":0,"menu_order":0,"comment_status":"closed","ping_status":"closed","template":"page-templates\/side-menu.php","meta":{"_bbp_topic_count":0,"_bbp_reply_count":0,"_bbp_total_topic_count":0,"_bbp_total_reply_count":0,"_bbp_voice_count":0,"_bbp_anonymous_reply_count":0,"_bbp_topic_count_hidden":0,"_bbp_reply_count_hidden":0,"_bbp_forum_subforum_count":0,"footnotes":""},"class_list":["post-22","page","type-page","status-publish","hentry"],"post_mailing_queue_ids":[],"_links":{"self":[{"href":"https:\/\/agora.xtec.cat\/escolaelroure\/wp-json\/wp\/v2\/pages\/22","targetHints":{"allow":["GET"]}}],"collection":[{"href":"https:\/\/agora.xtec.cat\/escolaelroure\/wp-json\/wp\/v2\/pages"}],"about":[{"href":"https:\/\/agora.xtec.cat\/escolaelroure\/wp-json\/wp\/v2\/types\/page"}],"author":[{"embeddable":true,"href":"https:\/\/agora.xtec.cat\/escolaelroure\/wp-json\/wp\/v2\/users\/2"}],"replies":[{"embeddable":true,"href":"https:\/\/agora.xtec.cat\/escolaelroure\/wp-json\/wp\/v2\/comments?post=22"}],"version-history":[{"count":3,"href":"https:\/\/agora.xtec.cat\/escolaelroure\/wp-json\/wp\/v2\/pages\/22\/revisions"}],"predecessor-version":[{"id":1167,"href":"https:\/\/agora.xtec.cat\/escolaelroure\/wp-json\/wp\/v2\/pages\/22\/revisions\/1167"}],"wp:attachment":[{"href":"https:\/\/agora.xtec.cat\/escolaelroure\/wp-json\/wp\/v2\/media?parent=22"}],"curies":[{"name":"wp","href":"https:\/\/api.w.org\/{rel}","templated":true}]}}